{"id":637,"date":"2024-03-15T17:20:29","date_gmt":"2024-03-15T16:20:29","guid":{"rendered":"http:\/\/192.168.64.105\/GitHub\/vinoteka-sodcek\/trgovina\/uncategorized\/sirca-kodric-izbrani-teran\/"},"modified":"2026-01-08T12:51:34","modified_gmt":"2026-01-08T11:51:34","slug":"sirca-kodric-izbrani-teran","status":"publish","type":"product","link":"https:\/\/vinoteka-sodcek.si\/en\/shop\/wines\/red-wines\/sirca-kodric-izbrani-teran\/","title":{"rendered":"Izbrani Teran"},"content":{"rendered":"<p>After the harvest, the wine is macerated for 7 days and then matured for 6 months in regular oak barrels.<\/p>\n<p>It has a deeper, purple colour. The bouquet is medium, with small black fruits, raspberries, juniper, pepper. On the palate it is dry, lighter, with fewer tannins, less acidity, nicely tame.<\/p>\n<p>It has been known since ancient times that teran is medicinal because of its mineral iron content, which is not lacking in red earth. It is recommended for people who are anaemic and iron deficient.<\/p>\n","protected":false},"excerpt":{"rendered":"<p>After the harvest, the wine is macerated for 7 days and then matured for 6 months in regular oak barrels. It has a deeper, purple colour. The bouquet is medium, with&#8230;<\/p>\n","protected":false},"featured_media":636,"template":"","meta":[],"product_cat":[20],"product_tag":[],"acf":[],"yoast_head":"<!-- This site is optimized with the Yoast SEO plugin v22.2 - https:\/\/yoast.com\/wordpress\/plugins\/seo\/ -->\n<title>Izbrani Teran | Vinoteka Sod\u010dek<\/title>\n<meta name=\"description\" content=\"Izbrani teran \u0160irca is a deeper purple colour. The flower is medium, with small black fruits, raspberries, juniper, pepper.\" \/>\n<meta name=\"robots\" content=\"index, follow, max-snippet:-1, max-image-preview:large, max-video-preview:-1\" \/>\n<meta property=\"og:locale\" content=\"en_US\" \/>\n<meta property=\"og:type\" content=\"article\" \/>\n<meta property=\"og:title\" content=\"Izbrani Teran\" \/>\n<meta property=\"og:description\" content=\"Izbrani teran \u0160irca is a deeper purple colour. The flower is medium, with small black fruits, raspberries, juniper, pepper.\" \/>\n<meta property=\"og:url\" content=\"https:\/\/vinoteka-sodcek.si\/en\/shop\/wines\/red-wines\/sirca-kodric-izbrani-teran\/\" \/>\n<meta property=\"og:site_name\" content=\"Vinoteka Sod\u010dek\" \/>\n<meta property=\"article:publisher\" content=\"https:\/\/www.facebook.com\/vinotekasodcek\/\" \/>\n<meta property=\"article:modified_time\" content=\"2026-01-08T11:51:34+00:00\" \/>\n<meta property=\"og:image\" content=\"https:\/\/vinoteka-sodcek.si\/wp-content\/uploads\/Teran-Nova-etiketa.jpg\" \/>\n\t<meta property=\"og:image:width\" content=\"357\" \/>\n\t<meta property=\"og:image:height\" content=\"1496\" \/>\n\t<meta property=\"og:image:type\" content=\"image\/jpeg\" \/>\n<meta name=\"twitter:card\" content=\"summary_large_image\" \/>\n<!-- \/ Yoast SEO plugin. -->","yoast_head_json":{"title":"Izbrani Teran | Vinoteka Sod\u010dek","description":"[:sl]Izbrani teran \u0160irca je globlje, vijoli\u010dne barve. Cvetica je srednje poudarjena, drobni \u010drni sade\u017ei, maline, brinje, poper.[:en]Izbrani teran \u0160irca is a deeper purple colour. The flower is medium, with small black fruits, raspberries, juniper, pepper.[:]","robots":{"index":"index","follow":"follow","max-snippet":"max-snippet:-1","max-image-preview":"max-image-preview:large","max-video-preview":"max-video-preview:-1"},"og_locale":"en_US","og_type":"article","og_title":"[:sl]Izbrani Teran[:en]Izbrani Teran[:] | Vinoteka Sod\u010dek","og_description":"[:sl]Izbrani teran \u0160irca je globlje, vijoli\u010dne barve. Cvetica je srednje poudarjena, drobni \u010drni sade\u017ei, maline, brinje, poper.[:en]Izbrani teran \u0160irca is a deeper purple colour. The flower is medium, with small black fruits, raspberries, juniper, pepper.[:]","og_url":"https:\/\/vinoteka-sodcek.si\/en\/shop\/wines\/red-wines\/sirca-kodric-izbrani-teran\/","og_site_name":"Vinoteka Sod\u010dek","article_publisher":"https:\/\/www.facebook.com\/vinotekasodcek\/","article_modified_time":"2026-01-08T11:51:34+00:00","og_image":[{"width":357,"height":1496,"url":"https:\/\/vinoteka-sodcek.si\/wp-content\/uploads\/Teran-Nova-etiketa.jpg","type":"image\/jpeg"}],"twitter_card":"summary_large_image","schema":{"@context":"https:\/\/schema.org","@graph":[{"@type":"WebPage","@id":"https:\/\/vinoteka-sodcek.si\/trgovina\/vina\/rdeca-vina\/sirca-kodric-izbrani-teran\/","url":"https:\/\/vinoteka-sodcek.si\/trgovina\/vina\/rdeca-vina\/sirca-kodric-izbrani-teran\/","name":"[:sl]Izbrani Teran[:en]Izbrani Teran[:] | Vinoteka Sod\u010dek","isPartOf":{"@id":"https:\/\/vinoteka-sodcek.si\/#website"},"primaryImageOfPage":{"@id":"https:\/\/vinoteka-sodcek.si\/trgovina\/vina\/rdeca-vina\/sirca-kodric-izbrani-teran\/#primaryimage"},"image":{"@id":"https:\/\/vinoteka-sodcek.si\/trgovina\/vina\/rdeca-vina\/sirca-kodric-izbrani-teran\/#primaryimage"},"thumbnailUrl":"https:\/\/vinoteka-sodcek.si\/wp-content\/uploads\/Teran-Nova-etiketa.jpg","datePublished":"2024-03-15T16:20:29+00:00","dateModified":"2026-01-08T11:51:34+00:00","description":"[:sl]Izbrani teran \u0160irca je globlje, vijoli\u010dne barve. Cvetica je srednje poudarjena, drobni \u010drni sade\u017ei, maline, brinje, poper.[:en]Izbrani teran \u0160irca is a deeper purple colour. The flower is medium, with small black fruits, raspberries, juniper, pepper.[:]","breadcrumb":{"@id":"https:\/\/vinoteka-sodcek.si\/trgovina\/vina\/rdeca-vina\/sirca-kodric-izbrani-teran\/#breadcrumb"},"inLanguage":"en-US","potentialAction":[{"@type":"ReadAction","target":["https:\/\/vinoteka-sodcek.si\/trgovina\/vina\/rdeca-vina\/sirca-kodric-izbrani-teran\/"]}]},{"@type":"ImageObject","inLanguage":"en-US","@id":"https:\/\/vinoteka-sodcek.si\/trgovina\/vina\/rdeca-vina\/sirca-kodric-izbrani-teran\/#primaryimage","url":"https:\/\/vinoteka-sodcek.si\/wp-content\/uploads\/Teran-Nova-etiketa.jpg","contentUrl":"https:\/\/vinoteka-sodcek.si\/wp-content\/uploads\/Teran-Nova-etiketa.jpg","width":357,"height":1496},{"@type":"BreadcrumbList","@id":"https:\/\/vinoteka-sodcek.si\/trgovina\/vina\/rdeca-vina\/sirca-kodric-izbrani-teran\/#breadcrumb","itemListElement":[{"@type":"ListItem","position":1,"name":"Home","item":"https:\/\/vinoteka-sodcek.si\/en\/"},{"@type":"ListItem","position":2,"name":"Trgovina","item":"https:\/\/vinoteka-sodcek.si\/trgovina\/"},{"@type":"ListItem","position":3,"name":"Izbrani Teran"}]},{"@type":"WebSite","@id":"https:\/\/vinoteka-sodcek.si\/#website","url":"https:\/\/vinoteka-sodcek.si\/","name":"Vinoteka Sod\u010dek","description":"Vinoteka z vrhunskimi vini","publisher":{"@id":"https:\/\/vinoteka-sodcek.si\/#organization"},"potentialAction":[{"@type":"SearchAction","target":{"@type":"EntryPoint","urlTemplate":"https:\/\/vinoteka-sodcek.si\/?s={search_term_string}"},"query-input":"required name=search_term_string"}],"inLanguage":"en-US"},{"@type":"Organization","@id":"https:\/\/vinoteka-sodcek.si\/#organization","name":"Vinoteka Sod\u010dek, Ale\u0161 \u010ceba\u0161ek s.p.","url":"https:\/\/vinoteka-sodcek.si\/","logo":{"@type":"ImageObject","inLanguage":"en-US","@id":"https:\/\/vinoteka-sodcek.si\/#\/schema\/logo\/image\/","url":"https:\/\/beta.vinoteka-sodcek.si\/wp-content\/uploads\/vinoteka-sodcek-logo.png","contentUrl":"https:\/\/beta.vinoteka-sodcek.si\/wp-content\/uploads\/vinoteka-sodcek-logo.png","width":300,"height":90,"caption":"Vinoteka Sod\u010dek, Ale\u0161 \u010ceba\u0161ek s.p."},"image":{"@id":"https:\/\/vinoteka-sodcek.si\/#\/schema\/logo\/image\/"},"sameAs":["https:\/\/www.facebook.com\/vinotekasodcek\/"]}]}},"_links":{"self":[{"href":"https:\/\/vinoteka-sodcek.si\/en\/wp-json\/\/wp\/v2\/product\/637"}],"collection":[{"href":"https:\/\/vinoteka-sodcek.si\/en\/wp-json\/\/wp\/v2\/product"}],"about":[{"href":"https:\/\/vinoteka-sodcek.si\/en\/wp-json\/\/wp\/v2\/types\/product"}],"wp:featuredmedia":[{"embeddable":true,"href":"https:\/\/vinoteka-sodcek.si\/en\/wp-json\/\/wp\/v2\/media\/636"}],"wp:attachment":[{"href":"https:\/\/vinoteka-sodcek.si\/en\/wp-json\/\/wp\/v2\/media?parent=637"}],"wp:term":[{"taxonomy":"product_cat","embeddable":true,"href":"https:\/\/vinoteka-sodcek.si\/en\/wp-json\/\/wp\/v2\/product_cat?post=637"},{"taxonomy":"product_tag","embeddable":true,"href":"https:\/\/vinoteka-sodcek.si\/en\/wp-json\/\/wp\/v2\/product_tag?post=637"}],"curies":[{"name":"wp","href":"https:\/\/api.w.org\/{rel}","templated":true}]}}