{"id":639,"date":"2024-03-15T17:20:29","date_gmt":"2024-03-15T16:20:29","guid":{"rendered":"http:\/\/192.168.64.105\/GitHub\/vinoteka-sodcek\/trgovina\/uncategorized\/sirca-kodric-jerina\/"},"modified":"2025-04-16T12:20:51","modified_gmt":"2025-04-16T11:20:51","slug":"sirca-kodric-jerina","status":"publish","type":"product","link":"https:\/\/vinoteka-sodcek.si\/en\/shop\/wines\/red-wines\/sirca-kodric-jerina\/","title":{"rendered":"Jerina"},"content":{"rendered":"<p>The house wine, called Jerina, is named after the karst red earth called jerina or terra rossi. The cabernet sauvignon and merlot are aged in 225 l barrique barrels for at least 4 years, while the terrine is aged in a 500 l wooden oak barrel for about 3 years.<\/p>\n<p>The colour is a medium deep ruby with garnet hues. The bouquet is accentuated, cedar, pine resin, vanilla are the first notes. On the palate it is dry, higher acidity, fruity, with a medium-long finish.<\/p>\n","protected":false},"excerpt":{"rendered":"<p>The house wine, called Jerina, is named after the karst red earth called jerina or terra rossi. The cabernet sauvignon and merlot are aged in 225 l barrique barrels for at&#8230;<\/p>\n","protected":false},"featured_media":1097,"template":"","meta":[],"product_cat":[20],"product_tag":[],"acf":[],"yoast_head":"<!-- This site is optimized with the Yoast SEO plugin v22.2 - https:\/\/yoast.com\/wordpress\/plugins\/seo\/ -->\n<title>Jerina | Vinoteka Sod\u010dek<\/title>\n<meta name=\"description\" content=\"Jerina \u0160irca is a medium deep ruby colour with garnet hues. The florals are accentuated, cedar, pine resin, vanilla are the first notes.\" \/>\n<meta name=\"robots\" content=\"index, follow, max-snippet:-1, max-image-preview:large, max-video-preview:-1\" \/>\n<meta property=\"og:locale\" content=\"en_US\" \/>\n<meta property=\"og:type\" content=\"article\" \/>\n<meta property=\"og:title\" content=\"Jerina\" \/>\n<meta property=\"og:description\" content=\"Jerina \u0160irca is a medium deep ruby colour with garnet hues. The florals are accentuated, cedar, pine resin, vanilla are the first notes.\" \/>\n<meta property=\"og:url\" content=\"https:\/\/vinoteka-sodcek.si\/en\/shop\/wines\/red-wines\/sirca-kodric-jerina\/\" \/>\n<meta property=\"og:site_name\" content=\"Vinoteka Sod\u010dek\" \/>\n<meta property=\"article:publisher\" content=\"https:\/\/www.facebook.com\/vinotekasodcek\/\" \/>\n<meta property=\"article:modified_time\" content=\"2025-04-16T11:20:51+00:00\" \/>\n<meta property=\"og:image\" content=\"https:\/\/vinoteka-sodcek.si\/wp-content\/uploads\/jerina-sirca.jpg\" \/>\n\t<meta property=\"og:image:width\" content=\"158\" \/>\n\t<meta property=\"og:image:height\" content=\"678\" \/>\n\t<meta property=\"og:image:type\" content=\"image\/jpeg\" \/>\n<meta name=\"twitter:card\" content=\"summary_large_image\" \/>\n<!-- \/ Yoast SEO plugin. -->","yoast_head_json":{"title":"Jerina | Vinoteka Sod\u010dek","description":"[:sl]Jerina \u0160irca je srednje globoke rubinaste barve z granatnimi odtenki. Cvetica je poudarjena, cedra, borova smola, vanilja so prve zaznave.[:en]Jerina \u0160irca is a medium deep ruby colour with garnet hues. The florals are accentuated, cedar, pine resin, vanilla are the first notes.[:]","robots":{"index":"index","follow":"follow","max-snippet":"max-snippet:-1","max-image-preview":"max-image-preview:large","max-video-preview":"max-video-preview:-1"},"og_locale":"en_US","og_type":"article","og_title":"[:sl]Jerina[:en]Jerina[:] | Vinoteka Sod\u010dek","og_description":"[:sl]Jerina \u0160irca je srednje globoke rubinaste barve z granatnimi odtenki. Cvetica je poudarjena, cedra, borova smola, vanilja so prve zaznave.[:en]Jerina \u0160irca is a medium deep ruby colour with garnet hues. The florals are accentuated, cedar, pine resin, vanilla are the first notes.[:]","og_url":"https:\/\/vinoteka-sodcek.si\/en\/shop\/wines\/red-wines\/sirca-kodric-jerina\/","og_site_name":"Vinoteka Sod\u010dek","article_publisher":"https:\/\/www.facebook.com\/vinotekasodcek\/","article_modified_time":"2025-04-16T11:20:51+00:00","og_image":[{"width":158,"height":678,"url":"https:\/\/vinoteka-sodcek.si\/wp-content\/uploads\/jerina-sirca.jpg","type":"image\/jpeg"}],"twitter_card":"summary_large_image","schema":{"@context":"https:\/\/schema.org","@graph":[{"@type":"WebPage","@id":"https:\/\/vinoteka-sodcek.si\/trgovina\/vina\/rdeca-vina\/sirca-kodric-jerina\/","url":"https:\/\/vinoteka-sodcek.si\/trgovina\/vina\/rdeca-vina\/sirca-kodric-jerina\/","name":"[:sl]Jerina[:en]Jerina[:] | Vinoteka Sod\u010dek","isPartOf":{"@id":"https:\/\/vinoteka-sodcek.si\/#website"},"primaryImageOfPage":{"@id":"https:\/\/vinoteka-sodcek.si\/trgovina\/vina\/rdeca-vina\/sirca-kodric-jerina\/#primaryimage"},"image":{"@id":"https:\/\/vinoteka-sodcek.si\/trgovina\/vina\/rdeca-vina\/sirca-kodric-jerina\/#primaryimage"},"thumbnailUrl":"https:\/\/vinoteka-sodcek.si\/wp-content\/uploads\/jerina-sirca.jpg","datePublished":"2024-03-15T16:20:29+00:00","dateModified":"2025-04-16T11:20:51+00:00","description":"[:sl]Jerina \u0160irca je srednje globoke rubinaste barve z granatnimi odtenki. Cvetica je poudarjena, cedra, borova smola, vanilja so prve zaznave.[:en]Jerina \u0160irca is a medium deep ruby colour with garnet hues. The florals are accentuated, cedar, pine resin, vanilla are the first notes.[:]","breadcrumb":{"@id":"https:\/\/vinoteka-sodcek.si\/trgovina\/vina\/rdeca-vina\/sirca-kodric-jerina\/#breadcrumb"},"inLanguage":"en-US","potentialAction":[{"@type":"ReadAction","target":["https:\/\/vinoteka-sodcek.si\/trgovina\/vina\/rdeca-vina\/sirca-kodric-jerina\/"]}]},{"@type":"ImageObject","inLanguage":"en-US","@id":"https:\/\/vinoteka-sodcek.si\/trgovina\/vina\/rdeca-vina\/sirca-kodric-jerina\/#primaryimage","url":"https:\/\/vinoteka-sodcek.si\/wp-content\/uploads\/jerina-sirca.jpg","contentUrl":"https:\/\/vinoteka-sodcek.si\/wp-content\/uploads\/jerina-sirca.jpg","width":158,"height":678},{"@type":"BreadcrumbList","@id":"https:\/\/vinoteka-sodcek.si\/trgovina\/vina\/rdeca-vina\/sirca-kodric-jerina\/#breadcrumb","itemListElement":[{"@type":"ListItem","position":1,"name":"Home","item":"https:\/\/vinoteka-sodcek.si\/en\/"},{"@type":"ListItem","position":2,"name":"Trgovina","item":"https:\/\/vinoteka-sodcek.si\/trgovina\/"},{"@type":"ListItem","position":3,"name":"Jerina"}]},{"@type":"WebSite","@id":"https:\/\/vinoteka-sodcek.si\/#website","url":"https:\/\/vinoteka-sodcek.si\/","name":"Vinoteka Sod\u010dek","description":"Vinoteka z vrhunskimi vini","publisher":{"@id":"https:\/\/vinoteka-sodcek.si\/#organization"},"potentialAction":[{"@type":"SearchAction","target":{"@type":"EntryPoint","urlTemplate":"https:\/\/vinoteka-sodcek.si\/?s={search_term_string}"},"query-input":"required name=search_term_string"}],"inLanguage":"en-US"},{"@type":"Organization","@id":"https:\/\/vinoteka-sodcek.si\/#organization","name":"Vinoteka Sod\u010dek, Ale\u0161 \u010ceba\u0161ek s.p.","url":"https:\/\/vinoteka-sodcek.si\/","logo":{"@type":"ImageObject","inLanguage":"en-US","@id":"https:\/\/vinoteka-sodcek.si\/#\/schema\/logo\/image\/","url":"https:\/\/beta.vinoteka-sodcek.si\/wp-content\/uploads\/vinoteka-sodcek-logo.png","contentUrl":"https:\/\/beta.vinoteka-sodcek.si\/wp-content\/uploads\/vinoteka-sodcek-logo.png","width":300,"height":90,"caption":"Vinoteka Sod\u010dek, Ale\u0161 \u010ceba\u0161ek s.p."},"image":{"@id":"https:\/\/vinoteka-sodcek.si\/#\/schema\/logo\/image\/"},"sameAs":["https:\/\/www.facebook.com\/vinotekasodcek\/"]}]}},"_links":{"self":[{"href":"https:\/\/vinoteka-sodcek.si\/en\/wp-json\/\/wp\/v2\/product\/639"}],"collection":[{"href":"https:\/\/vinoteka-sodcek.si\/en\/wp-json\/\/wp\/v2\/product"}],"about":[{"href":"https:\/\/vinoteka-sodcek.si\/en\/wp-json\/\/wp\/v2\/types\/product"}],"wp:featuredmedia":[{"embeddable":true,"href":"https:\/\/vinoteka-sodcek.si\/en\/wp-json\/\/wp\/v2\/media\/1097"}],"wp:attachment":[{"href":"https:\/\/vinoteka-sodcek.si\/en\/wp-json\/\/wp\/v2\/media?parent=639"}],"wp:term":[{"taxonomy":"product_cat","embeddable":true,"href":"https:\/\/vinoteka-sodcek.si\/en\/wp-json\/\/wp\/v2\/product_cat?post=639"},{"taxonomy":"product_tag","embeddable":true,"href":"https:\/\/vinoteka-sodcek.si\/en\/wp-json\/\/wp\/v2\/product_tag?post=639"}],"curies":[{"name":"wp","href":"https:\/\/api.w.org\/{rel}","templated":true}]}}