{"id":641,"date":"2024-03-15T17:20:29","date_gmt":"2024-03-15T16:20:29","guid":{"rendered":"http:\/\/192.168.64.105\/GitHub\/vinoteka-sodcek\/trgovina\/uncategorized\/sirca-kodric-cabernet-sauvignon\/"},"modified":"2025-04-16T12:25:22","modified_gmt":"2025-04-16T11:25:22","slug":"sirca-kodric-cabernet-sauvignon","status":"publish","type":"product","link":"https:\/\/vinoteka-sodcek.si\/en\/shop\/wines\/red-wines\/sirca-kodric-cabernet-sauvignon\/","title":{"rendered":"Cabernet sauvignon"},"content":{"rendered":"<p>After the harvest, the wine is macerated for 5 to 7 days and then matured in oak barrels for up to 6 years.<\/p>\n<p>It is deep ruby red in colour, smells of ripe red fruit and you know immediately that it is an older Cabernet. Very dry on the palate, with pleasant slightly higher acids, smoother lower tannins.<\/p>\n","protected":false},"excerpt":{"rendered":"<p>After the harvest, the wine is macerated for 5 to 7 days and then matured in oak barrels for up to 6 years. It is deep ruby red in colour, smells&#8230;<\/p>\n","protected":false},"featured_media":1096,"template":"","meta":[],"product_cat":[20],"product_tag":[],"acf":[],"yoast_head":"<!-- This site is optimized with the Yoast SEO plugin v22.2 - https:\/\/yoast.com\/wordpress\/plugins\/seo\/ -->\n<title>Cabernet sauvignon | Vinoteka Sod\u010dek<\/title>\n<meta name=\"description\" content=\"Cabernet sauvignon \u0160irca is deep ruby red in colour, smells of ripe red fruit, and we know immediately that it is an older Cabernet. Very dry on the palate.\" \/>\n<meta name=\"robots\" content=\"index, follow, max-snippet:-1, max-image-preview:large, max-video-preview:-1\" \/>\n<meta property=\"og:locale\" content=\"en_US\" \/>\n<meta property=\"og:type\" content=\"article\" \/>\n<meta property=\"og:title\" content=\"Cabernet sauvignon\" \/>\n<meta property=\"og:description\" content=\"Cabernet sauvignon \u0160irca is deep ruby red in colour, smells of ripe red fruit, and we know immediately that it is an older Cabernet. Very dry on the palate.\" \/>\n<meta property=\"og:url\" content=\"https:\/\/vinoteka-sodcek.si\/en\/shop\/wines\/red-wines\/sirca-kodric-cabernet-sauvignon\/\" \/>\n<meta property=\"og:site_name\" content=\"Vinoteka Sod\u010dek\" \/>\n<meta property=\"article:publisher\" content=\"https:\/\/www.facebook.com\/vinotekasodcek\/\" \/>\n<meta property=\"article:modified_time\" content=\"2025-04-16T11:25:22+00:00\" \/>\n<meta property=\"og:image\" content=\"https:\/\/vinoteka-sodcek.si\/wp-content\/uploads\/cabernet-sauvignon-sirca.jpg\" \/>\n\t<meta property=\"og:image:width\" content=\"279\" \/>\n\t<meta property=\"og:image:height\" content=\"1125\" \/>\n\t<meta property=\"og:image:type\" content=\"image\/jpeg\" \/>\n<meta name=\"twitter:card\" content=\"summary_large_image\" \/>\n<!-- \/ Yoast SEO plugin. -->","yoast_head_json":{"title":"Cabernet sauvignon | Vinoteka Sod\u010dek","description":"[:sl]Cabernet sauvignon \u0160irca je globoko rubinasto rde\u010de barve, vonj zrelega rde\u010dega sadja, takoj vemo da gre za starej\u0161i cabernet. V ustih zelo suh.[:en]Cabernet sauvignon \u0160irca is deep ruby red in colour, smells of ripe red fruit, and we know immediately that it is an older Cabernet. Very dry on the palate.[:]","robots":{"index":"index","follow":"follow","max-snippet":"max-snippet:-1","max-image-preview":"max-image-preview:large","max-video-preview":"max-video-preview:-1"},"og_locale":"en_US","og_type":"article","og_title":"[:sl]Cabernet sauvignon[:en]Cabernet sauvignon[:] | Vinoteka Sod\u010dek","og_description":"[:sl]Cabernet sauvignon \u0160irca je globoko rubinasto rde\u010de barve, vonj zrelega rde\u010dega sadja, takoj vemo da gre za starej\u0161i cabernet. V ustih zelo suh.[:en]Cabernet sauvignon \u0160irca is deep ruby red in colour, smells of ripe red fruit, and we know immediately that it is an older Cabernet. Very dry on the palate.[:]","og_url":"https:\/\/vinoteka-sodcek.si\/en\/shop\/wines\/red-wines\/sirca-kodric-cabernet-sauvignon\/","og_site_name":"Vinoteka Sod\u010dek","article_publisher":"https:\/\/www.facebook.com\/vinotekasodcek\/","article_modified_time":"2025-04-16T11:25:22+00:00","og_image":[{"width":279,"height":1125,"url":"https:\/\/vinoteka-sodcek.si\/wp-content\/uploads\/cabernet-sauvignon-sirca.jpg","type":"image\/jpeg"}],"twitter_card":"summary_large_image","schema":{"@context":"https:\/\/schema.org","@graph":[{"@type":"WebPage","@id":"https:\/\/vinoteka-sodcek.si\/trgovina\/vina\/rdeca-vina\/sirca-kodric-cabernet-sauvignon\/","url":"https:\/\/vinoteka-sodcek.si\/trgovina\/vina\/rdeca-vina\/sirca-kodric-cabernet-sauvignon\/","name":"[:sl]Cabernet sauvignon[:en]Cabernet sauvignon[:] | Vinoteka Sod\u010dek","isPartOf":{"@id":"https:\/\/vinoteka-sodcek.si\/#website"},"primaryImageOfPage":{"@id":"https:\/\/vinoteka-sodcek.si\/trgovina\/vina\/rdeca-vina\/sirca-kodric-cabernet-sauvignon\/#primaryimage"},"image":{"@id":"https:\/\/vinoteka-sodcek.si\/trgovina\/vina\/rdeca-vina\/sirca-kodric-cabernet-sauvignon\/#primaryimage"},"thumbnailUrl":"https:\/\/vinoteka-sodcek.si\/wp-content\/uploads\/cabernet-sauvignon-sirca.jpg","datePublished":"2024-03-15T16:20:29+00:00","dateModified":"2025-04-16T11:25:22+00:00","description":"[:sl]Cabernet sauvignon \u0160irca je globoko rubinasto rde\u010de barve, vonj zrelega rde\u010dega sadja, takoj vemo da gre za starej\u0161i cabernet. V ustih zelo suh.[:en]Cabernet sauvignon \u0160irca is deep ruby red in colour, smells of ripe red fruit, and we know immediately that it is an older Cabernet. Very dry on the palate.[:]","breadcrumb":{"@id":"https:\/\/vinoteka-sodcek.si\/trgovina\/vina\/rdeca-vina\/sirca-kodric-cabernet-sauvignon\/#breadcrumb"},"inLanguage":"en-US","potentialAction":[{"@type":"ReadAction","target":["https:\/\/vinoteka-sodcek.si\/trgovina\/vina\/rdeca-vina\/sirca-kodric-cabernet-sauvignon\/"]}]},{"@type":"ImageObject","inLanguage":"en-US","@id":"https:\/\/vinoteka-sodcek.si\/trgovina\/vina\/rdeca-vina\/sirca-kodric-cabernet-sauvignon\/#primaryimage","url":"https:\/\/vinoteka-sodcek.si\/wp-content\/uploads\/cabernet-sauvignon-sirca.jpg","contentUrl":"https:\/\/vinoteka-sodcek.si\/wp-content\/uploads\/cabernet-sauvignon-sirca.jpg","width":279,"height":1125},{"@type":"BreadcrumbList","@id":"https:\/\/vinoteka-sodcek.si\/trgovina\/vina\/rdeca-vina\/sirca-kodric-cabernet-sauvignon\/#breadcrumb","itemListElement":[{"@type":"ListItem","position":1,"name":"Home","item":"https:\/\/vinoteka-sodcek.si\/en\/"},{"@type":"ListItem","position":2,"name":"Trgovina","item":"https:\/\/vinoteka-sodcek.si\/trgovina\/"},{"@type":"ListItem","position":3,"name":"Cabernet sauvignon"}]},{"@type":"WebSite","@id":"https:\/\/vinoteka-sodcek.si\/#website","url":"https:\/\/vinoteka-sodcek.si\/","name":"Vinoteka Sod\u010dek","description":"Vinoteka z vrhunskimi vini","publisher":{"@id":"https:\/\/vinoteka-sodcek.si\/#organization"},"potentialAction":[{"@type":"SearchAction","target":{"@type":"EntryPoint","urlTemplate":"https:\/\/vinoteka-sodcek.si\/?s={search_term_string}"},"query-input":"required name=search_term_string"}],"inLanguage":"en-US"},{"@type":"Organization","@id":"https:\/\/vinoteka-sodcek.si\/#organization","name":"Vinoteka Sod\u010dek, Ale\u0161 \u010ceba\u0161ek s.p.","url":"https:\/\/vinoteka-sodcek.si\/","logo":{"@type":"ImageObject","inLanguage":"en-US","@id":"https:\/\/vinoteka-sodcek.si\/#\/schema\/logo\/image\/","url":"https:\/\/beta.vinoteka-sodcek.si\/wp-content\/uploads\/vinoteka-sodcek-logo.png","contentUrl":"https:\/\/beta.vinoteka-sodcek.si\/wp-content\/uploads\/vinoteka-sodcek-logo.png","width":300,"height":90,"caption":"Vinoteka Sod\u010dek, Ale\u0161 \u010ceba\u0161ek s.p."},"image":{"@id":"https:\/\/vinoteka-sodcek.si\/#\/schema\/logo\/image\/"},"sameAs":["https:\/\/www.facebook.com\/vinotekasodcek\/"]}]}},"_links":{"self":[{"href":"https:\/\/vinoteka-sodcek.si\/en\/wp-json\/\/wp\/v2\/product\/641"}],"collection":[{"href":"https:\/\/vinoteka-sodcek.si\/en\/wp-json\/\/wp\/v2\/product"}],"about":[{"href":"https:\/\/vinoteka-sodcek.si\/en\/wp-json\/\/wp\/v2\/types\/product"}],"wp:featuredmedia":[{"embeddable":true,"href":"https:\/\/vinoteka-sodcek.si\/en\/wp-json\/\/wp\/v2\/media\/1096"}],"wp:attachment":[{"href":"https:\/\/vinoteka-sodcek.si\/en\/wp-json\/\/wp\/v2\/media?parent=641"}],"wp:term":[{"taxonomy":"product_cat","embeddable":true,"href":"https:\/\/vinoteka-sodcek.si\/en\/wp-json\/\/wp\/v2\/product_cat?post=641"},{"taxonomy":"product_tag","embeddable":true,"href":"https:\/\/vinoteka-sodcek.si\/en\/wp-json\/\/wp\/v2\/product_tag?post=641"}],"curies":[{"name":"wp","href":"https:\/\/api.w.org\/{rel}","templated":true}]}}