{"id":647,"date":"2024-03-15T17:20:29","date_gmt":"2024-03-15T16:20:29","guid":{"rendered":"http:\/\/192.168.64.105\/GitHub\/vinoteka-sodcek\/trgovina\/uncategorized\/bjana-bjana-brut\/"},"modified":"2024-09-17T10:19:36","modified_gmt":"2024-09-17T09:19:36","slug":"bjana-bjana-brut","status":"publish","type":"product","link":"https:\/\/vinoteka-sodcek.si\/en\/shop\/wines\/sparkling-wines\/bjana-bjana-brut\/","title":{"rendered":"Bjana Brut"},"content":{"rendered":"<p>Classical method, minimum 24 months maturation on yeast.<\/p>\n<p>Chardonnay gives the wine body, aromatics and fullness, while rebula gives elegance and freshness.<\/p>\n<p>The colour is a delicate lemon yellow with golden hues. On the palate it is dry, medium-bodied, with a wonderful bubble texture that is delicate and soft, which is a real rarity here. The acids are high, lively, ripe and beautifully lift the otherwise rich wine.<\/p>\n<p>&nbsp;<\/p>\n","protected":false},"excerpt":{"rendered":"<p>Classical method, minimum 24 months maturation on yeast. Chardonnay gives the wine body, aromatics and fullness, while rebula gives elegance and freshness. The colour is a delicate lemon yellow with golden&#8230;<\/p>\n","protected":false},"featured_media":1066,"template":"","meta":[],"product_cat":[22],"product_tag":[],"acf":[],"yoast_head":"<!-- This site is optimized with the Yoast SEO plugin v22.2 - https:\/\/yoast.com\/wordpress\/plugins\/seo\/ -->\n<title>Bjana Brut | Vinoteka Sod\u010dek<\/title>\n<meta name=\"description\" content=\"Bjana brut is a sparkling wine aged on yeast for at least 24 months using the classic method. Delicate lemon-yellow colour, dry, medium body, lively acids.\" \/>\n<meta name=\"robots\" content=\"index, follow, max-snippet:-1, max-image-preview:large, max-video-preview:-1\" \/>\n<meta property=\"og:locale\" content=\"en_US\" \/>\n<meta property=\"og:type\" content=\"article\" \/>\n<meta property=\"og:title\" content=\"Bjana Brut\" \/>\n<meta property=\"og:description\" content=\"Bjana brut is a sparkling wine aged on yeast for at least 24 months using the classic method. Delicate lemon-yellow colour, dry, medium body, lively acids.\" \/>\n<meta property=\"og:url\" content=\"https:\/\/vinoteka-sodcek.si\/en\/shop\/wines\/sparkling-wines\/bjana-bjana-brut\/\" \/>\n<meta property=\"og:site_name\" content=\"Vinoteka Sod\u010dek\" \/>\n<meta property=\"article:publisher\" content=\"https:\/\/www.facebook.com\/vinotekasodcek\/\" \/>\n<meta property=\"article:modified_time\" content=\"2024-09-17T09:19:36+00:00\" \/>\n<meta property=\"og:image\" content=\"https:\/\/vinoteka-sodcek.si\/wp-content\/uploads\/brut-bjana.jpg\" \/>\n\t<meta property=\"og:image:width\" content=\"337\" \/>\n\t<meta property=\"og:image:height\" content=\"1200\" \/>\n\t<meta property=\"og:image:type\" content=\"image\/jpeg\" \/>\n<meta name=\"twitter:card\" content=\"summary_large_image\" \/>\n<!-- \/ Yoast SEO plugin. -->","yoast_head_json":{"title":"Bjana Brut | Vinoteka Sod\u010dek","description":"[:sl]Bjana brut je penina po klasi\u010dni metodi najmanj 24 mesecev zorenja na kvasovkah. Ne\u017ena limonasto rumena barva, suho, srednje telo, \u017eivahne kisline.[:en]Bjana brut is a sparkling wine aged on yeast for at least 24 months using the classic method. Delicate lemon-yellow colour, dry, medium body, lively acids.[:]","robots":{"index":"index","follow":"follow","max-snippet":"max-snippet:-1","max-image-preview":"max-image-preview:large","max-video-preview":"max-video-preview:-1"},"og_locale":"en_US","og_type":"article","og_title":"[:sl]Bjana Brut[:en]Bjana Brut[:] | Vinoteka Sod\u010dek","og_description":"[:sl]Bjana brut je penina po klasi\u010dni metodi najmanj 24 mesecev zorenja na kvasovkah. Ne\u017ena limonasto rumena barva, suho, srednje telo, \u017eivahne kisline.[:en]Bjana brut is a sparkling wine aged on yeast for at least 24 months using the classic method. Delicate lemon-yellow colour, dry, medium body, lively acids.[:]","og_url":"https:\/\/vinoteka-sodcek.si\/en\/shop\/wines\/sparkling-wines\/bjana-bjana-brut\/","og_site_name":"Vinoteka Sod\u010dek","article_publisher":"https:\/\/www.facebook.com\/vinotekasodcek\/","article_modified_time":"2024-09-17T09:19:36+00:00","og_image":[{"width":337,"height":1200,"url":"https:\/\/vinoteka-sodcek.si\/wp-content\/uploads\/brut-bjana.jpg","type":"image\/jpeg"}],"twitter_card":"summary_large_image","schema":{"@context":"https:\/\/schema.org","@graph":[{"@type":"WebPage","@id":"https:\/\/vinoteka-sodcek.si\/trgovina\/vina\/peneca-vina\/bjana-bjana-brut\/","url":"https:\/\/vinoteka-sodcek.si\/trgovina\/vina\/peneca-vina\/bjana-bjana-brut\/","name":"[:sl]Bjana Brut[:en]Bjana Brut[:] | Vinoteka Sod\u010dek","isPartOf":{"@id":"https:\/\/vinoteka-sodcek.si\/#website"},"primaryImageOfPage":{"@id":"https:\/\/vinoteka-sodcek.si\/trgovina\/vina\/peneca-vina\/bjana-bjana-brut\/#primaryimage"},"image":{"@id":"https:\/\/vinoteka-sodcek.si\/trgovina\/vina\/peneca-vina\/bjana-bjana-brut\/#primaryimage"},"thumbnailUrl":"https:\/\/vinoteka-sodcek.si\/wp-content\/uploads\/brut-bjana.jpg","datePublished":"2024-03-15T16:20:29+00:00","dateModified":"2024-09-17T09:19:36+00:00","description":"[:sl]Bjana brut je penina po klasi\u010dni metodi najmanj 24 mesecev zorenja na kvasovkah. Ne\u017ena limonasto rumena barva, suho, srednje telo, \u017eivahne kisline.[:en]Bjana brut is a sparkling wine aged on yeast for at least 24 months using the classic method. Delicate lemon-yellow colour, dry, medium body, lively acids.[:]","breadcrumb":{"@id":"https:\/\/vinoteka-sodcek.si\/trgovina\/vina\/peneca-vina\/bjana-bjana-brut\/#breadcrumb"},"inLanguage":"en-US","potentialAction":[{"@type":"ReadAction","target":["https:\/\/vinoteka-sodcek.si\/trgovina\/vina\/peneca-vina\/bjana-bjana-brut\/"]}]},{"@type":"ImageObject","inLanguage":"en-US","@id":"https:\/\/vinoteka-sodcek.si\/trgovina\/vina\/peneca-vina\/bjana-bjana-brut\/#primaryimage","url":"https:\/\/vinoteka-sodcek.si\/wp-content\/uploads\/brut-bjana.jpg","contentUrl":"https:\/\/vinoteka-sodcek.si\/wp-content\/uploads\/brut-bjana.jpg","width":337,"height":1200},{"@type":"BreadcrumbList","@id":"https:\/\/vinoteka-sodcek.si\/trgovina\/vina\/peneca-vina\/bjana-bjana-brut\/#breadcrumb","itemListElement":[{"@type":"ListItem","position":1,"name":"Home","item":"https:\/\/vinoteka-sodcek.si\/en\/"},{"@type":"ListItem","position":2,"name":"Trgovina","item":"https:\/\/vinoteka-sodcek.si\/trgovina\/"},{"@type":"ListItem","position":3,"name":"Bjana Brut"}]},{"@type":"WebSite","@id":"https:\/\/vinoteka-sodcek.si\/#website","url":"https:\/\/vinoteka-sodcek.si\/","name":"Vinoteka Sod\u010dek","description":"Vinoteka z vrhunskimi vini","publisher":{"@id":"https:\/\/vinoteka-sodcek.si\/#organization"},"potentialAction":[{"@type":"SearchAction","target":{"@type":"EntryPoint","urlTemplate":"https:\/\/vinoteka-sodcek.si\/?s={search_term_string}"},"query-input":"required name=search_term_string"}],"inLanguage":"en-US"},{"@type":"Organization","@id":"https:\/\/vinoteka-sodcek.si\/#organization","name":"Vinoteka Sod\u010dek, Ale\u0161 \u010ceba\u0161ek s.p.","url":"https:\/\/vinoteka-sodcek.si\/","logo":{"@type":"ImageObject","inLanguage":"en-US","@id":"https:\/\/vinoteka-sodcek.si\/#\/schema\/logo\/image\/","url":"https:\/\/beta.vinoteka-sodcek.si\/wp-content\/uploads\/vinoteka-sodcek-logo.png","contentUrl":"https:\/\/beta.vinoteka-sodcek.si\/wp-content\/uploads\/vinoteka-sodcek-logo.png","width":300,"height":90,"caption":"Vinoteka Sod\u010dek, Ale\u0161 \u010ceba\u0161ek s.p."},"image":{"@id":"https:\/\/vinoteka-sodcek.si\/#\/schema\/logo\/image\/"},"sameAs":["https:\/\/www.facebook.com\/vinotekasodcek\/"]}]}},"_links":{"self":[{"href":"https:\/\/vinoteka-sodcek.si\/en\/wp-json\/\/wp\/v2\/product\/647"}],"collection":[{"href":"https:\/\/vinoteka-sodcek.si\/en\/wp-json\/\/wp\/v2\/product"}],"about":[{"href":"https:\/\/vinoteka-sodcek.si\/en\/wp-json\/\/wp\/v2\/types\/product"}],"wp:featuredmedia":[{"embeddable":true,"href":"https:\/\/vinoteka-sodcek.si\/en\/wp-json\/\/wp\/v2\/media\/1066"}],"wp:attachment":[{"href":"https:\/\/vinoteka-sodcek.si\/en\/wp-json\/\/wp\/v2\/media?parent=647"}],"wp:term":[{"taxonomy":"product_cat","embeddable":true,"href":"https:\/\/vinoteka-sodcek.si\/en\/wp-json\/\/wp\/v2\/product_cat?post=647"},{"taxonomy":"product_tag","embeddable":true,"href":"https:\/\/vinoteka-sodcek.si\/en\/wp-json\/\/wp\/v2\/product_tag?post=647"}],"curies":[{"name":"wp","href":"https:\/\/api.w.org\/{rel}","templated":true}]}}