{"id":651,"date":"2024-03-15T17:20:29","date_gmt":"2024-03-15T16:20:29","guid":{"rendered":"http:\/\/192.168.64.105\/GitHub\/vinoteka-sodcek\/trgovina\/uncategorized\/bjana-bjana-brut-rose\/"},"modified":"2024-09-17T10:20:53","modified_gmt":"2024-09-17T09:20:53","slug":"bjana-bjana-brut-rose","status":"publish","type":"product","link":"https:\/\/vinoteka-sodcek.si\/en\/shop\/wines\/sparkling-wines\/bjana-bjana-brut-rose\/","title":{"rendered":"Bjana Brut Rose"},"content":{"rendered":"<p>Classical method, minimum 24 months maturation on yeast.<\/p>\n<p>The pinot noir gives the wine structure and fruitiness, while the rebula gives it elegance and freshness.<\/p>\n<p>The bouquet is ripe, fine and medium-bodied. Reminiscent of brioche, bread crust, a little ripe strawberry, almond. It is dry in the mouth but offers a hint of sweetness, medium body, moderate acids, with a fine oily texture and a very long finish.<\/p>\n<p>&nbsp;<\/p>\n","protected":false},"excerpt":{"rendered":"<p>Classical method, minimum 24 months maturation on yeast. The pinot noir gives the wine structure and fruitiness, while the rebula gives it elegance and freshness. The bouquet is ripe, fine and&#8230;<\/p>\n","protected":false},"featured_media":650,"template":"","meta":[],"product_cat":[22],"product_tag":[],"acf":[],"yoast_head":"<!-- This site is optimized with the Yoast SEO plugin v22.2 - https:\/\/yoast.com\/wordpress\/plugins\/seo\/ -->\n<title>Bjana Brut Rose | Vinoteka Sod\u010dek<\/title>\n<meta name=\"description\" content=\"Bjana brut ros\u00e9 is a classic method sparkling wine, matured on yeast for at least 24 months. A bouquet of bread, strawberries, almonds. Dry on the palate, with an oily texture.\" \/>\n<meta name=\"robots\" content=\"index, follow, max-snippet:-1, max-image-preview:large, max-video-preview:-1\" \/>\n<meta property=\"og:locale\" content=\"en_US\" \/>\n<meta property=\"og:type\" content=\"article\" \/>\n<meta property=\"og:title\" content=\"Bjana Brut Rose\" \/>\n<meta property=\"og:description\" content=\"Bjana brut ros\u00e9 is a classic method sparkling wine, matured on yeast for at least 24 months. A bouquet of bread, strawberries, almonds. Dry on the palate, with an oily texture.\" \/>\n<meta property=\"og:url\" content=\"https:\/\/vinoteka-sodcek.si\/en\/shop\/wines\/sparkling-wines\/bjana-bjana-brut-rose\/\" \/>\n<meta property=\"og:site_name\" content=\"Vinoteka Sod\u010dek\" \/>\n<meta property=\"article:publisher\" content=\"https:\/\/www.facebook.com\/vinotekasodcek\/\" \/>\n<meta property=\"article:modified_time\" content=\"2024-09-17T09:20:53+00:00\" \/>\n<meta property=\"og:image\" content=\"https:\/\/vinoteka-sodcek.si\/wp-content\/uploads\/brut-rose.jpg\" \/>\n\t<meta property=\"og:image:width\" content=\"211\" \/>\n\t<meta property=\"og:image:height\" content=\"772\" \/>\n\t<meta property=\"og:image:type\" content=\"image\/jpeg\" \/>\n<meta name=\"twitter:card\" content=\"summary_large_image\" \/>\n<!-- \/ Yoast SEO plugin. -->","yoast_head_json":{"title":"Bjana Brut Rose | Vinoteka Sod\u010dek","description":"[:sl]Bjana brut rose je penina po klasi\u010dni metodi, najmanj 24 mesecev zorenja na kvasovkah. Cvetica kruha, jagod, mandljev. V ustih suha, oljnate teksture.[:en]Bjana brut ros\u00e9 is a classic method sparkling wine, matured on yeast for at least 24 months. A bouquet of bread, strawberries, almonds. Dry on the palate, with an oily texture.[:]","robots":{"index":"index","follow":"follow","max-snippet":"max-snippet:-1","max-image-preview":"max-image-preview:large","max-video-preview":"max-video-preview:-1"},"og_locale":"en_US","og_type":"article","og_title":"[:sl]Bjana Brut Rose[:en]Bjana Brut Rose[:] | Vinoteka Sod\u010dek","og_description":"[:sl]Bjana brut rose je penina po klasi\u010dni metodi, najmanj 24 mesecev zorenja na kvasovkah. Cvetica kruha, jagod, mandljev. V ustih suha, oljnate teksture.[:en]Bjana brut ros\u00e9 is a classic method sparkling wine, matured on yeast for at least 24 months. A bouquet of bread, strawberries, almonds. Dry on the palate, with an oily texture.[:]","og_url":"https:\/\/vinoteka-sodcek.si\/en\/shop\/wines\/sparkling-wines\/bjana-bjana-brut-rose\/","og_site_name":"Vinoteka Sod\u010dek","article_publisher":"https:\/\/www.facebook.com\/vinotekasodcek\/","article_modified_time":"2024-09-17T09:20:53+00:00","og_image":[{"width":211,"height":772,"url":"https:\/\/vinoteka-sodcek.si\/wp-content\/uploads\/brut-rose.jpg","type":"image\/jpeg"}],"twitter_card":"summary_large_image","schema":{"@context":"https:\/\/schema.org","@graph":[{"@type":"WebPage","@id":"https:\/\/vinoteka-sodcek.si\/trgovina\/vina\/peneca-vina\/bjana-bjana-brut-rose\/","url":"https:\/\/vinoteka-sodcek.si\/trgovina\/vina\/peneca-vina\/bjana-bjana-brut-rose\/","name":"[:sl]Bjana Brut Rose[:en]Bjana Brut Rose[:] | Vinoteka Sod\u010dek","isPartOf":{"@id":"https:\/\/vinoteka-sodcek.si\/#website"},"primaryImageOfPage":{"@id":"https:\/\/vinoteka-sodcek.si\/trgovina\/vina\/peneca-vina\/bjana-bjana-brut-rose\/#primaryimage"},"image":{"@id":"https:\/\/vinoteka-sodcek.si\/trgovina\/vina\/peneca-vina\/bjana-bjana-brut-rose\/#primaryimage"},"thumbnailUrl":"https:\/\/vinoteka-sodcek.si\/wp-content\/uploads\/brut-rose.jpg","datePublished":"2024-03-15T16:20:29+00:00","dateModified":"2024-09-17T09:20:53+00:00","description":"[:sl]Bjana brut rose je penina po klasi\u010dni metodi, najmanj 24 mesecev zorenja na kvasovkah. Cvetica kruha, jagod, mandljev. V ustih suha, oljnate teksture.[:en]Bjana brut ros\u00e9 is a classic method sparkling wine, matured on yeast for at least 24 months. A bouquet of bread, strawberries, almonds. Dry on the palate, with an oily texture.[:]","breadcrumb":{"@id":"https:\/\/vinoteka-sodcek.si\/trgovina\/vina\/peneca-vina\/bjana-bjana-brut-rose\/#breadcrumb"},"inLanguage":"en-US","potentialAction":[{"@type":"ReadAction","target":["https:\/\/vinoteka-sodcek.si\/trgovina\/vina\/peneca-vina\/bjana-bjana-brut-rose\/"]}]},{"@type":"ImageObject","inLanguage":"en-US","@id":"https:\/\/vinoteka-sodcek.si\/trgovina\/vina\/peneca-vina\/bjana-bjana-brut-rose\/#primaryimage","url":"https:\/\/vinoteka-sodcek.si\/wp-content\/uploads\/brut-rose.jpg","contentUrl":"https:\/\/vinoteka-sodcek.si\/wp-content\/uploads\/brut-rose.jpg","width":211,"height":772},{"@type":"BreadcrumbList","@id":"https:\/\/vinoteka-sodcek.si\/trgovina\/vina\/peneca-vina\/bjana-bjana-brut-rose\/#breadcrumb","itemListElement":[{"@type":"ListItem","position":1,"name":"Home","item":"https:\/\/vinoteka-sodcek.si\/en\/"},{"@type":"ListItem","position":2,"name":"Trgovina","item":"https:\/\/vinoteka-sodcek.si\/trgovina\/"},{"@type":"ListItem","position":3,"name":"Bjana Brut Rose"}]},{"@type":"WebSite","@id":"https:\/\/vinoteka-sodcek.si\/#website","url":"https:\/\/vinoteka-sodcek.si\/","name":"Vinoteka Sod\u010dek","description":"Vinoteka z vrhunskimi vini","publisher":{"@id":"https:\/\/vinoteka-sodcek.si\/#organization"},"potentialAction":[{"@type":"SearchAction","target":{"@type":"EntryPoint","urlTemplate":"https:\/\/vinoteka-sodcek.si\/?s={search_term_string}"},"query-input":"required name=search_term_string"}],"inLanguage":"en-US"},{"@type":"Organization","@id":"https:\/\/vinoteka-sodcek.si\/#organization","name":"Vinoteka Sod\u010dek, Ale\u0161 \u010ceba\u0161ek s.p.","url":"https:\/\/vinoteka-sodcek.si\/","logo":{"@type":"ImageObject","inLanguage":"en-US","@id":"https:\/\/vinoteka-sodcek.si\/#\/schema\/logo\/image\/","url":"https:\/\/beta.vinoteka-sodcek.si\/wp-content\/uploads\/vinoteka-sodcek-logo.png","contentUrl":"https:\/\/beta.vinoteka-sodcek.si\/wp-content\/uploads\/vinoteka-sodcek-logo.png","width":300,"height":90,"caption":"Vinoteka Sod\u010dek, Ale\u0161 \u010ceba\u0161ek s.p."},"image":{"@id":"https:\/\/vinoteka-sodcek.si\/#\/schema\/logo\/image\/"},"sameAs":["https:\/\/www.facebook.com\/vinotekasodcek\/"]}]}},"_links":{"self":[{"href":"https:\/\/vinoteka-sodcek.si\/en\/wp-json\/\/wp\/v2\/product\/651"}],"collection":[{"href":"https:\/\/vinoteka-sodcek.si\/en\/wp-json\/\/wp\/v2\/product"}],"about":[{"href":"https:\/\/vinoteka-sodcek.si\/en\/wp-json\/\/wp\/v2\/types\/product"}],"wp:featuredmedia":[{"embeddable":true,"href":"https:\/\/vinoteka-sodcek.si\/en\/wp-json\/\/wp\/v2\/media\/650"}],"wp:attachment":[{"href":"https:\/\/vinoteka-sodcek.si\/en\/wp-json\/\/wp\/v2\/media?parent=651"}],"wp:term":[{"taxonomy":"product_cat","embeddable":true,"href":"https:\/\/vinoteka-sodcek.si\/en\/wp-json\/\/wp\/v2\/product_cat?post=651"},{"taxonomy":"product_tag","embeddable":true,"href":"https:\/\/vinoteka-sodcek.si\/en\/wp-json\/\/wp\/v2\/product_tag?post=651"}],"curies":[{"name":"wp","href":"https:\/\/api.w.org\/{rel}","templated":true}]}}