{"id":661,"date":"2024-03-15T17:20:30","date_gmt":"2024-03-15T16:20:30","guid":{"rendered":"http:\/\/192.168.64.105\/GitHub\/vinoteka-sodcek\/trgovina\/uncategorized\/fornazaric-rubino\/"},"modified":"2026-01-07T12:26:10","modified_gmt":"2026-01-07T11:26:10","slug":"fornazaric-rubino","status":"publish","type":"product","link":"https:\/\/vinoteka-sodcek.si\/en\/shop\/wines\/red-wines\/fornazaric-rubino\/","title":{"rendered":"Rubino"},"content":{"rendered":"<p>Rubino is a red varietal of 80% merlot, 20% cabernet sauvignon, to which is added a sweet wine made from dried grapes.<br \/>\nThe merlot is macerated for 3 weeks, the cabernet sauvignon for 2 weeks and the dried grapes for over a month. The wine is aged for 2 years in second-hand barriques and bottled without filtration only in the third year.<\/p>\n<p>It is ruby red in colour, with extremely fruity wild berry flowers and a combination of freshness and velvety elegance on the palate. The addition of dried merlot makes this one of the rarer slovenian red wines with a slight residual sugar.<\/p>\n<p>&nbsp;<\/p>\n","protected":false},"excerpt":{"rendered":"<p>Rubino is a red varietal of 80% merlot, 20% cabernet sauvignon, to which is added a sweet wine made from dried grapes. The merlot is macerated for 3 weeks, the cabernet&#8230;<\/p>\n","protected":false},"featured_media":660,"template":"","meta":[],"product_cat":[20],"product_tag":[],"acf":[],"yoast_head":"<!-- This site is optimized with the Yoast SEO plugin v22.2 - https:\/\/yoast.com\/wordpress\/plugins\/seo\/ -->\n<title>Rubino | Vinoteka Sod\u010dek<\/title>\n<meta name=\"description\" content=\"Rubino Fornazari\u010d is a red varietal to which a sweet wine made from dried grapes is added. Fruity floral forest fruits, fresh and velvety elegant.\" \/>\n<meta name=\"robots\" content=\"index, follow, max-snippet:-1, max-image-preview:large, max-video-preview:-1\" \/>\n<meta property=\"og:locale\" content=\"en_US\" \/>\n<meta property=\"og:type\" content=\"article\" \/>\n<meta property=\"og:title\" content=\"Rubino\" \/>\n<meta property=\"og:description\" content=\"Rubino Fornazari\u010d is a red varietal to which a sweet wine made from dried grapes is added. Fruity floral forest fruits, fresh and velvety elegant.\" \/>\n<meta property=\"og:url\" content=\"https:\/\/vinoteka-sodcek.si\/en\/shop\/wines\/red-wines\/fornazaric-rubino\/\" \/>\n<meta property=\"og:site_name\" content=\"Vinoteka Sod\u010dek\" \/>\n<meta property=\"article:publisher\" content=\"https:\/\/www.facebook.com\/vinotekasodcek\/\" \/>\n<meta property=\"article:modified_time\" content=\"2026-01-07T11:26:10+00:00\" \/>\n<meta property=\"og:image\" content=\"https:\/\/vinoteka-sodcek.si\/wp-content\/uploads\/Rubino-Fornazaric.jpg\" \/>\n\t<meta property=\"og:image:width\" content=\"161\" \/>\n\t<meta property=\"og:image:height\" content=\"638\" \/>\n\t<meta property=\"og:image:type\" content=\"image\/jpeg\" \/>\n<meta name=\"twitter:card\" content=\"summary_large_image\" \/>\n<!-- \/ Yoast SEO plugin. -->","yoast_head_json":{"title":"Rubino | Vinoteka Sod\u010dek","description":"[:sl]Rubino Fornazari\u010d je rde\u010da zvrst kateremu je dodano sladko vino iz su\u0161enega grozdja. Sadne cvetlice po gozdnih sade\u017eih, sve\u017e in \u017eametno eleganten.[:en]Rubino Fornazari\u010d is a red varietal to which a sweet wine made from dried grapes is added. Fruity floral forest fruits, fresh and velvety elegant.[:]","robots":{"index":"index","follow":"follow","max-snippet":"max-snippet:-1","max-image-preview":"max-image-preview:large","max-video-preview":"max-video-preview:-1"},"og_locale":"en_US","og_type":"article","og_title":"[:sl]Rubino[:en]Rubino[:] | Vinoteka Sod\u010dek","og_description":"[:sl]Rubino Fornazari\u010d je rde\u010da zvrst kateremu je dodano sladko vino iz su\u0161enega grozdja. Sadne cvetlice po gozdnih sade\u017eih, sve\u017e in \u017eametno eleganten.[:en]Rubino Fornazari\u010d is a red varietal to which a sweet wine made from dried grapes is added. Fruity floral forest fruits, fresh and velvety elegant.[:]","og_url":"https:\/\/vinoteka-sodcek.si\/en\/shop\/wines\/red-wines\/fornazaric-rubino\/","og_site_name":"Vinoteka Sod\u010dek","article_publisher":"https:\/\/www.facebook.com\/vinotekasodcek\/","article_modified_time":"2026-01-07T11:26:10+00:00","og_image":[{"width":161,"height":638,"url":"https:\/\/vinoteka-sodcek.si\/wp-content\/uploads\/Rubino-Fornazaric.jpg","type":"image\/jpeg"}],"twitter_card":"summary_large_image","schema":{"@context":"https:\/\/schema.org","@graph":[{"@type":"WebPage","@id":"https:\/\/vinoteka-sodcek.si\/trgovina\/vina\/rdeca-vina\/fornazaric-rubino\/","url":"https:\/\/vinoteka-sodcek.si\/trgovina\/vina\/rdeca-vina\/fornazaric-rubino\/","name":"[:sl]Rubino[:en]Rubino[:] | Vinoteka Sod\u010dek","isPartOf":{"@id":"https:\/\/vinoteka-sodcek.si\/#website"},"primaryImageOfPage":{"@id":"https:\/\/vinoteka-sodcek.si\/trgovina\/vina\/rdeca-vina\/fornazaric-rubino\/#primaryimage"},"image":{"@id":"https:\/\/vinoteka-sodcek.si\/trgovina\/vina\/rdeca-vina\/fornazaric-rubino\/#primaryimage"},"thumbnailUrl":"https:\/\/vinoteka-sodcek.si\/wp-content\/uploads\/Rubino-Fornazaric.jpg","datePublished":"2024-03-15T16:20:30+00:00","dateModified":"2026-01-07T11:26:10+00:00","description":"[:sl]Rubino Fornazari\u010d je rde\u010da zvrst kateremu je dodano sladko vino iz su\u0161enega grozdja. Sadne cvetlice po gozdnih sade\u017eih, sve\u017e in \u017eametno eleganten.[:en]Rubino Fornazari\u010d is a red varietal to which a sweet wine made from dried grapes is added. Fruity floral forest fruits, fresh and velvety elegant.[:]","breadcrumb":{"@id":"https:\/\/vinoteka-sodcek.si\/trgovina\/vina\/rdeca-vina\/fornazaric-rubino\/#breadcrumb"},"inLanguage":"en-US","potentialAction":[{"@type":"ReadAction","target":["https:\/\/vinoteka-sodcek.si\/trgovina\/vina\/rdeca-vina\/fornazaric-rubino\/"]}]},{"@type":"ImageObject","inLanguage":"en-US","@id":"https:\/\/vinoteka-sodcek.si\/trgovina\/vina\/rdeca-vina\/fornazaric-rubino\/#primaryimage","url":"https:\/\/vinoteka-sodcek.si\/wp-content\/uploads\/Rubino-Fornazaric.jpg","contentUrl":"https:\/\/vinoteka-sodcek.si\/wp-content\/uploads\/Rubino-Fornazaric.jpg","width":161,"height":638},{"@type":"BreadcrumbList","@id":"https:\/\/vinoteka-sodcek.si\/trgovina\/vina\/rdeca-vina\/fornazaric-rubino\/#breadcrumb","itemListElement":[{"@type":"ListItem","position":1,"name":"Home","item":"https:\/\/vinoteka-sodcek.si\/en\/"},{"@type":"ListItem","position":2,"name":"Trgovina","item":"https:\/\/vinoteka-sodcek.si\/trgovina\/"},{"@type":"ListItem","position":3,"name":"Rubino"}]},{"@type":"WebSite","@id":"https:\/\/vinoteka-sodcek.si\/#website","url":"https:\/\/vinoteka-sodcek.si\/","name":"Vinoteka Sod\u010dek","description":"Vinoteka z vrhunskimi vini","publisher":{"@id":"https:\/\/vinoteka-sodcek.si\/#organization"},"potentialAction":[{"@type":"SearchAction","target":{"@type":"EntryPoint","urlTemplate":"https:\/\/vinoteka-sodcek.si\/?s={search_term_string}"},"query-input":"required name=search_term_string"}],"inLanguage":"en-US"},{"@type":"Organization","@id":"https:\/\/vinoteka-sodcek.si\/#organization","name":"Vinoteka Sod\u010dek, Ale\u0161 \u010ceba\u0161ek s.p.","url":"https:\/\/vinoteka-sodcek.si\/","logo":{"@type":"ImageObject","inLanguage":"en-US","@id":"https:\/\/vinoteka-sodcek.si\/#\/schema\/logo\/image\/","url":"https:\/\/beta.vinoteka-sodcek.si\/wp-content\/uploads\/vinoteka-sodcek-logo.png","contentUrl":"https:\/\/beta.vinoteka-sodcek.si\/wp-content\/uploads\/vinoteka-sodcek-logo.png","width":300,"height":90,"caption":"Vinoteka Sod\u010dek, Ale\u0161 \u010ceba\u0161ek s.p."},"image":{"@id":"https:\/\/vinoteka-sodcek.si\/#\/schema\/logo\/image\/"},"sameAs":["https:\/\/www.facebook.com\/vinotekasodcek\/"]}]}},"_links":{"self":[{"href":"https:\/\/vinoteka-sodcek.si\/en\/wp-json\/\/wp\/v2\/product\/661"}],"collection":[{"href":"https:\/\/vinoteka-sodcek.si\/en\/wp-json\/\/wp\/v2\/product"}],"about":[{"href":"https:\/\/vinoteka-sodcek.si\/en\/wp-json\/\/wp\/v2\/types\/product"}],"wp:featuredmedia":[{"embeddable":true,"href":"https:\/\/vinoteka-sodcek.si\/en\/wp-json\/\/wp\/v2\/media\/660"}],"wp:attachment":[{"href":"https:\/\/vinoteka-sodcek.si\/en\/wp-json\/\/wp\/v2\/media?parent=661"}],"wp:term":[{"taxonomy":"product_cat","embeddable":true,"href":"https:\/\/vinoteka-sodcek.si\/en\/wp-json\/\/wp\/v2\/product_cat?post=661"},{"taxonomy":"product_tag","embeddable":true,"href":"https:\/\/vinoteka-sodcek.si\/en\/wp-json\/\/wp\/v2\/product_tag?post=661"}],"curies":[{"name":"wp","href":"https:\/\/api.w.org\/{rel}","templated":true}]}}