{"id":665,"date":"2024-03-15T17:20:30","date_gmt":"2024-03-15T16:20:30","guid":{"rendered":"http:\/\/192.168.64.105\/GitHub\/vinoteka-sodcek\/trgovina\/uncategorized\/fornazaric-rebula\/"},"modified":"2025-06-05T07:18:52","modified_gmt":"2025-06-05T06:18:52","slug":"fornazaric-rebula","status":"publish","type":"product","link":"https:\/\/vinoteka-sodcek.si\/en\/shop\/wines\/white-wines\/fornazaric-rebula\/","title":{"rendered":"Rebula"},"content":{"rendered":"<p>After the harvest is completed, the wine ferments and then ripens for about 6 months in the steel tank on fine lees.<\/p>\n<p>It is a gentle straw yellow in color, the smell of lemon is also dominated by other citrus, in the mouth fresh, higher acids, visible slight bubbles of the carbon dioxide, butter flavor, and long aftertaste.<\/p>\n<p>A pleasant drinking and at the same time rich rebula with a slightly lower alcohol volume.<\/p>\n","protected":false},"excerpt":{"rendered":"<p>After the harvest is completed, the wine ferments and then ripens for about 6 months in the steel tank on fine lees. It is a gentle straw yellow in color, the&#8230;<\/p>\n","protected":false},"featured_media":664,"template":"","meta":[],"product_cat":[19],"product_tag":[],"acf":[],"yoast_head":"<!-- This site is optimized with the Yoast SEO plugin v22.2 - https:\/\/yoast.com\/wordpress\/plugins\/seo\/ -->\n<title>Rebula | Vinoteka Sod\u010dek<\/title>\n<meta name=\"description\" content=\"Rebula Fornazari\u010d ripens for about 6 months in a steel tank on fine lees. Lemon and other citrus aromas predominate, fresh on the palate.\" \/>\n<meta name=\"robots\" content=\"index, follow, max-snippet:-1, max-image-preview:large, max-video-preview:-1\" \/>\n<meta property=\"og:locale\" content=\"en_US\" \/>\n<meta property=\"og:type\" content=\"article\" \/>\n<meta property=\"og:title\" content=\"Rebula\" \/>\n<meta property=\"og:description\" content=\"Rebula Fornazari\u010d ripens for about 6 months in a steel tank on fine lees. Lemon and other citrus aromas predominate, fresh on the palate.\" \/>\n<meta property=\"og:url\" content=\"https:\/\/vinoteka-sodcek.si\/en\/shop\/wines\/white-wines\/fornazaric-rebula\/\" \/>\n<meta property=\"og:site_name\" content=\"Vinoteka Sod\u010dek\" \/>\n<meta property=\"article:publisher\" content=\"https:\/\/www.facebook.com\/vinotekasodcek\/\" \/>\n<meta property=\"article:modified_time\" content=\"2025-06-05T06:18:52+00:00\" \/>\n<meta property=\"og:image\" content=\"https:\/\/vinoteka-sodcek.si\/wp-content\/uploads\/Rebula-Fornazaric.jpg\" \/>\n\t<meta property=\"og:image:width\" content=\"163\" \/>\n\t<meta property=\"og:image:height\" content=\"632\" \/>\n\t<meta property=\"og:image:type\" content=\"image\/jpeg\" \/>\n<meta name=\"twitter:card\" content=\"summary_large_image\" \/>\n<!-- \/ Yoast SEO plugin. -->","yoast_head_json":{"title":"Rebula | Vinoteka Sod\u010dek","description":"[:sl]Rebula Fornazari\u010d zori cca 6 mesecev v jekleni cisterni na finih dro\u017eeh. Prevladuje vonj limone tudi ostalih citrusov, v ustih sve\u017ea, vi\u0161jih kislin.[:en]Rebula Fornazari\u010d ripens for about 6 months in a steel tank on fine lees. Lemon and other citrus aromas predominate, fresh on the palate.[:]","robots":{"index":"index","follow":"follow","max-snippet":"max-snippet:-1","max-image-preview":"max-image-preview:large","max-video-preview":"max-video-preview:-1"},"og_locale":"en_US","og_type":"article","og_title":"[:sl]Rebula[:en]Rebula[:] | Vinoteka Sod\u010dek","og_description":"[:sl]Rebula Fornazari\u010d zori cca 6 mesecev v jekleni cisterni na finih dro\u017eeh. Prevladuje vonj limone tudi ostalih citrusov, v ustih sve\u017ea, vi\u0161jih kislin.[:en]Rebula Fornazari\u010d ripens for about 6 months in a steel tank on fine lees. Lemon and other citrus aromas predominate, fresh on the palate.[:]","og_url":"https:\/\/vinoteka-sodcek.si\/en\/shop\/wines\/white-wines\/fornazaric-rebula\/","og_site_name":"Vinoteka Sod\u010dek","article_publisher":"https:\/\/www.facebook.com\/vinotekasodcek\/","article_modified_time":"2025-06-05T06:18:52+00:00","og_image":[{"width":163,"height":632,"url":"https:\/\/vinoteka-sodcek.si\/wp-content\/uploads\/Rebula-Fornazaric.jpg","type":"image\/jpeg"}],"twitter_card":"summary_large_image","schema":{"@context":"https:\/\/schema.org","@graph":[{"@type":"WebPage","@id":"https:\/\/vinoteka-sodcek.si\/en\/shop\/wines\/white-wines\/fornazaric-rebula\/","url":"https:\/\/vinoteka-sodcek.si\/en\/shop\/wines\/white-wines\/fornazaric-rebula\/","name":"[:sl]Rebula[:en]Rebula[:] | Vinoteka Sod\u010dek","isPartOf":{"@id":"https:\/\/vinoteka-sodcek.si\/#website"},"primaryImageOfPage":{"@id":"https:\/\/vinoteka-sodcek.si\/en\/shop\/wines\/white-wines\/fornazaric-rebula\/#primaryimage"},"image":{"@id":"https:\/\/vinoteka-sodcek.si\/en\/shop\/wines\/white-wines\/fornazaric-rebula\/#primaryimage"},"thumbnailUrl":"https:\/\/vinoteka-sodcek.si\/wp-content\/uploads\/Rebula-Fornazaric.jpg","datePublished":"2024-03-15T16:20:30+00:00","dateModified":"2025-06-05T06:18:52+00:00","description":"[:sl]Rebula Fornazari\u010d zori cca 6 mesecev v jekleni cisterni na finih dro\u017eeh. Prevladuje vonj limone tudi ostalih citrusov, v ustih sve\u017ea, vi\u0161jih kislin.[:en]Rebula Fornazari\u010d ripens for about 6 months in a steel tank on fine lees. Lemon and other citrus aromas predominate, fresh on the palate.[:]","breadcrumb":{"@id":"https:\/\/vinoteka-sodcek.si\/en\/shop\/wines\/white-wines\/fornazaric-rebula\/#breadcrumb"},"inLanguage":"en-US","potentialAction":[{"@type":"ReadAction","target":["https:\/\/vinoteka-sodcek.si\/en\/shop\/wines\/white-wines\/fornazaric-rebula\/"]}]},{"@type":"ImageObject","inLanguage":"en-US","@id":"https:\/\/vinoteka-sodcek.si\/en\/shop\/wines\/white-wines\/fornazaric-rebula\/#primaryimage","url":"https:\/\/vinoteka-sodcek.si\/wp-content\/uploads\/Rebula-Fornazaric.jpg","contentUrl":"https:\/\/vinoteka-sodcek.si\/wp-content\/uploads\/Rebula-Fornazaric.jpg","width":163,"height":632},{"@type":"BreadcrumbList","@id":"https:\/\/vinoteka-sodcek.si\/en\/shop\/wines\/white-wines\/fornazaric-rebula\/#breadcrumb","itemListElement":[{"@type":"ListItem","position":1,"name":"Home","item":"https:\/\/vinoteka-sodcek.si\/en\/"},{"@type":"ListItem","position":2,"name":"Trgovina","item":"https:\/\/vinoteka-sodcek.si\/trgovina\/"},{"@type":"ListItem","position":3,"name":"Rebula"}]},{"@type":"WebSite","@id":"https:\/\/vinoteka-sodcek.si\/#website","url":"https:\/\/vinoteka-sodcek.si\/","name":"Vinoteka Sod\u010dek","description":"Vinoteka z vrhunskimi vini","publisher":{"@id":"https:\/\/vinoteka-sodcek.si\/#organization"},"potentialAction":[{"@type":"SearchAction","target":{"@type":"EntryPoint","urlTemplate":"https:\/\/vinoteka-sodcek.si\/?s={search_term_string}"},"query-input":"required name=search_term_string"}],"inLanguage":"en-US"},{"@type":"Organization","@id":"https:\/\/vinoteka-sodcek.si\/#organization","name":"Vinoteka Sod\u010dek, Ale\u0161 \u010ceba\u0161ek s.p.","url":"https:\/\/vinoteka-sodcek.si\/","logo":{"@type":"ImageObject","inLanguage":"en-US","@id":"https:\/\/vinoteka-sodcek.si\/#\/schema\/logo\/image\/","url":"https:\/\/beta.vinoteka-sodcek.si\/wp-content\/uploads\/vinoteka-sodcek-logo.png","contentUrl":"https:\/\/beta.vinoteka-sodcek.si\/wp-content\/uploads\/vinoteka-sodcek-logo.png","width":300,"height":90,"caption":"Vinoteka Sod\u010dek, Ale\u0161 \u010ceba\u0161ek s.p."},"image":{"@id":"https:\/\/vinoteka-sodcek.si\/#\/schema\/logo\/image\/"},"sameAs":["https:\/\/www.facebook.com\/vinotekasodcek\/"]}]}},"_links":{"self":[{"href":"https:\/\/vinoteka-sodcek.si\/en\/wp-json\/\/wp\/v2\/product\/665"}],"collection":[{"href":"https:\/\/vinoteka-sodcek.si\/en\/wp-json\/\/wp\/v2\/product"}],"about":[{"href":"https:\/\/vinoteka-sodcek.si\/en\/wp-json\/\/wp\/v2\/types\/product"}],"wp:featuredmedia":[{"embeddable":true,"href":"https:\/\/vinoteka-sodcek.si\/en\/wp-json\/\/wp\/v2\/media\/664"}],"wp:attachment":[{"href":"https:\/\/vinoteka-sodcek.si\/en\/wp-json\/\/wp\/v2\/media?parent=665"}],"wp:term":[{"taxonomy":"product_cat","embeddable":true,"href":"https:\/\/vinoteka-sodcek.si\/en\/wp-json\/\/wp\/v2\/product_cat?post=665"},{"taxonomy":"product_tag","embeddable":true,"href":"https:\/\/vinoteka-sodcek.si\/en\/wp-json\/\/wp\/v2\/product_tag?post=665"}],"curies":[{"name":"wp","href":"https:\/\/api.w.org\/{rel}","templated":true}]}}