{"id":669,"date":"2024-03-15T17:20:30","date_gmt":"2024-03-15T16:20:30","guid":{"rendered":"http:\/\/192.168.64.105\/GitHub\/vinoteka-sodcek\/trgovina\/uncategorized\/dobuje-rdece\/"},"modified":"2024-04-25T12:55:53","modified_gmt":"2024-04-25T11:55:53","slug":"dobuje-rdece","status":"publish","type":"product","link":"https:\/\/vinoteka-sodcek.si\/en\/shop\/wines\/red-wines\/dobuje-rdece\/","title":{"rendered":"Red"},"content":{"rendered":"<p>A basic red wine from the Dobuje cellar.<\/p>\n<p>A varietal, always of a fresh vintage, from younger vines. Shorter maceration, fermentation takes place in an inox tank, and the wine is then matured for 6 to 10 months in large used oak barrels.<\/p>\n<p>It is ruby red in colour, full-bodied with a nice rounded acidity.<\/p>\n","protected":false},"excerpt":{"rendered":"<p>A basic red wine from the Dobuje cellar. A varietal, always of a fresh vintage, from younger vines. Shorter maceration, fermentation takes place in an inox tank, and the wine is&#8230;<\/p>\n","protected":false},"featured_media":668,"template":"","meta":[],"product_cat":[20],"product_tag":[],"acf":[],"yoast_head":"<!-- This site is optimized with the Yoast SEO plugin v22.2 - https:\/\/yoast.com\/wordpress\/plugins\/seo\/ -->\n<title>Red | Vinoteka Sod\u010dek<\/title>\n<meta name=\"description\" content=\"Dobuje red is a varietal, fresh from the vintage, from younger vines. It is matured for 6 to 10 months in large used oak barrels.\" \/>\n<meta name=\"robots\" content=\"index, follow, max-snippet:-1, max-image-preview:large, max-video-preview:-1\" \/>\n<meta property=\"og:locale\" content=\"en_US\" \/>\n<meta property=\"og:type\" content=\"article\" \/>\n<meta property=\"og:title\" content=\"Red\" \/>\n<meta property=\"og:description\" content=\"Dobuje red is a varietal, fresh from the vintage, from younger vines. It is matured for 6 to 10 months in large used oak barrels.\" \/>\n<meta property=\"og:url\" content=\"https:\/\/vinoteka-sodcek.si\/en\/shop\/wines\/red-wines\/dobuje-rdece\/\" \/>\n<meta property=\"og:site_name\" content=\"Vinoteka Sod\u010dek\" \/>\n<meta property=\"article:publisher\" content=\"https:\/\/www.facebook.com\/vinotekasodcek\/\" \/>\n<meta property=\"article:modified_time\" content=\"2024-04-25T11:55:53+00:00\" \/>\n<meta property=\"og:image\" content=\"https:\/\/vinoteka-sodcek.si\/wp-content\/uploads\/IMG_8331.jpg\" \/>\n\t<meta property=\"og:image:width\" content=\"294\" \/>\n\t<meta property=\"og:image:height\" content=\"1058\" \/>\n\t<meta property=\"og:image:type\" content=\"image\/jpeg\" \/>\n<meta name=\"twitter:card\" content=\"summary_large_image\" \/>\n<!-- \/ Yoast SEO plugin. -->","yoast_head_json":{"title":"Red | Vinoteka Sod\u010dek","description":"[:sl]Dobuje rde\u010de je zvrst, sve\u017eega letnika, iz mlaj\u0161ih trt. Zorenje poteka od 6 do 10 mesecev v ve\u010djih rabljenih hrastovih sodih.[:en]Dobuje red is a varietal, fresh from the vintage, from younger vines. It is matured for 6 to 10 months in large used oak barrels.[:]","robots":{"index":"index","follow":"follow","max-snippet":"max-snippet:-1","max-image-preview":"max-image-preview:large","max-video-preview":"max-video-preview:-1"},"og_locale":"en_US","og_type":"article","og_title":"[:sl]Rde\u010de[:en]Red[:] | Vinoteka Sod\u010dek","og_description":"[:sl]Dobuje rde\u010de je zvrst, sve\u017eega letnika, iz mlaj\u0161ih trt. Zorenje poteka od 6 do 10 mesecev v ve\u010djih rabljenih hrastovih sodih.[:en]Dobuje red is a varietal, fresh from the vintage, from younger vines. It is matured for 6 to 10 months in large used oak barrels.[:]","og_url":"https:\/\/vinoteka-sodcek.si\/en\/shop\/wines\/red-wines\/dobuje-rdece\/","og_site_name":"Vinoteka Sod\u010dek","article_publisher":"https:\/\/www.facebook.com\/vinotekasodcek\/","article_modified_time":"2024-04-25T11:55:53+00:00","og_image":[{"width":294,"height":1058,"url":"https:\/\/vinoteka-sodcek.si\/wp-content\/uploads\/IMG_8331.jpg","type":"image\/jpeg"}],"twitter_card":"summary_large_image","schema":{"@context":"https:\/\/schema.org","@graph":[{"@type":"WebPage","@id":"https:\/\/vinoteka-sodcek.si\/en\/shop\/wines\/red-wines\/dobuje-rdece\/","url":"https:\/\/vinoteka-sodcek.si\/en\/shop\/wines\/red-wines\/dobuje-rdece\/","name":"[:sl]Rde\u010de[:en]Red[:] | Vinoteka Sod\u010dek","isPartOf":{"@id":"https:\/\/vinoteka-sodcek.si\/#website"},"primaryImageOfPage":{"@id":"https:\/\/vinoteka-sodcek.si\/en\/shop\/wines\/red-wines\/dobuje-rdece\/#primaryimage"},"image":{"@id":"https:\/\/vinoteka-sodcek.si\/en\/shop\/wines\/red-wines\/dobuje-rdece\/#primaryimage"},"thumbnailUrl":"https:\/\/vinoteka-sodcek.si\/wp-content\/uploads\/IMG_8331.jpg","datePublished":"2024-03-15T16:20:30+00:00","dateModified":"2024-04-25T11:55:53+00:00","description":"[:sl]Dobuje rde\u010de je zvrst, sve\u017eega letnika, iz mlaj\u0161ih trt. Zorenje poteka od 6 do 10 mesecev v ve\u010djih rabljenih hrastovih sodih.[:en]Dobuje red is a varietal, fresh from the vintage, from younger vines. It is matured for 6 to 10 months in large used oak barrels.[:]","breadcrumb":{"@id":"https:\/\/vinoteka-sodcek.si\/en\/shop\/wines\/red-wines\/dobuje-rdece\/#breadcrumb"},"inLanguage":"en-US","potentialAction":[{"@type":"ReadAction","target":["https:\/\/vinoteka-sodcek.si\/en\/shop\/wines\/red-wines\/dobuje-rdece\/"]}]},{"@type":"ImageObject","inLanguage":"en-US","@id":"https:\/\/vinoteka-sodcek.si\/en\/shop\/wines\/red-wines\/dobuje-rdece\/#primaryimage","url":"https:\/\/vinoteka-sodcek.si\/wp-content\/uploads\/IMG_8331.jpg","contentUrl":"https:\/\/vinoteka-sodcek.si\/wp-content\/uploads\/IMG_8331.jpg","width":294,"height":1058},{"@type":"BreadcrumbList","@id":"https:\/\/vinoteka-sodcek.si\/en\/shop\/wines\/red-wines\/dobuje-rdece\/#breadcrumb","itemListElement":[{"@type":"ListItem","position":1,"name":"Home","item":"https:\/\/vinoteka-sodcek.si\/en\/"},{"@type":"ListItem","position":2,"name":"Trgovina","item":"https:\/\/vinoteka-sodcek.si\/trgovina\/"},{"@type":"ListItem","position":3,"name":"Red"}]},{"@type":"WebSite","@id":"https:\/\/vinoteka-sodcek.si\/#website","url":"https:\/\/vinoteka-sodcek.si\/","name":"Vinoteka Sod\u010dek","description":"Vinoteka z vrhunskimi vini","publisher":{"@id":"https:\/\/vinoteka-sodcek.si\/#organization"},"potentialAction":[{"@type":"SearchAction","target":{"@type":"EntryPoint","urlTemplate":"https:\/\/vinoteka-sodcek.si\/?s={search_term_string}"},"query-input":"required name=search_term_string"}],"inLanguage":"en-US"},{"@type":"Organization","@id":"https:\/\/vinoteka-sodcek.si\/#organization","name":"Vinoteka Sod\u010dek, Ale\u0161 \u010ceba\u0161ek s.p.","url":"https:\/\/vinoteka-sodcek.si\/","logo":{"@type":"ImageObject","inLanguage":"en-US","@id":"https:\/\/vinoteka-sodcek.si\/#\/schema\/logo\/image\/","url":"https:\/\/beta.vinoteka-sodcek.si\/wp-content\/uploads\/vinoteka-sodcek-logo.png","contentUrl":"https:\/\/beta.vinoteka-sodcek.si\/wp-content\/uploads\/vinoteka-sodcek-logo.png","width":300,"height":90,"caption":"Vinoteka Sod\u010dek, Ale\u0161 \u010ceba\u0161ek s.p."},"image":{"@id":"https:\/\/vinoteka-sodcek.si\/#\/schema\/logo\/image\/"},"sameAs":["https:\/\/www.facebook.com\/vinotekasodcek\/"]}]}},"_links":{"self":[{"href":"https:\/\/vinoteka-sodcek.si\/en\/wp-json\/\/wp\/v2\/product\/669"}],"collection":[{"href":"https:\/\/vinoteka-sodcek.si\/en\/wp-json\/\/wp\/v2\/product"}],"about":[{"href":"https:\/\/vinoteka-sodcek.si\/en\/wp-json\/\/wp\/v2\/types\/product"}],"wp:featuredmedia":[{"embeddable":true,"href":"https:\/\/vinoteka-sodcek.si\/en\/wp-json\/\/wp\/v2\/media\/668"}],"wp:attachment":[{"href":"https:\/\/vinoteka-sodcek.si\/en\/wp-json\/\/wp\/v2\/media?parent=669"}],"wp:term":[{"taxonomy":"product_cat","embeddable":true,"href":"https:\/\/vinoteka-sodcek.si\/en\/wp-json\/\/wp\/v2\/product_cat?post=669"},{"taxonomy":"product_tag","embeddable":true,"href":"https:\/\/vinoteka-sodcek.si\/en\/wp-json\/\/wp\/v2\/product_tag?post=669"}],"curies":[{"name":"wp","href":"https:\/\/api.w.org\/{rel}","templated":true}]}}