{"id":673,"date":"2024-03-15T17:20:30","date_gmt":"2024-03-15T16:20:30","guid":{"rendered":"http:\/\/192.168.64.105\/GitHub\/vinoteka-sodcek\/trgovina\/uncategorized\/dobuje-maria-nevea\/"},"modified":"2025-04-03T15:09:21","modified_gmt":"2025-04-03T14:09:21","slug":"dobuje-maria-nevea","status":"publish","type":"product","link":"https:\/\/vinoteka-sodcek.si\/en\/shop\/wines\/white-wines\/dobuje-maria-nevea\/","title":{"rendered":"Maria Nevea"},"content":{"rendered":"<p>For this wine, the selection of the grapes is carried out on a vineyard-by-vineyard basis before the harvest, followed by a 22-hour maceration period separated by varietal. Maturation takes place in inox tanks for 10 months on fine lees, then in large wooden oak barrels for a further 18 months.<\/p>\n<p>It is golden yellow in colour. Concrete, ripe flowers also honeyed. On the palate, the wine is dry, rich, mineral, oily in texture and not overly aromatic. The higher acidity allows it to age well. With a long finish.<\/p>\n","protected":false},"excerpt":{"rendered":"<p>For this wine, the selection of the grapes is carried out on a vineyard-by-vineyard basis before the harvest, followed by a 22-hour maceration period separated by varietal. Maturation takes place in&#8230;<\/p>\n","protected":false},"featured_media":672,"template":"","meta":[],"product_cat":[19],"product_tag":[],"acf":[],"yoast_head":"<!-- This site is optimized with the Yoast SEO plugin v22.2 - https:\/\/yoast.com\/wordpress\/plugins\/seo\/ -->\n<title>Maria Nevea | Vinoteka Sod\u010dek<\/title>\n<meta name=\"description\" content=\"For Mario Nevea, grape selection is already underway in the vineyards. It ripens for 10 months in inox, 18 months in oak. Dry, rich, mineral, oily.\" \/>\n<meta name=\"robots\" content=\"index, follow, max-snippet:-1, max-image-preview:large, max-video-preview:-1\" \/>\n<meta property=\"og:locale\" content=\"en_US\" \/>\n<meta property=\"og:type\" content=\"article\" \/>\n<meta property=\"og:title\" content=\"Maria Nevea\" \/>\n<meta property=\"og:description\" content=\"For Mario Nevea, grape selection is already underway in the vineyards. It ripens for 10 months in inox, 18 months in oak. Dry, rich, mineral, oily.\" \/>\n<meta property=\"og:url\" content=\"https:\/\/vinoteka-sodcek.si\/en\/shop\/wines\/white-wines\/dobuje-maria-nevea\/\" \/>\n<meta property=\"og:site_name\" content=\"Vinoteka Sod\u010dek\" \/>\n<meta property=\"article:publisher\" content=\"https:\/\/www.facebook.com\/vinotekasodcek\/\" \/>\n<meta property=\"article:modified_time\" content=\"2025-04-03T14:09:21+00:00\" \/>\n<meta property=\"og:image\" content=\"https:\/\/vinoteka-sodcek.si\/wp-content\/uploads\/Dobuje-Maria-Nevea-Selection-0.75L-HI-RES.jpg\" \/>\n\t<meta property=\"og:image:width\" content=\"161\" \/>\n\t<meta property=\"og:image:height\" content=\"654\" \/>\n\t<meta property=\"og:image:type\" content=\"image\/jpeg\" \/>\n<meta name=\"twitter:card\" content=\"summary_large_image\" \/>\n<!-- \/ Yoast SEO plugin. -->","yoast_head_json":{"title":"Maria Nevea | Vinoteka Sod\u010dek","description":"[:sl]Za Mario Neveo poteka selekcija grozdja \u017ee po vinogradih. Zori 10 mesecev v inoxu,18 v hrastu. Suha, bogata, mineralna, oljna, vi\u0161jih kislin, dolg zatonek.[:en]For Mario Nevea, grape selection is already underway in the vineyards. It ripens for 10 months in inox, 18 months in oak. Dry, rich, mineral, oily.[:]","robots":{"index":"index","follow":"follow","max-snippet":"max-snippet:-1","max-image-preview":"max-image-preview:large","max-video-preview":"max-video-preview:-1"},"og_locale":"en_US","og_type":"article","og_title":"[:sl]Maria Nevea[:en]Maria Nevea[:] | Vinoteka Sod\u010dek","og_description":"[:sl]Za Mario Neveo poteka selekcija grozdja \u017ee po vinogradih. Zori 10 mesecev v inoxu,18 v hrastu. Suha, bogata, mineralna, oljna, vi\u0161jih kislin, dolg zatonek.[:en]For Mario Nevea, grape selection is already underway in the vineyards. It ripens for 10 months in inox, 18 months in oak. Dry, rich, mineral, oily.[:]","og_url":"https:\/\/vinoteka-sodcek.si\/en\/shop\/wines\/white-wines\/dobuje-maria-nevea\/","og_site_name":"Vinoteka Sod\u010dek","article_publisher":"https:\/\/www.facebook.com\/vinotekasodcek\/","article_modified_time":"2025-04-03T14:09:21+00:00","og_image":[{"width":161,"height":654,"url":"https:\/\/vinoteka-sodcek.si\/wp-content\/uploads\/Dobuje-Maria-Nevea-Selection-0.75L-HI-RES.jpg","type":"image\/jpeg"}],"twitter_card":"summary_large_image","schema":{"@context":"https:\/\/schema.org","@graph":[{"@type":"WebPage","@id":"https:\/\/vinoteka-sodcek.si\/en\/shop\/wines\/white-wines\/dobuje-maria-nevea\/","url":"https:\/\/vinoteka-sodcek.si\/en\/shop\/wines\/white-wines\/dobuje-maria-nevea\/","name":"[:sl]Maria Nevea[:en]Maria Nevea[:] | Vinoteka Sod\u010dek","isPartOf":{"@id":"https:\/\/vinoteka-sodcek.si\/#website"},"primaryImageOfPage":{"@id":"https:\/\/vinoteka-sodcek.si\/en\/shop\/wines\/white-wines\/dobuje-maria-nevea\/#primaryimage"},"image":{"@id":"https:\/\/vinoteka-sodcek.si\/en\/shop\/wines\/white-wines\/dobuje-maria-nevea\/#primaryimage"},"thumbnailUrl":"https:\/\/vinoteka-sodcek.si\/wp-content\/uploads\/Dobuje-Maria-Nevea-Selection-0.75L-HI-RES.jpg","datePublished":"2024-03-15T16:20:30+00:00","dateModified":"2025-04-03T14:09:21+00:00","description":"[:sl]Za Mario Neveo poteka selekcija grozdja \u017ee po vinogradih. Zori 10 mesecev v inoxu,18 v hrastu. Suha, bogata, mineralna, oljna, vi\u0161jih kislin, dolg zatonek.[:en]For Mario Nevea, grape selection is already underway in the vineyards. It ripens for 10 months in inox, 18 months in oak. Dry, rich, mineral, oily.[:]","breadcrumb":{"@id":"https:\/\/vinoteka-sodcek.si\/en\/shop\/wines\/white-wines\/dobuje-maria-nevea\/#breadcrumb"},"inLanguage":"en-US","potentialAction":[{"@type":"ReadAction","target":["https:\/\/vinoteka-sodcek.si\/en\/shop\/wines\/white-wines\/dobuje-maria-nevea\/"]}]},{"@type":"ImageObject","inLanguage":"en-US","@id":"https:\/\/vinoteka-sodcek.si\/en\/shop\/wines\/white-wines\/dobuje-maria-nevea\/#primaryimage","url":"https:\/\/vinoteka-sodcek.si\/wp-content\/uploads\/Dobuje-Maria-Nevea-Selection-0.75L-HI-RES.jpg","contentUrl":"https:\/\/vinoteka-sodcek.si\/wp-content\/uploads\/Dobuje-Maria-Nevea-Selection-0.75L-HI-RES.jpg","width":161,"height":654},{"@type":"BreadcrumbList","@id":"https:\/\/vinoteka-sodcek.si\/en\/shop\/wines\/white-wines\/dobuje-maria-nevea\/#breadcrumb","itemListElement":[{"@type":"ListItem","position":1,"name":"Home","item":"https:\/\/vinoteka-sodcek.si\/en\/"},{"@type":"ListItem","position":2,"name":"Trgovina","item":"https:\/\/vinoteka-sodcek.si\/trgovina\/"},{"@type":"ListItem","position":3,"name":"Maria Nevea"}]},{"@type":"WebSite","@id":"https:\/\/vinoteka-sodcek.si\/#website","url":"https:\/\/vinoteka-sodcek.si\/","name":"Vinoteka Sod\u010dek","description":"Vinoteka z vrhunskimi vini","publisher":{"@id":"https:\/\/vinoteka-sodcek.si\/#organization"},"potentialAction":[{"@type":"SearchAction","target":{"@type":"EntryPoint","urlTemplate":"https:\/\/vinoteka-sodcek.si\/?s={search_term_string}"},"query-input":"required name=search_term_string"}],"inLanguage":"en-US"},{"@type":"Organization","@id":"https:\/\/vinoteka-sodcek.si\/#organization","name":"Vinoteka Sod\u010dek, Ale\u0161 \u010ceba\u0161ek s.p.","url":"https:\/\/vinoteka-sodcek.si\/","logo":{"@type":"ImageObject","inLanguage":"en-US","@id":"https:\/\/vinoteka-sodcek.si\/#\/schema\/logo\/image\/","url":"https:\/\/beta.vinoteka-sodcek.si\/wp-content\/uploads\/vinoteka-sodcek-logo.png","contentUrl":"https:\/\/beta.vinoteka-sodcek.si\/wp-content\/uploads\/vinoteka-sodcek-logo.png","width":300,"height":90,"caption":"Vinoteka Sod\u010dek, Ale\u0161 \u010ceba\u0161ek s.p."},"image":{"@id":"https:\/\/vinoteka-sodcek.si\/#\/schema\/logo\/image\/"},"sameAs":["https:\/\/www.facebook.com\/vinotekasodcek\/"]}]}},"_links":{"self":[{"href":"https:\/\/vinoteka-sodcek.si\/en\/wp-json\/\/wp\/v2\/product\/673"}],"collection":[{"href":"https:\/\/vinoteka-sodcek.si\/en\/wp-json\/\/wp\/v2\/product"}],"about":[{"href":"https:\/\/vinoteka-sodcek.si\/en\/wp-json\/\/wp\/v2\/types\/product"}],"wp:featuredmedia":[{"embeddable":true,"href":"https:\/\/vinoteka-sodcek.si\/en\/wp-json\/\/wp\/v2\/media\/672"}],"wp:attachment":[{"href":"https:\/\/vinoteka-sodcek.si\/en\/wp-json\/\/wp\/v2\/media?parent=673"}],"wp:term":[{"taxonomy":"product_cat","embeddable":true,"href":"https:\/\/vinoteka-sodcek.si\/en\/wp-json\/\/wp\/v2\/product_cat?post=673"},{"taxonomy":"product_tag","embeddable":true,"href":"https:\/\/vinoteka-sodcek.si\/en\/wp-json\/\/wp\/v2\/product_tag?post=673"}],"curies":[{"name":"wp","href":"https:\/\/api.w.org\/{rel}","templated":true}]}}