{"id":675,"date":"2024-03-15T17:20:30","date_gmt":"2024-03-15T16:20:30","guid":{"rendered":"http:\/\/192.168.64.105\/GitHub\/vinoteka-sodcek\/trgovina\/uncategorized\/dobuje-crno-selection\/"},"modified":"2026-02-06T21:06:46","modified_gmt":"2026-02-06T20:06:46","slug":"dobuje-crno-selection","status":"publish","type":"product","link":"https:\/\/vinoteka-sodcek.si\/en\/shop\/wines\/red-wines\/dobuje-crno-selection\/","title":{"rendered":"Red &#8211; selection"},"content":{"rendered":"<p>The selection mark is only next to the best years.<\/p>\n<p>Separated by varietal, 30 days maceration, hand-dipping of the hat throughout fermentation, followed by pressing with a pneumatic press and then resting for 10 months in inox containers, followed by maturation for a further 24 months in large oak barrels. The finished wine is transferred into inox containers and bottled after one year.<\/p>\n<p>Deep ruby colour, ripe flowers, black cherry, blackberry. Very dry on the palate, with stronger but ripe tannins, flavours of ripe fruit, caramelised sugars with hints of tobacco and dark chocolate.<\/p>\n","protected":false},"excerpt":{"rendered":"<p>The selection mark is only next to the best years. Separated by varietal, 30 days maceration, hand-dipping of the hat throughout fermentation, followed by pressing with a pneumatic press and then&#8230;<\/p>\n","protected":false},"featured_media":674,"template":"","meta":[],"product_cat":[20],"product_tag":[],"acf":[],"yoast_head":"<!-- This site is optimized with the Yoast SEO plugin v22.2 - https:\/\/yoast.com\/wordpress\/plugins\/seo\/ -->\n<title>Red - selection | Vinoteka Sod\u010dek<\/title>\n<meta name=\"description\" content=\"The \u010crno selection is bottled only in the best vintages. The wine is aged for 10 months in inox, 24 in oak. Dry, ripe fruit, tannins, tobacco, chocolate.\" \/>\n<meta name=\"robots\" content=\"index, follow, max-snippet:-1, max-image-preview:large, max-video-preview:-1\" \/>\n<meta property=\"og:locale\" content=\"en_US\" \/>\n<meta property=\"og:type\" content=\"article\" \/>\n<meta property=\"og:title\" content=\"Red - selection\" \/>\n<meta property=\"og:description\" content=\"The \u010crno selection is bottled only in the best vintages. The wine is aged for 10 months in inox, 24 in oak. Dry, ripe fruit, tannins, tobacco, chocolate.\" \/>\n<meta property=\"og:url\" content=\"https:\/\/vinoteka-sodcek.si\/en\/shop\/wines\/red-wines\/dobuje-crno-selection\/\" \/>\n<meta property=\"og:site_name\" content=\"Vinoteka Sod\u010dek\" \/>\n<meta property=\"article:publisher\" content=\"https:\/\/www.facebook.com\/vinotekasodcek\/\" \/>\n<meta property=\"article:modified_time\" content=\"2026-02-06T20:06:46+00:00\" \/>\n<meta property=\"og:image\" content=\"https:\/\/vinoteka-sodcek.si\/wp-content\/uploads\/Dobuje-Crno-Selection-0.75L-HI-RES.jpg\" \/>\n\t<meta property=\"og:image:width\" content=\"159\" \/>\n\t<meta property=\"og:image:height\" content=\"648\" \/>\n\t<meta property=\"og:image:type\" content=\"image\/jpeg\" \/>\n<meta name=\"twitter:card\" content=\"summary_large_image\" \/>\n<!-- \/ Yoast SEO plugin. -->","yoast_head_json":{"title":"Red - selection | Vinoteka Sod\u010dek","description":"[:sl]\u010crno selekcija stekleni\u0107ijo le ob najbolj\u0161ih letnikih. Vino zori10 mesecev v inoxu, 24 v hrastu. Suho, zrelo sadje, tanini, tobak, \u010dokolada.[:en]The \u010crno selection is bottled only in the best vintages. The wine is aged for 10 months in inox, 24 in oak. Dry, ripe fruit, tannins, tobacco, chocolate.[:]","robots":{"index":"index","follow":"follow","max-snippet":"max-snippet:-1","max-image-preview":"max-image-preview:large","max-video-preview":"max-video-preview:-1"},"og_locale":"en_US","og_type":"article","og_title":"[:sl]\u010crno - selection[:en]Red - selection[:] | Vinoteka Sod\u010dek","og_description":"[:sl]\u010crno selekcija stekleni\u0107ijo le ob najbolj\u0161ih letnikih. Vino zori10 mesecev v inoxu, 24 v hrastu. Suho, zrelo sadje, tanini, tobak, \u010dokolada.[:en]The \u010crno selection is bottled only in the best vintages. The wine is aged for 10 months in inox, 24 in oak. Dry, ripe fruit, tannins, tobacco, chocolate.[:]","og_url":"https:\/\/vinoteka-sodcek.si\/en\/shop\/wines\/red-wines\/dobuje-crno-selection\/","og_site_name":"Vinoteka Sod\u010dek","article_publisher":"https:\/\/www.facebook.com\/vinotekasodcek\/","article_modified_time":"2026-02-06T20:06:46+00:00","og_image":[{"width":159,"height":648,"url":"https:\/\/vinoteka-sodcek.si\/wp-content\/uploads\/Dobuje-Crno-Selection-0.75L-HI-RES.jpg","type":"image\/jpeg"}],"twitter_card":"summary_large_image","schema":{"@context":"https:\/\/schema.org","@graph":[{"@type":"WebPage","@id":"https:\/\/vinoteka-sodcek.si\/trgovina\/vina\/rdeca-vina\/dobuje-crno-selection\/","url":"https:\/\/vinoteka-sodcek.si\/trgovina\/vina\/rdeca-vina\/dobuje-crno-selection\/","name":"[:sl]\u010crno - selection[:en]Red - selection[:] | Vinoteka Sod\u010dek","isPartOf":{"@id":"https:\/\/vinoteka-sodcek.si\/#website"},"primaryImageOfPage":{"@id":"https:\/\/vinoteka-sodcek.si\/trgovina\/vina\/rdeca-vina\/dobuje-crno-selection\/#primaryimage"},"image":{"@id":"https:\/\/vinoteka-sodcek.si\/trgovina\/vina\/rdeca-vina\/dobuje-crno-selection\/#primaryimage"},"thumbnailUrl":"https:\/\/vinoteka-sodcek.si\/wp-content\/uploads\/Dobuje-Crno-Selection-0.75L-HI-RES.jpg","datePublished":"2024-03-15T16:20:30+00:00","dateModified":"2026-02-06T20:06:46+00:00","description":"[:sl]\u010crno selekcija stekleni\u0107ijo le ob najbolj\u0161ih letnikih. Vino zori10 mesecev v inoxu, 24 v hrastu. Suho, zrelo sadje, tanini, tobak, \u010dokolada.[:en]The \u010crno selection is bottled only in the best vintages. The wine is aged for 10 months in inox, 24 in oak. Dry, ripe fruit, tannins, tobacco, chocolate.[:]","breadcrumb":{"@id":"https:\/\/vinoteka-sodcek.si\/trgovina\/vina\/rdeca-vina\/dobuje-crno-selection\/#breadcrumb"},"inLanguage":"en-US","potentialAction":[{"@type":"ReadAction","target":["https:\/\/vinoteka-sodcek.si\/trgovina\/vina\/rdeca-vina\/dobuje-crno-selection\/"]}]},{"@type":"ImageObject","inLanguage":"en-US","@id":"https:\/\/vinoteka-sodcek.si\/trgovina\/vina\/rdeca-vina\/dobuje-crno-selection\/#primaryimage","url":"https:\/\/vinoteka-sodcek.si\/wp-content\/uploads\/Dobuje-Crno-Selection-0.75L-HI-RES.jpg","contentUrl":"https:\/\/vinoteka-sodcek.si\/wp-content\/uploads\/Dobuje-Crno-Selection-0.75L-HI-RES.jpg","width":159,"height":648},{"@type":"BreadcrumbList","@id":"https:\/\/vinoteka-sodcek.si\/trgovina\/vina\/rdeca-vina\/dobuje-crno-selection\/#breadcrumb","itemListElement":[{"@type":"ListItem","position":1,"name":"Home","item":"https:\/\/vinoteka-sodcek.si\/en\/"},{"@type":"ListItem","position":2,"name":"Trgovina","item":"https:\/\/vinoteka-sodcek.si\/trgovina\/"},{"@type":"ListItem","position":3,"name":"\u010crno &#8211; selection"}]},{"@type":"WebSite","@id":"https:\/\/vinoteka-sodcek.si\/#website","url":"https:\/\/vinoteka-sodcek.si\/","name":"Vinoteka Sod\u010dek","description":"Vinoteka z vrhunskimi vini","publisher":{"@id":"https:\/\/vinoteka-sodcek.si\/#organization"},"potentialAction":[{"@type":"SearchAction","target":{"@type":"EntryPoint","urlTemplate":"https:\/\/vinoteka-sodcek.si\/?s={search_term_string}"},"query-input":"required name=search_term_string"}],"inLanguage":"en-US"},{"@type":"Organization","@id":"https:\/\/vinoteka-sodcek.si\/#organization","name":"Vinoteka Sod\u010dek, Ale\u0161 \u010ceba\u0161ek s.p.","url":"https:\/\/vinoteka-sodcek.si\/","logo":{"@type":"ImageObject","inLanguage":"en-US","@id":"https:\/\/vinoteka-sodcek.si\/#\/schema\/logo\/image\/","url":"https:\/\/beta.vinoteka-sodcek.si\/wp-content\/uploads\/vinoteka-sodcek-logo.png","contentUrl":"https:\/\/beta.vinoteka-sodcek.si\/wp-content\/uploads\/vinoteka-sodcek-logo.png","width":300,"height":90,"caption":"Vinoteka Sod\u010dek, Ale\u0161 \u010ceba\u0161ek s.p."},"image":{"@id":"https:\/\/vinoteka-sodcek.si\/#\/schema\/logo\/image\/"},"sameAs":["https:\/\/www.facebook.com\/vinotekasodcek\/"]}]}},"_links":{"self":[{"href":"https:\/\/vinoteka-sodcek.si\/en\/wp-json\/\/wp\/v2\/product\/675"}],"collection":[{"href":"https:\/\/vinoteka-sodcek.si\/en\/wp-json\/\/wp\/v2\/product"}],"about":[{"href":"https:\/\/vinoteka-sodcek.si\/en\/wp-json\/\/wp\/v2\/types\/product"}],"wp:featuredmedia":[{"embeddable":true,"href":"https:\/\/vinoteka-sodcek.si\/en\/wp-json\/\/wp\/v2\/media\/674"}],"wp:attachment":[{"href":"https:\/\/vinoteka-sodcek.si\/en\/wp-json\/\/wp\/v2\/media?parent=675"}],"wp:term":[{"taxonomy":"product_cat","embeddable":true,"href":"https:\/\/vinoteka-sodcek.si\/en\/wp-json\/\/wp\/v2\/product_cat?post=675"},{"taxonomy":"product_tag","embeddable":true,"href":"https:\/\/vinoteka-sodcek.si\/en\/wp-json\/\/wp\/v2\/product_tag?post=675"}],"curies":[{"name":"wp","href":"https:\/\/api.w.org\/{rel}","templated":true}]}}