{"id":677,"date":"2024-03-15T17:20:30","date_gmt":"2024-03-15T16:20:30","guid":{"rendered":"http:\/\/192.168.64.105\/GitHub\/vinoteka-sodcek\/trgovina\/uncategorized\/sosolic-rebula\/"},"modified":"2024-10-22T09:17:20","modified_gmt":"2024-10-22T08:17:20","slug":"sosolic-rebula","status":"publish","type":"product","link":"https:\/\/vinoteka-sodcek.si\/en\/shop\/wines\/white-wines\/sosolic-rebula\/","title":{"rendered":"Rebula"},"content":{"rendered":"<p>After harvesting, the grapes are cold macerated for 6 hours, then fermented and matured for 8 months in an inox tank.<\/p>\n<p>It is delicate yellow in colour, with a scent reminiscent of green apple, dried flowers and honey. On the palate it is quite rich, with pleasant acids and a long aftertaste.<\/p>\n","protected":false},"excerpt":{"rendered":"<p>After harvesting, the grapes are cold macerated for 6 hours, then fermented and matured for 8 months in an inox tank. It is delicate yellow in colour, with a scent reminiscent&#8230;<\/p>\n","protected":false},"featured_media":1095,"template":"","meta":[],"product_cat":[19],"product_tag":[],"acf":[],"yoast_head":"<!-- This site is optimized with the Yoast SEO plugin v22.2 - https:\/\/yoast.com\/wordpress\/plugins\/seo\/ -->\n<title>Rebula | Vinoteka Sod\u010dek<\/title>\n<meta name=\"description\" content=\"Rebula Sosoli\u010d is a delicate yellow colour and a scent reminiscent of green apple, dried flowers and honey. On the palate it is quite rich.\" \/>\n<meta name=\"robots\" content=\"index, follow, max-snippet:-1, max-image-preview:large, max-video-preview:-1\" \/>\n<meta property=\"og:locale\" content=\"en_US\" \/>\n<meta property=\"og:type\" content=\"article\" \/>\n<meta property=\"og:title\" content=\"Rebula\" \/>\n<meta property=\"og:description\" content=\"Rebula Sosoli\u010d is a delicate yellow colour and a scent reminiscent of green apple, dried flowers and honey. On the palate it is quite rich.\" \/>\n<meta property=\"og:url\" content=\"https:\/\/vinoteka-sodcek.si\/en\/shop\/wines\/white-wines\/sosolic-rebula\/\" \/>\n<meta property=\"og:site_name\" content=\"Vinoteka Sod\u010dek\" \/>\n<meta property=\"article:publisher\" content=\"https:\/\/www.facebook.com\/vinotekasodcek\/\" \/>\n<meta property=\"article:modified_time\" content=\"2024-10-22T08:17:20+00:00\" \/>\n<meta property=\"og:image\" content=\"https:\/\/vinoteka-sodcek.si\/wp-content\/uploads\/rebula-sosolic.jpg\" \/>\n\t<meta property=\"og:image:width\" content=\"108\" \/>\n\t<meta property=\"og:image:height\" content=\"426\" \/>\n\t<meta property=\"og:image:type\" content=\"image\/jpeg\" \/>\n<meta name=\"twitter:card\" content=\"summary_large_image\" \/>\n<!-- \/ Yoast SEO plugin. -->","yoast_head_json":{"title":"Rebula | Vinoteka Sod\u010dek","description":"[:sl]Rebula Sosoli\u010d je ne\u017ene rumene barve, v vonju spominja na zeleno jabolko, suho cvetje tudi med. V ustih dokaj bogata, prijetnih kislin.[:en]Rebula Sosoli\u010d is a delicate yellow colour and a scent reminiscent of green apple, dried flowers and honey. On the palate it is quite rich.[:]","robots":{"index":"index","follow":"follow","max-snippet":"max-snippet:-1","max-image-preview":"max-image-preview:large","max-video-preview":"max-video-preview:-1"},"og_locale":"en_US","og_type":"article","og_title":"[:sl]Rebula[:en]Rebula[:] | Vinoteka Sod\u010dek","og_description":"[:sl]Rebula Sosoli\u010d je ne\u017ene rumene barve, v vonju spominja na zeleno jabolko, suho cvetje tudi med. V ustih dokaj bogata, prijetnih kislin.[:en]Rebula Sosoli\u010d is a delicate yellow colour and a scent reminiscent of green apple, dried flowers and honey. On the palate it is quite rich.[:]","og_url":"https:\/\/vinoteka-sodcek.si\/en\/shop\/wines\/white-wines\/sosolic-rebula\/","og_site_name":"Vinoteka Sod\u010dek","article_publisher":"https:\/\/www.facebook.com\/vinotekasodcek\/","article_modified_time":"2024-10-22T08:17:20+00:00","og_image":[{"width":108,"height":426,"url":"https:\/\/vinoteka-sodcek.si\/wp-content\/uploads\/rebula-sosolic.jpg","type":"image\/jpeg"}],"twitter_card":"summary_large_image","schema":{"@context":"https:\/\/schema.org","@graph":[{"@type":"WebPage","@id":"https:\/\/vinoteka-sodcek.si\/en\/shop\/wines\/white-wines\/sosolic-rebula\/","url":"https:\/\/vinoteka-sodcek.si\/en\/shop\/wines\/white-wines\/sosolic-rebula\/","name":"[:sl]Rebula[:en]Rebula[:] | Vinoteka Sod\u010dek","isPartOf":{"@id":"https:\/\/vinoteka-sodcek.si\/#website"},"primaryImageOfPage":{"@id":"https:\/\/vinoteka-sodcek.si\/en\/shop\/wines\/white-wines\/sosolic-rebula\/#primaryimage"},"image":{"@id":"https:\/\/vinoteka-sodcek.si\/en\/shop\/wines\/white-wines\/sosolic-rebula\/#primaryimage"},"thumbnailUrl":"https:\/\/vinoteka-sodcek.si\/wp-content\/uploads\/rebula-sosolic.jpg","datePublished":"2024-03-15T16:20:30+00:00","dateModified":"2024-10-22T08:17:20+00:00","description":"[:sl]Rebula Sosoli\u010d je ne\u017ene rumene barve, v vonju spominja na zeleno jabolko, suho cvetje tudi med. V ustih dokaj bogata, prijetnih kislin.[:en]Rebula Sosoli\u010d is a delicate yellow colour and a scent reminiscent of green apple, dried flowers and honey. On the palate it is quite rich.[:]","breadcrumb":{"@id":"https:\/\/vinoteka-sodcek.si\/en\/shop\/wines\/white-wines\/sosolic-rebula\/#breadcrumb"},"inLanguage":"en-US","potentialAction":[{"@type":"ReadAction","target":["https:\/\/vinoteka-sodcek.si\/en\/shop\/wines\/white-wines\/sosolic-rebula\/"]}]},{"@type":"ImageObject","inLanguage":"en-US","@id":"https:\/\/vinoteka-sodcek.si\/en\/shop\/wines\/white-wines\/sosolic-rebula\/#primaryimage","url":"https:\/\/vinoteka-sodcek.si\/wp-content\/uploads\/rebula-sosolic.jpg","contentUrl":"https:\/\/vinoteka-sodcek.si\/wp-content\/uploads\/rebula-sosolic.jpg","width":108,"height":426},{"@type":"BreadcrumbList","@id":"https:\/\/vinoteka-sodcek.si\/en\/shop\/wines\/white-wines\/sosolic-rebula\/#breadcrumb","itemListElement":[{"@type":"ListItem","position":1,"name":"Home","item":"https:\/\/vinoteka-sodcek.si\/en\/"},{"@type":"ListItem","position":2,"name":"Trgovina","item":"https:\/\/vinoteka-sodcek.si\/trgovina\/"},{"@type":"ListItem","position":3,"name":"Rebula"}]},{"@type":"WebSite","@id":"https:\/\/vinoteka-sodcek.si\/#website","url":"https:\/\/vinoteka-sodcek.si\/","name":"Vinoteka Sod\u010dek","description":"Vinoteka z vrhunskimi vini","publisher":{"@id":"https:\/\/vinoteka-sodcek.si\/#organization"},"potentialAction":[{"@type":"SearchAction","target":{"@type":"EntryPoint","urlTemplate":"https:\/\/vinoteka-sodcek.si\/?s={search_term_string}"},"query-input":"required name=search_term_string"}],"inLanguage":"en-US"},{"@type":"Organization","@id":"https:\/\/vinoteka-sodcek.si\/#organization","name":"Vinoteka Sod\u010dek, Ale\u0161 \u010ceba\u0161ek s.p.","url":"https:\/\/vinoteka-sodcek.si\/","logo":{"@type":"ImageObject","inLanguage":"en-US","@id":"https:\/\/vinoteka-sodcek.si\/#\/schema\/logo\/image\/","url":"https:\/\/beta.vinoteka-sodcek.si\/wp-content\/uploads\/vinoteka-sodcek-logo.png","contentUrl":"https:\/\/beta.vinoteka-sodcek.si\/wp-content\/uploads\/vinoteka-sodcek-logo.png","width":300,"height":90,"caption":"Vinoteka Sod\u010dek, Ale\u0161 \u010ceba\u0161ek s.p."},"image":{"@id":"https:\/\/vinoteka-sodcek.si\/#\/schema\/logo\/image\/"},"sameAs":["https:\/\/www.facebook.com\/vinotekasodcek\/"]}]}},"_links":{"self":[{"href":"https:\/\/vinoteka-sodcek.si\/en\/wp-json\/\/wp\/v2\/product\/677"}],"collection":[{"href":"https:\/\/vinoteka-sodcek.si\/en\/wp-json\/\/wp\/v2\/product"}],"about":[{"href":"https:\/\/vinoteka-sodcek.si\/en\/wp-json\/\/wp\/v2\/types\/product"}],"wp:featuredmedia":[{"embeddable":true,"href":"https:\/\/vinoteka-sodcek.si\/en\/wp-json\/\/wp\/v2\/media\/1095"}],"wp:attachment":[{"href":"https:\/\/vinoteka-sodcek.si\/en\/wp-json\/\/wp\/v2\/media?parent=677"}],"wp:term":[{"taxonomy":"product_cat","embeddable":true,"href":"https:\/\/vinoteka-sodcek.si\/en\/wp-json\/\/wp\/v2\/product_cat?post=677"},{"taxonomy":"product_tag","embeddable":true,"href":"https:\/\/vinoteka-sodcek.si\/en\/wp-json\/\/wp\/v2\/product_tag?post=677"}],"curies":[{"name":"wp","href":"https:\/\/api.w.org\/{rel}","templated":true}]}}