{"id":685,"date":"2024-03-15T17:20:31","date_gmt":"2024-03-15T16:20:31","guid":{"rendered":"http:\/\/192.168.64.105\/GitHub\/vinoteka-sodcek\/trgovina\/uncategorized\/sosolic-sivi-pinot\/"},"modified":"2024-10-22T08:50:21","modified_gmt":"2024-10-22T07:50:21","slug":"sosolic-sivi-pinot","status":"publish","type":"product","link":"https:\/\/vinoteka-sodcek.si\/en\/shop\/wines\/white-wines\/sosolic-sivi-pinot\/","title":{"rendered":"Sivi pinot"},"content":{"rendered":"<p>After the harvest, fermentation and then maturation for 8 months take place in an inox tank.<\/p>\n<p>It is straw-yellow in colour with copper tints. The bouquet is reminiscent of grapefruit, apple and, slightly, caramel. On the palate it is dry, medium-bodied, with higher acids.<\/p>\n","protected":false},"excerpt":{"rendered":"<p>After the harvest, fermentation and then maturation for 8 months take place in an inox tank. It is straw-yellow in colour with copper tints. The bouquet is reminiscent of grapefruit, apple&#8230;<\/p>\n","protected":false},"featured_media":684,"template":"","meta":[],"product_cat":[19],"product_tag":[],"acf":[],"yoast_head":"<!-- This site is optimized with the Yoast SEO plugin v22.2 - https:\/\/yoast.com\/wordpress\/plugins\/seo\/ -->\n<title>Sivi pinot | Vinoteka Sod\u010dek<\/title>\n<meta name=\"description\" content=\"Sivi pinot Sosoli\u010d is straw-yellow with coppery tints. The flower is reminiscent of grapefruit, apple and, slightly, caramel. Dry on the palate.\" \/>\n<meta name=\"robots\" content=\"index, follow, max-snippet:-1, max-image-preview:large, max-video-preview:-1\" \/>\n<meta property=\"og:locale\" content=\"en_US\" \/>\n<meta property=\"og:type\" content=\"article\" \/>\n<meta property=\"og:title\" content=\"Sivi pinot\" \/>\n<meta property=\"og:description\" content=\"Sivi pinot Sosoli\u010d is straw-yellow with coppery tints. The flower is reminiscent of grapefruit, apple and, slightly, caramel. Dry on the palate.\" \/>\n<meta property=\"og:url\" content=\"https:\/\/vinoteka-sodcek.si\/en\/shop\/wines\/white-wines\/sosolic-sivi-pinot\/\" \/>\n<meta property=\"og:site_name\" content=\"Vinoteka Sod\u010dek\" \/>\n<meta property=\"article:publisher\" content=\"https:\/\/www.facebook.com\/vinotekasodcek\/\" \/>\n<meta property=\"article:modified_time\" content=\"2024-10-22T07:50:21+00:00\" \/>\n<meta property=\"og:image\" content=\"https:\/\/vinoteka-sodcek.si\/wp-content\/uploads\/Sivipinotcrop-1.jpg\" \/>\n\t<meta property=\"og:image:width\" content=\"151\" \/>\n\t<meta property=\"og:image:height\" content=\"636\" \/>\n\t<meta property=\"og:image:type\" content=\"image\/jpeg\" \/>\n<meta name=\"twitter:card\" content=\"summary_large_image\" \/>\n<!-- \/ Yoast SEO plugin. -->","yoast_head_json":{"title":"Sivi pinot | Vinoteka Sod\u010dek","description":"[:sl]Sivi pinot Sosoli\u010d je slamnato rumene barve z bakrenimi odtenki. Cvetlica spominja na grenivko, jabolko, rahlo tudi na karamelo. V ustih suh.[:en]Sivi pinot Sosoli\u010d is straw-yellow with coppery tints. The flower is reminiscent of grapefruit, apple and, slightly, caramel. Dry on the palate.[:]","robots":{"index":"index","follow":"follow","max-snippet":"max-snippet:-1","max-image-preview":"max-image-preview:large","max-video-preview":"max-video-preview:-1"},"og_locale":"en_US","og_type":"article","og_title":"[:sl]Sivi pinot[:en]Sivi pinot[:] | Vinoteka Sod\u010dek","og_description":"[:sl]Sivi pinot Sosoli\u010d je slamnato rumene barve z bakrenimi odtenki. Cvetlica spominja na grenivko, jabolko, rahlo tudi na karamelo. V ustih suh.[:en]Sivi pinot Sosoli\u010d is straw-yellow with coppery tints. The flower is reminiscent of grapefruit, apple and, slightly, caramel. Dry on the palate.[:]","og_url":"https:\/\/vinoteka-sodcek.si\/en\/shop\/wines\/white-wines\/sosolic-sivi-pinot\/","og_site_name":"Vinoteka Sod\u010dek","article_publisher":"https:\/\/www.facebook.com\/vinotekasodcek\/","article_modified_time":"2024-10-22T07:50:21+00:00","og_image":[{"width":151,"height":636,"url":"https:\/\/vinoteka-sodcek.si\/wp-content\/uploads\/Sivipinotcrop-1.jpg","type":"image\/jpeg"}],"twitter_card":"summary_large_image","schema":{"@context":"https:\/\/schema.org","@graph":[{"@type":"WebPage","@id":"https:\/\/vinoteka-sodcek.si\/en\/shop\/wines\/white-wines\/sosolic-sivi-pinot\/","url":"https:\/\/vinoteka-sodcek.si\/en\/shop\/wines\/white-wines\/sosolic-sivi-pinot\/","name":"[:sl]Sivi pinot[:en]Sivi pinot[:] | Vinoteka Sod\u010dek","isPartOf":{"@id":"https:\/\/vinoteka-sodcek.si\/#website"},"primaryImageOfPage":{"@id":"https:\/\/vinoteka-sodcek.si\/en\/shop\/wines\/white-wines\/sosolic-sivi-pinot\/#primaryimage"},"image":{"@id":"https:\/\/vinoteka-sodcek.si\/en\/shop\/wines\/white-wines\/sosolic-sivi-pinot\/#primaryimage"},"thumbnailUrl":"https:\/\/vinoteka-sodcek.si\/wp-content\/uploads\/Sivipinotcrop-1.jpg","datePublished":"2024-03-15T16:20:31+00:00","dateModified":"2024-10-22T07:50:21+00:00","description":"[:sl]Sivi pinot Sosoli\u010d je slamnato rumene barve z bakrenimi odtenki. Cvetlica spominja na grenivko, jabolko, rahlo tudi na karamelo. V ustih suh.[:en]Sivi pinot Sosoli\u010d is straw-yellow with coppery tints. The flower is reminiscent of grapefruit, apple and, slightly, caramel. Dry on the palate.[:]","breadcrumb":{"@id":"https:\/\/vinoteka-sodcek.si\/en\/shop\/wines\/white-wines\/sosolic-sivi-pinot\/#breadcrumb"},"inLanguage":"en-US","potentialAction":[{"@type":"ReadAction","target":["https:\/\/vinoteka-sodcek.si\/en\/shop\/wines\/white-wines\/sosolic-sivi-pinot\/"]}]},{"@type":"ImageObject","inLanguage":"en-US","@id":"https:\/\/vinoteka-sodcek.si\/en\/shop\/wines\/white-wines\/sosolic-sivi-pinot\/#primaryimage","url":"https:\/\/vinoteka-sodcek.si\/wp-content\/uploads\/Sivipinotcrop-1.jpg","contentUrl":"https:\/\/vinoteka-sodcek.si\/wp-content\/uploads\/Sivipinotcrop-1.jpg","width":151,"height":636},{"@type":"BreadcrumbList","@id":"https:\/\/vinoteka-sodcek.si\/en\/shop\/wines\/white-wines\/sosolic-sivi-pinot\/#breadcrumb","itemListElement":[{"@type":"ListItem","position":1,"name":"Home","item":"https:\/\/vinoteka-sodcek.si\/en\/"},{"@type":"ListItem","position":2,"name":"Trgovina","item":"https:\/\/vinoteka-sodcek.si\/trgovina\/"},{"@type":"ListItem","position":3,"name":"Sivi pinot"}]},{"@type":"WebSite","@id":"https:\/\/vinoteka-sodcek.si\/#website","url":"https:\/\/vinoteka-sodcek.si\/","name":"Vinoteka Sod\u010dek","description":"Vinoteka z vrhunskimi vini","publisher":{"@id":"https:\/\/vinoteka-sodcek.si\/#organization"},"potentialAction":[{"@type":"SearchAction","target":{"@type":"EntryPoint","urlTemplate":"https:\/\/vinoteka-sodcek.si\/?s={search_term_string}"},"query-input":"required name=search_term_string"}],"inLanguage":"en-US"},{"@type":"Organization","@id":"https:\/\/vinoteka-sodcek.si\/#organization","name":"Vinoteka Sod\u010dek, Ale\u0161 \u010ceba\u0161ek s.p.","url":"https:\/\/vinoteka-sodcek.si\/","logo":{"@type":"ImageObject","inLanguage":"en-US","@id":"https:\/\/vinoteka-sodcek.si\/#\/schema\/logo\/image\/","url":"https:\/\/beta.vinoteka-sodcek.si\/wp-content\/uploads\/vinoteka-sodcek-logo.png","contentUrl":"https:\/\/beta.vinoteka-sodcek.si\/wp-content\/uploads\/vinoteka-sodcek-logo.png","width":300,"height":90,"caption":"Vinoteka Sod\u010dek, Ale\u0161 \u010ceba\u0161ek s.p."},"image":{"@id":"https:\/\/vinoteka-sodcek.si\/#\/schema\/logo\/image\/"},"sameAs":["https:\/\/www.facebook.com\/vinotekasodcek\/"]}]}},"_links":{"self":[{"href":"https:\/\/vinoteka-sodcek.si\/en\/wp-json\/\/wp\/v2\/product\/685"}],"collection":[{"href":"https:\/\/vinoteka-sodcek.si\/en\/wp-json\/\/wp\/v2\/product"}],"about":[{"href":"https:\/\/vinoteka-sodcek.si\/en\/wp-json\/\/wp\/v2\/types\/product"}],"wp:featuredmedia":[{"embeddable":true,"href":"https:\/\/vinoteka-sodcek.si\/en\/wp-json\/\/wp\/v2\/media\/684"}],"wp:attachment":[{"href":"https:\/\/vinoteka-sodcek.si\/en\/wp-json\/\/wp\/v2\/media?parent=685"}],"wp:term":[{"taxonomy":"product_cat","embeddable":true,"href":"https:\/\/vinoteka-sodcek.si\/en\/wp-json\/\/wp\/v2\/product_cat?post=685"},{"taxonomy":"product_tag","embeddable":true,"href":"https:\/\/vinoteka-sodcek.si\/en\/wp-json\/\/wp\/v2\/product_tag?post=685"}],"curies":[{"name":"wp","href":"https:\/\/api.w.org\/{rel}","templated":true}]}}