{"id":689,"date":"2024-03-15T17:20:31","date_gmt":"2024-03-15T16:20:31","guid":{"rendered":"http:\/\/192.168.64.105\/GitHub\/vinoteka-sodcek\/trgovina\/uncategorized\/sosolic-virus-3\/"},"modified":"2026-01-07T12:37:24","modified_gmt":"2026-01-07T11:37:24","slug":"sosolic-virus-3","status":"publish","type":"product","link":"https:\/\/vinoteka-sodcek.si\/en\/shop\/wines\/red-wines\/sosolic-virus-3\/","title":{"rendered":"Virus 3"},"content":{"rendered":"<p>The wine is only from the best vintages, from selected grapes from old vineyards.<\/p>\n<p>After a 14-day maceration, each varietal is aged on its own lees for two years in second-hand barriques. 10% of the merlot is dried in wooden crates. After the appropriate sugar level, it also undergoes a 10-day maceration and maturation in a barrique cask. This is followed by typing according to the taste of the winemaker. Bottled without filtration.<\/p>\n<p>It is ruby in colour with garnet hues. Aromas of prune, red berries. Due to the addition of dried merlot, the wine contains some unadulterated sugar, which is nicely complemented by a pleasant acidity. Ripe tannins, slightly chocolaty, with a coffee aftertaste.<\/p>\n","protected":false},"excerpt":{"rendered":"<p>The wine is only from the best vintages, from selected grapes from old vineyards. After a 14-day maceration, each varietal is aged on its own lees for two years in second-hand&#8230;<\/p>\n","protected":false},"featured_media":688,"template":"","meta":[],"product_cat":[20],"product_tag":[],"acf":[],"yoast_head":"<!-- This site is optimized with the Yoast SEO plugin v22.2 - https:\/\/yoast.com\/wordpress\/plugins\/seo\/ -->\n<title>Virus 3 | Vinoteka Sod\u010dek<\/title>\n<meta name=\"description\" content=\"Virus 3 Sosoli\u010d is ruby in colour with garnet hues. Aromas of prune, red berries. Ripe tannins, slightly chocolaty, with a coffee aftertaste.\" \/>\n<meta name=\"robots\" content=\"index, follow, max-snippet:-1, max-image-preview:large, max-video-preview:-1\" \/>\n<meta property=\"og:locale\" content=\"en_US\" \/>\n<meta property=\"og:type\" content=\"article\" \/>\n<meta property=\"og:title\" content=\"Virus 3\" \/>\n<meta property=\"og:description\" content=\"Virus 3 Sosoli\u010d is ruby in colour with garnet hues. Aromas of prune, red berries. Ripe tannins, slightly chocolaty, with a coffee aftertaste.\" \/>\n<meta property=\"og:url\" content=\"https:\/\/vinoteka-sodcek.si\/en\/shop\/wines\/red-wines\/sosolic-virus-3\/\" \/>\n<meta property=\"og:site_name\" content=\"Vinoteka Sod\u010dek\" \/>\n<meta property=\"article:publisher\" content=\"https:\/\/www.facebook.com\/vinotekasodcek\/\" \/>\n<meta property=\"article:modified_time\" content=\"2026-01-07T11:37:24+00:00\" \/>\n<meta property=\"og:image\" content=\"https:\/\/vinoteka-sodcek.si\/wp-content\/uploads\/Sosolic-Virus-3-570x933-1.jpg\" \/>\n\t<meta property=\"og:image:width\" content=\"142\" \/>\n\t<meta property=\"og:image:height\" content=\"623\" \/>\n\t<meta property=\"og:image:type\" content=\"image\/jpeg\" \/>\n<meta name=\"twitter:card\" content=\"summary_large_image\" \/>\n<!-- \/ Yoast SEO plugin. -->","yoast_head_json":{"title":"Virus 3 | Vinoteka Sod\u010dek","description":"[:sl]Virus 3 Sosoli\u010d je rubinaste barve z granatnimi odtenki. Najdemo arome suhe slive, rde\u010dega jagodi\u010devja. Zrelih taninov, rahlo \u010dokoladen, kavnat pookus.[:en]Virus 3 Sosoli\u010d is ruby in colour with garnet hues. Aromas of prune, red berries. Ripe tannins, slightly chocolaty, with a coffee aftertaste.[:]","robots":{"index":"index","follow":"follow","max-snippet":"max-snippet:-1","max-image-preview":"max-image-preview:large","max-video-preview":"max-video-preview:-1"},"og_locale":"en_US","og_type":"article","og_title":"[:sl]Virus 3[:en]Virus 3[:] | Vinoteka Sod\u010dek","og_description":"[:sl]Virus 3 Sosoli\u010d je rubinaste barve z granatnimi odtenki. Najdemo arome suhe slive, rde\u010dega jagodi\u010devja. Zrelih taninov, rahlo \u010dokoladen, kavnat pookus.[:en]Virus 3 Sosoli\u010d is ruby in colour with garnet hues. Aromas of prune, red berries. Ripe tannins, slightly chocolaty, with a coffee aftertaste.[:]","og_url":"https:\/\/vinoteka-sodcek.si\/en\/shop\/wines\/red-wines\/sosolic-virus-3\/","og_site_name":"Vinoteka Sod\u010dek","article_publisher":"https:\/\/www.facebook.com\/vinotekasodcek\/","article_modified_time":"2026-01-07T11:37:24+00:00","og_image":[{"width":142,"height":623,"url":"https:\/\/vinoteka-sodcek.si\/wp-content\/uploads\/Sosolic-Virus-3-570x933-1.jpg","type":"image\/jpeg"}],"twitter_card":"summary_large_image","schema":{"@context":"https:\/\/schema.org","@graph":[{"@type":"WebPage","@id":"https:\/\/vinoteka-sodcek.si\/trgovina\/vina\/rdeca-vina\/sosolic-virus-3\/","url":"https:\/\/vinoteka-sodcek.si\/trgovina\/vina\/rdeca-vina\/sosolic-virus-3\/","name":"[:sl]Virus 3[:en]Virus 3[:] | Vinoteka Sod\u010dek","isPartOf":{"@id":"https:\/\/vinoteka-sodcek.si\/#website"},"primaryImageOfPage":{"@id":"https:\/\/vinoteka-sodcek.si\/trgovina\/vina\/rdeca-vina\/sosolic-virus-3\/#primaryimage"},"image":{"@id":"https:\/\/vinoteka-sodcek.si\/trgovina\/vina\/rdeca-vina\/sosolic-virus-3\/#primaryimage"},"thumbnailUrl":"https:\/\/vinoteka-sodcek.si\/wp-content\/uploads\/Sosolic-Virus-3-570x933-1.jpg","datePublished":"2024-03-15T16:20:31+00:00","dateModified":"2026-01-07T11:37:24+00:00","description":"[:sl]Virus 3 Sosoli\u010d je rubinaste barve z granatnimi odtenki. Najdemo arome suhe slive, rde\u010dega jagodi\u010devja. Zrelih taninov, rahlo \u010dokoladen, kavnat pookus.[:en]Virus 3 Sosoli\u010d is ruby in colour with garnet hues. Aromas of prune, red berries. Ripe tannins, slightly chocolaty, with a coffee aftertaste.[:]","breadcrumb":{"@id":"https:\/\/vinoteka-sodcek.si\/trgovina\/vina\/rdeca-vina\/sosolic-virus-3\/#breadcrumb"},"inLanguage":"en-US","potentialAction":[{"@type":"ReadAction","target":["https:\/\/vinoteka-sodcek.si\/trgovina\/vina\/rdeca-vina\/sosolic-virus-3\/"]}]},{"@type":"ImageObject","inLanguage":"en-US","@id":"https:\/\/vinoteka-sodcek.si\/trgovina\/vina\/rdeca-vina\/sosolic-virus-3\/#primaryimage","url":"https:\/\/vinoteka-sodcek.si\/wp-content\/uploads\/Sosolic-Virus-3-570x933-1.jpg","contentUrl":"https:\/\/vinoteka-sodcek.si\/wp-content\/uploads\/Sosolic-Virus-3-570x933-1.jpg","width":142,"height":623},{"@type":"BreadcrumbList","@id":"https:\/\/vinoteka-sodcek.si\/trgovina\/vina\/rdeca-vina\/sosolic-virus-3\/#breadcrumb","itemListElement":[{"@type":"ListItem","position":1,"name":"Home","item":"https:\/\/vinoteka-sodcek.si\/en\/"},{"@type":"ListItem","position":2,"name":"Trgovina","item":"https:\/\/vinoteka-sodcek.si\/trgovina\/"},{"@type":"ListItem","position":3,"name":"Virus 3"}]},{"@type":"WebSite","@id":"https:\/\/vinoteka-sodcek.si\/#website","url":"https:\/\/vinoteka-sodcek.si\/","name":"Vinoteka Sod\u010dek","description":"Vinoteka z vrhunskimi vini","publisher":{"@id":"https:\/\/vinoteka-sodcek.si\/#organization"},"potentialAction":[{"@type":"SearchAction","target":{"@type":"EntryPoint","urlTemplate":"https:\/\/vinoteka-sodcek.si\/?s={search_term_string}"},"query-input":"required name=search_term_string"}],"inLanguage":"en-US"},{"@type":"Organization","@id":"https:\/\/vinoteka-sodcek.si\/#organization","name":"Vinoteka Sod\u010dek, Ale\u0161 \u010ceba\u0161ek s.p.","url":"https:\/\/vinoteka-sodcek.si\/","logo":{"@type":"ImageObject","inLanguage":"en-US","@id":"https:\/\/vinoteka-sodcek.si\/#\/schema\/logo\/image\/","url":"https:\/\/beta.vinoteka-sodcek.si\/wp-content\/uploads\/vinoteka-sodcek-logo.png","contentUrl":"https:\/\/beta.vinoteka-sodcek.si\/wp-content\/uploads\/vinoteka-sodcek-logo.png","width":300,"height":90,"caption":"Vinoteka Sod\u010dek, Ale\u0161 \u010ceba\u0161ek s.p."},"image":{"@id":"https:\/\/vinoteka-sodcek.si\/#\/schema\/logo\/image\/"},"sameAs":["https:\/\/www.facebook.com\/vinotekasodcek\/"]}]}},"_links":{"self":[{"href":"https:\/\/vinoteka-sodcek.si\/en\/wp-json\/\/wp\/v2\/product\/689"}],"collection":[{"href":"https:\/\/vinoteka-sodcek.si\/en\/wp-json\/\/wp\/v2\/product"}],"about":[{"href":"https:\/\/vinoteka-sodcek.si\/en\/wp-json\/\/wp\/v2\/types\/product"}],"wp:featuredmedia":[{"embeddable":true,"href":"https:\/\/vinoteka-sodcek.si\/en\/wp-json\/\/wp\/v2\/media\/688"}],"wp:attachment":[{"href":"https:\/\/vinoteka-sodcek.si\/en\/wp-json\/\/wp\/v2\/media?parent=689"}],"wp:term":[{"taxonomy":"product_cat","embeddable":true,"href":"https:\/\/vinoteka-sodcek.si\/en\/wp-json\/\/wp\/v2\/product_cat?post=689"},{"taxonomy":"product_tag","embeddable":true,"href":"https:\/\/vinoteka-sodcek.si\/en\/wp-json\/\/wp\/v2\/product_tag?post=689"}],"curies":[{"name":"wp","href":"https:\/\/api.w.org\/{rel}","templated":true}]}}