{"id":693,"date":"2024-03-15T17:20:31","date_gmt":"2024-03-15T16:20:31","guid":{"rendered":"http:\/\/192.168.64.105\/GitHub\/vinoteka-sodcek\/trgovina\/uncategorized\/princic-mihael-rdece\/"},"modified":"2025-12-04T22:10:12","modified_gmt":"2025-12-04T21:10:12","slug":"princic-mihael-rdece","status":"publish","type":"product","link":"https:\/\/vinoteka-sodcek.si\/en\/shop\/wines\/red-wines\/princic-mihael-rdece\/","title":{"rendered":"Mihael red"},"content":{"rendered":"<p>The grapes for Mihael red come from their best vineyards and only at the best harvests. Once fermentation is complete, each variety is aged separately in 500l oak barrels for at least 24 months.<\/p>\n<p>It is deep ruby in colour, with a distinctly spicy bouquet of red pepper, black pepper. On the palate it is dry, medium-bodied, with moderate acids and a good measure of ripe tannins. The minerals and the earthy tones of the Briese are perceptible in the wine, which is rich in flavour.<\/p>\n","protected":false},"excerpt":{"rendered":"<p>The grapes for Mihael red come from their best vineyards and only at the best harvests. Once fermentation is complete, each variety is aged separately in 500l oak barrels for at&#8230;<\/p>\n","protected":false},"featured_media":692,"template":"","meta":[],"product_cat":[20],"product_tag":[],"acf":[],"yoast_head":"<!-- This site is optimized with the Yoast SEO plugin v22.2 - https:\/\/yoast.com\/wordpress\/plugins\/seo\/ -->\n<title>Mihael red | Vinoteka Sod\u010dek<\/title>\n<meta name=\"description\" content=\"Mihael rde\u010de Prin\u010di\u010d je globoko rubinaste barve, cvetlica izrazito pikantna na rde\u010do papriko, \u010drni poper.\u00a0\u00a0V ustih je suho, srednjega telesa, zmernih kislin.\" \/>\n<meta name=\"robots\" content=\"index, follow, max-snippet:-1, max-image-preview:large, max-video-preview:-1\" \/>\n<meta property=\"og:locale\" content=\"en_US\" \/>\n<meta property=\"og:type\" content=\"article\" \/>\n<meta property=\"og:title\" content=\"Mihael red\" \/>\n<meta property=\"og:description\" content=\"Mihael rde\u010de Prin\u010di\u010d je globoko rubinaste barve, cvetlica izrazito pikantna na rde\u010do papriko, \u010drni poper.\u00a0\u00a0V ustih je suho, srednjega telesa, zmernih kislin.\" \/>\n<meta property=\"og:url\" content=\"https:\/\/vinoteka-sodcek.si\/en\/shop\/wines\/red-wines\/princic-mihael-rdece\/\" \/>\n<meta property=\"og:site_name\" content=\"Vinoteka Sod\u010dek\" \/>\n<meta property=\"article:publisher\" content=\"https:\/\/www.facebook.com\/vinotekasodcek\/\" \/>\n<meta property=\"article:modified_time\" content=\"2025-12-04T21:10:12+00:00\" \/>\n<meta property=\"og:image\" content=\"https:\/\/vinoteka-sodcek.si\/wp-content\/uploads\/Princic_Mihael_rdece_transparent.jpg\" \/>\n\t<meta property=\"og:image:width\" content=\"376\" \/>\n\t<meta property=\"og:image:height\" content=\"1600\" \/>\n\t<meta property=\"og:image:type\" content=\"image\/jpeg\" \/>\n<meta name=\"twitter:card\" content=\"summary_large_image\" \/>\n<!-- \/ Yoast SEO plugin. -->","yoast_head_json":{"title":"Mihael red | Vinoteka Sod\u010dek","description":"Mihael rde\u010de Prin\u010di\u010d je globoko rubinaste barve, cvetlica izrazito pikantna na rde\u010do papriko, \u010drni poper.\u00a0\u00a0V ustih je suho, srednjega telesa, zmernih kislin.","robots":{"index":"index","follow":"follow","max-snippet":"max-snippet:-1","max-image-preview":"max-image-preview:large","max-video-preview":"max-video-preview:-1"},"og_locale":"en_US","og_type":"article","og_title":"[:sl]Mihael rde\u010de[:en]Mihael red[:] | Vinoteka Sod\u010dek","og_description":"Mihael rde\u010de Prin\u010di\u010d je globoko rubinaste barve, cvetlica izrazito pikantna na rde\u010do papriko, \u010drni poper.\u00a0\u00a0V ustih je suho, srednjega telesa, zmernih kislin.","og_url":"https:\/\/vinoteka-sodcek.si\/en\/shop\/wines\/red-wines\/princic-mihael-rdece\/","og_site_name":"Vinoteka Sod\u010dek","article_publisher":"https:\/\/www.facebook.com\/vinotekasodcek\/","article_modified_time":"2025-12-04T21:10:12+00:00","og_image":[{"width":376,"height":1600,"url":"https:\/\/vinoteka-sodcek.si\/wp-content\/uploads\/Princic_Mihael_rdece_transparent.jpg","type":"image\/jpeg"}],"twitter_card":"summary_large_image","schema":{"@context":"https:\/\/schema.org","@graph":[{"@type":"WebPage","@id":"https:\/\/vinoteka-sodcek.si\/trgovina\/vina\/rdeca-vina\/princic-mihael-rdece\/","url":"https:\/\/vinoteka-sodcek.si\/trgovina\/vina\/rdeca-vina\/princic-mihael-rdece\/","name":"[:sl]Mihael rde\u010de[:en]Mihael red[:] | Vinoteka Sod\u010dek","isPartOf":{"@id":"https:\/\/vinoteka-sodcek.si\/#website"},"primaryImageOfPage":{"@id":"https:\/\/vinoteka-sodcek.si\/trgovina\/vina\/rdeca-vina\/princic-mihael-rdece\/#primaryimage"},"image":{"@id":"https:\/\/vinoteka-sodcek.si\/trgovina\/vina\/rdeca-vina\/princic-mihael-rdece\/#primaryimage"},"thumbnailUrl":"https:\/\/vinoteka-sodcek.si\/wp-content\/uploads\/Princic_Mihael_rdece_transparent.jpg","datePublished":"2024-03-15T16:20:31+00:00","dateModified":"2025-12-04T21:10:12+00:00","description":"Mihael rde\u010de Prin\u010di\u010d je globoko rubinaste barve, cvetlica izrazito pikantna na rde\u010do papriko, \u010drni poper.\u00a0\u00a0V ustih je suho, srednjega telesa, zmernih kislin.","breadcrumb":{"@id":"https:\/\/vinoteka-sodcek.si\/trgovina\/vina\/rdeca-vina\/princic-mihael-rdece\/#breadcrumb"},"inLanguage":"en-US","potentialAction":[{"@type":"ReadAction","target":["https:\/\/vinoteka-sodcek.si\/trgovina\/vina\/rdeca-vina\/princic-mihael-rdece\/"]}]},{"@type":"ImageObject","inLanguage":"en-US","@id":"https:\/\/vinoteka-sodcek.si\/trgovina\/vina\/rdeca-vina\/princic-mihael-rdece\/#primaryimage","url":"https:\/\/vinoteka-sodcek.si\/wp-content\/uploads\/Princic_Mihael_rdece_transparent.jpg","contentUrl":"https:\/\/vinoteka-sodcek.si\/wp-content\/uploads\/Princic_Mihael_rdece_transparent.jpg","width":376,"height":1600},{"@type":"BreadcrumbList","@id":"https:\/\/vinoteka-sodcek.si\/trgovina\/vina\/rdeca-vina\/princic-mihael-rdece\/#breadcrumb","itemListElement":[{"@type":"ListItem","position":1,"name":"Home","item":"https:\/\/vinoteka-sodcek.si\/en\/"},{"@type":"ListItem","position":2,"name":"Trgovina","item":"https:\/\/vinoteka-sodcek.si\/trgovina\/"},{"@type":"ListItem","position":3,"name":"Mihael rde\u010de"}]},{"@type":"WebSite","@id":"https:\/\/vinoteka-sodcek.si\/#website","url":"https:\/\/vinoteka-sodcek.si\/","name":"Vinoteka Sod\u010dek","description":"Vinoteka z vrhunskimi vini","publisher":{"@id":"https:\/\/vinoteka-sodcek.si\/#organization"},"potentialAction":[{"@type":"SearchAction","target":{"@type":"EntryPoint","urlTemplate":"https:\/\/vinoteka-sodcek.si\/?s={search_term_string}"},"query-input":"required name=search_term_string"}],"inLanguage":"en-US"},{"@type":"Organization","@id":"https:\/\/vinoteka-sodcek.si\/#organization","name":"Vinoteka Sod\u010dek, Ale\u0161 \u010ceba\u0161ek s.p.","url":"https:\/\/vinoteka-sodcek.si\/","logo":{"@type":"ImageObject","inLanguage":"en-US","@id":"https:\/\/vinoteka-sodcek.si\/#\/schema\/logo\/image\/","url":"https:\/\/beta.vinoteka-sodcek.si\/wp-content\/uploads\/vinoteka-sodcek-logo.png","contentUrl":"https:\/\/beta.vinoteka-sodcek.si\/wp-content\/uploads\/vinoteka-sodcek-logo.png","width":300,"height":90,"caption":"Vinoteka Sod\u010dek, Ale\u0161 \u010ceba\u0161ek s.p."},"image":{"@id":"https:\/\/vinoteka-sodcek.si\/#\/schema\/logo\/image\/"},"sameAs":["https:\/\/www.facebook.com\/vinotekasodcek\/"]}]}},"_links":{"self":[{"href":"https:\/\/vinoteka-sodcek.si\/en\/wp-json\/\/wp\/v2\/product\/693"}],"collection":[{"href":"https:\/\/vinoteka-sodcek.si\/en\/wp-json\/\/wp\/v2\/product"}],"about":[{"href":"https:\/\/vinoteka-sodcek.si\/en\/wp-json\/\/wp\/v2\/types\/product"}],"wp:featuredmedia":[{"embeddable":true,"href":"https:\/\/vinoteka-sodcek.si\/en\/wp-json\/\/wp\/v2\/media\/692"}],"wp:attachment":[{"href":"https:\/\/vinoteka-sodcek.si\/en\/wp-json\/\/wp\/v2\/media?parent=693"}],"wp:term":[{"taxonomy":"product_cat","embeddable":true,"href":"https:\/\/vinoteka-sodcek.si\/en\/wp-json\/\/wp\/v2\/product_cat?post=693"},{"taxonomy":"product_tag","embeddable":true,"href":"https:\/\/vinoteka-sodcek.si\/en\/wp-json\/\/wp\/v2\/product_tag?post=693"}],"curies":[{"name":"wp","href":"https:\/\/api.w.org\/{rel}","templated":true}]}}