{"id":695,"date":"2024-03-15T17:20:31","date_gmt":"2024-03-15T16:20:31","guid":{"rendered":"http:\/\/192.168.64.105\/GitHub\/vinoteka-sodcek\/trgovina\/uncategorized\/princic-modri-pinot\/"},"modified":"2026-02-06T18:57:14","modified_gmt":"2026-02-06T17:57:14","slug":"princic-modri-pinot","status":"publish","type":"product","link":"https:\/\/vinoteka-sodcek.si\/en\/shop\/wines\/white-wines\/princic-modri-pinot\/","title":{"rendered":"Modri pinot"},"content":{"rendered":"<p>After the harvest, the grapes are macerated in the wine vat for about 20 days, classically by dipping the hat. It then goes on to ripening for 6 months in second-hand barriques.<\/p>\n<p>It is ruby red in colour with reflections of brick colour. The wine is full-bodied with a long and warm finish, reminiscent of forest fruits, prunes and cherries.<\/p>\n","protected":false},"excerpt":{"rendered":"<p>After the harvest, the grapes are macerated in the wine vat for about 20 days, classically by dipping the hat. It then goes on to ripening for 6 months in second-hand&#8230;<\/p>\n","protected":false},"featured_media":694,"template":"","meta":[],"product_cat":[19],"product_tag":[],"acf":[],"yoast_head":"<!-- This site is optimized with the Yoast SEO plugin v22.2 - https:\/\/yoast.com\/wordpress\/plugins\/seo\/ -->\n<title>Modri pinot | Vinoteka Sod\u010dek<\/title>\n<meta name=\"description\" content=\"Modri pinot Prin\u010di\u010d is ruby red with brick-coloured reflections. Ripe fruit, pleasant tannins, full-bodied with a long and warm finish.\" \/>\n<meta name=\"robots\" content=\"index, follow, max-snippet:-1, max-image-preview:large, max-video-preview:-1\" \/>\n<meta property=\"og:locale\" content=\"en_US\" \/>\n<meta property=\"og:type\" content=\"article\" \/>\n<meta property=\"og:title\" content=\"Modri pinot\" \/>\n<meta property=\"og:description\" content=\"Modri pinot Prin\u010di\u010d is ruby red with brick-coloured reflections. Ripe fruit, pleasant tannins, full-bodied with a long and warm finish.\" \/>\n<meta property=\"og:url\" content=\"https:\/\/vinoteka-sodcek.si\/en\/shop\/wines\/white-wines\/princic-modri-pinot\/\" \/>\n<meta property=\"og:site_name\" content=\"Vinoteka Sod\u010dek\" \/>\n<meta property=\"article:publisher\" content=\"https:\/\/www.facebook.com\/vinotekasodcek\/\" \/>\n<meta property=\"article:modified_time\" content=\"2026-02-06T17:57:14+00:00\" \/>\n<meta property=\"og:image\" content=\"https:\/\/vinoteka-sodcek.si\/wp-content\/uploads\/Princic_Modri_Pinot_transparent.jpg\" \/>\n\t<meta property=\"og:image:width\" content=\"443\" \/>\n\t<meta property=\"og:image:height\" content=\"1600\" \/>\n\t<meta property=\"og:image:type\" content=\"image\/jpeg\" \/>\n<meta name=\"twitter:card\" content=\"summary_large_image\" \/>\n<!-- \/ Yoast SEO plugin. -->","yoast_head_json":{"title":"Modri pinot | Vinoteka Sod\u010dek","description":"[:sl]Modri pinot Prin\u010di\u010d je rubinasto rde\u010de barve z odsevi ope\u010dnate barve. Zrelo sadje, polnega telesa z dolgim in toplim zaklju\u010dkom.[:en]Modri pinot Prin\u010di\u010d is ruby red with brick-coloured reflections. Ripe fruit, pleasant tannins, full-bodied with a long and warm finish.[:]","robots":{"index":"index","follow":"follow","max-snippet":"max-snippet:-1","max-image-preview":"max-image-preview:large","max-video-preview":"max-video-preview:-1"},"og_locale":"en_US","og_type":"article","og_title":"[:sl]Modri pinot[:en]Modri pinot[:] | Vinoteka Sod\u010dek","og_description":"[:sl]Modri pinot Prin\u010di\u010d je rubinasto rde\u010de barve z odsevi ope\u010dnate barve. Zrelo sadje, polnega telesa z dolgim in toplim zaklju\u010dkom.[:en]Modri pinot Prin\u010di\u010d is ruby red with brick-coloured reflections. Ripe fruit, pleasant tannins, full-bodied with a long and warm finish.[:]","og_url":"https:\/\/vinoteka-sodcek.si\/en\/shop\/wines\/white-wines\/princic-modri-pinot\/","og_site_name":"Vinoteka Sod\u010dek","article_publisher":"https:\/\/www.facebook.com\/vinotekasodcek\/","article_modified_time":"2026-02-06T17:57:14+00:00","og_image":[{"width":443,"height":1600,"url":"https:\/\/vinoteka-sodcek.si\/wp-content\/uploads\/Princic_Modri_Pinot_transparent.jpg","type":"image\/jpeg"}],"twitter_card":"summary_large_image","schema":{"@context":"https:\/\/schema.org","@graph":[{"@type":"WebPage","@id":"https:\/\/vinoteka-sodcek.si\/trgovina\/vina\/bela-vina\/princic-modri-pinot\/","url":"https:\/\/vinoteka-sodcek.si\/trgovina\/vina\/bela-vina\/princic-modri-pinot\/","name":"[:sl]Modri pinot[:en]Modri pinot[:] | Vinoteka Sod\u010dek","isPartOf":{"@id":"https:\/\/vinoteka-sodcek.si\/#website"},"primaryImageOfPage":{"@id":"https:\/\/vinoteka-sodcek.si\/trgovina\/vina\/bela-vina\/princic-modri-pinot\/#primaryimage"},"image":{"@id":"https:\/\/vinoteka-sodcek.si\/trgovina\/vina\/bela-vina\/princic-modri-pinot\/#primaryimage"},"thumbnailUrl":"https:\/\/vinoteka-sodcek.si\/wp-content\/uploads\/Princic_Modri_Pinot_transparent.jpg","datePublished":"2024-03-15T16:20:31+00:00","dateModified":"2026-02-06T17:57:14+00:00","description":"[:sl]Modri pinot Prin\u010di\u010d je rubinasto rde\u010de barve z odsevi ope\u010dnate barve. Zrelo sadje, polnega telesa z dolgim in toplim zaklju\u010dkom.[:en]Modri pinot Prin\u010di\u010d is ruby red with brick-coloured reflections. Ripe fruit, pleasant tannins, full-bodied with a long and warm finish.[:]","breadcrumb":{"@id":"https:\/\/vinoteka-sodcek.si\/trgovina\/vina\/bela-vina\/princic-modri-pinot\/#breadcrumb"},"inLanguage":"en-US","potentialAction":[{"@type":"ReadAction","target":["https:\/\/vinoteka-sodcek.si\/trgovina\/vina\/bela-vina\/princic-modri-pinot\/"]}]},{"@type":"ImageObject","inLanguage":"en-US","@id":"https:\/\/vinoteka-sodcek.si\/trgovina\/vina\/bela-vina\/princic-modri-pinot\/#primaryimage","url":"https:\/\/vinoteka-sodcek.si\/wp-content\/uploads\/Princic_Modri_Pinot_transparent.jpg","contentUrl":"https:\/\/vinoteka-sodcek.si\/wp-content\/uploads\/Princic_Modri_Pinot_transparent.jpg","width":443,"height":1600},{"@type":"BreadcrumbList","@id":"https:\/\/vinoteka-sodcek.si\/trgovina\/vina\/bela-vina\/princic-modri-pinot\/#breadcrumb","itemListElement":[{"@type":"ListItem","position":1,"name":"Home","item":"https:\/\/vinoteka-sodcek.si\/en\/"},{"@type":"ListItem","position":2,"name":"Trgovina","item":"https:\/\/vinoteka-sodcek.si\/trgovina\/"},{"@type":"ListItem","position":3,"name":"Modri pinot"}]},{"@type":"WebSite","@id":"https:\/\/vinoteka-sodcek.si\/#website","url":"https:\/\/vinoteka-sodcek.si\/","name":"Vinoteka Sod\u010dek","description":"Vinoteka z vrhunskimi vini","publisher":{"@id":"https:\/\/vinoteka-sodcek.si\/#organization"},"potentialAction":[{"@type":"SearchAction","target":{"@type":"EntryPoint","urlTemplate":"https:\/\/vinoteka-sodcek.si\/?s={search_term_string}"},"query-input":"required name=search_term_string"}],"inLanguage":"en-US"},{"@type":"Organization","@id":"https:\/\/vinoteka-sodcek.si\/#organization","name":"Vinoteka Sod\u010dek, Ale\u0161 \u010ceba\u0161ek s.p.","url":"https:\/\/vinoteka-sodcek.si\/","logo":{"@type":"ImageObject","inLanguage":"en-US","@id":"https:\/\/vinoteka-sodcek.si\/#\/schema\/logo\/image\/","url":"https:\/\/beta.vinoteka-sodcek.si\/wp-content\/uploads\/vinoteka-sodcek-logo.png","contentUrl":"https:\/\/beta.vinoteka-sodcek.si\/wp-content\/uploads\/vinoteka-sodcek-logo.png","width":300,"height":90,"caption":"Vinoteka Sod\u010dek, Ale\u0161 \u010ceba\u0161ek s.p."},"image":{"@id":"https:\/\/vinoteka-sodcek.si\/#\/schema\/logo\/image\/"},"sameAs":["https:\/\/www.facebook.com\/vinotekasodcek\/"]}]}},"_links":{"self":[{"href":"https:\/\/vinoteka-sodcek.si\/en\/wp-json\/\/wp\/v2\/product\/695"}],"collection":[{"href":"https:\/\/vinoteka-sodcek.si\/en\/wp-json\/\/wp\/v2\/product"}],"about":[{"href":"https:\/\/vinoteka-sodcek.si\/en\/wp-json\/\/wp\/v2\/types\/product"}],"wp:featuredmedia":[{"embeddable":true,"href":"https:\/\/vinoteka-sodcek.si\/en\/wp-json\/\/wp\/v2\/media\/694"}],"wp:attachment":[{"href":"https:\/\/vinoteka-sodcek.si\/en\/wp-json\/\/wp\/v2\/media?parent=695"}],"wp:term":[{"taxonomy":"product_cat","embeddable":true,"href":"https:\/\/vinoteka-sodcek.si\/en\/wp-json\/\/wp\/v2\/product_cat?post=695"},{"taxonomy":"product_tag","embeddable":true,"href":"https:\/\/vinoteka-sodcek.si\/en\/wp-json\/\/wp\/v2\/product_tag?post=695"}],"curies":[{"name":"wp","href":"https:\/\/api.w.org\/{rel}","templated":true}]}}