{"id":701,"date":"2024-03-15T17:20:33","date_gmt":"2024-03-15T16:20:33","guid":{"rendered":"http:\/\/192.168.64.105\/GitHub\/vinoteka-sodcek\/trgovina\/uncategorized\/princic-merlot\/"},"modified":"2026-01-03T10:21:09","modified_gmt":"2026-01-03T09:21:09","slug":"princic-merlot","status":"publish","type":"product","link":"https:\/\/vinoteka-sodcek.si\/en\/shop\/wines\/red-wines\/princic-merlot\/","title":{"rendered":"Merlot"},"content":{"rendered":"<p>After the harvest, the grapes are macerated in the wine vat for about 30 days, classically by dipping the hat. It then goes on to ripening for 6 months in second-hand barriques.<\/p>\n<p>It is ruby red in colour, which takes on an amber hue with age. The characteristic aroma of cherries, blackberries and mulberries gives the merlot from the Gori\u0161ka brda region its distinctive character. It has a rich fruity flavour with very well integrated tannins. The wine shows the fullness and harmony that have developed in the oak barrels.<\/p>\n","protected":false},"excerpt":{"rendered":"<p>After the harvest, the grapes are macerated in the wine vat for about 30 days, classically by dipping the hat. It then goes on to ripening for 6 months in second-hand&#8230;<\/p>\n","protected":false},"featured_media":700,"template":"","meta":[],"product_cat":[20],"product_tag":[],"acf":[],"yoast_head":"<!-- This site is optimized with the Yoast SEO plugin v22.2 - https:\/\/yoast.com\/wordpress\/plugins\/seo\/ -->\n<title>Merlot | Vinoteka Sod\u010dek<\/title>\n<meta name=\"description\" content=\"Merlot Prin\u010di\u010d is ruby red in colour, which takes on an amber hue over the years. Its characteristic aroma of cherries, blackberries and mulberries.\" \/>\n<meta name=\"robots\" content=\"index, follow, max-snippet:-1, max-image-preview:large, max-video-preview:-1\" \/>\n<meta property=\"og:locale\" content=\"en_US\" \/>\n<meta property=\"og:type\" content=\"article\" \/>\n<meta property=\"og:title\" content=\"Merlot\" \/>\n<meta property=\"og:description\" content=\"Merlot Prin\u010di\u010d is ruby red in colour, which takes on an amber hue over the years. Its characteristic aroma of cherries, blackberries and mulberries.\" \/>\n<meta property=\"og:url\" content=\"https:\/\/vinoteka-sodcek.si\/en\/shop\/wines\/red-wines\/princic-merlot\/\" \/>\n<meta property=\"og:site_name\" content=\"Vinoteka Sod\u010dek\" \/>\n<meta property=\"article:publisher\" content=\"https:\/\/www.facebook.com\/vinotekasodcek\/\" \/>\n<meta property=\"article:modified_time\" content=\"2026-01-03T09:21:09+00:00\" \/>\n<meta property=\"og:image\" content=\"https:\/\/vinoteka-sodcek.si\/wp-content\/uploads\/Princic_merlot_transparent.jpg\" \/>\n\t<meta property=\"og:image:width\" content=\"425\" \/>\n\t<meta property=\"og:image:height\" content=\"1600\" \/>\n\t<meta property=\"og:image:type\" content=\"image\/jpeg\" \/>\n<meta name=\"twitter:card\" content=\"summary_large_image\" \/>\n<!-- \/ Yoast SEO plugin. -->","yoast_head_json":{"title":"Merlot | Vinoteka Sod\u010dek","description":"[:sl]Merlot Prin\u010di\u010d je rubinasto rde\u010de barve, ki z leti dobi jantarni odtenek. Zna\u010dilna aroma po \u010de\u0161njah, robidnicah in murvi mu daje zna\u010dilen pe\u010dat.[:en]Merlot Prin\u010di\u010d is ruby red in colour, which takes on an amber hue over the years. Its characteristic aroma of cherries, blackberries and mulberries.[:]","robots":{"index":"index","follow":"follow","max-snippet":"max-snippet:-1","max-image-preview":"max-image-preview:large","max-video-preview":"max-video-preview:-1"},"og_locale":"en_US","og_type":"article","og_title":"[:sl]Merlot[:en]Merlot[:] | Vinoteka Sod\u010dek","og_description":"[:sl]Merlot Prin\u010di\u010d je rubinasto rde\u010de barve, ki z leti dobi jantarni odtenek. Zna\u010dilna aroma po \u010de\u0161njah, robidnicah in murvi mu daje zna\u010dilen pe\u010dat.[:en]Merlot Prin\u010di\u010d is ruby red in colour, which takes on an amber hue over the years. Its characteristic aroma of cherries, blackberries and mulberries.[:]","og_url":"https:\/\/vinoteka-sodcek.si\/en\/shop\/wines\/red-wines\/princic-merlot\/","og_site_name":"Vinoteka Sod\u010dek","article_publisher":"https:\/\/www.facebook.com\/vinotekasodcek\/","article_modified_time":"2026-01-03T09:21:09+00:00","og_image":[{"width":425,"height":1600,"url":"https:\/\/vinoteka-sodcek.si\/wp-content\/uploads\/Princic_merlot_transparent.jpg","type":"image\/jpeg"}],"twitter_card":"summary_large_image","schema":{"@context":"https:\/\/schema.org","@graph":[{"@type":"WebPage","@id":"https:\/\/vinoteka-sodcek.si\/trgovina\/vina\/rdeca-vina\/princic-merlot\/","url":"https:\/\/vinoteka-sodcek.si\/trgovina\/vina\/rdeca-vina\/princic-merlot\/","name":"[:sl]Merlot[:en]Merlot[:] | Vinoteka Sod\u010dek","isPartOf":{"@id":"https:\/\/vinoteka-sodcek.si\/#website"},"primaryImageOfPage":{"@id":"https:\/\/vinoteka-sodcek.si\/trgovina\/vina\/rdeca-vina\/princic-merlot\/#primaryimage"},"image":{"@id":"https:\/\/vinoteka-sodcek.si\/trgovina\/vina\/rdeca-vina\/princic-merlot\/#primaryimage"},"thumbnailUrl":"https:\/\/vinoteka-sodcek.si\/wp-content\/uploads\/Princic_merlot_transparent.jpg","datePublished":"2024-03-15T16:20:33+00:00","dateModified":"2026-01-03T09:21:09+00:00","description":"[:sl]Merlot Prin\u010di\u010d je rubinasto rde\u010de barve, ki z leti dobi jantarni odtenek. Zna\u010dilna aroma po \u010de\u0161njah, robidnicah in murvi mu daje zna\u010dilen pe\u010dat.[:en]Merlot Prin\u010di\u010d is ruby red in colour, which takes on an amber hue over the years. Its characteristic aroma of cherries, blackberries and mulberries.[:]","breadcrumb":{"@id":"https:\/\/vinoteka-sodcek.si\/trgovina\/vina\/rdeca-vina\/princic-merlot\/#breadcrumb"},"inLanguage":"en-US","potentialAction":[{"@type":"ReadAction","target":["https:\/\/vinoteka-sodcek.si\/trgovina\/vina\/rdeca-vina\/princic-merlot\/"]}]},{"@type":"ImageObject","inLanguage":"en-US","@id":"https:\/\/vinoteka-sodcek.si\/trgovina\/vina\/rdeca-vina\/princic-merlot\/#primaryimage","url":"https:\/\/vinoteka-sodcek.si\/wp-content\/uploads\/Princic_merlot_transparent.jpg","contentUrl":"https:\/\/vinoteka-sodcek.si\/wp-content\/uploads\/Princic_merlot_transparent.jpg","width":425,"height":1600},{"@type":"BreadcrumbList","@id":"https:\/\/vinoteka-sodcek.si\/trgovina\/vina\/rdeca-vina\/princic-merlot\/#breadcrumb","itemListElement":[{"@type":"ListItem","position":1,"name":"Home","item":"https:\/\/vinoteka-sodcek.si\/en\/"},{"@type":"ListItem","position":2,"name":"Trgovina","item":"https:\/\/vinoteka-sodcek.si\/trgovina\/"},{"@type":"ListItem","position":3,"name":"Merlot"}]},{"@type":"WebSite","@id":"https:\/\/vinoteka-sodcek.si\/#website","url":"https:\/\/vinoteka-sodcek.si\/","name":"Vinoteka Sod\u010dek","description":"Vinoteka z vrhunskimi vini","publisher":{"@id":"https:\/\/vinoteka-sodcek.si\/#organization"},"potentialAction":[{"@type":"SearchAction","target":{"@type":"EntryPoint","urlTemplate":"https:\/\/vinoteka-sodcek.si\/?s={search_term_string}"},"query-input":"required name=search_term_string"}],"inLanguage":"en-US"},{"@type":"Organization","@id":"https:\/\/vinoteka-sodcek.si\/#organization","name":"Vinoteka Sod\u010dek, Ale\u0161 \u010ceba\u0161ek s.p.","url":"https:\/\/vinoteka-sodcek.si\/","logo":{"@type":"ImageObject","inLanguage":"en-US","@id":"https:\/\/vinoteka-sodcek.si\/#\/schema\/logo\/image\/","url":"https:\/\/beta.vinoteka-sodcek.si\/wp-content\/uploads\/vinoteka-sodcek-logo.png","contentUrl":"https:\/\/beta.vinoteka-sodcek.si\/wp-content\/uploads\/vinoteka-sodcek-logo.png","width":300,"height":90,"caption":"Vinoteka Sod\u010dek, Ale\u0161 \u010ceba\u0161ek s.p."},"image":{"@id":"https:\/\/vinoteka-sodcek.si\/#\/schema\/logo\/image\/"},"sameAs":["https:\/\/www.facebook.com\/vinotekasodcek\/"]}]}},"_links":{"self":[{"href":"https:\/\/vinoteka-sodcek.si\/en\/wp-json\/\/wp\/v2\/product\/701"}],"collection":[{"href":"https:\/\/vinoteka-sodcek.si\/en\/wp-json\/\/wp\/v2\/product"}],"about":[{"href":"https:\/\/vinoteka-sodcek.si\/en\/wp-json\/\/wp\/v2\/types\/product"}],"wp:featuredmedia":[{"embeddable":true,"href":"https:\/\/vinoteka-sodcek.si\/en\/wp-json\/\/wp\/v2\/media\/700"}],"wp:attachment":[{"href":"https:\/\/vinoteka-sodcek.si\/en\/wp-json\/\/wp\/v2\/media?parent=701"}],"wp:term":[{"taxonomy":"product_cat","embeddable":true,"href":"https:\/\/vinoteka-sodcek.si\/en\/wp-json\/\/wp\/v2\/product_cat?post=701"},{"taxonomy":"product_tag","embeddable":true,"href":"https:\/\/vinoteka-sodcek.si\/en\/wp-json\/\/wp\/v2\/product_tag?post=701"}],"curies":[{"name":"wp","href":"https:\/\/api.w.org\/{rel}","templated":true}]}}