{"id":707,"date":"2024-03-15T17:20:33","date_gmt":"2024-03-15T16:20:33","guid":{"rendered":"http:\/\/192.168.64.105\/GitHub\/vinoteka-sodcek\/trgovina\/uncategorized\/emeran-reya-cabernet-franc\/"},"modified":"2026-01-16T08:49:47","modified_gmt":"2026-01-16T07:49:47","slug":"emeran-reya-cabernet-franc","status":"publish","type":"product","link":"https:\/\/vinoteka-sodcek.si\/en\/shop\/wines\/red-wines\/emeran-reya-cabernet-franc\/","title":{"rendered":"Cabernet franc"},"content":{"rendered":"<p>Fermentation and subsequent maturation for 14 months take place in older barriques.<\/p>\n<p>Cabernet Franc is a fine example of dual personality. First, it gives the impression of a confident and strong character, bursting with aromas of wild fruits, spices and leather, followed by a soft, rounded, delicate but full-bodied palate. This duality is why it has many fans and goes well with a wide range of dishes.<\/p>\n","protected":false},"excerpt":{"rendered":"<p>Fermentation and subsequent maturation for 14 months take place in older barriques. Cabernet Franc is a fine example of dual personality. First, it gives the impression of a confident and strong&#8230;<\/p>\n","protected":false},"featured_media":706,"template":"","meta":[],"product_cat":[20],"product_tag":[],"acf":[],"yoast_head":"<!-- This site is optimized with the Yoast SEO plugin v22.2 - https:\/\/yoast.com\/wordpress\/plugins\/seo\/ -->\n<title>Cabernet franc | Vinoteka Sod\u010dek<\/title>\n<meta name=\"description\" content=\"Cabernet franc Emeran Reya is aged for 14 months in used barriques. We find a pleiad of spices around black pepper and floral notes, slightly spicy.\" \/>\n<meta name=\"robots\" content=\"index, follow, max-snippet:-1, max-image-preview:large, max-video-preview:-1\" \/>\n<meta property=\"og:locale\" content=\"en_US\" \/>\n<meta property=\"og:type\" content=\"article\" \/>\n<meta property=\"og:title\" content=\"Cabernet franc\" \/>\n<meta property=\"og:description\" content=\"Cabernet franc Emeran Reya is aged for 14 months in used barriques. We find a pleiad of spices around black pepper and floral notes, slightly spicy.\" \/>\n<meta property=\"og:url\" content=\"https:\/\/vinoteka-sodcek.si\/en\/shop\/wines\/red-wines\/emeran-reya-cabernet-franc\/\" \/>\n<meta property=\"og:site_name\" content=\"Vinoteka Sod\u010dek\" \/>\n<meta property=\"article:publisher\" content=\"https:\/\/www.facebook.com\/vinotekasodcek\/\" \/>\n<meta property=\"article:modified_time\" content=\"2026-01-16T07:49:47+00:00\" \/>\n<meta property=\"og:image\" content=\"https:\/\/vinoteka-sodcek.si\/wp-content\/uploads\/Cabernet-franc-1.jpg\" \/>\n\t<meta property=\"og:image:width\" content=\"170\" \/>\n\t<meta property=\"og:image:height\" content=\"682\" \/>\n\t<meta property=\"og:image:type\" content=\"image\/jpeg\" \/>\n<meta name=\"twitter:card\" content=\"summary_large_image\" \/>\n<!-- \/ Yoast SEO plugin. -->","yoast_head_json":{"title":"Cabernet franc | Vinoteka Sod\u010dek","description":"[:sl]Cabernet franc Emeran Reya zori 14 mesecev v rabljenih barrique sod\u010dkih. Najdemo plejado za\u010dimb okrog \u010drnega popra in cvetne note, di\u0161e\u010de, rahlo pikantno.[:en]Cabernet franc Emeran Reya is aged for 14 months in used barriques. We find a pleiad of spices around black pepper and floral notes, slightly spicy.[:]","robots":{"index":"index","follow":"follow","max-snippet":"max-snippet:-1","max-image-preview":"max-image-preview:large","max-video-preview":"max-video-preview:-1"},"og_locale":"en_US","og_type":"article","og_title":"[:sl]Cabernet franc[:en]Cabernet franc[:] | Vinoteka Sod\u010dek","og_description":"[:sl]Cabernet franc Emeran Reya zori 14 mesecev v rabljenih barrique sod\u010dkih. Najdemo plejado za\u010dimb okrog \u010drnega popra in cvetne note, di\u0161e\u010de, rahlo pikantno.[:en]Cabernet franc Emeran Reya is aged for 14 months in used barriques. We find a pleiad of spices around black pepper and floral notes, slightly spicy.[:]","og_url":"https:\/\/vinoteka-sodcek.si\/en\/shop\/wines\/red-wines\/emeran-reya-cabernet-franc\/","og_site_name":"Vinoteka Sod\u010dek","article_publisher":"https:\/\/www.facebook.com\/vinotekasodcek\/","article_modified_time":"2026-01-16T07:49:47+00:00","og_image":[{"width":170,"height":682,"url":"https:\/\/vinoteka-sodcek.si\/wp-content\/uploads\/Cabernet-franc-1.jpg","type":"image\/jpeg"}],"twitter_card":"summary_large_image","schema":{"@context":"https:\/\/schema.org","@graph":[{"@type":"WebPage","@id":"https:\/\/vinoteka-sodcek.si\/trgovina\/vina\/rdeca-vina\/emeran-reya-cabernet-franc\/","url":"https:\/\/vinoteka-sodcek.si\/trgovina\/vina\/rdeca-vina\/emeran-reya-cabernet-franc\/","name":"[:sl]Cabernet franc[:en]Cabernet franc[:] | Vinoteka Sod\u010dek","isPartOf":{"@id":"https:\/\/vinoteka-sodcek.si\/#website"},"primaryImageOfPage":{"@id":"https:\/\/vinoteka-sodcek.si\/trgovina\/vina\/rdeca-vina\/emeran-reya-cabernet-franc\/#primaryimage"},"image":{"@id":"https:\/\/vinoteka-sodcek.si\/trgovina\/vina\/rdeca-vina\/emeran-reya-cabernet-franc\/#primaryimage"},"thumbnailUrl":"https:\/\/vinoteka-sodcek.si\/wp-content\/uploads\/Cabernet-franc-1.jpg","datePublished":"2024-03-15T16:20:33+00:00","dateModified":"2026-01-16T07:49:47+00:00","description":"[:sl]Cabernet franc Emeran Reya zori 14 mesecev v rabljenih barrique sod\u010dkih. Najdemo plejado za\u010dimb okrog \u010drnega popra in cvetne note, di\u0161e\u010de, rahlo pikantno.[:en]Cabernet franc Emeran Reya is aged for 14 months in used barriques. We find a pleiad of spices around black pepper and floral notes, slightly spicy.[:]","breadcrumb":{"@id":"https:\/\/vinoteka-sodcek.si\/trgovina\/vina\/rdeca-vina\/emeran-reya-cabernet-franc\/#breadcrumb"},"inLanguage":"en-US","potentialAction":[{"@type":"ReadAction","target":["https:\/\/vinoteka-sodcek.si\/trgovina\/vina\/rdeca-vina\/emeran-reya-cabernet-franc\/"]}]},{"@type":"ImageObject","inLanguage":"en-US","@id":"https:\/\/vinoteka-sodcek.si\/trgovina\/vina\/rdeca-vina\/emeran-reya-cabernet-franc\/#primaryimage","url":"https:\/\/vinoteka-sodcek.si\/wp-content\/uploads\/Cabernet-franc-1.jpg","contentUrl":"https:\/\/vinoteka-sodcek.si\/wp-content\/uploads\/Cabernet-franc-1.jpg","width":170,"height":682},{"@type":"BreadcrumbList","@id":"https:\/\/vinoteka-sodcek.si\/trgovina\/vina\/rdeca-vina\/emeran-reya-cabernet-franc\/#breadcrumb","itemListElement":[{"@type":"ListItem","position":1,"name":"Home","item":"https:\/\/vinoteka-sodcek.si\/en\/"},{"@type":"ListItem","position":2,"name":"Trgovina","item":"https:\/\/vinoteka-sodcek.si\/trgovina\/"},{"@type":"ListItem","position":3,"name":"Cabernet franc"}]},{"@type":"WebSite","@id":"https:\/\/vinoteka-sodcek.si\/#website","url":"https:\/\/vinoteka-sodcek.si\/","name":"Vinoteka Sod\u010dek","description":"Vinoteka z vrhunskimi vini","publisher":{"@id":"https:\/\/vinoteka-sodcek.si\/#organization"},"potentialAction":[{"@type":"SearchAction","target":{"@type":"EntryPoint","urlTemplate":"https:\/\/vinoteka-sodcek.si\/?s={search_term_string}"},"query-input":"required name=search_term_string"}],"inLanguage":"en-US"},{"@type":"Organization","@id":"https:\/\/vinoteka-sodcek.si\/#organization","name":"Vinoteka Sod\u010dek, Ale\u0161 \u010ceba\u0161ek s.p.","url":"https:\/\/vinoteka-sodcek.si\/","logo":{"@type":"ImageObject","inLanguage":"en-US","@id":"https:\/\/vinoteka-sodcek.si\/#\/schema\/logo\/image\/","url":"https:\/\/beta.vinoteka-sodcek.si\/wp-content\/uploads\/vinoteka-sodcek-logo.png","contentUrl":"https:\/\/beta.vinoteka-sodcek.si\/wp-content\/uploads\/vinoteka-sodcek-logo.png","width":300,"height":90,"caption":"Vinoteka Sod\u010dek, Ale\u0161 \u010ceba\u0161ek s.p."},"image":{"@id":"https:\/\/vinoteka-sodcek.si\/#\/schema\/logo\/image\/"},"sameAs":["https:\/\/www.facebook.com\/vinotekasodcek\/"]}]}},"_links":{"self":[{"href":"https:\/\/vinoteka-sodcek.si\/en\/wp-json\/\/wp\/v2\/product\/707"}],"collection":[{"href":"https:\/\/vinoteka-sodcek.si\/en\/wp-json\/\/wp\/v2\/product"}],"about":[{"href":"https:\/\/vinoteka-sodcek.si\/en\/wp-json\/\/wp\/v2\/types\/product"}],"wp:featuredmedia":[{"embeddable":true,"href":"https:\/\/vinoteka-sodcek.si\/en\/wp-json\/\/wp\/v2\/media\/706"}],"wp:attachment":[{"href":"https:\/\/vinoteka-sodcek.si\/en\/wp-json\/\/wp\/v2\/media?parent=707"}],"wp:term":[{"taxonomy":"product_cat","embeddable":true,"href":"https:\/\/vinoteka-sodcek.si\/en\/wp-json\/\/wp\/v2\/product_cat?post=707"},{"taxonomy":"product_tag","embeddable":true,"href":"https:\/\/vinoteka-sodcek.si\/en\/wp-json\/\/wp\/v2\/product_tag?post=707"}],"curies":[{"name":"wp","href":"https:\/\/api.w.org\/{rel}","templated":true}]}}