{"id":715,"date":"2024-03-15T17:20:33","date_gmt":"2024-03-15T16:20:33","guid":{"rendered":"http:\/\/192.168.64.105\/GitHub\/vinoteka-sodcek\/trgovina\/uncategorized\/slavcek-rebula\/"},"modified":"2024-10-17T11:37:18","modified_gmt":"2024-10-17T10:37:18","slug":"slavcek-rebula","status":"publish","type":"product","link":"https:\/\/vinoteka-sodcek.si\/en\/shop\/wines\/white-wines\/slavcek-rebula\/","title":{"rendered":"Rebula"},"content":{"rendered":"<p>The harvest for this rebula took place in mid-October. This was followed by maceration for a few days and then maturation in oak and acacia barrels for a year on fine lees.<\/p>\n<p>It is of a medium deep golden yellow colour. The ripe, well-defined blossom indicates that the grapes were very ripe at harvest. Honey, fine spices, butter, ripe pears intertwine in a single and very fine note. On the palate it is dry, very mineral, oily, intense.<\/p>\n<p>&nbsp;<\/p>\n","protected":false},"excerpt":{"rendered":"<p>The harvest for this rebula took place in mid-October. This was followed by maceration for a few days and then maturation in oak and acacia barrels for a year on fine&#8230;<\/p>\n","protected":false},"featured_media":714,"template":"","meta":[],"product_cat":[19],"product_tag":[],"acf":[],"yoast_head":"<!-- This site is optimized with the Yoast SEO plugin v22.2 - https:\/\/yoast.com\/wordpress\/plugins\/seo\/ -->\n<title>Rebula | Vinoteka Sod\u010dek<\/title>\n<meta name=\"description\" content=\"Rebula Slav\u010dek is a medium deep golden yellow colour. The flower is ripe, well accentuated and shows that the grapes were very ripe at harvest.\" \/>\n<meta name=\"robots\" content=\"index, follow, max-snippet:-1, max-image-preview:large, max-video-preview:-1\" \/>\n<meta property=\"og:locale\" content=\"en_US\" \/>\n<meta property=\"og:type\" content=\"article\" \/>\n<meta property=\"og:title\" content=\"Rebula\" \/>\n<meta property=\"og:description\" content=\"Rebula Slav\u010dek is a medium deep golden yellow colour. The flower is ripe, well accentuated and shows that the grapes were very ripe at harvest.\" \/>\n<meta property=\"og:url\" content=\"https:\/\/vinoteka-sodcek.si\/en\/shop\/wines\/white-wines\/slavcek-rebula\/\" \/>\n<meta property=\"og:site_name\" content=\"Vinoteka Sod\u010dek\" \/>\n<meta property=\"article:publisher\" content=\"https:\/\/www.facebook.com\/vinotekasodcek\/\" \/>\n<meta property=\"article:modified_time\" content=\"2024-10-17T10:37:18+00:00\" \/>\n<meta property=\"og:image\" content=\"https:\/\/vinoteka-sodcek.si\/wp-content\/uploads\/Rebula-2.jpg\" \/>\n\t<meta property=\"og:image:width\" content=\"316\" \/>\n\t<meta property=\"og:image:height\" content=\"1208\" \/>\n\t<meta property=\"og:image:type\" content=\"image\/jpeg\" \/>\n<meta name=\"twitter:card\" content=\"summary_large_image\" \/>\n<!-- \/ Yoast SEO plugin. -->","yoast_head_json":{"title":"Rebula | Vinoteka Sod\u010dek","description":"[:sl]Rebula Slav\u010dek je srednje globoke zlatorumene barve. Cvetica je dozorela, lepo poudarjena, pove, da je bilo grozdje zelo zrelo ob trgatvi.[:en]Rebula Slav\u010dek is a medium deep golden yellow colour. The flower is ripe, well accentuated and shows that the grapes were very ripe at harvest.[:]","robots":{"index":"index","follow":"follow","max-snippet":"max-snippet:-1","max-image-preview":"max-image-preview:large","max-video-preview":"max-video-preview:-1"},"og_locale":"en_US","og_type":"article","og_title":"[:sl]Rebula[:en]Rebula[:] | Vinoteka Sod\u010dek","og_description":"[:sl]Rebula Slav\u010dek je srednje globoke zlatorumene barve. Cvetica je dozorela, lepo poudarjena, pove, da je bilo grozdje zelo zrelo ob trgatvi.[:en]Rebula Slav\u010dek is a medium deep golden yellow colour. The flower is ripe, well accentuated and shows that the grapes were very ripe at harvest.[:]","og_url":"https:\/\/vinoteka-sodcek.si\/en\/shop\/wines\/white-wines\/slavcek-rebula\/","og_site_name":"Vinoteka Sod\u010dek","article_publisher":"https:\/\/www.facebook.com\/vinotekasodcek\/","article_modified_time":"2024-10-17T10:37:18+00:00","og_image":[{"width":316,"height":1208,"url":"https:\/\/vinoteka-sodcek.si\/wp-content\/uploads\/Rebula-2.jpg","type":"image\/jpeg"}],"twitter_card":"summary_large_image","schema":{"@context":"https:\/\/schema.org","@graph":[{"@type":"WebPage","@id":"https:\/\/vinoteka-sodcek.si\/trgovina\/vina\/bela-vina\/slavcek-rebula\/","url":"https:\/\/vinoteka-sodcek.si\/trgovina\/vina\/bela-vina\/slavcek-rebula\/","name":"[:sl]Rebula[:en]Rebula[:] | Vinoteka Sod\u010dek","isPartOf":{"@id":"https:\/\/vinoteka-sodcek.si\/#website"},"primaryImageOfPage":{"@id":"https:\/\/vinoteka-sodcek.si\/trgovina\/vina\/bela-vina\/slavcek-rebula\/#primaryimage"},"image":{"@id":"https:\/\/vinoteka-sodcek.si\/trgovina\/vina\/bela-vina\/slavcek-rebula\/#primaryimage"},"thumbnailUrl":"https:\/\/vinoteka-sodcek.si\/wp-content\/uploads\/Rebula-2.jpg","datePublished":"2024-03-15T16:20:33+00:00","dateModified":"2024-10-17T10:37:18+00:00","description":"[:sl]Rebula Slav\u010dek je srednje globoke zlatorumene barve. Cvetica je dozorela, lepo poudarjena, pove, da je bilo grozdje zelo zrelo ob trgatvi.[:en]Rebula Slav\u010dek is a medium deep golden yellow colour. The flower is ripe, well accentuated and shows that the grapes were very ripe at harvest.[:]","breadcrumb":{"@id":"https:\/\/vinoteka-sodcek.si\/trgovina\/vina\/bela-vina\/slavcek-rebula\/#breadcrumb"},"inLanguage":"en-US","potentialAction":[{"@type":"ReadAction","target":["https:\/\/vinoteka-sodcek.si\/trgovina\/vina\/bela-vina\/slavcek-rebula\/"]}]},{"@type":"ImageObject","inLanguage":"en-US","@id":"https:\/\/vinoteka-sodcek.si\/trgovina\/vina\/bela-vina\/slavcek-rebula\/#primaryimage","url":"https:\/\/vinoteka-sodcek.si\/wp-content\/uploads\/Rebula-2.jpg","contentUrl":"https:\/\/vinoteka-sodcek.si\/wp-content\/uploads\/Rebula-2.jpg","width":316,"height":1208},{"@type":"BreadcrumbList","@id":"https:\/\/vinoteka-sodcek.si\/trgovina\/vina\/bela-vina\/slavcek-rebula\/#breadcrumb","itemListElement":[{"@type":"ListItem","position":1,"name":"Home","item":"https:\/\/vinoteka-sodcek.si\/en\/"},{"@type":"ListItem","position":2,"name":"Trgovina","item":"https:\/\/vinoteka-sodcek.si\/trgovina\/"},{"@type":"ListItem","position":3,"name":"Rebula"}]},{"@type":"WebSite","@id":"https:\/\/vinoteka-sodcek.si\/#website","url":"https:\/\/vinoteka-sodcek.si\/","name":"Vinoteka Sod\u010dek","description":"Vinoteka z vrhunskimi vini","publisher":{"@id":"https:\/\/vinoteka-sodcek.si\/#organization"},"potentialAction":[{"@type":"SearchAction","target":{"@type":"EntryPoint","urlTemplate":"https:\/\/vinoteka-sodcek.si\/?s={search_term_string}"},"query-input":"required name=search_term_string"}],"inLanguage":"en-US"},{"@type":"Organization","@id":"https:\/\/vinoteka-sodcek.si\/#organization","name":"Vinoteka Sod\u010dek, Ale\u0161 \u010ceba\u0161ek s.p.","url":"https:\/\/vinoteka-sodcek.si\/","logo":{"@type":"ImageObject","inLanguage":"en-US","@id":"https:\/\/vinoteka-sodcek.si\/#\/schema\/logo\/image\/","url":"https:\/\/beta.vinoteka-sodcek.si\/wp-content\/uploads\/vinoteka-sodcek-logo.png","contentUrl":"https:\/\/beta.vinoteka-sodcek.si\/wp-content\/uploads\/vinoteka-sodcek-logo.png","width":300,"height":90,"caption":"Vinoteka Sod\u010dek, Ale\u0161 \u010ceba\u0161ek s.p."},"image":{"@id":"https:\/\/vinoteka-sodcek.si\/#\/schema\/logo\/image\/"},"sameAs":["https:\/\/www.facebook.com\/vinotekasodcek\/"]}]}},"_links":{"self":[{"href":"https:\/\/vinoteka-sodcek.si\/en\/wp-json\/\/wp\/v2\/product\/715"}],"collection":[{"href":"https:\/\/vinoteka-sodcek.si\/en\/wp-json\/\/wp\/v2\/product"}],"about":[{"href":"https:\/\/vinoteka-sodcek.si\/en\/wp-json\/\/wp\/v2\/types\/product"}],"wp:featuredmedia":[{"embeddable":true,"href":"https:\/\/vinoteka-sodcek.si\/en\/wp-json\/\/wp\/v2\/media\/714"}],"wp:attachment":[{"href":"https:\/\/vinoteka-sodcek.si\/en\/wp-json\/\/wp\/v2\/media?parent=715"}],"wp:term":[{"taxonomy":"product_cat","embeddable":true,"href":"https:\/\/vinoteka-sodcek.si\/en\/wp-json\/\/wp\/v2\/product_cat?post=715"},{"taxonomy":"product_tag","embeddable":true,"href":"https:\/\/vinoteka-sodcek.si\/en\/wp-json\/\/wp\/v2\/product_tag?post=715"}],"curies":[{"name":"wp","href":"https:\/\/api.w.org\/{rel}","templated":true}]}}