{"id":738,"date":"2024-03-15T17:20:34","date_gmt":"2024-03-15T16:20:34","guid":{"rendered":"http:\/\/192.168.64.105\/GitHub\/vinoteka-sodcek\/trgovina\/uncategorized\/vina-kobal-penina-rumeni-muskat\/"},"modified":"2025-10-02T12:10:56","modified_gmt":"2025-10-02T11:10:56","slug":"vina-kobal-penina-rumeni-muskat","status":"publish","type":"product","link":"https:\/\/vinoteka-sodcek.si\/en\/shop\/wines\/sparkling-wines\/vina-kobal-penina-rumeni-muskat\/","title":{"rendered":"Penina Rumeni mu\u0161kat"},"content":{"rendered":"<p>Methode Charmat.<\/p>\n<p>The sparkling wine is an extra brut sparkling wine with a distinctly attractive fruit fresh flower, which convinces at the first encounter with odor receptors and is pleasantly complemented by the playfulness of tiny bubbles in taste.<\/p>\n<p>In the scent as in taste, it resembles citrus such as lemon and lime.<\/p>\n","protected":false},"excerpt":{"rendered":"<p>Methode Charmat. The sparkling wine is an extra brut sparkling wine with a distinctly attractive fruit fresh flower, which convinces at the first encounter with odor receptors and is pleasantly complemented&#8230;<\/p>\n","protected":false},"featured_media":737,"template":"","meta":[],"product_cat":[22],"product_tag":[],"acf":[],"yoast_head":"<!-- This site is optimized with the Yoast SEO plugin v22.2 - https:\/\/yoast.com\/wordpress\/plugins\/seo\/ -->\n<title>Penina Rumeni mu\u0161kat | Vinoteka Sod\u010dek<\/title>\n<meta name=\"description\" content=\"Penina Rumeni mu\u0161kat Kobal wine estate is an extra brut sparkling wine with a distinctly lovely fruity fresh bouquet that convinces at first sight.\" \/>\n<meta name=\"robots\" content=\"index, follow, max-snippet:-1, max-image-preview:large, max-video-preview:-1\" \/>\n<meta property=\"og:locale\" content=\"en_US\" \/>\n<meta property=\"og:type\" content=\"article\" \/>\n<meta property=\"og:title\" content=\"Penina Rumeni mu\u0161kat\" \/>\n<meta property=\"og:description\" content=\"Penina Rumeni mu\u0161kat Kobal wine estate is an extra brut sparkling wine with a distinctly lovely fruity fresh bouquet that convinces at first sight.\" \/>\n<meta property=\"og:url\" content=\"https:\/\/vinoteka-sodcek.si\/en\/shop\/wines\/sparkling-wines\/vina-kobal-penina-rumeni-muskat\/\" \/>\n<meta property=\"og:site_name\" content=\"Vinoteka Sod\u010dek\" \/>\n<meta property=\"article:publisher\" content=\"https:\/\/www.facebook.com\/vinotekasodcek\/\" \/>\n<meta property=\"article:modified_time\" content=\"2025-10-02T11:10:56+00:00\" \/>\n<meta property=\"og:image\" content=\"https:\/\/vinoteka-sodcek.si\/wp-content\/uploads\/Rumeni-muskat-penina-1-570x855-1.jpg\" \/>\n\t<meta property=\"og:image:width\" content=\"410\" \/>\n\t<meta property=\"og:image:height\" content=\"1452\" \/>\n\t<meta property=\"og:image:type\" content=\"image\/jpeg\" \/>\n<meta name=\"twitter:card\" content=\"summary_large_image\" \/>\n<!-- \/ Yoast SEO plugin. -->","yoast_head_json":{"title":"Penina Rumeni mu\u0161kat | Vinoteka Sod\u010dek","description":"[:sl]Penina Rumeni mu\u0161kat Kobal wine estate je extra brut oziroma zelo suha penina z izrazito prikupno sadno sve\u017eo cvetico, ki prepri\u010da ob prvem sre\u010danju.[:en]Penina Rumeni mu\u0161kat Kobal wine estate is an extra brut sparkling wine with a distinctly lovely fruity fresh bouquet that convinces at first sight.[:]","robots":{"index":"index","follow":"follow","max-snippet":"max-snippet:-1","max-image-preview":"max-image-preview:large","max-video-preview":"max-video-preview:-1"},"og_locale":"en_US","og_type":"article","og_title":"[:sl]Penina Rumeni mu\u0161kat[:en]Penina Rumeni mu\u0161kat[:] | Vinoteka Sod\u010dek","og_description":"[:sl]Penina Rumeni mu\u0161kat Kobal wine estate je extra brut oziroma zelo suha penina z izrazito prikupno sadno sve\u017eo cvetico, ki prepri\u010da ob prvem sre\u010danju.[:en]Penina Rumeni mu\u0161kat Kobal wine estate is an extra brut sparkling wine with a distinctly lovely fruity fresh bouquet that convinces at first sight.[:]","og_url":"https:\/\/vinoteka-sodcek.si\/en\/shop\/wines\/sparkling-wines\/vina-kobal-penina-rumeni-muskat\/","og_site_name":"Vinoteka Sod\u010dek","article_publisher":"https:\/\/www.facebook.com\/vinotekasodcek\/","article_modified_time":"2025-10-02T11:10:56+00:00","og_image":[{"width":410,"height":1452,"url":"https:\/\/vinoteka-sodcek.si\/wp-content\/uploads\/Rumeni-muskat-penina-1-570x855-1.jpg","type":"image\/jpeg"}],"twitter_card":"summary_large_image","schema":{"@context":"https:\/\/schema.org","@graph":[{"@type":"WebPage","@id":"https:\/\/vinoteka-sodcek.si\/trgovina\/vina\/peneca-vina\/vina-kobal-penina-rumeni-muskat\/","url":"https:\/\/vinoteka-sodcek.si\/trgovina\/vina\/peneca-vina\/vina-kobal-penina-rumeni-muskat\/","name":"[:sl]Penina Rumeni mu\u0161kat[:en]Penina Rumeni mu\u0161kat[:] | Vinoteka Sod\u010dek","isPartOf":{"@id":"https:\/\/vinoteka-sodcek.si\/#website"},"primaryImageOfPage":{"@id":"https:\/\/vinoteka-sodcek.si\/trgovina\/vina\/peneca-vina\/vina-kobal-penina-rumeni-muskat\/#primaryimage"},"image":{"@id":"https:\/\/vinoteka-sodcek.si\/trgovina\/vina\/peneca-vina\/vina-kobal-penina-rumeni-muskat\/#primaryimage"},"thumbnailUrl":"https:\/\/vinoteka-sodcek.si\/wp-content\/uploads\/Rumeni-muskat-penina-1-570x855-1.jpg","datePublished":"2024-03-15T16:20:34+00:00","dateModified":"2025-10-02T11:10:56+00:00","description":"[:sl]Penina Rumeni mu\u0161kat Kobal wine estate je extra brut oziroma zelo suha penina z izrazito prikupno sadno sve\u017eo cvetico, ki prepri\u010da ob prvem sre\u010danju.[:en]Penina Rumeni mu\u0161kat Kobal wine estate is an extra brut sparkling wine with a distinctly lovely fruity fresh bouquet that convinces at first sight.[:]","breadcrumb":{"@id":"https:\/\/vinoteka-sodcek.si\/trgovina\/vina\/peneca-vina\/vina-kobal-penina-rumeni-muskat\/#breadcrumb"},"inLanguage":"en-US","potentialAction":[{"@type":"ReadAction","target":["https:\/\/vinoteka-sodcek.si\/trgovina\/vina\/peneca-vina\/vina-kobal-penina-rumeni-muskat\/"]}]},{"@type":"ImageObject","inLanguage":"en-US","@id":"https:\/\/vinoteka-sodcek.si\/trgovina\/vina\/peneca-vina\/vina-kobal-penina-rumeni-muskat\/#primaryimage","url":"https:\/\/vinoteka-sodcek.si\/wp-content\/uploads\/Rumeni-muskat-penina-1-570x855-1.jpg","contentUrl":"https:\/\/vinoteka-sodcek.si\/wp-content\/uploads\/Rumeni-muskat-penina-1-570x855-1.jpg","width":410,"height":1452},{"@type":"BreadcrumbList","@id":"https:\/\/vinoteka-sodcek.si\/trgovina\/vina\/peneca-vina\/vina-kobal-penina-rumeni-muskat\/#breadcrumb","itemListElement":[{"@type":"ListItem","position":1,"name":"Home","item":"https:\/\/vinoteka-sodcek.si\/en\/"},{"@type":"ListItem","position":2,"name":"Trgovina","item":"https:\/\/vinoteka-sodcek.si\/trgovina\/"},{"@type":"ListItem","position":3,"name":"Penina Rumeni mu\u0161kat"}]},{"@type":"WebSite","@id":"https:\/\/vinoteka-sodcek.si\/#website","url":"https:\/\/vinoteka-sodcek.si\/","name":"Vinoteka Sod\u010dek","description":"Vinoteka z vrhunskimi vini","publisher":{"@id":"https:\/\/vinoteka-sodcek.si\/#organization"},"potentialAction":[{"@type":"SearchAction","target":{"@type":"EntryPoint","urlTemplate":"https:\/\/vinoteka-sodcek.si\/?s={search_term_string}"},"query-input":"required name=search_term_string"}],"inLanguage":"en-US"},{"@type":"Organization","@id":"https:\/\/vinoteka-sodcek.si\/#organization","name":"Vinoteka Sod\u010dek, Ale\u0161 \u010ceba\u0161ek s.p.","url":"https:\/\/vinoteka-sodcek.si\/","logo":{"@type":"ImageObject","inLanguage":"en-US","@id":"https:\/\/vinoteka-sodcek.si\/#\/schema\/logo\/image\/","url":"https:\/\/beta.vinoteka-sodcek.si\/wp-content\/uploads\/vinoteka-sodcek-logo.png","contentUrl":"https:\/\/beta.vinoteka-sodcek.si\/wp-content\/uploads\/vinoteka-sodcek-logo.png","width":300,"height":90,"caption":"Vinoteka Sod\u010dek, Ale\u0161 \u010ceba\u0161ek s.p."},"image":{"@id":"https:\/\/vinoteka-sodcek.si\/#\/schema\/logo\/image\/"},"sameAs":["https:\/\/www.facebook.com\/vinotekasodcek\/"]}]}},"_links":{"self":[{"href":"https:\/\/vinoteka-sodcek.si\/en\/wp-json\/\/wp\/v2\/product\/738"}],"collection":[{"href":"https:\/\/vinoteka-sodcek.si\/en\/wp-json\/\/wp\/v2\/product"}],"about":[{"href":"https:\/\/vinoteka-sodcek.si\/en\/wp-json\/\/wp\/v2\/types\/product"}],"wp:featuredmedia":[{"embeddable":true,"href":"https:\/\/vinoteka-sodcek.si\/en\/wp-json\/\/wp\/v2\/media\/737"}],"wp:attachment":[{"href":"https:\/\/vinoteka-sodcek.si\/en\/wp-json\/\/wp\/v2\/media?parent=738"}],"wp:term":[{"taxonomy":"product_cat","embeddable":true,"href":"https:\/\/vinoteka-sodcek.si\/en\/wp-json\/\/wp\/v2\/product_cat?post=738"},{"taxonomy":"product_tag","embeddable":true,"href":"https:\/\/vinoteka-sodcek.si\/en\/wp-json\/\/wp\/v2\/product_tag?post=738"}],"curies":[{"name":"wp","href":"https:\/\/api.w.org\/{rel}","templated":true}]}}