{"id":740,"date":"2024-03-15T17:20:34","date_gmt":"2024-03-15T16:20:34","guid":{"rendered":"http:\/\/192.168.64.105\/GitHub\/vinoteka-sodcek\/trgovina\/uncategorized\/vina-kobal-white-reserve\/"},"modified":"2024-10-01T17:37:25","modified_gmt":"2024-10-01T16:37:25","slug":"vina-kobal-white-reserve","status":"publish","type":"product","link":"https:\/\/vinoteka-sodcek.si\/en\/shop\/wines\/white-wines\/vina-kobal-white-reserve\/","title":{"rendered":"White reserve"},"content":{"rendered":"<p>The grapes of both varieties come from a 30-year-old vineyard. The harvest took place later than usual from overripe strawberries. This was followed by 72 hours of maceration and 24 months of maturation in wooden barrels.<\/p>\n<p>The wine has a medium deep golden yellow colour. The bouquet is ripe, pure and rich. On the palate it is oily, full and fresh, perfectly balanced thanks to the minerality imparted by the lapis soil.<\/p>\n","protected":false},"excerpt":{"rendered":"<p>The grapes of both varieties come from a 30-year-old vineyard. The harvest took place later than usual from overripe strawberries. This was followed by 72 hours of maceration and 24 months&#8230;<\/p>\n","protected":false},"featured_media":739,"template":"","meta":[],"product_cat":[19],"product_tag":[],"acf":[],"yoast_head":"<!-- This site is optimized with the Yoast SEO plugin v22.2 - https:\/\/yoast.com\/wordpress\/plugins\/seo\/ -->\n<title>White reserve | Vinoteka Sod\u010dek<\/title>\n<meta name=\"description\" content=\"White reserve Kobal wine estate is a medium deep golden yellow colour. The flowers are ripe, pure and rich. Oily on the palate, full-bodied.\" \/>\n<meta name=\"robots\" content=\"index, follow, max-snippet:-1, max-image-preview:large, max-video-preview:-1\" \/>\n<meta property=\"og:locale\" content=\"en_US\" \/>\n<meta property=\"og:type\" content=\"article\" \/>\n<meta property=\"og:title\" content=\"White reserve\" \/>\n<meta property=\"og:description\" content=\"White reserve Kobal wine estate is a medium deep golden yellow colour. The flowers are ripe, pure and rich. Oily on the palate, full-bodied.\" \/>\n<meta property=\"og:url\" content=\"https:\/\/vinoteka-sodcek.si\/en\/shop\/wines\/white-wines\/vina-kobal-white-reserve\/\" \/>\n<meta property=\"og:site_name\" content=\"Vinoteka Sod\u010dek\" \/>\n<meta property=\"article:publisher\" content=\"https:\/\/www.facebook.com\/vinotekasodcek\/\" \/>\n<meta property=\"article:modified_time\" content=\"2024-10-01T16:37:25+00:00\" \/>\n<meta property=\"og:image\" content=\"https:\/\/vinoteka-sodcek.si\/wp-content\/uploads\/White-reserve.jpg\" \/>\n\t<meta property=\"og:image:width\" content=\"220\" \/>\n\t<meta property=\"og:image:height\" content=\"847\" \/>\n\t<meta property=\"og:image:type\" content=\"image\/jpeg\" \/>\n<meta name=\"twitter:card\" content=\"summary_large_image\" \/>\n<!-- \/ Yoast SEO plugin. -->","yoast_head_json":{"title":"White reserve | Vinoteka Sod\u010dek","description":"[:sl]White reserve Kobal wine estate je srednje globoke zlatorumene barve. Cvetlica je dozorela, \u010dista bogata. V ustih oljno, polno odli\u010dno uravnove\u0161eno.[:en]White reserve Kobal wine estate is a medium deep golden yellow colour. The flowers are ripe, pure and rich. Oily on the palate, full-bodied.[:]","robots":{"index":"index","follow":"follow","max-snippet":"max-snippet:-1","max-image-preview":"max-image-preview:large","max-video-preview":"max-video-preview:-1"},"og_locale":"en_US","og_type":"article","og_title":"[:sl]White reserve[:en]White reserve[:] | Vinoteka Sod\u010dek","og_description":"[:sl]White reserve Kobal wine estate je srednje globoke zlatorumene barve. Cvetlica je dozorela, \u010dista bogata. V ustih oljno, polno odli\u010dno uravnove\u0161eno.[:en]White reserve Kobal wine estate is a medium deep golden yellow colour. The flowers are ripe, pure and rich. Oily on the palate, full-bodied.[:]","og_url":"https:\/\/vinoteka-sodcek.si\/en\/shop\/wines\/white-wines\/vina-kobal-white-reserve\/","og_site_name":"Vinoteka Sod\u010dek","article_publisher":"https:\/\/www.facebook.com\/vinotekasodcek\/","article_modified_time":"2024-10-01T16:37:25+00:00","og_image":[{"width":220,"height":847,"url":"https:\/\/vinoteka-sodcek.si\/wp-content\/uploads\/White-reserve.jpg","type":"image\/jpeg"}],"twitter_card":"summary_large_image","schema":{"@context":"https:\/\/schema.org","@graph":[{"@type":"WebPage","@id":"https:\/\/vinoteka-sodcek.si\/en\/shop\/wines\/white-wines\/vina-kobal-white-reserve\/","url":"https:\/\/vinoteka-sodcek.si\/en\/shop\/wines\/white-wines\/vina-kobal-white-reserve\/","name":"[:sl]White reserve[:en]White reserve[:] | Vinoteka Sod\u010dek","isPartOf":{"@id":"https:\/\/vinoteka-sodcek.si\/#website"},"primaryImageOfPage":{"@id":"https:\/\/vinoteka-sodcek.si\/en\/shop\/wines\/white-wines\/vina-kobal-white-reserve\/#primaryimage"},"image":{"@id":"https:\/\/vinoteka-sodcek.si\/en\/shop\/wines\/white-wines\/vina-kobal-white-reserve\/#primaryimage"},"thumbnailUrl":"https:\/\/vinoteka-sodcek.si\/wp-content\/uploads\/White-reserve.jpg","datePublished":"2024-03-15T16:20:34+00:00","dateModified":"2024-10-01T16:37:25+00:00","description":"[:sl]White reserve Kobal wine estate je srednje globoke zlatorumene barve. Cvetlica je dozorela, \u010dista bogata. V ustih oljno, polno odli\u010dno uravnove\u0161eno.[:en]White reserve Kobal wine estate is a medium deep golden yellow colour. The flowers are ripe, pure and rich. Oily on the palate, full-bodied.[:]","breadcrumb":{"@id":"https:\/\/vinoteka-sodcek.si\/en\/shop\/wines\/white-wines\/vina-kobal-white-reserve\/#breadcrumb"},"inLanguage":"en-US","potentialAction":[{"@type":"ReadAction","target":["https:\/\/vinoteka-sodcek.si\/en\/shop\/wines\/white-wines\/vina-kobal-white-reserve\/"]}]},{"@type":"ImageObject","inLanguage":"en-US","@id":"https:\/\/vinoteka-sodcek.si\/en\/shop\/wines\/white-wines\/vina-kobal-white-reserve\/#primaryimage","url":"https:\/\/vinoteka-sodcek.si\/wp-content\/uploads\/White-reserve.jpg","contentUrl":"https:\/\/vinoteka-sodcek.si\/wp-content\/uploads\/White-reserve.jpg","width":220,"height":847},{"@type":"BreadcrumbList","@id":"https:\/\/vinoteka-sodcek.si\/en\/shop\/wines\/white-wines\/vina-kobal-white-reserve\/#breadcrumb","itemListElement":[{"@type":"ListItem","position":1,"name":"Home","item":"https:\/\/vinoteka-sodcek.si\/en\/"},{"@type":"ListItem","position":2,"name":"Trgovina","item":"https:\/\/vinoteka-sodcek.si\/trgovina\/"},{"@type":"ListItem","position":3,"name":"White reserve"}]},{"@type":"WebSite","@id":"https:\/\/vinoteka-sodcek.si\/#website","url":"https:\/\/vinoteka-sodcek.si\/","name":"Vinoteka Sod\u010dek","description":"Vinoteka z vrhunskimi vini","publisher":{"@id":"https:\/\/vinoteka-sodcek.si\/#organization"},"potentialAction":[{"@type":"SearchAction","target":{"@type":"EntryPoint","urlTemplate":"https:\/\/vinoteka-sodcek.si\/?s={search_term_string}"},"query-input":"required name=search_term_string"}],"inLanguage":"en-US"},{"@type":"Organization","@id":"https:\/\/vinoteka-sodcek.si\/#organization","name":"Vinoteka Sod\u010dek, Ale\u0161 \u010ceba\u0161ek s.p.","url":"https:\/\/vinoteka-sodcek.si\/","logo":{"@type":"ImageObject","inLanguage":"en-US","@id":"https:\/\/vinoteka-sodcek.si\/#\/schema\/logo\/image\/","url":"https:\/\/beta.vinoteka-sodcek.si\/wp-content\/uploads\/vinoteka-sodcek-logo.png","contentUrl":"https:\/\/beta.vinoteka-sodcek.si\/wp-content\/uploads\/vinoteka-sodcek-logo.png","width":300,"height":90,"caption":"Vinoteka Sod\u010dek, Ale\u0161 \u010ceba\u0161ek s.p."},"image":{"@id":"https:\/\/vinoteka-sodcek.si\/#\/schema\/logo\/image\/"},"sameAs":["https:\/\/www.facebook.com\/vinotekasodcek\/"]}]}},"_links":{"self":[{"href":"https:\/\/vinoteka-sodcek.si\/en\/wp-json\/\/wp\/v2\/product\/740"}],"collection":[{"href":"https:\/\/vinoteka-sodcek.si\/en\/wp-json\/\/wp\/v2\/product"}],"about":[{"href":"https:\/\/vinoteka-sodcek.si\/en\/wp-json\/\/wp\/v2\/types\/product"}],"wp:featuredmedia":[{"embeddable":true,"href":"https:\/\/vinoteka-sodcek.si\/en\/wp-json\/\/wp\/v2\/media\/739"}],"wp:attachment":[{"href":"https:\/\/vinoteka-sodcek.si\/en\/wp-json\/\/wp\/v2\/media?parent=740"}],"wp:term":[{"taxonomy":"product_cat","embeddable":true,"href":"https:\/\/vinoteka-sodcek.si\/en\/wp-json\/\/wp\/v2\/product_cat?post=740"},{"taxonomy":"product_tag","embeddable":true,"href":"https:\/\/vinoteka-sodcek.si\/en\/wp-json\/\/wp\/v2\/product_tag?post=740"}],"curies":[{"name":"wp","href":"https:\/\/api.w.org\/{rel}","templated":true}]}}