{"id":754,"date":"2024-03-15T17:20:34","date_gmt":"2024-03-15T16:20:34","guid":{"rendered":"http:\/\/192.168.64.105\/GitHub\/vinoteka-sodcek\/?post_type=product&#038;p=754"},"modified":"2026-01-08T09:22:50","modified_gmt":"2026-01-08T08:22:50","slug":"herga-modri-pinot-mihalovci","status":"publish","type":"product","link":"https:\/\/vinoteka-sodcek.si\/en\/shop\/wines\/red-wines\/herga-modri-pinot-mihalovci\/","title":{"rendered":"Modri pinot Mihalovci"},"content":{"rendered":"<p>The Herga premium Pinot noir represents the ultimate in pinot noir. It is produced only in good vintages. With this wine, they are looking for a &#8216;classic&#8217; expression of the pinot noir of the cold Styrian climate.<\/p>\n<p>The wine is aged for 24 months in barrique casks before bottling. It is a delicate garnet colour, with a medium-accentuated, ripe bouquet. It is reminiscent of wild berries, forest fruits, smoke and forest undergrowth. It is dry on the palate, with the elegant character of a pinot noir from cold places.<\/p>\n<p>&nbsp;<\/p>\n","protected":false},"excerpt":{"rendered":"<p>The Herga premium Pinot noir represents the ultimate in pinot noir. It is produced only in good vintages. With this wine, they are looking for a &#8216;classic&#8217; expression of the pinot&#8230;<\/p>\n","protected":false},"featured_media":2634,"template":"","meta":[],"product_cat":[20],"product_tag":[],"acf":[],"yoast_head":"<!-- This site is optimized with the Yoast SEO plugin v22.2 - https:\/\/yoast.com\/wordpress\/plugins\/seo\/ -->\n<title>Modri pinot Mihalovci | Vinoteka Sod\u010dek<\/title>\n<meta name=\"description\" content=\"Modri pinot Mihajlovci Herga is medium, ripe and delicate garnet in colour. Reminiscent of wild berries, smoke and forest undergrowth.\" \/>\n<meta name=\"robots\" content=\"index, follow, max-snippet:-1, max-image-preview:large, max-video-preview:-1\" \/>\n<meta property=\"og:locale\" content=\"en_US\" \/>\n<meta property=\"og:type\" content=\"article\" \/>\n<meta property=\"og:title\" content=\"Modri pinot Mihalovci\" \/>\n<meta property=\"og:description\" content=\"Modri pinot Mihajlovci Herga is medium, ripe and delicate garnet in colour. Reminiscent of wild berries, smoke and forest undergrowth.\" \/>\n<meta property=\"og:url\" content=\"https:\/\/vinoteka-sodcek.si\/en\/shop\/wines\/red-wines\/herga-modri-pinot-mihalovci\/\" \/>\n<meta property=\"og:site_name\" content=\"Vinoteka Sod\u010dek\" \/>\n<meta property=\"article:publisher\" content=\"https:\/\/www.facebook.com\/vinotekasodcek\/\" \/>\n<meta property=\"article:modified_time\" content=\"2026-01-08T08:22:50+00:00\" \/>\n<meta property=\"og:image\" content=\"https:\/\/vinoteka-sodcek.si\/wp-content\/uploads\/mp-herga-scaled.jpg\" \/>\n\t<meta property=\"og:image:width\" content=\"670\" \/>\n\t<meta property=\"og:image:height\" content=\"2560\" \/>\n\t<meta property=\"og:image:type\" content=\"image\/jpeg\" \/>\n<meta name=\"twitter:card\" content=\"summary_large_image\" \/>\n<!-- \/ Yoast SEO plugin. -->","yoast_head_json":{"title":"Modri pinot Mihalovci | Vinoteka Sod\u010dek","description":"[:sl]Modri pinot Mihajlovci Herga je ne\u017eno granatne barve, cvetica je srednje poudarjena, dozorela. Spominja na gozdne jagode, dim ter gozdno podrast.[:en]Modri pinot Mihajlovci Herga is medium, ripe and delicate garnet in colour. Reminiscent of wild berries, smoke and forest undergrowth.[:]","robots":{"index":"index","follow":"follow","max-snippet":"max-snippet:-1","max-image-preview":"max-image-preview:large","max-video-preview":"max-video-preview:-1"},"og_locale":"en_US","og_type":"article","og_title":"[:sl]Modri pinot Mihalovci[:en]Modri pinot Mihalovci[:] | Vinoteka Sod\u010dek","og_description":"[:sl]Modri pinot Mihajlovci Herga je ne\u017eno granatne barve, cvetica je srednje poudarjena, dozorela. Spominja na gozdne jagode, dim ter gozdno podrast.[:en]Modri pinot Mihajlovci Herga is medium, ripe and delicate garnet in colour. Reminiscent of wild berries, smoke and forest undergrowth.[:]","og_url":"https:\/\/vinoteka-sodcek.si\/en\/shop\/wines\/red-wines\/herga-modri-pinot-mihalovci\/","og_site_name":"Vinoteka Sod\u010dek","article_publisher":"https:\/\/www.facebook.com\/vinotekasodcek\/","article_modified_time":"2026-01-08T08:22:50+00:00","og_image":[{"width":670,"height":2560,"url":"https:\/\/vinoteka-sodcek.si\/wp-content\/uploads\/mp-herga-scaled.jpg","type":"image\/jpeg"}],"twitter_card":"summary_large_image","schema":{"@context":"https:\/\/schema.org","@graph":[{"@type":"WebPage","@id":"https:\/\/vinoteka-sodcek.si\/trgovina\/vina\/rdeca-vina\/herga-modri-pinot-mihalovci\/","url":"https:\/\/vinoteka-sodcek.si\/trgovina\/vina\/rdeca-vina\/herga-modri-pinot-mihalovci\/","name":"[:sl]Modri pinot Mihalovci[:en]Modri pinot Mihalovci[:] | Vinoteka Sod\u010dek","isPartOf":{"@id":"https:\/\/vinoteka-sodcek.si\/#website"},"primaryImageOfPage":{"@id":"https:\/\/vinoteka-sodcek.si\/trgovina\/vina\/rdeca-vina\/herga-modri-pinot-mihalovci\/#primaryimage"},"image":{"@id":"https:\/\/vinoteka-sodcek.si\/trgovina\/vina\/rdeca-vina\/herga-modri-pinot-mihalovci\/#primaryimage"},"thumbnailUrl":"https:\/\/vinoteka-sodcek.si\/wp-content\/uploads\/mp-herga-scaled.jpg","datePublished":"2024-03-15T16:20:34+00:00","dateModified":"2026-01-08T08:22:50+00:00","description":"[:sl]Modri pinot Mihajlovci Herga je ne\u017eno granatne barve, cvetica je srednje poudarjena, dozorela. Spominja na gozdne jagode, dim ter gozdno podrast.[:en]Modri pinot Mihajlovci Herga is medium, ripe and delicate garnet in colour. Reminiscent of wild berries, smoke and forest undergrowth.[:]","breadcrumb":{"@id":"https:\/\/vinoteka-sodcek.si\/trgovina\/vina\/rdeca-vina\/herga-modri-pinot-mihalovci\/#breadcrumb"},"inLanguage":"en-US","potentialAction":[{"@type":"ReadAction","target":["https:\/\/vinoteka-sodcek.si\/trgovina\/vina\/rdeca-vina\/herga-modri-pinot-mihalovci\/"]}]},{"@type":"ImageObject","inLanguage":"en-US","@id":"https:\/\/vinoteka-sodcek.si\/trgovina\/vina\/rdeca-vina\/herga-modri-pinot-mihalovci\/#primaryimage","url":"https:\/\/vinoteka-sodcek.si\/wp-content\/uploads\/mp-herga-scaled.jpg","contentUrl":"https:\/\/vinoteka-sodcek.si\/wp-content\/uploads\/mp-herga-scaled.jpg","width":670,"height":2560},{"@type":"BreadcrumbList","@id":"https:\/\/vinoteka-sodcek.si\/trgovina\/vina\/rdeca-vina\/herga-modri-pinot-mihalovci\/#breadcrumb","itemListElement":[{"@type":"ListItem","position":1,"name":"Home","item":"https:\/\/vinoteka-sodcek.si\/en\/"},{"@type":"ListItem","position":2,"name":"Trgovina","item":"https:\/\/vinoteka-sodcek.si\/trgovina\/"},{"@type":"ListItem","position":3,"name":"Modri pinot Mihalovci"}]},{"@type":"WebSite","@id":"https:\/\/vinoteka-sodcek.si\/#website","url":"https:\/\/vinoteka-sodcek.si\/","name":"Vinoteka Sod\u010dek","description":"Vinoteka z vrhunskimi vini","publisher":{"@id":"https:\/\/vinoteka-sodcek.si\/#organization"},"potentialAction":[{"@type":"SearchAction","target":{"@type":"EntryPoint","urlTemplate":"https:\/\/vinoteka-sodcek.si\/?s={search_term_string}"},"query-input":"required name=search_term_string"}],"inLanguage":"en-US"},{"@type":"Organization","@id":"https:\/\/vinoteka-sodcek.si\/#organization","name":"Vinoteka Sod\u010dek, Ale\u0161 \u010ceba\u0161ek s.p.","url":"https:\/\/vinoteka-sodcek.si\/","logo":{"@type":"ImageObject","inLanguage":"en-US","@id":"https:\/\/vinoteka-sodcek.si\/#\/schema\/logo\/image\/","url":"https:\/\/beta.vinoteka-sodcek.si\/wp-content\/uploads\/vinoteka-sodcek-logo.png","contentUrl":"https:\/\/beta.vinoteka-sodcek.si\/wp-content\/uploads\/vinoteka-sodcek-logo.png","width":300,"height":90,"caption":"Vinoteka Sod\u010dek, Ale\u0161 \u010ceba\u0161ek s.p."},"image":{"@id":"https:\/\/vinoteka-sodcek.si\/#\/schema\/logo\/image\/"},"sameAs":["https:\/\/www.facebook.com\/vinotekasodcek\/"]}]}},"_links":{"self":[{"href":"https:\/\/vinoteka-sodcek.si\/en\/wp-json\/\/wp\/v2\/product\/754"}],"collection":[{"href":"https:\/\/vinoteka-sodcek.si\/en\/wp-json\/\/wp\/v2\/product"}],"about":[{"href":"https:\/\/vinoteka-sodcek.si\/en\/wp-json\/\/wp\/v2\/types\/product"}],"wp:featuredmedia":[{"embeddable":true,"href":"https:\/\/vinoteka-sodcek.si\/en\/wp-json\/\/wp\/v2\/media\/2634"}],"wp:attachment":[{"href":"https:\/\/vinoteka-sodcek.si\/en\/wp-json\/\/wp\/v2\/media?parent=754"}],"wp:term":[{"taxonomy":"product_cat","embeddable":true,"href":"https:\/\/vinoteka-sodcek.si\/en\/wp-json\/\/wp\/v2\/product_cat?post=754"},{"taxonomy":"product_tag","embeddable":true,"href":"https:\/\/vinoteka-sodcek.si\/en\/wp-json\/\/wp\/v2\/product_tag?post=754"}],"curies":[{"name":"wp","href":"https:\/\/api.w.org\/{rel}","templated":true}]}}