{"id":756,"date":"2024-03-15T17:20:35","date_gmt":"2024-03-15T16:20:35","guid":{"rendered":"http:\/\/192.168.64.105\/GitHub\/vinoteka-sodcek\/trgovina\/uncategorized\/herga-sauvignon\/"},"modified":"2026-01-22T10:50:38","modified_gmt":"2026-01-22T09:50:38","slug":"herga-sauvignon","status":"publish","type":"product","link":"https:\/\/vinoteka-sodcek.si\/en\/shop\/wines\/white-wines\/herga-sauvignon\/","title":{"rendered":"Sauvignon"},"content":{"rendered":"<p>After the harvest is completed, very fast fermentation and maturation in steel tanks on fine lees are followed by about 5 months.<\/p>\n<p>Wine is a gentle lemon color, very vibrant, with a strong flower that is reminiscent of passion fruit and citrus. It is extremely fragrant sauvignon.<\/p>\n<p>It is dry in the mouth and the structure is lively and slightly oiled.\u00a0 The character in the mouth is very varied and pronounced.<\/p>\n","protected":false},"excerpt":{"rendered":"<p>After the harvest is completed, very fast fermentation and maturation in steel tanks on fine lees are followed by about 5 months. Wine is a gentle lemon color, very vibrant, with&#8230;<\/p>\n","protected":false},"featured_media":755,"template":"","meta":[],"product_cat":[19],"product_tag":[],"acf":[],"yoast_head":"<!-- This site is optimized with the Yoast SEO plugin v22.2 - https:\/\/yoast.com\/wordpress\/plugins\/seo\/ -->\n<title>Sauvignon | Vinoteka Sod\u010dek<\/title>\n<meta name=\"description\" content=\"Sauvignon Herga is aged in steel tanks on fine lees for about 5 months. Strong flowers, reminiscent of passion fruit and citrus. It is highly fragrant.\" \/>\n<meta name=\"robots\" content=\"index, follow, max-snippet:-1, max-image-preview:large, max-video-preview:-1\" \/>\n<meta property=\"og:locale\" content=\"en_US\" \/>\n<meta property=\"og:type\" content=\"article\" \/>\n<meta property=\"og:title\" content=\"Sauvignon\" \/>\n<meta property=\"og:description\" content=\"Sauvignon Herga is aged in steel tanks on fine lees for about 5 months. Strong flowers, reminiscent of passion fruit and citrus. It is highly fragrant.\" \/>\n<meta property=\"og:url\" content=\"https:\/\/vinoteka-sodcek.si\/en\/shop\/wines\/white-wines\/herga-sauvignon\/\" \/>\n<meta property=\"og:site_name\" content=\"Vinoteka Sod\u010dek\" \/>\n<meta property=\"article:publisher\" content=\"https:\/\/www.facebook.com\/vinotekasodcek\/\" \/>\n<meta property=\"article:modified_time\" content=\"2026-01-22T09:50:38+00:00\" \/>\n<meta property=\"og:image\" content=\"https:\/\/vinoteka-sodcek.si\/wp-content\/uploads\/Sauvignon-Herga-.jpg\" \/>\n\t<meta property=\"og:image:width\" content=\"201\" \/>\n\t<meta property=\"og:image:height\" content=\"725\" \/>\n\t<meta property=\"og:image:type\" content=\"image\/jpeg\" \/>\n<meta name=\"twitter:card\" content=\"summary_large_image\" \/>\n<!-- \/ Yoast SEO plugin. -->","yoast_head_json":{"title":"Sauvignon | Vinoteka Sod\u010dek","description":"[:sl]Sauvignon Herga zori v jeklenih cisternah na finih dro\u017eeh cca 5 mesecev. Mo\u010dne cvetice, ki spominja na pasijonko in citruse. Je izrazito di\u0161e\u010d.[:en]Sauvignon Herga is aged in steel tanks on fine lees for about 5 months. Strong flowers, reminiscent of passion fruit and citrus. It is highly fragrant.[:]","robots":{"index":"index","follow":"follow","max-snippet":"max-snippet:-1","max-image-preview":"max-image-preview:large","max-video-preview":"max-video-preview:-1"},"og_locale":"en_US","og_type":"article","og_title":"[:sl]Sauvignon[:en]Sauvignon[:] | Vinoteka Sod\u010dek","og_description":"[:sl]Sauvignon Herga zori v jeklenih cisternah na finih dro\u017eeh cca 5 mesecev. Mo\u010dne cvetice, ki spominja na pasijonko in citruse. Je izrazito di\u0161e\u010d.[:en]Sauvignon Herga is aged in steel tanks on fine lees for about 5 months. Strong flowers, reminiscent of passion fruit and citrus. It is highly fragrant.[:]","og_url":"https:\/\/vinoteka-sodcek.si\/en\/shop\/wines\/white-wines\/herga-sauvignon\/","og_site_name":"Vinoteka Sod\u010dek","article_publisher":"https:\/\/www.facebook.com\/vinotekasodcek\/","article_modified_time":"2026-01-22T09:50:38+00:00","og_image":[{"width":201,"height":725,"url":"https:\/\/vinoteka-sodcek.si\/wp-content\/uploads\/Sauvignon-Herga-.jpg","type":"image\/jpeg"}],"twitter_card":"summary_large_image","schema":{"@context":"https:\/\/schema.org","@graph":[{"@type":"WebPage","@id":"https:\/\/vinoteka-sodcek.si\/trgovina\/vina\/bela-vina\/herga-sauvignon\/","url":"https:\/\/vinoteka-sodcek.si\/trgovina\/vina\/bela-vina\/herga-sauvignon\/","name":"[:sl]Sauvignon[:en]Sauvignon[:] | Vinoteka Sod\u010dek","isPartOf":{"@id":"https:\/\/vinoteka-sodcek.si\/#website"},"primaryImageOfPage":{"@id":"https:\/\/vinoteka-sodcek.si\/trgovina\/vina\/bela-vina\/herga-sauvignon\/#primaryimage"},"image":{"@id":"https:\/\/vinoteka-sodcek.si\/trgovina\/vina\/bela-vina\/herga-sauvignon\/#primaryimage"},"thumbnailUrl":"https:\/\/vinoteka-sodcek.si\/wp-content\/uploads\/Sauvignon-Herga-.jpg","datePublished":"2024-03-15T16:20:35+00:00","dateModified":"2026-01-22T09:50:38+00:00","description":"[:sl]Sauvignon Herga zori v jeklenih cisternah na finih dro\u017eeh cca 5 mesecev. Mo\u010dne cvetice, ki spominja na pasijonko in citruse. Je izrazito di\u0161e\u010d.[:en]Sauvignon Herga is aged in steel tanks on fine lees for about 5 months. Strong flowers, reminiscent of passion fruit and citrus. It is highly fragrant.[:]","breadcrumb":{"@id":"https:\/\/vinoteka-sodcek.si\/trgovina\/vina\/bela-vina\/herga-sauvignon\/#breadcrumb"},"inLanguage":"en-US","potentialAction":[{"@type":"ReadAction","target":["https:\/\/vinoteka-sodcek.si\/trgovina\/vina\/bela-vina\/herga-sauvignon\/"]}]},{"@type":"ImageObject","inLanguage":"en-US","@id":"https:\/\/vinoteka-sodcek.si\/trgovina\/vina\/bela-vina\/herga-sauvignon\/#primaryimage","url":"https:\/\/vinoteka-sodcek.si\/wp-content\/uploads\/Sauvignon-Herga-.jpg","contentUrl":"https:\/\/vinoteka-sodcek.si\/wp-content\/uploads\/Sauvignon-Herga-.jpg","width":201,"height":725},{"@type":"BreadcrumbList","@id":"https:\/\/vinoteka-sodcek.si\/trgovina\/vina\/bela-vina\/herga-sauvignon\/#breadcrumb","itemListElement":[{"@type":"ListItem","position":1,"name":"Home","item":"https:\/\/vinoteka-sodcek.si\/en\/"},{"@type":"ListItem","position":2,"name":"Trgovina","item":"https:\/\/vinoteka-sodcek.si\/trgovina\/"},{"@type":"ListItem","position":3,"name":"Sauvignon"}]},{"@type":"WebSite","@id":"https:\/\/vinoteka-sodcek.si\/#website","url":"https:\/\/vinoteka-sodcek.si\/","name":"Vinoteka Sod\u010dek","description":"Vinoteka z vrhunskimi vini","publisher":{"@id":"https:\/\/vinoteka-sodcek.si\/#organization"},"potentialAction":[{"@type":"SearchAction","target":{"@type":"EntryPoint","urlTemplate":"https:\/\/vinoteka-sodcek.si\/?s={search_term_string}"},"query-input":"required name=search_term_string"}],"inLanguage":"en-US"},{"@type":"Organization","@id":"https:\/\/vinoteka-sodcek.si\/#organization","name":"Vinoteka Sod\u010dek, Ale\u0161 \u010ceba\u0161ek s.p.","url":"https:\/\/vinoteka-sodcek.si\/","logo":{"@type":"ImageObject","inLanguage":"en-US","@id":"https:\/\/vinoteka-sodcek.si\/#\/schema\/logo\/image\/","url":"https:\/\/beta.vinoteka-sodcek.si\/wp-content\/uploads\/vinoteka-sodcek-logo.png","contentUrl":"https:\/\/beta.vinoteka-sodcek.si\/wp-content\/uploads\/vinoteka-sodcek-logo.png","width":300,"height":90,"caption":"Vinoteka Sod\u010dek, Ale\u0161 \u010ceba\u0161ek s.p."},"image":{"@id":"https:\/\/vinoteka-sodcek.si\/#\/schema\/logo\/image\/"},"sameAs":["https:\/\/www.facebook.com\/vinotekasodcek\/"]}]}},"_links":{"self":[{"href":"https:\/\/vinoteka-sodcek.si\/en\/wp-json\/\/wp\/v2\/product\/756"}],"collection":[{"href":"https:\/\/vinoteka-sodcek.si\/en\/wp-json\/\/wp\/v2\/product"}],"about":[{"href":"https:\/\/vinoteka-sodcek.si\/en\/wp-json\/\/wp\/v2\/types\/product"}],"wp:featuredmedia":[{"embeddable":true,"href":"https:\/\/vinoteka-sodcek.si\/en\/wp-json\/\/wp\/v2\/media\/755"}],"wp:attachment":[{"href":"https:\/\/vinoteka-sodcek.si\/en\/wp-json\/\/wp\/v2\/media?parent=756"}],"wp:term":[{"taxonomy":"product_cat","embeddable":true,"href":"https:\/\/vinoteka-sodcek.si\/en\/wp-json\/\/wp\/v2\/product_cat?post=756"},{"taxonomy":"product_tag","embeddable":true,"href":"https:\/\/vinoteka-sodcek.si\/en\/wp-json\/\/wp\/v2\/product_tag?post=756"}],"curies":[{"name":"wp","href":"https:\/\/api.w.org\/{rel}","templated":true}]}}