{"id":778,"date":"2024-03-15T17:20:35","date_gmt":"2024-03-15T16:20:35","guid":{"rendered":"http:\/\/192.168.64.105\/GitHub\/vinoteka-sodcek\/trgovina\/uncategorized\/puklavec-family-wines-sivi-pinot-seven-numbers\/"},"modified":"2025-05-19T08:22:07","modified_gmt":"2025-05-19T07:22:07","slug":"puklavec-family-wines-sivi-pinot-seven-numbers","status":"publish","type":"product","link":"https:\/\/vinoteka-sodcek.si\/en\/shop\/wines\/white-wines\/puklavec-family-wines-sivi-pinot-seven-numbers\/","title":{"rendered":"Pinot Grigio &#8211; 7 numbers"},"content":{"rendered":"<p>After a controlled fermentation in stainless steel tanks and oak barrels at low temperatures, the wine is aged in oak barrels only for a further 6 months.<\/p>\n<p>It is a full-bodied wine with a distinctive varietal character, intertwining wonderful aromas of ripe apples and peaches with peppery and spicy notes, and a hint of vanilla for a pleasant long aftertaste. Thanks to its ageing in oak barrels, the wine has a rich and complex flavour.<\/p>\n","protected":false},"excerpt":{"rendered":"<p>After a controlled fermentation in stainless steel tanks and oak barrels at low temperatures, the wine is aged in oak barrels only for a further 6 months. It is a full-bodied&#8230;<\/p>\n","protected":false},"featured_media":777,"template":"","meta":[],"product_cat":[19],"product_tag":[],"acf":[],"yoast_head":"<!-- This site is optimized with the Yoast SEO plugin v22.2 - https:\/\/yoast.com\/wordpress\/plugins\/seo\/ -->\n<title>Pinot Grigio - 7 numbers | Vinoteka Sod\u010dek<\/title>\n<meta name=\"description\" content=\"Sivi pinot numbers Puklavec is a full-bodied wine with a distinctive varietal character, intertwining wonderful aromas of ripe apples and peaches.\" \/>\n<meta name=\"robots\" content=\"index, follow, max-snippet:-1, max-image-preview:large, max-video-preview:-1\" \/>\n<meta property=\"og:locale\" content=\"en_US\" \/>\n<meta property=\"og:type\" content=\"article\" \/>\n<meta property=\"og:title\" content=\"Pinot Grigio - 7 numbers\" \/>\n<meta property=\"og:description\" content=\"Sivi pinot numbers Puklavec is a full-bodied wine with a distinctive varietal character, intertwining wonderful aromas of ripe apples and peaches.\" \/>\n<meta property=\"og:url\" content=\"https:\/\/vinoteka-sodcek.si\/en\/shop\/wines\/white-wines\/puklavec-family-wines-sivi-pinot-seven-numbers\/\" \/>\n<meta property=\"og:site_name\" content=\"Vinoteka Sod\u010dek\" \/>\n<meta property=\"article:publisher\" content=\"https:\/\/www.facebook.com\/vinotekasodcek\/\" \/>\n<meta property=\"article:modified_time\" content=\"2025-05-19T07:22:07+00:00\" \/>\n<meta property=\"og:image\" content=\"https:\/\/vinoteka-sodcek.si\/wp-content\/uploads\/Seven-numbers-Pinot-Grigio-HR-PNG-2.jpg\" \/>\n\t<meta property=\"og:image:width\" content=\"153\" \/>\n\t<meta property=\"og:image:height\" content=\"621\" \/>\n\t<meta property=\"og:image:type\" content=\"image\/jpeg\" \/>\n<meta name=\"twitter:card\" content=\"summary_large_image\" \/>\n<!-- \/ Yoast SEO plugin. -->","yoast_head_json":{"title":"Pinot Grigio - 7 numbers | Vinoteka Sod\u010dek","description":"[:sl]Sivi pinot numbers Puklavec je polno vino z zna\u010dilnim sortnim karakterjem, v katerem se ve\u010dplastno prepletajo \u010dudovite arome zrelih jabolk in breskev.[:en]Sivi pinot numbers Puklavec is a full-bodied wine with a distinctive varietal character, intertwining wonderful aromas of ripe apples and peaches.[:]","robots":{"index":"index","follow":"follow","max-snippet":"max-snippet:-1","max-image-preview":"max-image-preview:large","max-video-preview":"max-video-preview:-1"},"og_locale":"en_US","og_type":"article","og_title":"[:sl]Sivi pinot - 7 numbers[:en]Pinot Grigio - 7 numbers[:] | Vinoteka Sod\u010dek","og_description":"[:sl]Sivi pinot numbers Puklavec je polno vino z zna\u010dilnim sortnim karakterjem, v katerem se ve\u010dplastno prepletajo \u010dudovite arome zrelih jabolk in breskev.[:en]Sivi pinot numbers Puklavec is a full-bodied wine with a distinctive varietal character, intertwining wonderful aromas of ripe apples and peaches.[:]","og_url":"https:\/\/vinoteka-sodcek.si\/en\/shop\/wines\/white-wines\/puklavec-family-wines-sivi-pinot-seven-numbers\/","og_site_name":"Vinoteka Sod\u010dek","article_publisher":"https:\/\/www.facebook.com\/vinotekasodcek\/","article_modified_time":"2025-05-19T07:22:07+00:00","og_image":[{"width":153,"height":621,"url":"https:\/\/vinoteka-sodcek.si\/wp-content\/uploads\/Seven-numbers-Pinot-Grigio-HR-PNG-2.jpg","type":"image\/jpeg"}],"twitter_card":"summary_large_image","schema":{"@context":"https:\/\/schema.org","@graph":[{"@type":"WebPage","@id":"https:\/\/vinoteka-sodcek.si\/trgovina\/vina\/bela-vina\/puklavec-family-wines-sivi-pinot-seven-numbers\/","url":"https:\/\/vinoteka-sodcek.si\/trgovina\/vina\/bela-vina\/puklavec-family-wines-sivi-pinot-seven-numbers\/","name":"[:sl]Sivi pinot - 7 numbers[:en]Pinot Grigio - 7 numbers[:] | Vinoteka Sod\u010dek","isPartOf":{"@id":"https:\/\/vinoteka-sodcek.si\/#website"},"primaryImageOfPage":{"@id":"https:\/\/vinoteka-sodcek.si\/trgovina\/vina\/bela-vina\/puklavec-family-wines-sivi-pinot-seven-numbers\/#primaryimage"},"image":{"@id":"https:\/\/vinoteka-sodcek.si\/trgovina\/vina\/bela-vina\/puklavec-family-wines-sivi-pinot-seven-numbers\/#primaryimage"},"thumbnailUrl":"https:\/\/vinoteka-sodcek.si\/wp-content\/uploads\/Seven-numbers-Pinot-Grigio-HR-PNG-2.jpg","datePublished":"2024-03-15T16:20:35+00:00","dateModified":"2025-05-19T07:22:07+00:00","description":"[:sl]Sivi pinot numbers Puklavec je polno vino z zna\u010dilnim sortnim karakterjem, v katerem se ve\u010dplastno prepletajo \u010dudovite arome zrelih jabolk in breskev.[:en]Sivi pinot numbers Puklavec is a full-bodied wine with a distinctive varietal character, intertwining wonderful aromas of ripe apples and peaches.[:]","breadcrumb":{"@id":"https:\/\/vinoteka-sodcek.si\/trgovina\/vina\/bela-vina\/puklavec-family-wines-sivi-pinot-seven-numbers\/#breadcrumb"},"inLanguage":"en-US","potentialAction":[{"@type":"ReadAction","target":["https:\/\/vinoteka-sodcek.si\/trgovina\/vina\/bela-vina\/puklavec-family-wines-sivi-pinot-seven-numbers\/"]}]},{"@type":"ImageObject","inLanguage":"en-US","@id":"https:\/\/vinoteka-sodcek.si\/trgovina\/vina\/bela-vina\/puklavec-family-wines-sivi-pinot-seven-numbers\/#primaryimage","url":"https:\/\/vinoteka-sodcek.si\/wp-content\/uploads\/Seven-numbers-Pinot-Grigio-HR-PNG-2.jpg","contentUrl":"https:\/\/vinoteka-sodcek.si\/wp-content\/uploads\/Seven-numbers-Pinot-Grigio-HR-PNG-2.jpg","width":153,"height":621},{"@type":"BreadcrumbList","@id":"https:\/\/vinoteka-sodcek.si\/trgovina\/vina\/bela-vina\/puklavec-family-wines-sivi-pinot-seven-numbers\/#breadcrumb","itemListElement":[{"@type":"ListItem","position":1,"name":"Home","item":"https:\/\/vinoteka-sodcek.si\/en\/"},{"@type":"ListItem","position":2,"name":"Trgovina","item":"https:\/\/vinoteka-sodcek.si\/trgovina\/"},{"@type":"ListItem","position":3,"name":"Sivi pinot &#8211; 7 numbers"}]},{"@type":"WebSite","@id":"https:\/\/vinoteka-sodcek.si\/#website","url":"https:\/\/vinoteka-sodcek.si\/","name":"Vinoteka Sod\u010dek","description":"Vinoteka z vrhunskimi vini","publisher":{"@id":"https:\/\/vinoteka-sodcek.si\/#organization"},"potentialAction":[{"@type":"SearchAction","target":{"@type":"EntryPoint","urlTemplate":"https:\/\/vinoteka-sodcek.si\/?s={search_term_string}"},"query-input":"required name=search_term_string"}],"inLanguage":"en-US"},{"@type":"Organization","@id":"https:\/\/vinoteka-sodcek.si\/#organization","name":"Vinoteka Sod\u010dek, Ale\u0161 \u010ceba\u0161ek s.p.","url":"https:\/\/vinoteka-sodcek.si\/","logo":{"@type":"ImageObject","inLanguage":"en-US","@id":"https:\/\/vinoteka-sodcek.si\/#\/schema\/logo\/image\/","url":"https:\/\/beta.vinoteka-sodcek.si\/wp-content\/uploads\/vinoteka-sodcek-logo.png","contentUrl":"https:\/\/beta.vinoteka-sodcek.si\/wp-content\/uploads\/vinoteka-sodcek-logo.png","width":300,"height":90,"caption":"Vinoteka Sod\u010dek, Ale\u0161 \u010ceba\u0161ek s.p."},"image":{"@id":"https:\/\/vinoteka-sodcek.si\/#\/schema\/logo\/image\/"},"sameAs":["https:\/\/www.facebook.com\/vinotekasodcek\/"]}]}},"_links":{"self":[{"href":"https:\/\/vinoteka-sodcek.si\/en\/wp-json\/\/wp\/v2\/product\/778"}],"collection":[{"href":"https:\/\/vinoteka-sodcek.si\/en\/wp-json\/\/wp\/v2\/product"}],"about":[{"href":"https:\/\/vinoteka-sodcek.si\/en\/wp-json\/\/wp\/v2\/types\/product"}],"wp:featuredmedia":[{"embeddable":true,"href":"https:\/\/vinoteka-sodcek.si\/en\/wp-json\/\/wp\/v2\/media\/777"}],"wp:attachment":[{"href":"https:\/\/vinoteka-sodcek.si\/en\/wp-json\/\/wp\/v2\/media?parent=778"}],"wp:term":[{"taxonomy":"product_cat","embeddable":true,"href":"https:\/\/vinoteka-sodcek.si\/en\/wp-json\/\/wp\/v2\/product_cat?post=778"},{"taxonomy":"product_tag","embeddable":true,"href":"https:\/\/vinoteka-sodcek.si\/en\/wp-json\/\/wp\/v2\/product_tag?post=778"}],"curies":[{"name":"wp","href":"https:\/\/api.w.org\/{rel}","templated":true}]}}