{"id":780,"date":"2024-03-15T17:20:36","date_gmt":"2024-03-15T16:20:36","guid":{"rendered":"http:\/\/192.168.64.105\/GitHub\/vinoteka-sodcek\/trgovina\/uncategorized\/pullus-renski-rizling\/"},"modified":"2024-10-11T12:08:13","modified_gmt":"2024-10-11T11:08:13","slug":"pullus-renski-rizling","status":"publish","type":"product","link":"https:\/\/vinoteka-sodcek.si\/en\/shop\/wines\/white-wines\/pullus-renski-rizling\/","title":{"rendered":"Renski rizling"},"content":{"rendered":"<p>Fermentation and maturation takes place in stainless steel tanks for about 6 months.<\/p>\n<p>It has a delicate lemon colour. On the nose it is reminiscent of citrus fruits, especially lime, peach, toffee, green apple.<br \/>\nIt is austere, compact, austere and at times steely. The wine&#8217;s beautiful fruity character, pronounced acidity and a slight residual unadulterated sugar are repeated.<\/p>\n","protected":false},"excerpt":{"rendered":"<p>Fermentation and maturation takes place in stainless steel tanks for about 6 months. It has a delicate lemon colour. On the nose it is reminiscent of citrus fruits, especially lime, peach,&#8230;<\/p>\n","protected":false},"featured_media":779,"template":"","meta":[],"product_cat":[19],"product_tag":[],"acf":[],"yoast_head":"<!-- This site is optimized with the Yoast SEO plugin v22.2 - https:\/\/yoast.com\/wordpress\/plugins\/seo\/ -->\n<title>Renski rizling | Vinoteka Sod\u010dek<\/title>\n<meta name=\"description\" content=\"Renski rizling Pullus is a delicate lemon colour. On the nose, it is reminiscent of citrus fruits, especially lime, peach, fruity caramel, green apple.\" \/>\n<meta name=\"robots\" content=\"index, follow, max-snippet:-1, max-image-preview:large, max-video-preview:-1\" \/>\n<meta property=\"og:locale\" content=\"en_US\" \/>\n<meta property=\"og:type\" content=\"article\" \/>\n<meta property=\"og:title\" content=\"Renski rizling\" \/>\n<meta property=\"og:description\" content=\"Renski rizling Pullus is a delicate lemon colour. On the nose, it is reminiscent of citrus fruits, especially lime, peach, fruity caramel, green apple.\" \/>\n<meta property=\"og:url\" content=\"https:\/\/vinoteka-sodcek.si\/en\/shop\/wines\/white-wines\/pullus-renski-rizling\/\" \/>\n<meta property=\"og:site_name\" content=\"Vinoteka Sod\u010dek\" \/>\n<meta property=\"article:publisher\" content=\"https:\/\/www.facebook.com\/vinotekasodcek\/\" \/>\n<meta property=\"article:modified_time\" content=\"2024-10-11T11:08:13+00:00\" \/>\n<meta property=\"og:image\" content=\"https:\/\/vinoteka-sodcek.si\/wp-content\/uploads\/RenskiRizling_nv-1.jpg\" \/>\n\t<meta property=\"og:image:width\" content=\"165\" \/>\n\t<meta property=\"og:image:height\" content=\"634\" \/>\n\t<meta property=\"og:image:type\" content=\"image\/jpeg\" \/>\n<meta name=\"twitter:card\" content=\"summary_large_image\" \/>\n<!-- \/ Yoast SEO plugin. -->","yoast_head_json":{"title":"Renski rizling | Vinoteka Sod\u010dek","description":"[:sl]Renski rizling Pullus je ne\u017ene limonaste barve. Na nosu spominja na citruse, predvsem limeto, breskev, sadne karamele, zelena jabolka.[:en]Renski rizling Pullus is a delicate lemon colour. On the nose, it is reminiscent of citrus fruits, especially lime, peach, fruity caramel, green apple.[:]","robots":{"index":"index","follow":"follow","max-snippet":"max-snippet:-1","max-image-preview":"max-image-preview:large","max-video-preview":"max-video-preview:-1"},"og_locale":"en_US","og_type":"article","og_title":"[:sl]Renski rizling[:en]Renski rizling[:] | Vinoteka Sod\u010dek","og_description":"[:sl]Renski rizling Pullus je ne\u017ene limonaste barve. Na nosu spominja na citruse, predvsem limeto, breskev, sadne karamele, zelena jabolka.[:en]Renski rizling Pullus is a delicate lemon colour. On the nose, it is reminiscent of citrus fruits, especially lime, peach, fruity caramel, green apple.[:]","og_url":"https:\/\/vinoteka-sodcek.si\/en\/shop\/wines\/white-wines\/pullus-renski-rizling\/","og_site_name":"Vinoteka Sod\u010dek","article_publisher":"https:\/\/www.facebook.com\/vinotekasodcek\/","article_modified_time":"2024-10-11T11:08:13+00:00","og_image":[{"width":165,"height":634,"url":"https:\/\/vinoteka-sodcek.si\/wp-content\/uploads\/RenskiRizling_nv-1.jpg","type":"image\/jpeg"}],"twitter_card":"summary_large_image","schema":{"@context":"https:\/\/schema.org","@graph":[{"@type":"WebPage","@id":"https:\/\/vinoteka-sodcek.si\/en\/shop\/wines\/white-wines\/pullus-renski-rizling\/","url":"https:\/\/vinoteka-sodcek.si\/en\/shop\/wines\/white-wines\/pullus-renski-rizling\/","name":"[:sl]Renski rizling[:en]Renski rizling[:] | Vinoteka Sod\u010dek","isPartOf":{"@id":"https:\/\/vinoteka-sodcek.si\/#website"},"primaryImageOfPage":{"@id":"https:\/\/vinoteka-sodcek.si\/en\/shop\/wines\/white-wines\/pullus-renski-rizling\/#primaryimage"},"image":{"@id":"https:\/\/vinoteka-sodcek.si\/en\/shop\/wines\/white-wines\/pullus-renski-rizling\/#primaryimage"},"thumbnailUrl":"https:\/\/vinoteka-sodcek.si\/wp-content\/uploads\/RenskiRizling_nv-1.jpg","datePublished":"2024-03-15T16:20:36+00:00","dateModified":"2024-10-11T11:08:13+00:00","description":"[:sl]Renski rizling Pullus je ne\u017ene limonaste barve. Na nosu spominja na citruse, predvsem limeto, breskev, sadne karamele, zelena jabolka.[:en]Renski rizling Pullus is a delicate lemon colour. On the nose, it is reminiscent of citrus fruits, especially lime, peach, fruity caramel, green apple.[:]","breadcrumb":{"@id":"https:\/\/vinoteka-sodcek.si\/en\/shop\/wines\/white-wines\/pullus-renski-rizling\/#breadcrumb"},"inLanguage":"en-US","potentialAction":[{"@type":"ReadAction","target":["https:\/\/vinoteka-sodcek.si\/en\/shop\/wines\/white-wines\/pullus-renski-rizling\/"]}]},{"@type":"ImageObject","inLanguage":"en-US","@id":"https:\/\/vinoteka-sodcek.si\/en\/shop\/wines\/white-wines\/pullus-renski-rizling\/#primaryimage","url":"https:\/\/vinoteka-sodcek.si\/wp-content\/uploads\/RenskiRizling_nv-1.jpg","contentUrl":"https:\/\/vinoteka-sodcek.si\/wp-content\/uploads\/RenskiRizling_nv-1.jpg","width":165,"height":634},{"@type":"BreadcrumbList","@id":"https:\/\/vinoteka-sodcek.si\/en\/shop\/wines\/white-wines\/pullus-renski-rizling\/#breadcrumb","itemListElement":[{"@type":"ListItem","position":1,"name":"Home","item":"https:\/\/vinoteka-sodcek.si\/en\/"},{"@type":"ListItem","position":2,"name":"Trgovina","item":"https:\/\/vinoteka-sodcek.si\/trgovina\/"},{"@type":"ListItem","position":3,"name":"Renski rizling"}]},{"@type":"WebSite","@id":"https:\/\/vinoteka-sodcek.si\/#website","url":"https:\/\/vinoteka-sodcek.si\/","name":"Vinoteka Sod\u010dek","description":"Vinoteka z vrhunskimi vini","publisher":{"@id":"https:\/\/vinoteka-sodcek.si\/#organization"},"potentialAction":[{"@type":"SearchAction","target":{"@type":"EntryPoint","urlTemplate":"https:\/\/vinoteka-sodcek.si\/?s={search_term_string}"},"query-input":"required name=search_term_string"}],"inLanguage":"en-US"},{"@type":"Organization","@id":"https:\/\/vinoteka-sodcek.si\/#organization","name":"Vinoteka Sod\u010dek, Ale\u0161 \u010ceba\u0161ek s.p.","url":"https:\/\/vinoteka-sodcek.si\/","logo":{"@type":"ImageObject","inLanguage":"en-US","@id":"https:\/\/vinoteka-sodcek.si\/#\/schema\/logo\/image\/","url":"https:\/\/beta.vinoteka-sodcek.si\/wp-content\/uploads\/vinoteka-sodcek-logo.png","contentUrl":"https:\/\/beta.vinoteka-sodcek.si\/wp-content\/uploads\/vinoteka-sodcek-logo.png","width":300,"height":90,"caption":"Vinoteka Sod\u010dek, Ale\u0161 \u010ceba\u0161ek s.p."},"image":{"@id":"https:\/\/vinoteka-sodcek.si\/#\/schema\/logo\/image\/"},"sameAs":["https:\/\/www.facebook.com\/vinotekasodcek\/"]}]}},"_links":{"self":[{"href":"https:\/\/vinoteka-sodcek.si\/en\/wp-json\/\/wp\/v2\/product\/780"}],"collection":[{"href":"https:\/\/vinoteka-sodcek.si\/en\/wp-json\/\/wp\/v2\/product"}],"about":[{"href":"https:\/\/vinoteka-sodcek.si\/en\/wp-json\/\/wp\/v2\/types\/product"}],"wp:featuredmedia":[{"embeddable":true,"href":"https:\/\/vinoteka-sodcek.si\/en\/wp-json\/\/wp\/v2\/media\/779"}],"wp:attachment":[{"href":"https:\/\/vinoteka-sodcek.si\/en\/wp-json\/\/wp\/v2\/media?parent=780"}],"wp:term":[{"taxonomy":"product_cat","embeddable":true,"href":"https:\/\/vinoteka-sodcek.si\/en\/wp-json\/\/wp\/v2\/product_cat?post=780"},{"taxonomy":"product_tag","embeddable":true,"href":"https:\/\/vinoteka-sodcek.si\/en\/wp-json\/\/wp\/v2\/product_tag?post=780"}],"curies":[{"name":"wp","href":"https:\/\/api.w.org\/{rel}","templated":true}]}}