{"id":782,"date":"2024-03-15T17:20:36","date_gmt":"2024-03-15T16:20:36","guid":{"rendered":"http:\/\/192.168.64.105\/GitHub\/vinoteka-sodcek\/trgovina\/uncategorized\/pullus-pinky-chick\/"},"modified":"2024-10-11T11:57:25","modified_gmt":"2024-10-11T10:57:25","slug":"pullus-pinky-chick","status":"publish","type":"product","link":"https:\/\/vinoteka-sodcek.si\/en\/shop\/wines\/rose-wines\/pullus-pinky-chick\/","title":{"rendered":"Pinky chick"},"content":{"rendered":"<p>Fermentation and maturation takes place in stainless steel tanks for about 6 months.<\/p>\n<p>It is a delicate salmon-coloured, youthful, fresh, lively wine, which impresses on the nose with an extremely fruity aroma reminiscent of caramelised strawberries with cream and green apples. The acidity is lively but discreet and blends beautifully with the residual sugar.<\/p>\n","protected":false},"excerpt":{"rendered":"<p>Fermentation and maturation takes place in stainless steel tanks for about 6 months. It is a delicate salmon-coloured, youthful, fresh, lively wine, which impresses on the nose with an extremely fruity&#8230;<\/p>\n","protected":false},"featured_media":781,"template":"","meta":[],"product_cat":[21],"product_tag":[],"acf":[],"yoast_head":"<!-- This site is optimized with the Yoast SEO plugin v22.2 - https:\/\/yoast.com\/wordpress\/plugins\/seo\/ -->\n<title>Pinky chick | Vinoteka Sod\u010dek<\/title>\n<meta name=\"description\" content=\"Pinky chick Pullus is a delicate salmon-coloured, youthful, fresh, lively wine that impresses on the nose with an extremely fruity aroma.\" \/>\n<meta name=\"robots\" content=\"index, follow, max-snippet:-1, max-image-preview:large, max-video-preview:-1\" \/>\n<meta property=\"og:locale\" content=\"en_US\" \/>\n<meta property=\"og:type\" content=\"article\" \/>\n<meta property=\"og:title\" content=\"Pinky chick\" \/>\n<meta property=\"og:description\" content=\"Pinky chick Pullus is a delicate salmon-coloured, youthful, fresh, lively wine that impresses on the nose with an extremely fruity aroma.\" \/>\n<meta property=\"og:url\" content=\"https:\/\/vinoteka-sodcek.si\/en\/shop\/wines\/rose-wines\/pullus-pinky-chick\/\" \/>\n<meta property=\"og:site_name\" content=\"Vinoteka Sod\u010dek\" \/>\n<meta property=\"article:publisher\" content=\"https:\/\/www.facebook.com\/vinotekasodcek\/\" \/>\n<meta property=\"article:modified_time\" content=\"2024-10-11T10:57:25+00:00\" \/>\n<meta property=\"og:image\" content=\"https:\/\/vinoteka-sodcek.si\/wp-content\/uploads\/PinkyChick-1.jpg\" \/>\n\t<meta property=\"og:image:width\" content=\"163\" \/>\n\t<meta property=\"og:image:height\" content=\"646\" \/>\n\t<meta property=\"og:image:type\" content=\"image\/jpeg\" \/>\n<meta name=\"twitter:card\" content=\"summary_large_image\" \/>\n<!-- \/ Yoast SEO plugin. -->","yoast_head_json":{"title":"Pinky chick | Vinoteka Sod\u010dek","description":"[:sl]Pinky chick Pullus je ne\u017ene lososove barve, mladostno, sve\u017ee, \u017eivahno vino, ki v vonju navdu\u0161uje s izredno sadno aromatiko.[:en]Pinky chick Pullus is a delicate salmon-coloured, youthful, fresh, lively wine that impresses on the nose with an extremely fruity aroma.[:]","robots":{"index":"index","follow":"follow","max-snippet":"max-snippet:-1","max-image-preview":"max-image-preview:large","max-video-preview":"max-video-preview:-1"},"og_locale":"en_US","og_type":"article","og_title":"[:sl]Pinky chick[:en]Pinky chick[:] | Vinoteka Sod\u010dek","og_description":"[:sl]Pinky chick Pullus je ne\u017ene lososove barve, mladostno, sve\u017ee, \u017eivahno vino, ki v vonju navdu\u0161uje s izredno sadno aromatiko.[:en]Pinky chick Pullus is a delicate salmon-coloured, youthful, fresh, lively wine that impresses on the nose with an extremely fruity aroma.[:]","og_url":"https:\/\/vinoteka-sodcek.si\/en\/shop\/wines\/rose-wines\/pullus-pinky-chick\/","og_site_name":"Vinoteka Sod\u010dek","article_publisher":"https:\/\/www.facebook.com\/vinotekasodcek\/","article_modified_time":"2024-10-11T10:57:25+00:00","og_image":[{"width":163,"height":646,"url":"https:\/\/vinoteka-sodcek.si\/wp-content\/uploads\/PinkyChick-1.jpg","type":"image\/jpeg"}],"twitter_card":"summary_large_image","schema":{"@context":"https:\/\/schema.org","@graph":[{"@type":"WebPage","@id":"https:\/\/vinoteka-sodcek.si\/trgovina\/vina\/rose-vina\/pullus-pinky-chick\/","url":"https:\/\/vinoteka-sodcek.si\/trgovina\/vina\/rose-vina\/pullus-pinky-chick\/","name":"[:sl]Pinky chick[:en]Pinky chick[:] | Vinoteka Sod\u010dek","isPartOf":{"@id":"https:\/\/vinoteka-sodcek.si\/#website"},"primaryImageOfPage":{"@id":"https:\/\/vinoteka-sodcek.si\/trgovina\/vina\/rose-vina\/pullus-pinky-chick\/#primaryimage"},"image":{"@id":"https:\/\/vinoteka-sodcek.si\/trgovina\/vina\/rose-vina\/pullus-pinky-chick\/#primaryimage"},"thumbnailUrl":"https:\/\/vinoteka-sodcek.si\/wp-content\/uploads\/PinkyChick-1.jpg","datePublished":"2024-03-15T16:20:36+00:00","dateModified":"2024-10-11T10:57:25+00:00","description":"[:sl]Pinky chick Pullus je ne\u017ene lososove barve, mladostno, sve\u017ee, \u017eivahno vino, ki v vonju navdu\u0161uje s izredno sadno aromatiko.[:en]Pinky chick Pullus is a delicate salmon-coloured, youthful, fresh, lively wine that impresses on the nose with an extremely fruity aroma.[:]","breadcrumb":{"@id":"https:\/\/vinoteka-sodcek.si\/trgovina\/vina\/rose-vina\/pullus-pinky-chick\/#breadcrumb"},"inLanguage":"en-US","potentialAction":[{"@type":"ReadAction","target":["https:\/\/vinoteka-sodcek.si\/trgovina\/vina\/rose-vina\/pullus-pinky-chick\/"]}]},{"@type":"ImageObject","inLanguage":"en-US","@id":"https:\/\/vinoteka-sodcek.si\/trgovina\/vina\/rose-vina\/pullus-pinky-chick\/#primaryimage","url":"https:\/\/vinoteka-sodcek.si\/wp-content\/uploads\/PinkyChick-1.jpg","contentUrl":"https:\/\/vinoteka-sodcek.si\/wp-content\/uploads\/PinkyChick-1.jpg","width":163,"height":646},{"@type":"BreadcrumbList","@id":"https:\/\/vinoteka-sodcek.si\/trgovina\/vina\/rose-vina\/pullus-pinky-chick\/#breadcrumb","itemListElement":[{"@type":"ListItem","position":1,"name":"Home","item":"https:\/\/vinoteka-sodcek.si\/en\/"},{"@type":"ListItem","position":2,"name":"Trgovina","item":"https:\/\/vinoteka-sodcek.si\/trgovina\/"},{"@type":"ListItem","position":3,"name":"Pinky chick"}]},{"@type":"WebSite","@id":"https:\/\/vinoteka-sodcek.si\/#website","url":"https:\/\/vinoteka-sodcek.si\/","name":"Vinoteka Sod\u010dek","description":"Vinoteka z vrhunskimi vini","publisher":{"@id":"https:\/\/vinoteka-sodcek.si\/#organization"},"potentialAction":[{"@type":"SearchAction","target":{"@type":"EntryPoint","urlTemplate":"https:\/\/vinoteka-sodcek.si\/?s={search_term_string}"},"query-input":"required name=search_term_string"}],"inLanguage":"en-US"},{"@type":"Organization","@id":"https:\/\/vinoteka-sodcek.si\/#organization","name":"Vinoteka Sod\u010dek, Ale\u0161 \u010ceba\u0161ek s.p.","url":"https:\/\/vinoteka-sodcek.si\/","logo":{"@type":"ImageObject","inLanguage":"en-US","@id":"https:\/\/vinoteka-sodcek.si\/#\/schema\/logo\/image\/","url":"https:\/\/beta.vinoteka-sodcek.si\/wp-content\/uploads\/vinoteka-sodcek-logo.png","contentUrl":"https:\/\/beta.vinoteka-sodcek.si\/wp-content\/uploads\/vinoteka-sodcek-logo.png","width":300,"height":90,"caption":"Vinoteka Sod\u010dek, Ale\u0161 \u010ceba\u0161ek s.p."},"image":{"@id":"https:\/\/vinoteka-sodcek.si\/#\/schema\/logo\/image\/"},"sameAs":["https:\/\/www.facebook.com\/vinotekasodcek\/"]}]}},"_links":{"self":[{"href":"https:\/\/vinoteka-sodcek.si\/en\/wp-json\/\/wp\/v2\/product\/782"}],"collection":[{"href":"https:\/\/vinoteka-sodcek.si\/en\/wp-json\/\/wp\/v2\/product"}],"about":[{"href":"https:\/\/vinoteka-sodcek.si\/en\/wp-json\/\/wp\/v2\/types\/product"}],"wp:featuredmedia":[{"embeddable":true,"href":"https:\/\/vinoteka-sodcek.si\/en\/wp-json\/\/wp\/v2\/media\/781"}],"wp:attachment":[{"href":"https:\/\/vinoteka-sodcek.si\/en\/wp-json\/\/wp\/v2\/media?parent=782"}],"wp:term":[{"taxonomy":"product_cat","embeddable":true,"href":"https:\/\/vinoteka-sodcek.si\/en\/wp-json\/\/wp\/v2\/product_cat?post=782"},{"taxonomy":"product_tag","embeddable":true,"href":"https:\/\/vinoteka-sodcek.si\/en\/wp-json\/\/wp\/v2\/product_tag?post=782"}],"curies":[{"name":"wp","href":"https:\/\/api.w.org\/{rel}","templated":true}]}}