{"id":784,"date":"2024-03-15T17:20:36","date_gmt":"2024-03-15T16:20:36","guid":{"rendered":"http:\/\/192.168.64.105\/GitHub\/vinoteka-sodcek\/trgovina\/uncategorized\/pullus-modra-frankinja\/"},"modified":"2024-10-11T12:19:18","modified_gmt":"2024-10-11T11:19:18","slug":"pullus-modra-frankinja","status":"publish","type":"product","link":"https:\/\/vinoteka-sodcek.si\/en\/shop\/wines\/red-wines\/pullus-modra-frankinja\/","title":{"rendered":"Modra frankinja"},"content":{"rendered":"<p>After fermentation, the wine was aged partly in inox and partly in oak barrels for about one year.<\/p>\n<p>It has a brilliant ruby colour. On the nose, you can identify blueberries, wild strawberries and other red berries. The touch of wood is delicate and pronounced, like the scent of roasted rum. The taste is velvety, as are the tannins in the wine, it is completely dry with a pleasant slightly lower acidity than is typical of this variety.<\/p>\n","protected":false},"excerpt":{"rendered":"<p>After fermentation, the wine was aged partly in inox and partly in oak barrels for about one year. It has a brilliant ruby colour. On the nose, you can identify blueberries,&#8230;<\/p>\n","protected":false},"featured_media":783,"template":"","meta":[],"product_cat":[20],"product_tag":[],"acf":[],"yoast_head":"<!-- This site is optimized with the Yoast SEO plugin v22.2 - https:\/\/yoast.com\/wordpress\/plugins\/seo\/ -->\n<title>Modra frankinja | Vinoteka Sod\u010dek<\/title>\n<meta name=\"description\" content=\"Modra frankinja Pullus is a brilliant ruby colour. On the nose, blueberries, wild strawberries and other red berries are recognisable.\" \/>\n<meta name=\"robots\" content=\"index, follow, max-snippet:-1, max-image-preview:large, max-video-preview:-1\" \/>\n<meta property=\"og:locale\" content=\"en_US\" \/>\n<meta property=\"og:type\" content=\"article\" \/>\n<meta property=\"og:title\" content=\"Modra frankinja\" \/>\n<meta property=\"og:description\" content=\"Modra frankinja Pullus is a brilliant ruby colour. On the nose, blueberries, wild strawberries and other red berries are recognisable.\" \/>\n<meta property=\"og:url\" content=\"https:\/\/vinoteka-sodcek.si\/en\/shop\/wines\/red-wines\/pullus-modra-frankinja\/\" \/>\n<meta property=\"og:site_name\" content=\"Vinoteka Sod\u010dek\" \/>\n<meta property=\"article:publisher\" content=\"https:\/\/www.facebook.com\/vinotekasodcek\/\" \/>\n<meta property=\"article:modified_time\" content=\"2024-10-11T11:19:18+00:00\" \/>\n<meta property=\"og:image\" content=\"https:\/\/vinoteka-sodcek.si\/wp-content\/uploads\/ModraFrankinja_nv_sv-1-1.jpg\" \/>\n\t<meta property=\"og:image:width\" content=\"168\" \/>\n\t<meta property=\"og:image:height\" content=\"634\" \/>\n\t<meta property=\"og:image:type\" content=\"image\/jpeg\" \/>\n<meta name=\"twitter:card\" content=\"summary_large_image\" \/>\n<!-- \/ Yoast SEO plugin. -->","yoast_head_json":{"title":"Modra frankinja | Vinoteka Sod\u010dek","description":"[:sl]Modra frankinja Pullus je sijo\u010de rubinaste barve. Na nosu prepoznamo borovnice, gozdne jagode in ostalo rde\u010de jagodi\u010devje.[:en]Modra frankinja Pullus is a brilliant ruby colour. On the nose, blueberries, wild strawberries and other red berries are recognisable.[:]","robots":{"index":"index","follow":"follow","max-snippet":"max-snippet:-1","max-image-preview":"max-image-preview:large","max-video-preview":"max-video-preview:-1"},"og_locale":"en_US","og_type":"article","og_title":"[:sl]Modra frankinja[:en]Modra frankinja[:] | Vinoteka Sod\u010dek","og_description":"[:sl]Modra frankinja Pullus je sijo\u010de rubinaste barve. Na nosu prepoznamo borovnice, gozdne jagode in ostalo rde\u010de jagodi\u010devje.[:en]Modra frankinja Pullus is a brilliant ruby colour. On the nose, blueberries, wild strawberries and other red berries are recognisable.[:]","og_url":"https:\/\/vinoteka-sodcek.si\/en\/shop\/wines\/red-wines\/pullus-modra-frankinja\/","og_site_name":"Vinoteka Sod\u010dek","article_publisher":"https:\/\/www.facebook.com\/vinotekasodcek\/","article_modified_time":"2024-10-11T11:19:18+00:00","og_image":[{"width":168,"height":634,"url":"https:\/\/vinoteka-sodcek.si\/wp-content\/uploads\/ModraFrankinja_nv_sv-1-1.jpg","type":"image\/jpeg"}],"twitter_card":"summary_large_image","schema":{"@context":"https:\/\/schema.org","@graph":[{"@type":"WebPage","@id":"https:\/\/vinoteka-sodcek.si\/en\/shop\/wines\/red-wines\/pullus-modra-frankinja\/","url":"https:\/\/vinoteka-sodcek.si\/en\/shop\/wines\/red-wines\/pullus-modra-frankinja\/","name":"[:sl]Modra frankinja[:en]Modra frankinja[:] | Vinoteka Sod\u010dek","isPartOf":{"@id":"https:\/\/vinoteka-sodcek.si\/#website"},"primaryImageOfPage":{"@id":"https:\/\/vinoteka-sodcek.si\/en\/shop\/wines\/red-wines\/pullus-modra-frankinja\/#primaryimage"},"image":{"@id":"https:\/\/vinoteka-sodcek.si\/en\/shop\/wines\/red-wines\/pullus-modra-frankinja\/#primaryimage"},"thumbnailUrl":"https:\/\/vinoteka-sodcek.si\/wp-content\/uploads\/ModraFrankinja_nv_sv-1-1.jpg","datePublished":"2024-03-15T16:20:36+00:00","dateModified":"2024-10-11T11:19:18+00:00","description":"[:sl]Modra frankinja Pullus je sijo\u010de rubinaste barve. Na nosu prepoznamo borovnice, gozdne jagode in ostalo rde\u010de jagodi\u010devje.[:en]Modra frankinja Pullus is a brilliant ruby colour. On the nose, blueberries, wild strawberries and other red berries are recognisable.[:]","breadcrumb":{"@id":"https:\/\/vinoteka-sodcek.si\/en\/shop\/wines\/red-wines\/pullus-modra-frankinja\/#breadcrumb"},"inLanguage":"en-US","potentialAction":[{"@type":"ReadAction","target":["https:\/\/vinoteka-sodcek.si\/en\/shop\/wines\/red-wines\/pullus-modra-frankinja\/"]}]},{"@type":"ImageObject","inLanguage":"en-US","@id":"https:\/\/vinoteka-sodcek.si\/en\/shop\/wines\/red-wines\/pullus-modra-frankinja\/#primaryimage","url":"https:\/\/vinoteka-sodcek.si\/wp-content\/uploads\/ModraFrankinja_nv_sv-1-1.jpg","contentUrl":"https:\/\/vinoteka-sodcek.si\/wp-content\/uploads\/ModraFrankinja_nv_sv-1-1.jpg","width":168,"height":634},{"@type":"BreadcrumbList","@id":"https:\/\/vinoteka-sodcek.si\/en\/shop\/wines\/red-wines\/pullus-modra-frankinja\/#breadcrumb","itemListElement":[{"@type":"ListItem","position":1,"name":"Home","item":"https:\/\/vinoteka-sodcek.si\/en\/"},{"@type":"ListItem","position":2,"name":"Trgovina","item":"https:\/\/vinoteka-sodcek.si\/trgovina\/"},{"@type":"ListItem","position":3,"name":"Modra frankinja"}]},{"@type":"WebSite","@id":"https:\/\/vinoteka-sodcek.si\/#website","url":"https:\/\/vinoteka-sodcek.si\/","name":"Vinoteka Sod\u010dek","description":"Vinoteka z vrhunskimi vini","publisher":{"@id":"https:\/\/vinoteka-sodcek.si\/#organization"},"potentialAction":[{"@type":"SearchAction","target":{"@type":"EntryPoint","urlTemplate":"https:\/\/vinoteka-sodcek.si\/?s={search_term_string}"},"query-input":"required name=search_term_string"}],"inLanguage":"en-US"},{"@type":"Organization","@id":"https:\/\/vinoteka-sodcek.si\/#organization","name":"Vinoteka Sod\u010dek, Ale\u0161 \u010ceba\u0161ek s.p.","url":"https:\/\/vinoteka-sodcek.si\/","logo":{"@type":"ImageObject","inLanguage":"en-US","@id":"https:\/\/vinoteka-sodcek.si\/#\/schema\/logo\/image\/","url":"https:\/\/beta.vinoteka-sodcek.si\/wp-content\/uploads\/vinoteka-sodcek-logo.png","contentUrl":"https:\/\/beta.vinoteka-sodcek.si\/wp-content\/uploads\/vinoteka-sodcek-logo.png","width":300,"height":90,"caption":"Vinoteka Sod\u010dek, Ale\u0161 \u010ceba\u0161ek s.p."},"image":{"@id":"https:\/\/vinoteka-sodcek.si\/#\/schema\/logo\/image\/"},"sameAs":["https:\/\/www.facebook.com\/vinotekasodcek\/"]}]}},"_links":{"self":[{"href":"https:\/\/vinoteka-sodcek.si\/en\/wp-json\/\/wp\/v2\/product\/784"}],"collection":[{"href":"https:\/\/vinoteka-sodcek.si\/en\/wp-json\/\/wp\/v2\/product"}],"about":[{"href":"https:\/\/vinoteka-sodcek.si\/en\/wp-json\/\/wp\/v2\/types\/product"}],"wp:featuredmedia":[{"embeddable":true,"href":"https:\/\/vinoteka-sodcek.si\/en\/wp-json\/\/wp\/v2\/media\/783"}],"wp:attachment":[{"href":"https:\/\/vinoteka-sodcek.si\/en\/wp-json\/\/wp\/v2\/media?parent=784"}],"wp:term":[{"taxonomy":"product_cat","embeddable":true,"href":"https:\/\/vinoteka-sodcek.si\/en\/wp-json\/\/wp\/v2\/product_cat?post=784"},{"taxonomy":"product_tag","embeddable":true,"href":"https:\/\/vinoteka-sodcek.si\/en\/wp-json\/\/wp\/v2\/product_tag?post=784"}],"curies":[{"name":"wp","href":"https:\/\/api.w.org\/{rel}","templated":true}]}}