{"id":786,"date":"2024-03-15T17:20:36","date_gmt":"2024-03-15T16:20:36","guid":{"rendered":"http:\/\/192.168.64.105\/GitHub\/vinoteka-sodcek\/trgovina\/uncategorized\/pullus-modri-pinot\/"},"modified":"2024-10-11T12:27:30","modified_gmt":"2024-10-11T11:27:30","slug":"pullus-modri-pinot","status":"publish","type":"product","link":"https:\/\/vinoteka-sodcek.si\/en\/shop\/wines\/red-wines\/pullus-modri-pinot\/","title":{"rendered":"Modri pinot"},"content":{"rendered":"<p>After fermentation, the wine was aged partly in inox and partly in oak barrels for about one year.<\/p>\n<p>It has a delicate ruby colour, with aromas reminiscent of cherry, overripe wild strawberry and mulberry. The nose is distinctly fruity and pleasantly spicy, with the oak barrel influence elegantly integrated and not overpowering the varietal. The elegance, and especially the juiciness, of the palate is pleasantly surprising and reminiscent of the forest undergrowth that is the hallmark of any true pinot noir.<\/p>\n","protected":false},"excerpt":{"rendered":"<p>After fermentation, the wine was aged partly in inox and partly in oak barrels for about one year. It has a delicate ruby colour, with aromas reminiscent of cherry, overripe wild&#8230;<\/p>\n","protected":false},"featured_media":785,"template":"","meta":[],"product_cat":[20],"product_tag":[],"acf":[],"yoast_head":"<!-- This site is optimized with the Yoast SEO plugin v22.2 - https:\/\/yoast.com\/wordpress\/plugins\/seo\/ -->\n<title>Modri pinot | Vinoteka Sod\u010dek<\/title>\n<meta name=\"description\" content=\"Modri pinot Pullus is a delicate ruby colour, with aromas reminiscent of cherry, overripe wild strawberry and mulberry. It is fruity and pleasantly spicy.\" \/>\n<meta name=\"robots\" content=\"index, follow, max-snippet:-1, max-image-preview:large, max-video-preview:-1\" \/>\n<meta property=\"og:locale\" content=\"en_US\" \/>\n<meta property=\"og:type\" content=\"article\" \/>\n<meta property=\"og:title\" content=\"Modri pinot\" \/>\n<meta property=\"og:description\" content=\"Modri pinot Pullus is a delicate ruby colour, with aromas reminiscent of cherry, overripe wild strawberry and mulberry. It is fruity and pleasantly spicy.\" \/>\n<meta property=\"og:url\" content=\"https:\/\/vinoteka-sodcek.si\/en\/shop\/wines\/red-wines\/pullus-modri-pinot\/\" \/>\n<meta property=\"og:site_name\" content=\"Vinoteka Sod\u010dek\" \/>\n<meta property=\"article:publisher\" content=\"https:\/\/www.facebook.com\/vinotekasodcek\/\" \/>\n<meta property=\"article:modified_time\" content=\"2024-10-11T11:27:30+00:00\" \/>\n<meta property=\"og:image\" content=\"https:\/\/vinoteka-sodcek.si\/wp-content\/uploads\/ModriPinot_nv_sv-1.jpg\" \/>\n\t<meta property=\"og:image:width\" content=\"162\" \/>\n\t<meta property=\"og:image:height\" content=\"637\" \/>\n\t<meta property=\"og:image:type\" content=\"image\/jpeg\" \/>\n<meta name=\"twitter:card\" content=\"summary_large_image\" \/>\n<!-- \/ Yoast SEO plugin. -->","yoast_head_json":{"title":"Modri pinot | Vinoteka Sod\u010dek","description":"[:sl]Modri pinot Pullus je ne\u017ene rubinaste barve, aromatika nas spominja na \u010de\u0161njo, prezrele gozdne jagode in murvo. Saden in prav prijetno pikanten.[:en]Modri pinot Pullus is a delicate ruby colour, with aromas reminiscent of cherry, overripe wild strawberry and mulberry. It is fruity and pleasantly spicy.[:]","robots":{"index":"index","follow":"follow","max-snippet":"max-snippet:-1","max-image-preview":"max-image-preview:large","max-video-preview":"max-video-preview:-1"},"og_locale":"en_US","og_type":"article","og_title":"[:sl]Modri Pinot[:en]Modri pinot[:] | Vinoteka Sod\u010dek","og_description":"[:sl]Modri pinot Pullus je ne\u017ene rubinaste barve, aromatika nas spominja na \u010de\u0161njo, prezrele gozdne jagode in murvo. Saden in prav prijetno pikanten.[:en]Modri pinot Pullus is a delicate ruby colour, with aromas reminiscent of cherry, overripe wild strawberry and mulberry. It is fruity and pleasantly spicy.[:]","og_url":"https:\/\/vinoteka-sodcek.si\/en\/shop\/wines\/red-wines\/pullus-modri-pinot\/","og_site_name":"Vinoteka Sod\u010dek","article_publisher":"https:\/\/www.facebook.com\/vinotekasodcek\/","article_modified_time":"2024-10-11T11:27:30+00:00","og_image":[{"width":162,"height":637,"url":"https:\/\/vinoteka-sodcek.si\/wp-content\/uploads\/ModriPinot_nv_sv-1.jpg","type":"image\/jpeg"}],"twitter_card":"summary_large_image","schema":{"@context":"https:\/\/schema.org","@graph":[{"@type":"WebPage","@id":"https:\/\/vinoteka-sodcek.si\/en\/shop\/wines\/red-wines\/pullus-modri-pinot\/","url":"https:\/\/vinoteka-sodcek.si\/en\/shop\/wines\/red-wines\/pullus-modri-pinot\/","name":"[:sl]Modri Pinot[:en]Modri pinot[:] | Vinoteka Sod\u010dek","isPartOf":{"@id":"https:\/\/vinoteka-sodcek.si\/#website"},"primaryImageOfPage":{"@id":"https:\/\/vinoteka-sodcek.si\/en\/shop\/wines\/red-wines\/pullus-modri-pinot\/#primaryimage"},"image":{"@id":"https:\/\/vinoteka-sodcek.si\/en\/shop\/wines\/red-wines\/pullus-modri-pinot\/#primaryimage"},"thumbnailUrl":"https:\/\/vinoteka-sodcek.si\/wp-content\/uploads\/ModriPinot_nv_sv-1.jpg","datePublished":"2024-03-15T16:20:36+00:00","dateModified":"2024-10-11T11:27:30+00:00","description":"[:sl]Modri pinot Pullus je ne\u017ene rubinaste barve, aromatika nas spominja na \u010de\u0161njo, prezrele gozdne jagode in murvo. Saden in prav prijetno pikanten.[:en]Modri pinot Pullus is a delicate ruby colour, with aromas reminiscent of cherry, overripe wild strawberry and mulberry. It is fruity and pleasantly spicy.[:]","breadcrumb":{"@id":"https:\/\/vinoteka-sodcek.si\/en\/shop\/wines\/red-wines\/pullus-modri-pinot\/#breadcrumb"},"inLanguage":"en-US","potentialAction":[{"@type":"ReadAction","target":["https:\/\/vinoteka-sodcek.si\/en\/shop\/wines\/red-wines\/pullus-modri-pinot\/"]}]},{"@type":"ImageObject","inLanguage":"en-US","@id":"https:\/\/vinoteka-sodcek.si\/en\/shop\/wines\/red-wines\/pullus-modri-pinot\/#primaryimage","url":"https:\/\/vinoteka-sodcek.si\/wp-content\/uploads\/ModriPinot_nv_sv-1.jpg","contentUrl":"https:\/\/vinoteka-sodcek.si\/wp-content\/uploads\/ModriPinot_nv_sv-1.jpg","width":162,"height":637},{"@type":"BreadcrumbList","@id":"https:\/\/vinoteka-sodcek.si\/en\/shop\/wines\/red-wines\/pullus-modri-pinot\/#breadcrumb","itemListElement":[{"@type":"ListItem","position":1,"name":"Home","item":"https:\/\/vinoteka-sodcek.si\/en\/"},{"@type":"ListItem","position":2,"name":"Trgovina","item":"https:\/\/vinoteka-sodcek.si\/trgovina\/"},{"@type":"ListItem","position":3,"name":"Modri pinot"}]},{"@type":"WebSite","@id":"https:\/\/vinoteka-sodcek.si\/#website","url":"https:\/\/vinoteka-sodcek.si\/","name":"Vinoteka Sod\u010dek","description":"Vinoteka z vrhunskimi vini","publisher":{"@id":"https:\/\/vinoteka-sodcek.si\/#organization"},"potentialAction":[{"@type":"SearchAction","target":{"@type":"EntryPoint","urlTemplate":"https:\/\/vinoteka-sodcek.si\/?s={search_term_string}"},"query-input":"required name=search_term_string"}],"inLanguage":"en-US"},{"@type":"Organization","@id":"https:\/\/vinoteka-sodcek.si\/#organization","name":"Vinoteka Sod\u010dek, Ale\u0161 \u010ceba\u0161ek s.p.","url":"https:\/\/vinoteka-sodcek.si\/","logo":{"@type":"ImageObject","inLanguage":"en-US","@id":"https:\/\/vinoteka-sodcek.si\/#\/schema\/logo\/image\/","url":"https:\/\/beta.vinoteka-sodcek.si\/wp-content\/uploads\/vinoteka-sodcek-logo.png","contentUrl":"https:\/\/beta.vinoteka-sodcek.si\/wp-content\/uploads\/vinoteka-sodcek-logo.png","width":300,"height":90,"caption":"Vinoteka Sod\u010dek, Ale\u0161 \u010ceba\u0161ek s.p."},"image":{"@id":"https:\/\/vinoteka-sodcek.si\/#\/schema\/logo\/image\/"},"sameAs":["https:\/\/www.facebook.com\/vinotekasodcek\/"]}]}},"_links":{"self":[{"href":"https:\/\/vinoteka-sodcek.si\/en\/wp-json\/\/wp\/v2\/product\/786"}],"collection":[{"href":"https:\/\/vinoteka-sodcek.si\/en\/wp-json\/\/wp\/v2\/product"}],"about":[{"href":"https:\/\/vinoteka-sodcek.si\/en\/wp-json\/\/wp\/v2\/types\/product"}],"wp:featuredmedia":[{"embeddable":true,"href":"https:\/\/vinoteka-sodcek.si\/en\/wp-json\/\/wp\/v2\/media\/785"}],"wp:attachment":[{"href":"https:\/\/vinoteka-sodcek.si\/en\/wp-json\/\/wp\/v2\/media?parent=786"}],"wp:term":[{"taxonomy":"product_cat","embeddable":true,"href":"https:\/\/vinoteka-sodcek.si\/en\/wp-json\/\/wp\/v2\/product_cat?post=786"},{"taxonomy":"product_tag","embeddable":true,"href":"https:\/\/vinoteka-sodcek.si\/en\/wp-json\/\/wp\/v2\/product_tag?post=786"}],"curies":[{"name":"wp","href":"https:\/\/api.w.org\/{rel}","templated":true}]}}