{"id":788,"date":"2024-03-15T17:20:36","date_gmt":"2024-03-15T16:20:36","guid":{"rendered":"http:\/\/192.168.64.105\/GitHub\/vinoteka-sodcek\/trgovina\/uncategorized\/pullus-pullus-g-777\/"},"modified":"2026-02-07T09:53:42","modified_gmt":"2026-02-07T08:53:42","slug":"pullus-maximus-cuvee","status":"publish","type":"product","link":"https:\/\/vinoteka-sodcek.si\/en\/shop\/wines\/white-wines\/pullus-maximus-cuvee\/","title":{"rendered":"Maximus cuvee 777"},"content":{"rendered":"<p>The Maximus cuvee 777 refill was created to celebrate the anniversary of their wine cellar. It combines 4 different varieties, different production methods, different vintages.<\/p>\n<p>Muscateller is a selection, riesling and welschriesling are strawberry selections, and chardonnay is made from dried grapes.<\/p>\n<p>It has a medium deep golden-yellow colour, the scent of tropical fruits and slightly overripe apricot conjures up an unforgettable aroma for your nose. On the palate, it is sweet with ripe acids, intense and rich, very harmonious.<\/p>\n","protected":false},"excerpt":{"rendered":"<p>The Maximus cuvee 777 refill was created to celebrate the anniversary of their wine cellar. It combines 4 different varieties, different production methods, different vintages. Muscateller is a selection, riesling and&#8230;<\/p>\n","protected":false},"featured_media":2630,"template":"","meta":[],"product_cat":[19],"product_tag":[],"acf":[],"yoast_head":"<!-- This site is optimized with the Yoast SEO plugin v22.2 - https:\/\/yoast.com\/wordpress\/plugins\/seo\/ -->\n<title>Maximus cuvee 777 | Vinoteka Sod\u010dek<\/title>\n<meta name=\"description\" content=\"Pullus G 777 it has a medium deep golden-yellow colour, the scent of tropical fruits and slightly over-ripe apricot. Sweet with ripe acids.\" \/>\n<meta name=\"robots\" content=\"index, follow, max-snippet:-1, max-image-preview:large, max-video-preview:-1\" \/>\n<meta property=\"og:locale\" content=\"en_US\" \/>\n<meta property=\"og:type\" content=\"article\" \/>\n<meta property=\"og:title\" content=\"Maximus cuvee 777\" \/>\n<meta property=\"og:description\" content=\"Pullus G 777 it has a medium deep golden-yellow colour, the scent of tropical fruits and slightly over-ripe apricot. Sweet with ripe acids.\" \/>\n<meta property=\"og:url\" content=\"https:\/\/vinoteka-sodcek.si\/en\/shop\/wines\/white-wines\/pullus-maximus-cuvee\/\" \/>\n<meta property=\"og:site_name\" content=\"Vinoteka Sod\u010dek\" \/>\n<meta property=\"article:publisher\" content=\"https:\/\/www.facebook.com\/vinotekasodcek\/\" \/>\n<meta property=\"article:modified_time\" content=\"2026-02-07T08:53:42+00:00\" \/>\n<meta property=\"og:image\" content=\"https:\/\/vinoteka-sodcek.si\/wp-content\/uploads\/maximus-cuvee-ptujskaklet.jpg\" \/>\n\t<meta property=\"og:image:width\" content=\"246\" \/>\n\t<meta property=\"og:image:height\" content=\"812\" \/>\n\t<meta property=\"og:image:type\" content=\"image\/jpeg\" \/>\n<meta name=\"twitter:card\" content=\"summary_large_image\" \/>\n<!-- \/ Yoast SEO plugin. -->","yoast_head_json":{"title":"Maximus cuvee 777 | Vinoteka Sod\u010dek","description":"[:sl]Pullus G 777 je srednje globoke zlatorumene barve, Vonj po tropskih sade\u017eih in rahlo prezreli marelici pri\u010dara nepozabni vonj za va\u0161 nos.[:en]Pullus G 777 it has a medium deep golden-yellow colour, the scent of tropical fruits and slightly over-ripe apricot. Sweet with ripe acids.[:]","robots":{"index":"index","follow":"follow","max-snippet":"max-snippet:-1","max-image-preview":"max-image-preview:large","max-video-preview":"max-video-preview:-1"},"og_locale":"en_US","og_type":"article","og_title":"[:sl]Maximus cuvee 777[:en]Maximus cuvee 777[:] | Vinoteka Sod\u010dek","og_description":"[:sl]Pullus G 777 je srednje globoke zlatorumene barve, Vonj po tropskih sade\u017eih in rahlo prezreli marelici pri\u010dara nepozabni vonj za va\u0161 nos.[:en]Pullus G 777 it has a medium deep golden-yellow colour, the scent of tropical fruits and slightly over-ripe apricot. Sweet with ripe acids.[:]","og_url":"https:\/\/vinoteka-sodcek.si\/en\/shop\/wines\/white-wines\/pullus-maximus-cuvee\/","og_site_name":"Vinoteka Sod\u010dek","article_publisher":"https:\/\/www.facebook.com\/vinotekasodcek\/","article_modified_time":"2026-02-07T08:53:42+00:00","og_image":[{"width":246,"height":812,"url":"https:\/\/vinoteka-sodcek.si\/wp-content\/uploads\/maximus-cuvee-ptujskaklet.jpg","type":"image\/jpeg"}],"twitter_card":"summary_large_image","schema":{"@context":"https:\/\/schema.org","@graph":[{"@type":"WebPage","@id":"https:\/\/vinoteka-sodcek.si\/trgovina\/vina\/bela-vina\/pullus-maximus-cuvee\/","url":"https:\/\/vinoteka-sodcek.si\/trgovina\/vina\/bela-vina\/pullus-maximus-cuvee\/","name":"[:sl]Maximus cuvee 777[:en]Maximus cuvee 777[:] | Vinoteka Sod\u010dek","isPartOf":{"@id":"https:\/\/vinoteka-sodcek.si\/#website"},"primaryImageOfPage":{"@id":"https:\/\/vinoteka-sodcek.si\/trgovina\/vina\/bela-vina\/pullus-maximus-cuvee\/#primaryimage"},"image":{"@id":"https:\/\/vinoteka-sodcek.si\/trgovina\/vina\/bela-vina\/pullus-maximus-cuvee\/#primaryimage"},"thumbnailUrl":"https:\/\/vinoteka-sodcek.si\/wp-content\/uploads\/maximus-cuvee-ptujskaklet.jpg","datePublished":"2024-03-15T16:20:36+00:00","dateModified":"2026-02-07T08:53:42+00:00","description":"[:sl]Pullus G 777 je srednje globoke zlatorumene barve, Vonj po tropskih sade\u017eih in rahlo prezreli marelici pri\u010dara nepozabni vonj za va\u0161 nos.[:en]Pullus G 777 it has a medium deep golden-yellow colour, the scent of tropical fruits and slightly over-ripe apricot. Sweet with ripe acids.[:]","breadcrumb":{"@id":"https:\/\/vinoteka-sodcek.si\/trgovina\/vina\/bela-vina\/pullus-maximus-cuvee\/#breadcrumb"},"inLanguage":"en-US","potentialAction":[{"@type":"ReadAction","target":["https:\/\/vinoteka-sodcek.si\/trgovina\/vina\/bela-vina\/pullus-maximus-cuvee\/"]}]},{"@type":"ImageObject","inLanguage":"en-US","@id":"https:\/\/vinoteka-sodcek.si\/trgovina\/vina\/bela-vina\/pullus-maximus-cuvee\/#primaryimage","url":"https:\/\/vinoteka-sodcek.si\/wp-content\/uploads\/maximus-cuvee-ptujskaklet.jpg","contentUrl":"https:\/\/vinoteka-sodcek.si\/wp-content\/uploads\/maximus-cuvee-ptujskaklet.jpg","width":246,"height":812},{"@type":"BreadcrumbList","@id":"https:\/\/vinoteka-sodcek.si\/trgovina\/vina\/bela-vina\/pullus-maximus-cuvee\/#breadcrumb","itemListElement":[{"@type":"ListItem","position":1,"name":"Home","item":"https:\/\/vinoteka-sodcek.si\/en\/"},{"@type":"ListItem","position":2,"name":"Trgovina","item":"https:\/\/vinoteka-sodcek.si\/trgovina\/"},{"@type":"ListItem","position":3,"name":"Maximus cuvee 777"}]},{"@type":"WebSite","@id":"https:\/\/vinoteka-sodcek.si\/#website","url":"https:\/\/vinoteka-sodcek.si\/","name":"Vinoteka Sod\u010dek","description":"Vinoteka z vrhunskimi vini","publisher":{"@id":"https:\/\/vinoteka-sodcek.si\/#organization"},"potentialAction":[{"@type":"SearchAction","target":{"@type":"EntryPoint","urlTemplate":"https:\/\/vinoteka-sodcek.si\/?s={search_term_string}"},"query-input":"required name=search_term_string"}],"inLanguage":"en-US"},{"@type":"Organization","@id":"https:\/\/vinoteka-sodcek.si\/#organization","name":"Vinoteka Sod\u010dek, Ale\u0161 \u010ceba\u0161ek s.p.","url":"https:\/\/vinoteka-sodcek.si\/","logo":{"@type":"ImageObject","inLanguage":"en-US","@id":"https:\/\/vinoteka-sodcek.si\/#\/schema\/logo\/image\/","url":"https:\/\/beta.vinoteka-sodcek.si\/wp-content\/uploads\/vinoteka-sodcek-logo.png","contentUrl":"https:\/\/beta.vinoteka-sodcek.si\/wp-content\/uploads\/vinoteka-sodcek-logo.png","width":300,"height":90,"caption":"Vinoteka Sod\u010dek, Ale\u0161 \u010ceba\u0161ek s.p."},"image":{"@id":"https:\/\/vinoteka-sodcek.si\/#\/schema\/logo\/image\/"},"sameAs":["https:\/\/www.facebook.com\/vinotekasodcek\/"]}]}},"_links":{"self":[{"href":"https:\/\/vinoteka-sodcek.si\/en\/wp-json\/\/wp\/v2\/product\/788"}],"collection":[{"href":"https:\/\/vinoteka-sodcek.si\/en\/wp-json\/\/wp\/v2\/product"}],"about":[{"href":"https:\/\/vinoteka-sodcek.si\/en\/wp-json\/\/wp\/v2\/types\/product"}],"wp:featuredmedia":[{"embeddable":true,"href":"https:\/\/vinoteka-sodcek.si\/en\/wp-json\/\/wp\/v2\/media\/2630"}],"wp:attachment":[{"href":"https:\/\/vinoteka-sodcek.si\/en\/wp-json\/\/wp\/v2\/media?parent=788"}],"wp:term":[{"taxonomy":"product_cat","embeddable":true,"href":"https:\/\/vinoteka-sodcek.si\/en\/wp-json\/\/wp\/v2\/product_cat?post=788"},{"taxonomy":"product_tag","embeddable":true,"href":"https:\/\/vinoteka-sodcek.si\/en\/wp-json\/\/wp\/v2\/product_tag?post=788"}],"curies":[{"name":"wp","href":"https:\/\/api.w.org\/{rel}","templated":true}]}}