{"id":790,"date":"2024-03-15T17:20:36","date_gmt":"2024-03-15T16:20:36","guid":{"rendered":"http:\/\/192.168.64.105\/GitHub\/vinoteka-sodcek\/trgovina\/uncategorized\/pullus-sauvignon\/"},"modified":"2024-10-11T11:47:32","modified_gmt":"2024-10-11T10:47:32","slug":"pullus-sauvignon","status":"publish","type":"product","link":"https:\/\/vinoteka-sodcek.si\/en\/shop\/wines\/white-wines\/pullus-sauvignon\/","title":{"rendered":"Sauvignon"},"content":{"rendered":"<p>Fermentation and maturation takes place in stainless steel tanks for about 8 months.<\/p>\n<p>The intense pure varietal aromas of sauvignon are expressed to the fore, with scents of elderflower, herbs, citrus, cut grass and grapefruit. On the nose, the wine invites you to take the first sip, suggesting freshness and juiciness. On the palate, the wine is well-rounded, with a primary aromatic character and a light acidity that harmonises beautifully with the wine.<\/p>\n","protected":false},"excerpt":{"rendered":"<p>Fermentation and maturation takes place in stainless steel tanks for about 8 months. The intense pure varietal aromas of sauvignon are expressed to the fore, with scents of elderflower, herbs, citrus,&#8230;<\/p>\n","protected":false},"featured_media":789,"template":"","meta":[],"product_cat":[19],"product_tag":[],"acf":[],"yoast_head":"<!-- This site is optimized with the Yoast SEO plugin v22.2 - https:\/\/yoast.com\/wordpress\/plugins\/seo\/ -->\n<title>Sauvignon | Vinoteka Sod\u010dek<\/title>\n<meta name=\"description\" content=\"Sauvignon Pullus expresses the intense pure varietal aromas of sauvignon, which are betrayed by the scent of elderflower, herbs, citrus.\" \/>\n<meta name=\"robots\" content=\"index, follow, max-snippet:-1, max-image-preview:large, max-video-preview:-1\" \/>\n<meta property=\"og:locale\" content=\"en_US\" \/>\n<meta property=\"og:type\" content=\"article\" \/>\n<meta property=\"og:title\" content=\"Sauvignon\" \/>\n<meta property=\"og:description\" content=\"Sauvignon Pullus expresses the intense pure varietal aromas of sauvignon, which are betrayed by the scent of elderflower, herbs, citrus.\" \/>\n<meta property=\"og:url\" content=\"https:\/\/vinoteka-sodcek.si\/en\/shop\/wines\/white-wines\/pullus-sauvignon\/\" \/>\n<meta property=\"og:site_name\" content=\"Vinoteka Sod\u010dek\" \/>\n<meta property=\"article:publisher\" content=\"https:\/\/www.facebook.com\/vinotekasodcek\/\" \/>\n<meta property=\"article:modified_time\" content=\"2024-10-11T10:47:32+00:00\" \/>\n<meta property=\"og:image\" content=\"https:\/\/vinoteka-sodcek.si\/wp-content\/uploads\/Sauvignon_pullus-1.jpg\" \/>\n\t<meta property=\"og:image:width\" content=\"162\" \/>\n\t<meta property=\"og:image:height\" content=\"637\" \/>\n\t<meta property=\"og:image:type\" content=\"image\/jpeg\" \/>\n<meta name=\"twitter:card\" content=\"summary_large_image\" \/>\n<!-- \/ Yoast SEO plugin. -->","yoast_head_json":{"title":"Sauvignon | Vinoteka Sod\u010dek","description":"[:sl]Sauvignon Pullus je izra\u017eena intenzivna \u010dista sortna aromatika sauvignona, ki jo izda vonj po bezgovem cvetju, zeli\u0161\u010dih, citrusih, ko\u0161eni travi in grenivki.[:en]Sauvignon Pullus expresses the intense pure varietal aromas of sauvignon, which are betrayed by the scent of elderflower, herbs, citrus.[:]","robots":{"index":"index","follow":"follow","max-snippet":"max-snippet:-1","max-image-preview":"max-image-preview:large","max-video-preview":"max-video-preview:-1"},"og_locale":"en_US","og_type":"article","og_title":"[:sl]Sauvignon[:en]Sauvignon[:] | Vinoteka Sod\u010dek","og_description":"[:sl]Sauvignon Pullus je izra\u017eena intenzivna \u010dista sortna aromatika sauvignona, ki jo izda vonj po bezgovem cvetju, zeli\u0161\u010dih, citrusih, ko\u0161eni travi in grenivki.[:en]Sauvignon Pullus expresses the intense pure varietal aromas of sauvignon, which are betrayed by the scent of elderflower, herbs, citrus.[:]","og_url":"https:\/\/vinoteka-sodcek.si\/en\/shop\/wines\/white-wines\/pullus-sauvignon\/","og_site_name":"Vinoteka Sod\u010dek","article_publisher":"https:\/\/www.facebook.com\/vinotekasodcek\/","article_modified_time":"2024-10-11T10:47:32+00:00","og_image":[{"width":162,"height":637,"url":"https:\/\/vinoteka-sodcek.si\/wp-content\/uploads\/Sauvignon_pullus-1.jpg","type":"image\/jpeg"}],"twitter_card":"summary_large_image","schema":{"@context":"https:\/\/schema.org","@graph":[{"@type":"WebPage","@id":"https:\/\/vinoteka-sodcek.si\/trgovina\/vina\/bela-vina\/pullus-sauvignon\/","url":"https:\/\/vinoteka-sodcek.si\/trgovina\/vina\/bela-vina\/pullus-sauvignon\/","name":"[:sl]Sauvignon[:en]Sauvignon[:] | Vinoteka Sod\u010dek","isPartOf":{"@id":"https:\/\/vinoteka-sodcek.si\/#website"},"primaryImageOfPage":{"@id":"https:\/\/vinoteka-sodcek.si\/trgovina\/vina\/bela-vina\/pullus-sauvignon\/#primaryimage"},"image":{"@id":"https:\/\/vinoteka-sodcek.si\/trgovina\/vina\/bela-vina\/pullus-sauvignon\/#primaryimage"},"thumbnailUrl":"https:\/\/vinoteka-sodcek.si\/wp-content\/uploads\/Sauvignon_pullus-1.jpg","datePublished":"2024-03-15T16:20:36+00:00","dateModified":"2024-10-11T10:47:32+00:00","description":"[:sl]Sauvignon Pullus je izra\u017eena intenzivna \u010dista sortna aromatika sauvignona, ki jo izda vonj po bezgovem cvetju, zeli\u0161\u010dih, citrusih, ko\u0161eni travi in grenivki.[:en]Sauvignon Pullus expresses the intense pure varietal aromas of sauvignon, which are betrayed by the scent of elderflower, herbs, citrus.[:]","breadcrumb":{"@id":"https:\/\/vinoteka-sodcek.si\/trgovina\/vina\/bela-vina\/pullus-sauvignon\/#breadcrumb"},"inLanguage":"en-US","potentialAction":[{"@type":"ReadAction","target":["https:\/\/vinoteka-sodcek.si\/trgovina\/vina\/bela-vina\/pullus-sauvignon\/"]}]},{"@type":"ImageObject","inLanguage":"en-US","@id":"https:\/\/vinoteka-sodcek.si\/trgovina\/vina\/bela-vina\/pullus-sauvignon\/#primaryimage","url":"https:\/\/vinoteka-sodcek.si\/wp-content\/uploads\/Sauvignon_pullus-1.jpg","contentUrl":"https:\/\/vinoteka-sodcek.si\/wp-content\/uploads\/Sauvignon_pullus-1.jpg","width":162,"height":637},{"@type":"BreadcrumbList","@id":"https:\/\/vinoteka-sodcek.si\/trgovina\/vina\/bela-vina\/pullus-sauvignon\/#breadcrumb","itemListElement":[{"@type":"ListItem","position":1,"name":"Home","item":"https:\/\/vinoteka-sodcek.si\/en\/"},{"@type":"ListItem","position":2,"name":"Trgovina","item":"https:\/\/vinoteka-sodcek.si\/trgovina\/"},{"@type":"ListItem","position":3,"name":"Sauvignon"}]},{"@type":"WebSite","@id":"https:\/\/vinoteka-sodcek.si\/#website","url":"https:\/\/vinoteka-sodcek.si\/","name":"Vinoteka Sod\u010dek","description":"Vinoteka z vrhunskimi vini","publisher":{"@id":"https:\/\/vinoteka-sodcek.si\/#organization"},"potentialAction":[{"@type":"SearchAction","target":{"@type":"EntryPoint","urlTemplate":"https:\/\/vinoteka-sodcek.si\/?s={search_term_string}"},"query-input":"required name=search_term_string"}],"inLanguage":"en-US"},{"@type":"Organization","@id":"https:\/\/vinoteka-sodcek.si\/#organization","name":"Vinoteka Sod\u010dek, Ale\u0161 \u010ceba\u0161ek s.p.","url":"https:\/\/vinoteka-sodcek.si\/","logo":{"@type":"ImageObject","inLanguage":"en-US","@id":"https:\/\/vinoteka-sodcek.si\/#\/schema\/logo\/image\/","url":"https:\/\/beta.vinoteka-sodcek.si\/wp-content\/uploads\/vinoteka-sodcek-logo.png","contentUrl":"https:\/\/beta.vinoteka-sodcek.si\/wp-content\/uploads\/vinoteka-sodcek-logo.png","width":300,"height":90,"caption":"Vinoteka Sod\u010dek, Ale\u0161 \u010ceba\u0161ek s.p."},"image":{"@id":"https:\/\/vinoteka-sodcek.si\/#\/schema\/logo\/image\/"},"sameAs":["https:\/\/www.facebook.com\/vinotekasodcek\/"]}]}},"_links":{"self":[{"href":"https:\/\/vinoteka-sodcek.si\/en\/wp-json\/\/wp\/v2\/product\/790"}],"collection":[{"href":"https:\/\/vinoteka-sodcek.si\/en\/wp-json\/\/wp\/v2\/product"}],"about":[{"href":"https:\/\/vinoteka-sodcek.si\/en\/wp-json\/\/wp\/v2\/types\/product"}],"wp:featuredmedia":[{"embeddable":true,"href":"https:\/\/vinoteka-sodcek.si\/en\/wp-json\/\/wp\/v2\/media\/789"}],"wp:attachment":[{"href":"https:\/\/vinoteka-sodcek.si\/en\/wp-json\/\/wp\/v2\/media?parent=790"}],"wp:term":[{"taxonomy":"product_cat","embeddable":true,"href":"https:\/\/vinoteka-sodcek.si\/en\/wp-json\/\/wp\/v2\/product_cat?post=790"},{"taxonomy":"product_tag","embeddable":true,"href":"https:\/\/vinoteka-sodcek.si\/en\/wp-json\/\/wp\/v2\/product_tag?post=790"}],"curies":[{"name":"wp","href":"https:\/\/api.w.org\/{rel}","templated":true}]}}