{"id":800,"date":"2024-03-15T17:20:36","date_gmt":"2024-03-15T16:20:36","guid":{"rendered":"http:\/\/192.168.64.105\/GitHub\/vinoteka-sodcek\/trgovina\/uncategorized\/kogl-kerner-pozna-trgatev\/"},"modified":"2026-01-08T09:27:26","modified_gmt":"2026-01-08T08:27:26","slug":"kogl-kerner-pozna-trgatev","status":"publish","type":"product","link":"https:\/\/vinoteka-sodcek.si\/en\/shop\/wines\/white-wines\/kogl-kerner-pozna-trgatev\/","title":{"rendered":"Kerner &#8211; late harvest"},"content":{"rendered":"<p>Kerner, a cross between riesling and a trollinger, picked late, with a sugar residue, has become the standard in the Kogl house. Different. A rebel that offers pleasure. It was picked late, from slightly overripe grapes, and fermented and matured in an inox tank.<\/p>\n<p>The pale lemon-yellow colour and the discreet aromas are a mere afterthought. It all starts in the mouth. The wine is sweeter, perfectly balanced with lively acids. The palate is delicious, full, juicy. The wine is reminiscent of ripe pears and apples, with spicy notes of cloves adding an extra dimension. The very long aftertaste of ripe fruit only confirms the high quality.<\/p>\n","protected":false},"excerpt":{"rendered":"<p>Kerner, a cross between riesling and a trollinger, picked late, with a sugar residue, has become the standard in the Kogl house. Different. A rebel that offers pleasure. It was picked&#8230;<\/p>\n","protected":false},"featured_media":799,"template":"","meta":[],"product_cat":[19],"product_tag":[],"acf":[],"yoast_head":"<!-- This site is optimized with the Yoast SEO plugin v22.2 - https:\/\/yoast.com\/wordpress\/plugins\/seo\/ -->\n<title>Kerner - late harvest | Vinoteka Sod\u010dek<\/title>\n<meta name=\"description\" content=\"Kerner Kogl is sweeter, perfectly balanced with lively acids. The mouth-feel is delicious, full, juicy. The wine is reminiscent of ripe pears and apples.\" \/>\n<meta name=\"robots\" content=\"index, follow, max-snippet:-1, max-image-preview:large, max-video-preview:-1\" \/>\n<meta property=\"og:locale\" content=\"en_US\" \/>\n<meta property=\"og:type\" content=\"article\" \/>\n<meta property=\"og:title\" content=\"Kerner - late harvest\" \/>\n<meta property=\"og:description\" content=\"Kerner Kogl is sweeter, perfectly balanced with lively acids. The mouth-feel is delicious, full, juicy. The wine is reminiscent of ripe pears and apples.\" \/>\n<meta property=\"og:url\" content=\"https:\/\/vinoteka-sodcek.si\/en\/shop\/wines\/white-wines\/kogl-kerner-pozna-trgatev\/\" \/>\n<meta property=\"og:site_name\" content=\"Vinoteka Sod\u010dek\" \/>\n<meta property=\"article:publisher\" content=\"https:\/\/www.facebook.com\/vinotekasodcek\/\" \/>\n<meta property=\"article:modified_time\" content=\"2026-01-08T08:27:26+00:00\" \/>\n<meta property=\"og:image\" content=\"https:\/\/vinoteka-sodcek.si\/wp-content\/uploads\/mea-culpa-2-570x855-1.jpg\" \/>\n\t<meta property=\"og:image:width\" content=\"157\" \/>\n\t<meta property=\"og:image:height\" content=\"627\" \/>\n\t<meta property=\"og:image:type\" content=\"image\/jpeg\" \/>\n<meta name=\"twitter:card\" content=\"summary_large_image\" \/>\n<!-- \/ Yoast SEO plugin. -->","yoast_head_json":{"title":"Kerner - late harvest | Vinoteka Sod\u010dek","description":"[:sl]Kerner Kogl je slaj\u0161e, odli\u010dno uravnote\u017eeno z \u017eivahnimi kislinami. Okus v ustih je slasten, poln, so\u010den. Vino spomni na zrele hru\u0161ke in jabolka.[:en]Kerner Kogl is sweeter, perfectly balanced with lively acids. The mouth-feel is delicious, full, juicy. The wine is reminiscent of ripe pears and apples.[:]","robots":{"index":"index","follow":"follow","max-snippet":"max-snippet:-1","max-image-preview":"max-image-preview:large","max-video-preview":"max-video-preview:-1"},"og_locale":"en_US","og_type":"article","og_title":"[:sl]Kerner - pozna trgatev[:en]Kerner - late harvest[:] | Vinoteka Sod\u010dek","og_description":"[:sl]Kerner Kogl je slaj\u0161e, odli\u010dno uravnote\u017eeno z \u017eivahnimi kislinami. Okus v ustih je slasten, poln, so\u010den. Vino spomni na zrele hru\u0161ke in jabolka.[:en]Kerner Kogl is sweeter, perfectly balanced with lively acids. The mouth-feel is delicious, full, juicy. The wine is reminiscent of ripe pears and apples.[:]","og_url":"https:\/\/vinoteka-sodcek.si\/en\/shop\/wines\/white-wines\/kogl-kerner-pozna-trgatev\/","og_site_name":"Vinoteka Sod\u010dek","article_publisher":"https:\/\/www.facebook.com\/vinotekasodcek\/","article_modified_time":"2026-01-08T08:27:26+00:00","og_image":[{"width":157,"height":627,"url":"https:\/\/vinoteka-sodcek.si\/wp-content\/uploads\/mea-culpa-2-570x855-1.jpg","type":"image\/jpeg"}],"twitter_card":"summary_large_image","schema":{"@context":"https:\/\/schema.org","@graph":[{"@type":"WebPage","@id":"https:\/\/vinoteka-sodcek.si\/trgovina\/vina\/bela-vina\/kogl-kerner-pozna-trgatev\/","url":"https:\/\/vinoteka-sodcek.si\/trgovina\/vina\/bela-vina\/kogl-kerner-pozna-trgatev\/","name":"[:sl]Kerner - pozna trgatev[:en]Kerner - late harvest[:] | Vinoteka Sod\u010dek","isPartOf":{"@id":"https:\/\/vinoteka-sodcek.si\/#website"},"primaryImageOfPage":{"@id":"https:\/\/vinoteka-sodcek.si\/trgovina\/vina\/bela-vina\/kogl-kerner-pozna-trgatev\/#primaryimage"},"image":{"@id":"https:\/\/vinoteka-sodcek.si\/trgovina\/vina\/bela-vina\/kogl-kerner-pozna-trgatev\/#primaryimage"},"thumbnailUrl":"https:\/\/vinoteka-sodcek.si\/wp-content\/uploads\/mea-culpa-2-570x855-1.jpg","datePublished":"2024-03-15T16:20:36+00:00","dateModified":"2026-01-08T08:27:26+00:00","description":"[:sl]Kerner Kogl je slaj\u0161e, odli\u010dno uravnote\u017eeno z \u017eivahnimi kislinami. Okus v ustih je slasten, poln, so\u010den. Vino spomni na zrele hru\u0161ke in jabolka.[:en]Kerner Kogl is sweeter, perfectly balanced with lively acids. The mouth-feel is delicious, full, juicy. The wine is reminiscent of ripe pears and apples.[:]","breadcrumb":{"@id":"https:\/\/vinoteka-sodcek.si\/trgovina\/vina\/bela-vina\/kogl-kerner-pozna-trgatev\/#breadcrumb"},"inLanguage":"en-US","potentialAction":[{"@type":"ReadAction","target":["https:\/\/vinoteka-sodcek.si\/trgovina\/vina\/bela-vina\/kogl-kerner-pozna-trgatev\/"]}]},{"@type":"ImageObject","inLanguage":"en-US","@id":"https:\/\/vinoteka-sodcek.si\/trgovina\/vina\/bela-vina\/kogl-kerner-pozna-trgatev\/#primaryimage","url":"https:\/\/vinoteka-sodcek.si\/wp-content\/uploads\/mea-culpa-2-570x855-1.jpg","contentUrl":"https:\/\/vinoteka-sodcek.si\/wp-content\/uploads\/mea-culpa-2-570x855-1.jpg","width":157,"height":627},{"@type":"BreadcrumbList","@id":"https:\/\/vinoteka-sodcek.si\/trgovina\/vina\/bela-vina\/kogl-kerner-pozna-trgatev\/#breadcrumb","itemListElement":[{"@type":"ListItem","position":1,"name":"Home","item":"https:\/\/vinoteka-sodcek.si\/en\/"},{"@type":"ListItem","position":2,"name":"Trgovina","item":"https:\/\/vinoteka-sodcek.si\/trgovina\/"},{"@type":"ListItem","position":3,"name":"Kerner &#8211; pozna trgatev"}]},{"@type":"WebSite","@id":"https:\/\/vinoteka-sodcek.si\/#website","url":"https:\/\/vinoteka-sodcek.si\/","name":"Vinoteka Sod\u010dek","description":"Vinoteka z vrhunskimi vini","publisher":{"@id":"https:\/\/vinoteka-sodcek.si\/#organization"},"potentialAction":[{"@type":"SearchAction","target":{"@type":"EntryPoint","urlTemplate":"https:\/\/vinoteka-sodcek.si\/?s={search_term_string}"},"query-input":"required name=search_term_string"}],"inLanguage":"en-US"},{"@type":"Organization","@id":"https:\/\/vinoteka-sodcek.si\/#organization","name":"Vinoteka Sod\u010dek, Ale\u0161 \u010ceba\u0161ek s.p.","url":"https:\/\/vinoteka-sodcek.si\/","logo":{"@type":"ImageObject","inLanguage":"en-US","@id":"https:\/\/vinoteka-sodcek.si\/#\/schema\/logo\/image\/","url":"https:\/\/beta.vinoteka-sodcek.si\/wp-content\/uploads\/vinoteka-sodcek-logo.png","contentUrl":"https:\/\/beta.vinoteka-sodcek.si\/wp-content\/uploads\/vinoteka-sodcek-logo.png","width":300,"height":90,"caption":"Vinoteka Sod\u010dek, Ale\u0161 \u010ceba\u0161ek s.p."},"image":{"@id":"https:\/\/vinoteka-sodcek.si\/#\/schema\/logo\/image\/"},"sameAs":["https:\/\/www.facebook.com\/vinotekasodcek\/"]}]}},"_links":{"self":[{"href":"https:\/\/vinoteka-sodcek.si\/en\/wp-json\/\/wp\/v2\/product\/800"}],"collection":[{"href":"https:\/\/vinoteka-sodcek.si\/en\/wp-json\/\/wp\/v2\/product"}],"about":[{"href":"https:\/\/vinoteka-sodcek.si\/en\/wp-json\/\/wp\/v2\/types\/product"}],"wp:featuredmedia":[{"embeddable":true,"href":"https:\/\/vinoteka-sodcek.si\/en\/wp-json\/\/wp\/v2\/media\/799"}],"wp:attachment":[{"href":"https:\/\/vinoteka-sodcek.si\/en\/wp-json\/\/wp\/v2\/media?parent=800"}],"wp:term":[{"taxonomy":"product_cat","embeddable":true,"href":"https:\/\/vinoteka-sodcek.si\/en\/wp-json\/\/wp\/v2\/product_cat?post=800"},{"taxonomy":"product_tag","embeddable":true,"href":"https:\/\/vinoteka-sodcek.si\/en\/wp-json\/\/wp\/v2\/product_tag?post=800"}],"curies":[{"name":"wp","href":"https:\/\/api.w.org\/{rel}","templated":true}]}}