{"id":804,"date":"2024-03-15T17:20:36","date_gmt":"2024-03-15T16:20:36","guid":{"rendered":"http:\/\/192.168.64.105\/GitHub\/vinoteka-sodcek\/trgovina\/uncategorized\/kogl-modri-pinot-rubellus\/"},"modified":"2026-04-09T17:15:28","modified_gmt":"2026-04-09T16:15:28","slug":"kogl-modri-pinot-rubellus","status":"publish","type":"product","link":"https:\/\/vinoteka-sodcek.si\/en\/shop\/wines\/rose-wines\/kogl-modri-pinot-rubellus\/","title":{"rendered":"Modri pinot Rubellus"},"content":{"rendered":"<p>After the harvesting is completed, fermentation and then 6 month ripening are carried out in the stainless steel tank.<\/p>\n<p>It is a gentle ruby \u200b\u200bred color, fruit and youthful odor. Remind us of red fruits of strawberries and raspberries. It is not completely dry, lively, intense, pleasant acids in the mouth.<\/p>\n<p>&nbsp;<\/p>\n","protected":false},"excerpt":{"rendered":"<p>After the harvesting is completed, fermentation and then 6 month ripening are carried out in the stainless steel tank. It is a gentle ruby \u200b\u200bred color, fruit and youthful odor. Remind&#8230;<\/p>\n","protected":false},"featured_media":803,"template":"","meta":[],"product_cat":[21],"product_tag":[],"acf":[],"yoast_head":"<!-- This site is optimized with the Yoast SEO plugin v22.2 - https:\/\/yoast.com\/wordpress\/plugins\/seo\/ -->\n<title>Modri pinot Rubellus | Vinoteka Sod\u010dek<\/title>\n<meta name=\"description\" content=\"Modri pinot rubellus is a delicate ruby red colour with a fruity and youthful scent. It reminds us of the red fruits of strawberries and raspberries.\" \/>\n<meta name=\"robots\" content=\"index, follow, max-snippet:-1, max-image-preview:large, max-video-preview:-1\" \/>\n<meta property=\"og:locale\" content=\"en_US\" \/>\n<meta property=\"og:type\" content=\"article\" \/>\n<meta property=\"og:title\" content=\"Modri pinot Rubellus\" \/>\n<meta property=\"og:description\" content=\"Modri pinot rubellus is a delicate ruby red colour with a fruity and youthful scent. It reminds us of the red fruits of strawberries and raspberries.\" \/>\n<meta property=\"og:url\" content=\"https:\/\/vinoteka-sodcek.si\/en\/shop\/wines\/rose-wines\/kogl-modri-pinot-rubellus\/\" \/>\n<meta property=\"og:site_name\" content=\"Vinoteka Sod\u010dek\" \/>\n<meta property=\"article:publisher\" content=\"https:\/\/www.facebook.com\/vinotekasodcek\/\" \/>\n<meta property=\"article:modified_time\" content=\"2026-04-09T16:15:28+00:00\" \/>\n<meta property=\"og:image\" content=\"https:\/\/vinoteka-sodcek.si\/wp-content\/uploads\/Kogl-Rose.jpg\" \/>\n\t<meta property=\"og:image:width\" content=\"154\" \/>\n\t<meta property=\"og:image:height\" content=\"649\" \/>\n\t<meta property=\"og:image:type\" content=\"image\/jpeg\" \/>\n<meta name=\"twitter:card\" content=\"summary_large_image\" \/>\n<!-- \/ Yoast SEO plugin. -->","yoast_head_json":{"title":"Modri pinot Rubellus | Vinoteka Sod\u010dek","description":"[:sl]Modri pinot rubellus je ne\u017eno rubinasto rde\u010de barve, sadnega in mladostnega vonja. Spomni nas na rde\u010de sade\u017ee jagode in maline.[:en]Modri pinot rubellus is a delicate ruby red colour with a fruity and youthful scent. It reminds us of the red fruits of strawberries and raspberries.[:]","robots":{"index":"index","follow":"follow","max-snippet":"max-snippet:-1","max-image-preview":"max-image-preview:large","max-video-preview":"max-video-preview:-1"},"og_locale":"en_US","og_type":"article","og_title":"[:sl]Modri pinot Rubellus[:en]Modri pinot Rubellus[:] | Vinoteka Sod\u010dek","og_description":"[:sl]Modri pinot rubellus je ne\u017eno rubinasto rde\u010de barve, sadnega in mladostnega vonja. Spomni nas na rde\u010de sade\u017ee jagode in maline.[:en]Modri pinot rubellus is a delicate ruby red colour with a fruity and youthful scent. It reminds us of the red fruits of strawberries and raspberries.[:]","og_url":"https:\/\/vinoteka-sodcek.si\/en\/shop\/wines\/rose-wines\/kogl-modri-pinot-rubellus\/","og_site_name":"Vinoteka Sod\u010dek","article_publisher":"https:\/\/www.facebook.com\/vinotekasodcek\/","article_modified_time":"2026-04-09T16:15:28+00:00","og_image":[{"width":154,"height":649,"url":"https:\/\/vinoteka-sodcek.si\/wp-content\/uploads\/Kogl-Rose.jpg","type":"image\/jpeg"}],"twitter_card":"summary_large_image","schema":{"@context":"https:\/\/schema.org","@graph":[{"@type":"WebPage","@id":"https:\/\/vinoteka-sodcek.si\/en\/shop\/wines\/rose-wines\/kogl-modri-pinot-rubellus\/","url":"https:\/\/vinoteka-sodcek.si\/en\/shop\/wines\/rose-wines\/kogl-modri-pinot-rubellus\/","name":"[:sl]Modri pinot Rubellus[:en]Modri pinot Rubellus[:] | Vinoteka Sod\u010dek","isPartOf":{"@id":"https:\/\/vinoteka-sodcek.si\/#website"},"primaryImageOfPage":{"@id":"https:\/\/vinoteka-sodcek.si\/en\/shop\/wines\/rose-wines\/kogl-modri-pinot-rubellus\/#primaryimage"},"image":{"@id":"https:\/\/vinoteka-sodcek.si\/en\/shop\/wines\/rose-wines\/kogl-modri-pinot-rubellus\/#primaryimage"},"thumbnailUrl":"https:\/\/vinoteka-sodcek.si\/wp-content\/uploads\/Kogl-Rose.jpg","datePublished":"2024-03-15T16:20:36+00:00","dateModified":"2026-04-09T16:15:28+00:00","description":"[:sl]Modri pinot rubellus je ne\u017eno rubinasto rde\u010de barve, sadnega in mladostnega vonja. Spomni nas na rde\u010de sade\u017ee jagode in maline.[:en]Modri pinot rubellus is a delicate ruby red colour with a fruity and youthful scent. It reminds us of the red fruits of strawberries and raspberries.[:]","breadcrumb":{"@id":"https:\/\/vinoteka-sodcek.si\/en\/shop\/wines\/rose-wines\/kogl-modri-pinot-rubellus\/#breadcrumb"},"inLanguage":"en-US","potentialAction":[{"@type":"ReadAction","target":["https:\/\/vinoteka-sodcek.si\/en\/shop\/wines\/rose-wines\/kogl-modri-pinot-rubellus\/"]}]},{"@type":"ImageObject","inLanguage":"en-US","@id":"https:\/\/vinoteka-sodcek.si\/en\/shop\/wines\/rose-wines\/kogl-modri-pinot-rubellus\/#primaryimage","url":"https:\/\/vinoteka-sodcek.si\/wp-content\/uploads\/Kogl-Rose.jpg","contentUrl":"https:\/\/vinoteka-sodcek.si\/wp-content\/uploads\/Kogl-Rose.jpg","width":154,"height":649},{"@type":"BreadcrumbList","@id":"https:\/\/vinoteka-sodcek.si\/en\/shop\/wines\/rose-wines\/kogl-modri-pinot-rubellus\/#breadcrumb","itemListElement":[{"@type":"ListItem","position":1,"name":"Home","item":"https:\/\/vinoteka-sodcek.si\/en\/"},{"@type":"ListItem","position":2,"name":"Trgovina","item":"https:\/\/vinoteka-sodcek.si\/trgovina\/"},{"@type":"ListItem","position":3,"name":"Modri pinot Rubellus"}]},{"@type":"WebSite","@id":"https:\/\/vinoteka-sodcek.si\/#website","url":"https:\/\/vinoteka-sodcek.si\/","name":"Vinoteka Sod\u010dek","description":"Vinoteka z vrhunskimi vini","publisher":{"@id":"https:\/\/vinoteka-sodcek.si\/#organization"},"potentialAction":[{"@type":"SearchAction","target":{"@type":"EntryPoint","urlTemplate":"https:\/\/vinoteka-sodcek.si\/?s={search_term_string}"},"query-input":"required name=search_term_string"}],"inLanguage":"en-US"},{"@type":"Organization","@id":"https:\/\/vinoteka-sodcek.si\/#organization","name":"Vinoteka Sod\u010dek, Ale\u0161 \u010ceba\u0161ek s.p.","url":"https:\/\/vinoteka-sodcek.si\/","logo":{"@type":"ImageObject","inLanguage":"en-US","@id":"https:\/\/vinoteka-sodcek.si\/#\/schema\/logo\/image\/","url":"https:\/\/beta.vinoteka-sodcek.si\/wp-content\/uploads\/vinoteka-sodcek-logo.png","contentUrl":"https:\/\/beta.vinoteka-sodcek.si\/wp-content\/uploads\/vinoteka-sodcek-logo.png","width":300,"height":90,"caption":"Vinoteka Sod\u010dek, Ale\u0161 \u010ceba\u0161ek s.p."},"image":{"@id":"https:\/\/vinoteka-sodcek.si\/#\/schema\/logo\/image\/"},"sameAs":["https:\/\/www.facebook.com\/vinotekasodcek\/"]}]}},"_links":{"self":[{"href":"https:\/\/vinoteka-sodcek.si\/en\/wp-json\/\/wp\/v2\/product\/804"}],"collection":[{"href":"https:\/\/vinoteka-sodcek.si\/en\/wp-json\/\/wp\/v2\/product"}],"about":[{"href":"https:\/\/vinoteka-sodcek.si\/en\/wp-json\/\/wp\/v2\/types\/product"}],"wp:featuredmedia":[{"embeddable":true,"href":"https:\/\/vinoteka-sodcek.si\/en\/wp-json\/\/wp\/v2\/media\/803"}],"wp:attachment":[{"href":"https:\/\/vinoteka-sodcek.si\/en\/wp-json\/\/wp\/v2\/media?parent=804"}],"wp:term":[{"taxonomy":"product_cat","embeddable":true,"href":"https:\/\/vinoteka-sodcek.si\/en\/wp-json\/\/wp\/v2\/product_cat?post=804"},{"taxonomy":"product_tag","embeddable":true,"href":"https:\/\/vinoteka-sodcek.si\/en\/wp-json\/\/wp\/v2\/product_tag?post=804"}],"curies":[{"name":"wp","href":"https:\/\/api.w.org\/{rel}","templated":true}]}}