{"id":812,"date":"2024-03-15T17:20:37","date_gmt":"2024-03-15T16:20:37","guid":{"rendered":"http:\/\/192.168.64.105\/GitHub\/vinoteka-sodcek\/trgovina\/uncategorized\/verus-renski-rizling\/"},"modified":"2026-01-08T09:43:41","modified_gmt":"2026-01-08T08:43:41","slug":"verus-renski-rizling","status":"publish","type":"product","link":"https:\/\/vinoteka-sodcek.si\/en\/shop\/wines\/white-wines\/verus-renski-rizling\/","title":{"rendered":"Renski rizling"},"content":{"rendered":"<p>The grapes were processed quickly, without aeration and with minimal mechanical stress on the grapes and must. Fermentation took place for three weeks in steel tanks at temperatures below 15\u00baC.<\/p>\n<p>The wine has a pleasant youthful character and great quality potential. It develops intense aromas of lime and peach, with a hint of basil. The aromas develop and persist nicely. It is not quite dry, has lively acidity but is beautifully balanced.<\/p>\n","protected":false},"excerpt":{"rendered":"<p>The grapes were processed quickly, without aeration and with minimal mechanical stress on the grapes and must. Fermentation took place for three weeks in steel tanks at temperatures below 15\u00baC. The&#8230;<\/p>\n","protected":false},"featured_media":811,"template":"","meta":[],"product_cat":[19],"product_tag":[],"acf":[],"yoast_head":"<!-- This site is optimized with the Yoast SEO plugin v22.2 - https:\/\/yoast.com\/wordpress\/plugins\/seo\/ -->\n<title>Renski rizling | Vinoteka Sod\u010dek<\/title>\n<meta name=\"description\" content=\"Renski rizling Verus has a pleasant, youthful character and great quality potential. An intense aroma of lime and peach is developed.\" \/>\n<meta name=\"robots\" content=\"index, follow, max-snippet:-1, max-image-preview:large, max-video-preview:-1\" \/>\n<meta property=\"og:locale\" content=\"en_US\" \/>\n<meta property=\"og:type\" content=\"article\" \/>\n<meta property=\"og:title\" content=\"Renski rizling\" \/>\n<meta property=\"og:description\" content=\"Renski rizling Verus has a pleasant, youthful character and great quality potential. An intense aroma of lime and peach is developed.\" \/>\n<meta property=\"og:url\" content=\"https:\/\/vinoteka-sodcek.si\/en\/shop\/wines\/white-wines\/verus-renski-rizling\/\" \/>\n<meta property=\"og:site_name\" content=\"Vinoteka Sod\u010dek\" \/>\n<meta property=\"article:publisher\" content=\"https:\/\/www.facebook.com\/vinotekasodcek\/\" \/>\n<meta property=\"article:modified_time\" content=\"2026-01-08T08:43:41+00:00\" \/>\n<meta property=\"og:image\" content=\"https:\/\/vinoteka-sodcek.si\/wp-content\/uploads\/VERUS_Steklenice_slovenske_RENSKI-RIZLING-1-1.jpg\" \/>\n\t<meta property=\"og:image:width\" content=\"172\" \/>\n\t<meta property=\"og:image:height\" content=\"634\" \/>\n\t<meta property=\"og:image:type\" content=\"image\/jpeg\" \/>\n<meta name=\"twitter:card\" content=\"summary_large_image\" \/>\n<!-- \/ Yoast SEO plugin. -->","yoast_head_json":{"title":"Renski rizling | Vinoteka Sod\u010dek","description":"[:sl]Renski rizling Verus ima prijeten mladosten karakter in velik kakovostni potencial. Razvita je intenzivna aroma po limeti in breskvi.[:en]Renski rizling Verus has a pleasant, youthful character and great quality potential. An intense aroma of lime and peach is developed.[:]","robots":{"index":"index","follow":"follow","max-snippet":"max-snippet:-1","max-image-preview":"max-image-preview:large","max-video-preview":"max-video-preview:-1"},"og_locale":"en_US","og_type":"article","og_title":"[:sl]Renski rizling[:en]Renski rizling[:] | Vinoteka Sod\u010dek","og_description":"[:sl]Renski rizling Verus ima prijeten mladosten karakter in velik kakovostni potencial. Razvita je intenzivna aroma po limeti in breskvi.[:en]Renski rizling Verus has a pleasant, youthful character and great quality potential. An intense aroma of lime and peach is developed.[:]","og_url":"https:\/\/vinoteka-sodcek.si\/en\/shop\/wines\/white-wines\/verus-renski-rizling\/","og_site_name":"Vinoteka Sod\u010dek","article_publisher":"https:\/\/www.facebook.com\/vinotekasodcek\/","article_modified_time":"2026-01-08T08:43:41+00:00","og_image":[{"width":172,"height":634,"url":"https:\/\/vinoteka-sodcek.si\/wp-content\/uploads\/VERUS_Steklenice_slovenske_RENSKI-RIZLING-1-1.jpg","type":"image\/jpeg"}],"twitter_card":"summary_large_image","schema":{"@context":"https:\/\/schema.org","@graph":[{"@type":"WebPage","@id":"https:\/\/vinoteka-sodcek.si\/trgovina\/vina\/bela-vina\/verus-renski-rizling\/","url":"https:\/\/vinoteka-sodcek.si\/trgovina\/vina\/bela-vina\/verus-renski-rizling\/","name":"[:sl]Renski rizling[:en]Renski rizling[:] | Vinoteka Sod\u010dek","isPartOf":{"@id":"https:\/\/vinoteka-sodcek.si\/#website"},"primaryImageOfPage":{"@id":"https:\/\/vinoteka-sodcek.si\/trgovina\/vina\/bela-vina\/verus-renski-rizling\/#primaryimage"},"image":{"@id":"https:\/\/vinoteka-sodcek.si\/trgovina\/vina\/bela-vina\/verus-renski-rizling\/#primaryimage"},"thumbnailUrl":"https:\/\/vinoteka-sodcek.si\/wp-content\/uploads\/VERUS_Steklenice_slovenske_RENSKI-RIZLING-1-1.jpg","datePublished":"2024-03-15T16:20:37+00:00","dateModified":"2026-01-08T08:43:41+00:00","description":"[:sl]Renski rizling Verus ima prijeten mladosten karakter in velik kakovostni potencial. Razvita je intenzivna aroma po limeti in breskvi.[:en]Renski rizling Verus has a pleasant, youthful character and great quality potential. An intense aroma of lime and peach is developed.[:]","breadcrumb":{"@id":"https:\/\/vinoteka-sodcek.si\/trgovina\/vina\/bela-vina\/verus-renski-rizling\/#breadcrumb"},"inLanguage":"en-US","potentialAction":[{"@type":"ReadAction","target":["https:\/\/vinoteka-sodcek.si\/trgovina\/vina\/bela-vina\/verus-renski-rizling\/"]}]},{"@type":"ImageObject","inLanguage":"en-US","@id":"https:\/\/vinoteka-sodcek.si\/trgovina\/vina\/bela-vina\/verus-renski-rizling\/#primaryimage","url":"https:\/\/vinoteka-sodcek.si\/wp-content\/uploads\/VERUS_Steklenice_slovenske_RENSKI-RIZLING-1-1.jpg","contentUrl":"https:\/\/vinoteka-sodcek.si\/wp-content\/uploads\/VERUS_Steklenice_slovenske_RENSKI-RIZLING-1-1.jpg","width":172,"height":634},{"@type":"BreadcrumbList","@id":"https:\/\/vinoteka-sodcek.si\/trgovina\/vina\/bela-vina\/verus-renski-rizling\/#breadcrumb","itemListElement":[{"@type":"ListItem","position":1,"name":"Home","item":"https:\/\/vinoteka-sodcek.si\/en\/"},{"@type":"ListItem","position":2,"name":"Trgovina","item":"https:\/\/vinoteka-sodcek.si\/trgovina\/"},{"@type":"ListItem","position":3,"name":"Renski rizling"}]},{"@type":"WebSite","@id":"https:\/\/vinoteka-sodcek.si\/#website","url":"https:\/\/vinoteka-sodcek.si\/","name":"Vinoteka Sod\u010dek","description":"Vinoteka z vrhunskimi vini","publisher":{"@id":"https:\/\/vinoteka-sodcek.si\/#organization"},"potentialAction":[{"@type":"SearchAction","target":{"@type":"EntryPoint","urlTemplate":"https:\/\/vinoteka-sodcek.si\/?s={search_term_string}"},"query-input":"required name=search_term_string"}],"inLanguage":"en-US"},{"@type":"Organization","@id":"https:\/\/vinoteka-sodcek.si\/#organization","name":"Vinoteka Sod\u010dek, Ale\u0161 \u010ceba\u0161ek s.p.","url":"https:\/\/vinoteka-sodcek.si\/","logo":{"@type":"ImageObject","inLanguage":"en-US","@id":"https:\/\/vinoteka-sodcek.si\/#\/schema\/logo\/image\/","url":"https:\/\/beta.vinoteka-sodcek.si\/wp-content\/uploads\/vinoteka-sodcek-logo.png","contentUrl":"https:\/\/beta.vinoteka-sodcek.si\/wp-content\/uploads\/vinoteka-sodcek-logo.png","width":300,"height":90,"caption":"Vinoteka Sod\u010dek, Ale\u0161 \u010ceba\u0161ek s.p."},"image":{"@id":"https:\/\/vinoteka-sodcek.si\/#\/schema\/logo\/image\/"},"sameAs":["https:\/\/www.facebook.com\/vinotekasodcek\/"]}]}},"_links":{"self":[{"href":"https:\/\/vinoteka-sodcek.si\/en\/wp-json\/\/wp\/v2\/product\/812"}],"collection":[{"href":"https:\/\/vinoteka-sodcek.si\/en\/wp-json\/\/wp\/v2\/product"}],"about":[{"href":"https:\/\/vinoteka-sodcek.si\/en\/wp-json\/\/wp\/v2\/types\/product"}],"wp:featuredmedia":[{"embeddable":true,"href":"https:\/\/vinoteka-sodcek.si\/en\/wp-json\/\/wp\/v2\/media\/811"}],"wp:attachment":[{"href":"https:\/\/vinoteka-sodcek.si\/en\/wp-json\/\/wp\/v2\/media?parent=812"}],"wp:term":[{"taxonomy":"product_cat","embeddable":true,"href":"https:\/\/vinoteka-sodcek.si\/en\/wp-json\/\/wp\/v2\/product_cat?post=812"},{"taxonomy":"product_tag","embeddable":true,"href":"https:\/\/vinoteka-sodcek.si\/en\/wp-json\/\/wp\/v2\/product_tag?post=812"}],"curies":[{"name":"wp","href":"https:\/\/api.w.org\/{rel}","templated":true}]}}