{"id":814,"date":"2024-03-15T17:20:37","date_gmt":"2024-03-15T16:20:37","guid":{"rendered":"http:\/\/192.168.64.105\/GitHub\/vinoteka-sodcek\/trgovina\/uncategorized\/verus-rumeni-muskat\/"},"modified":"2026-01-08T09:44:03","modified_gmt":"2026-01-08T08:44:03","slug":"verus-rumeni-muskat","status":"publish","type":"product","link":"https:\/\/vinoteka-sodcek.si\/en\/shop\/wines\/white-wines\/verus-rumeni-muskat\/","title":{"rendered":"Rumeni mu\u0161kat"},"content":{"rendered":"<p>As the flesh of the grapes is more compact, the mashing process took a little longer than usual. The rest of the processing was carried out quickly, without aeration and with minimal mechanical stress on the must. Fermentation took place for three weeks in steel tanks at temperatures below 15\u00baC.<\/p>\n<p>The wine has an intense muscat bouquet, also aromas of apricot, ripe pear. It is fresh on the palate, with plenty of muscat character, harmonious and light.<\/p>\n","protected":false},"excerpt":{"rendered":"<p>As the flesh of the grapes is more compact, the mashing process took a little longer than usual. The rest of the processing was carried out quickly, without aeration and with&#8230;<\/p>\n","protected":false},"featured_media":1082,"template":"","meta":[],"product_cat":[19],"product_tag":[],"acf":[],"yoast_head":"<!-- This site is optimized with the Yoast SEO plugin v22.2 - https:\/\/yoast.com\/wordpress\/plugins\/seo\/ -->\n<title>Rumeni mu\u0161kat | Vinoteka Sod\u010dek<\/title>\n<meta name=\"description\" content=\"Rumeni mu\u0161kat Verus has intense muscat flower, also apricot, ripe pear aromas. It is fresh on the palate, with plenty of muscat character.\" \/>\n<meta name=\"robots\" content=\"index, follow, max-snippet:-1, max-image-preview:large, max-video-preview:-1\" \/>\n<meta property=\"og:locale\" content=\"en_US\" \/>\n<meta property=\"og:type\" content=\"article\" \/>\n<meta property=\"og:title\" content=\"Rumeni mu\u0161kat\" \/>\n<meta property=\"og:description\" content=\"Rumeni mu\u0161kat Verus has intense muscat flower, also apricot, ripe pear aromas. It is fresh on the palate, with plenty of muscat character.\" \/>\n<meta property=\"og:url\" content=\"https:\/\/vinoteka-sodcek.si\/en\/shop\/wines\/white-wines\/verus-rumeni-muskat\/\" \/>\n<meta property=\"og:site_name\" content=\"Vinoteka Sod\u010dek\" \/>\n<meta property=\"article:publisher\" content=\"https:\/\/www.facebook.com\/vinotekasodcek\/\" \/>\n<meta property=\"article:modified_time\" content=\"2026-01-08T08:44:03+00:00\" \/>\n<meta property=\"og:image\" content=\"https:\/\/vinoteka-sodcek.si\/wp-content\/uploads\/rumeni-muskat-verus.jpg\" \/>\n\t<meta property=\"og:image:width\" content=\"331\" \/>\n\t<meta property=\"og:image:height\" content=\"1200\" \/>\n\t<meta property=\"og:image:type\" content=\"image\/jpeg\" \/>\n<meta name=\"twitter:card\" content=\"summary_large_image\" \/>\n<!-- \/ Yoast SEO plugin. -->","yoast_head_json":{"title":"Rumeni mu\u0161kat | Vinoteka Sod\u010dek","description":"[:sl]Rumeni mu\u0161kat Verus ima intenzivno mu\u0161katno cvetico, tudi arome marelice, zrele hru\u0161ke. V okusu je sve\u017e, z obilo mu\u0161katnega karakterja, skladen in lahkoten.[:en]Rumeni mu\u0161kat Verus has intense muscat flower, also apricot, ripe pear aromas. It is fresh on the palate, with plenty of muscat character.[:]","robots":{"index":"index","follow":"follow","max-snippet":"max-snippet:-1","max-image-preview":"max-image-preview:large","max-video-preview":"max-video-preview:-1"},"og_locale":"en_US","og_type":"article","og_title":"[:sl]Rumeni mu\u0161kat[:en]Rumeni mu\u0161kat[:] | Vinoteka Sod\u010dek","og_description":"[:sl]Rumeni mu\u0161kat Verus ima intenzivno mu\u0161katno cvetico, tudi arome marelice, zrele hru\u0161ke. V okusu je sve\u017e, z obilo mu\u0161katnega karakterja, skladen in lahkoten.[:en]Rumeni mu\u0161kat Verus has intense muscat flower, also apricot, ripe pear aromas. It is fresh on the palate, with plenty of muscat character.[:]","og_url":"https:\/\/vinoteka-sodcek.si\/en\/shop\/wines\/white-wines\/verus-rumeni-muskat\/","og_site_name":"Vinoteka Sod\u010dek","article_publisher":"https:\/\/www.facebook.com\/vinotekasodcek\/","article_modified_time":"2026-01-08T08:44:03+00:00","og_image":[{"width":331,"height":1200,"url":"https:\/\/vinoteka-sodcek.si\/wp-content\/uploads\/rumeni-muskat-verus.jpg","type":"image\/jpeg"}],"twitter_card":"summary_large_image","schema":{"@context":"https:\/\/schema.org","@graph":[{"@type":"WebPage","@id":"https:\/\/vinoteka-sodcek.si\/trgovina\/vina\/bela-vina\/verus-rumeni-muskat\/","url":"https:\/\/vinoteka-sodcek.si\/trgovina\/vina\/bela-vina\/verus-rumeni-muskat\/","name":"[:sl]Rumeni mu\u0161kat[:en]Rumeni mu\u0161kat[:] | Vinoteka Sod\u010dek","isPartOf":{"@id":"https:\/\/vinoteka-sodcek.si\/#website"},"primaryImageOfPage":{"@id":"https:\/\/vinoteka-sodcek.si\/trgovina\/vina\/bela-vina\/verus-rumeni-muskat\/#primaryimage"},"image":{"@id":"https:\/\/vinoteka-sodcek.si\/trgovina\/vina\/bela-vina\/verus-rumeni-muskat\/#primaryimage"},"thumbnailUrl":"https:\/\/vinoteka-sodcek.si\/wp-content\/uploads\/rumeni-muskat-verus.jpg","datePublished":"2024-03-15T16:20:37+00:00","dateModified":"2026-01-08T08:44:03+00:00","description":"[:sl]Rumeni mu\u0161kat Verus ima intenzivno mu\u0161katno cvetico, tudi arome marelice, zrele hru\u0161ke. V okusu je sve\u017e, z obilo mu\u0161katnega karakterja, skladen in lahkoten.[:en]Rumeni mu\u0161kat Verus has intense muscat flower, also apricot, ripe pear aromas. It is fresh on the palate, with plenty of muscat character.[:]","breadcrumb":{"@id":"https:\/\/vinoteka-sodcek.si\/trgovina\/vina\/bela-vina\/verus-rumeni-muskat\/#breadcrumb"},"inLanguage":"en-US","potentialAction":[{"@type":"ReadAction","target":["https:\/\/vinoteka-sodcek.si\/trgovina\/vina\/bela-vina\/verus-rumeni-muskat\/"]}]},{"@type":"ImageObject","inLanguage":"en-US","@id":"https:\/\/vinoteka-sodcek.si\/trgovina\/vina\/bela-vina\/verus-rumeni-muskat\/#primaryimage","url":"https:\/\/vinoteka-sodcek.si\/wp-content\/uploads\/rumeni-muskat-verus.jpg","contentUrl":"https:\/\/vinoteka-sodcek.si\/wp-content\/uploads\/rumeni-muskat-verus.jpg","width":331,"height":1200},{"@type":"BreadcrumbList","@id":"https:\/\/vinoteka-sodcek.si\/trgovina\/vina\/bela-vina\/verus-rumeni-muskat\/#breadcrumb","itemListElement":[{"@type":"ListItem","position":1,"name":"Home","item":"https:\/\/vinoteka-sodcek.si\/en\/"},{"@type":"ListItem","position":2,"name":"Trgovina","item":"https:\/\/vinoteka-sodcek.si\/trgovina\/"},{"@type":"ListItem","position":3,"name":"Rumeni mu\u0161kat"}]},{"@type":"WebSite","@id":"https:\/\/vinoteka-sodcek.si\/#website","url":"https:\/\/vinoteka-sodcek.si\/","name":"Vinoteka Sod\u010dek","description":"Vinoteka z vrhunskimi vini","publisher":{"@id":"https:\/\/vinoteka-sodcek.si\/#organization"},"potentialAction":[{"@type":"SearchAction","target":{"@type":"EntryPoint","urlTemplate":"https:\/\/vinoteka-sodcek.si\/?s={search_term_string}"},"query-input":"required name=search_term_string"}],"inLanguage":"en-US"},{"@type":"Organization","@id":"https:\/\/vinoteka-sodcek.si\/#organization","name":"Vinoteka Sod\u010dek, Ale\u0161 \u010ceba\u0161ek s.p.","url":"https:\/\/vinoteka-sodcek.si\/","logo":{"@type":"ImageObject","inLanguage":"en-US","@id":"https:\/\/vinoteka-sodcek.si\/#\/schema\/logo\/image\/","url":"https:\/\/beta.vinoteka-sodcek.si\/wp-content\/uploads\/vinoteka-sodcek-logo.png","contentUrl":"https:\/\/beta.vinoteka-sodcek.si\/wp-content\/uploads\/vinoteka-sodcek-logo.png","width":300,"height":90,"caption":"Vinoteka Sod\u010dek, Ale\u0161 \u010ceba\u0161ek s.p."},"image":{"@id":"https:\/\/vinoteka-sodcek.si\/#\/schema\/logo\/image\/"},"sameAs":["https:\/\/www.facebook.com\/vinotekasodcek\/"]}]}},"_links":{"self":[{"href":"https:\/\/vinoteka-sodcek.si\/en\/wp-json\/\/wp\/v2\/product\/814"}],"collection":[{"href":"https:\/\/vinoteka-sodcek.si\/en\/wp-json\/\/wp\/v2\/product"}],"about":[{"href":"https:\/\/vinoteka-sodcek.si\/en\/wp-json\/\/wp\/v2\/types\/product"}],"wp:featuredmedia":[{"embeddable":true,"href":"https:\/\/vinoteka-sodcek.si\/en\/wp-json\/\/wp\/v2\/media\/1082"}],"wp:attachment":[{"href":"https:\/\/vinoteka-sodcek.si\/en\/wp-json\/\/wp\/v2\/media?parent=814"}],"wp:term":[{"taxonomy":"product_cat","embeddable":true,"href":"https:\/\/vinoteka-sodcek.si\/en\/wp-json\/\/wp\/v2\/product_cat?post=814"},{"taxonomy":"product_tag","embeddable":true,"href":"https:\/\/vinoteka-sodcek.si\/en\/wp-json\/\/wp\/v2\/product_tag?post=814"}],"curies":[{"name":"wp","href":"https:\/\/api.w.org\/{rel}","templated":true}]}}