{"id":816,"date":"2024-03-15T17:20:37","date_gmt":"2024-03-15T16:20:37","guid":{"rendered":"http:\/\/192.168.64.105\/GitHub\/vinoteka-sodcek\/trgovina\/uncategorized\/verus-sauvignon\/"},"modified":"2025-10-14T12:09:00","modified_gmt":"2025-10-14T11:09:00","slug":"verus-sauvignon","status":"publish","type":"product","link":"https:\/\/vinoteka-sodcek.si\/en\/shop\/wines\/white-wines\/verus-sauvignon\/","title":{"rendered":"Sauvignon"},"content":{"rendered":"<p>During the grape harvest in the vineyard, only well ripened and healthy bunches were carefully picked. The grapes were processed quickly, without aeration and with minimal mechanical stress on the grapes and must. The fermentation took place for three weeks in steel tanks at a temperature below 15\u00baC. After fermentation, the wine was left on fine lees for some time.<\/p>\n<p>The wine has a lively fruity character with aromas of elderberries, gooseberries and green peppers. It is rich and fresh, with a multi-faceted aroma and a long pleasant aftertaste.<\/p>\n","protected":false},"excerpt":{"rendered":"<p>During the grape harvest in the vineyard, only well ripened and healthy bunches were carefully picked. The grapes were processed quickly, without aeration and with minimal mechanical stress on the grapes&#8230;<\/p>\n","protected":false},"featured_media":1098,"template":"","meta":[],"product_cat":[19],"product_tag":[],"acf":[],"yoast_head":"<!-- This site is optimized with the Yoast SEO plugin v22.2 - https:\/\/yoast.com\/wordpress\/plugins\/seo\/ -->\n<title>Sauvignon | Vinoteka Sod\u010dek<\/title>\n<meta name=\"description\" content=\"Sauvignon Verus has a lively fruity character with aromas of elderflower, gooseberry and green pepper. It is rich and fresh with a multifaceted aromas.\" \/>\n<meta name=\"robots\" content=\"index, follow, max-snippet:-1, max-image-preview:large, max-video-preview:-1\" \/>\n<meta property=\"og:locale\" content=\"en_US\" \/>\n<meta property=\"og:type\" content=\"article\" \/>\n<meta property=\"og:title\" content=\"Sauvignon\" \/>\n<meta property=\"og:description\" content=\"Sauvignon Verus has a lively fruity character with aromas of elderflower, gooseberry and green pepper. It is rich and fresh with a multifaceted aromas.\" \/>\n<meta property=\"og:url\" content=\"https:\/\/vinoteka-sodcek.si\/en\/shop\/wines\/white-wines\/verus-sauvignon\/\" \/>\n<meta property=\"og:site_name\" content=\"Vinoteka Sod\u010dek\" \/>\n<meta property=\"article:publisher\" content=\"https:\/\/www.facebook.com\/vinotekasodcek\/\" \/>\n<meta property=\"article:modified_time\" content=\"2025-10-14T11:09:00+00:00\" \/>\n<meta property=\"og:image\" content=\"https:\/\/vinoteka-sodcek.si\/wp-content\/uploads\/sauvignon-verus-1.jpg\" \/>\n\t<meta property=\"og:image:width\" content=\"331\" \/>\n\t<meta property=\"og:image:height\" content=\"1200\" \/>\n\t<meta property=\"og:image:type\" content=\"image\/jpeg\" \/>\n<meta name=\"twitter:card\" content=\"summary_large_image\" \/>\n<!-- \/ Yoast SEO plugin. -->","yoast_head_json":{"title":"Sauvignon | Vinoteka Sod\u010dek","description":"[:sl]Sauvignon Verus ima \u017eivahen saden karakter z aromami po bezgu, kosmuljah in zeleni papriki. Je bogat in hkrati sve\u017e ima ve\u010dplastno aromo.[:en]Sauvignon Verus has a lively fruity character with aromas of elderflower, gooseberry and green pepper. It is rich and fresh with a multifaceted aromas.[:]","robots":{"index":"index","follow":"follow","max-snippet":"max-snippet:-1","max-image-preview":"max-image-preview:large","max-video-preview":"max-video-preview:-1"},"og_locale":"en_US","og_type":"article","og_title":"[:sl]Sauvignon[:en]Sauvignon[:] | Vinoteka Sod\u010dek","og_description":"[:sl]Sauvignon Verus ima \u017eivahen saden karakter z aromami po bezgu, kosmuljah in zeleni papriki. Je bogat in hkrati sve\u017e ima ve\u010dplastno aromo.[:en]Sauvignon Verus has a lively fruity character with aromas of elderflower, gooseberry and green pepper. It is rich and fresh with a multifaceted aromas.[:]","og_url":"https:\/\/vinoteka-sodcek.si\/en\/shop\/wines\/white-wines\/verus-sauvignon\/","og_site_name":"Vinoteka Sod\u010dek","article_publisher":"https:\/\/www.facebook.com\/vinotekasodcek\/","article_modified_time":"2025-10-14T11:09:00+00:00","og_image":[{"width":331,"height":1200,"url":"https:\/\/vinoteka-sodcek.si\/wp-content\/uploads\/sauvignon-verus-1.jpg","type":"image\/jpeg"}],"twitter_card":"summary_large_image","schema":{"@context":"https:\/\/schema.org","@graph":[{"@type":"WebPage","@id":"https:\/\/vinoteka-sodcek.si\/trgovina\/vina\/bela-vina\/verus-sauvignon\/","url":"https:\/\/vinoteka-sodcek.si\/trgovina\/vina\/bela-vina\/verus-sauvignon\/","name":"[:sl]Sauvignon[:en]Sauvignon[:] | Vinoteka Sod\u010dek","isPartOf":{"@id":"https:\/\/vinoteka-sodcek.si\/#website"},"primaryImageOfPage":{"@id":"https:\/\/vinoteka-sodcek.si\/trgovina\/vina\/bela-vina\/verus-sauvignon\/#primaryimage"},"image":{"@id":"https:\/\/vinoteka-sodcek.si\/trgovina\/vina\/bela-vina\/verus-sauvignon\/#primaryimage"},"thumbnailUrl":"https:\/\/vinoteka-sodcek.si\/wp-content\/uploads\/sauvignon-verus-1.jpg","datePublished":"2024-03-15T16:20:37+00:00","dateModified":"2025-10-14T11:09:00+00:00","description":"[:sl]Sauvignon Verus ima \u017eivahen saden karakter z aromami po bezgu, kosmuljah in zeleni papriki. Je bogat in hkrati sve\u017e ima ve\u010dplastno aromo.[:en]Sauvignon Verus has a lively fruity character with aromas of elderflower, gooseberry and green pepper. It is rich and fresh with a multifaceted aromas.[:]","breadcrumb":{"@id":"https:\/\/vinoteka-sodcek.si\/trgovina\/vina\/bela-vina\/verus-sauvignon\/#breadcrumb"},"inLanguage":"en-US","potentialAction":[{"@type":"ReadAction","target":["https:\/\/vinoteka-sodcek.si\/trgovina\/vina\/bela-vina\/verus-sauvignon\/"]}]},{"@type":"ImageObject","inLanguage":"en-US","@id":"https:\/\/vinoteka-sodcek.si\/trgovina\/vina\/bela-vina\/verus-sauvignon\/#primaryimage","url":"https:\/\/vinoteka-sodcek.si\/wp-content\/uploads\/sauvignon-verus-1.jpg","contentUrl":"https:\/\/vinoteka-sodcek.si\/wp-content\/uploads\/sauvignon-verus-1.jpg","width":331,"height":1200},{"@type":"BreadcrumbList","@id":"https:\/\/vinoteka-sodcek.si\/trgovina\/vina\/bela-vina\/verus-sauvignon\/#breadcrumb","itemListElement":[{"@type":"ListItem","position":1,"name":"Home","item":"https:\/\/vinoteka-sodcek.si\/en\/"},{"@type":"ListItem","position":2,"name":"Trgovina","item":"https:\/\/vinoteka-sodcek.si\/trgovina\/"},{"@type":"ListItem","position":3,"name":"Sauvignon"}]},{"@type":"WebSite","@id":"https:\/\/vinoteka-sodcek.si\/#website","url":"https:\/\/vinoteka-sodcek.si\/","name":"Vinoteka Sod\u010dek","description":"Vinoteka z vrhunskimi vini","publisher":{"@id":"https:\/\/vinoteka-sodcek.si\/#organization"},"potentialAction":[{"@type":"SearchAction","target":{"@type":"EntryPoint","urlTemplate":"https:\/\/vinoteka-sodcek.si\/?s={search_term_string}"},"query-input":"required name=search_term_string"}],"inLanguage":"en-US"},{"@type":"Organization","@id":"https:\/\/vinoteka-sodcek.si\/#organization","name":"Vinoteka Sod\u010dek, Ale\u0161 \u010ceba\u0161ek s.p.","url":"https:\/\/vinoteka-sodcek.si\/","logo":{"@type":"ImageObject","inLanguage":"en-US","@id":"https:\/\/vinoteka-sodcek.si\/#\/schema\/logo\/image\/","url":"https:\/\/beta.vinoteka-sodcek.si\/wp-content\/uploads\/vinoteka-sodcek-logo.png","contentUrl":"https:\/\/beta.vinoteka-sodcek.si\/wp-content\/uploads\/vinoteka-sodcek-logo.png","width":300,"height":90,"caption":"Vinoteka Sod\u010dek, Ale\u0161 \u010ceba\u0161ek s.p."},"image":{"@id":"https:\/\/vinoteka-sodcek.si\/#\/schema\/logo\/image\/"},"sameAs":["https:\/\/www.facebook.com\/vinotekasodcek\/"]}]}},"_links":{"self":[{"href":"https:\/\/vinoteka-sodcek.si\/en\/wp-json\/\/wp\/v2\/product\/816"}],"collection":[{"href":"https:\/\/vinoteka-sodcek.si\/en\/wp-json\/\/wp\/v2\/product"}],"about":[{"href":"https:\/\/vinoteka-sodcek.si\/en\/wp-json\/\/wp\/v2\/types\/product"}],"wp:featuredmedia":[{"embeddable":true,"href":"https:\/\/vinoteka-sodcek.si\/en\/wp-json\/\/wp\/v2\/media\/1098"}],"wp:attachment":[{"href":"https:\/\/vinoteka-sodcek.si\/en\/wp-json\/\/wp\/v2\/media?parent=816"}],"wp:term":[{"taxonomy":"product_cat","embeddable":true,"href":"https:\/\/vinoteka-sodcek.si\/en\/wp-json\/\/wp\/v2\/product_cat?post=816"},{"taxonomy":"product_tag","embeddable":true,"href":"https:\/\/vinoteka-sodcek.si\/en\/wp-json\/\/wp\/v2\/product_tag?post=816"}],"curies":[{"name":"wp","href":"https:\/\/api.w.org\/{rel}","templated":true}]}}