{"id":832,"date":"2024-03-15T17:20:38","date_gmt":"2024-03-15T16:20:38","guid":{"rendered":"http:\/\/192.168.64.105\/GitHub\/vinoteka-sodcek\/trgovina\/uncategorized\/dveri-pax-modra-frankinja\/"},"modified":"2026-02-23T08:20:00","modified_gmt":"2026-02-23T07:20:00","slug":"dveri-pax-modra-frankinja","status":"publish","type":"product","link":"https:\/\/vinoteka-sodcek.si\/en\/shop\/wines\/red-wines\/dveri-pax-modra-frankinja\/","title":{"rendered":"Modra frankinja"},"content":{"rendered":"<p>After 3 weeks of maceration of fully ripe and healthy grapes, the wine was aged for 24 months in new and second-hand french wood barriques. Unfiltered.<\/p>\n<p>The colour is deep ruby. The bouquet is pronounced, varied, surprisingly youthful for such an old wine. There are fresh, appropriate notes of red fruits, and notes of black pepper intermingled with dramatic notes of dark red fruits, slightly smoky, undergrowth.<\/p>\n<p>On the palate it is dry, with lively acids, warm, the tannins are fully ripe, and the flavours are varied, as on the nose.<\/p>\n<p>&nbsp;<\/p>\n","protected":false},"excerpt":{"rendered":"<p>After 3 weeks of maceration of fully ripe and healthy grapes, the wine was aged for 24 months in new and second-hand french wood barriques. Unfiltered. The colour is deep ruby&#8230;.<\/p>\n","protected":false},"featured_media":831,"template":"","meta":[],"product_cat":[20],"product_tag":[],"acf":[],"yoast_head":"<!-- This site is optimized with the Yoast SEO plugin v22.2 - https:\/\/yoast.com\/wordpress\/plugins\/seo\/ -->\n<title>Modra frankinja | Vinoteka Sod\u010dek<\/title>\n<meta name=\"description\" content=\"Modra frankinja Dveri-pax was matured for 24 months in new and second-hand French barriques. Fresh notes of red fruits, black pepper. Dry, lively acidity.\" \/>\n<meta name=\"robots\" content=\"index, follow, max-snippet:-1, max-image-preview:large, max-video-preview:-1\" \/>\n<meta property=\"og:locale\" content=\"en_US\" \/>\n<meta property=\"og:type\" content=\"article\" \/>\n<meta property=\"og:title\" content=\"Modra frankinja\" \/>\n<meta property=\"og:description\" content=\"Modra frankinja Dveri-pax was matured for 24 months in new and second-hand French barriques. Fresh notes of red fruits, black pepper. Dry, lively acidity.\" \/>\n<meta property=\"og:url\" content=\"https:\/\/vinoteka-sodcek.si\/en\/shop\/wines\/red-wines\/dveri-pax-modra-frankinja\/\" \/>\n<meta property=\"og:site_name\" content=\"Vinoteka Sod\u010dek\" \/>\n<meta property=\"article:publisher\" content=\"https:\/\/www.facebook.com\/vinotekasodcek\/\" \/>\n<meta property=\"article:modified_time\" content=\"2026-02-23T07:20:00+00:00\" \/>\n<meta property=\"og:image\" content=\"https:\/\/vinoteka-sodcek.si\/wp-content\/uploads\/csm_modra-frankinja_c4405d066e-1.jpg\" \/>\n\t<meta property=\"og:image:width\" content=\"188\" \/>\n\t<meta property=\"og:image:height\" content=\"651\" \/>\n\t<meta property=\"og:image:type\" content=\"image\/jpeg\" \/>\n<meta name=\"twitter:card\" content=\"summary_large_image\" \/>\n<!-- \/ Yoast SEO plugin. -->","yoast_head_json":{"title":"Modra frankinja | Vinoteka Sod\u010dek","description":"[:sl]Modra frankinja Dveri-pax je 24 mesecev zorela v novih in rabljenih francoskih barikih. Sve\u017ee note rde\u010dih sade\u017eev, \u010drnega popra. Suha, \u017eivahne kisline.[:en]Modra frankinja Dveri-pax was matured for 24 months in new and second-hand French barriques. Fresh notes of red fruits, black pepper. Dry, lively acidity.[:]","robots":{"index":"index","follow":"follow","max-snippet":"max-snippet:-1","max-image-preview":"max-image-preview:large","max-video-preview":"max-video-preview:-1"},"og_locale":"en_US","og_type":"article","og_title":"[:sl]Modra frankinja[:en]Modra frankinja[:] | Vinoteka Sod\u010dek","og_description":"[:sl]Modra frankinja Dveri-pax je 24 mesecev zorela v novih in rabljenih francoskih barikih. Sve\u017ee note rde\u010dih sade\u017eev, \u010drnega popra. Suha, \u017eivahne kisline.[:en]Modra frankinja Dveri-pax was matured for 24 months in new and second-hand French barriques. Fresh notes of red fruits, black pepper. Dry, lively acidity.[:]","og_url":"https:\/\/vinoteka-sodcek.si\/en\/shop\/wines\/red-wines\/dveri-pax-modra-frankinja\/","og_site_name":"Vinoteka Sod\u010dek","article_publisher":"https:\/\/www.facebook.com\/vinotekasodcek\/","article_modified_time":"2026-02-23T07:20:00+00:00","og_image":[{"width":188,"height":651,"url":"https:\/\/vinoteka-sodcek.si\/wp-content\/uploads\/csm_modra-frankinja_c4405d066e-1.jpg","type":"image\/jpeg"}],"twitter_card":"summary_large_image","schema":{"@context":"https:\/\/schema.org","@graph":[{"@type":"WebPage","@id":"https:\/\/vinoteka-sodcek.si\/trgovina\/vina\/rdeca-vina\/dveri-pax-modra-frankinja\/","url":"https:\/\/vinoteka-sodcek.si\/trgovina\/vina\/rdeca-vina\/dveri-pax-modra-frankinja\/","name":"[:sl]Modra frankinja[:en]Modra frankinja[:] | Vinoteka Sod\u010dek","isPartOf":{"@id":"https:\/\/vinoteka-sodcek.si\/#website"},"primaryImageOfPage":{"@id":"https:\/\/vinoteka-sodcek.si\/trgovina\/vina\/rdeca-vina\/dveri-pax-modra-frankinja\/#primaryimage"},"image":{"@id":"https:\/\/vinoteka-sodcek.si\/trgovina\/vina\/rdeca-vina\/dveri-pax-modra-frankinja\/#primaryimage"},"thumbnailUrl":"https:\/\/vinoteka-sodcek.si\/wp-content\/uploads\/csm_modra-frankinja_c4405d066e-1.jpg","datePublished":"2024-03-15T16:20:38+00:00","dateModified":"2026-02-23T07:20:00+00:00","description":"[:sl]Modra frankinja Dveri-pax je 24 mesecev zorela v novih in rabljenih francoskih barikih. Sve\u017ee note rde\u010dih sade\u017eev, \u010drnega popra. Suha, \u017eivahne kisline.[:en]Modra frankinja Dveri-pax was matured for 24 months in new and second-hand French barriques. Fresh notes of red fruits, black pepper. Dry, lively acidity.[:]","breadcrumb":{"@id":"https:\/\/vinoteka-sodcek.si\/trgovina\/vina\/rdeca-vina\/dveri-pax-modra-frankinja\/#breadcrumb"},"inLanguage":"en-US","potentialAction":[{"@type":"ReadAction","target":["https:\/\/vinoteka-sodcek.si\/trgovina\/vina\/rdeca-vina\/dveri-pax-modra-frankinja\/"]}]},{"@type":"ImageObject","inLanguage":"en-US","@id":"https:\/\/vinoteka-sodcek.si\/trgovina\/vina\/rdeca-vina\/dveri-pax-modra-frankinja\/#primaryimage","url":"https:\/\/vinoteka-sodcek.si\/wp-content\/uploads\/csm_modra-frankinja_c4405d066e-1.jpg","contentUrl":"https:\/\/vinoteka-sodcek.si\/wp-content\/uploads\/csm_modra-frankinja_c4405d066e-1.jpg","width":188,"height":651},{"@type":"BreadcrumbList","@id":"https:\/\/vinoteka-sodcek.si\/trgovina\/vina\/rdeca-vina\/dveri-pax-modra-frankinja\/#breadcrumb","itemListElement":[{"@type":"ListItem","position":1,"name":"Home","item":"https:\/\/vinoteka-sodcek.si\/en\/"},{"@type":"ListItem","position":2,"name":"Trgovina","item":"https:\/\/vinoteka-sodcek.si\/trgovina\/"},{"@type":"ListItem","position":3,"name":"Modra frankinja"}]},{"@type":"WebSite","@id":"https:\/\/vinoteka-sodcek.si\/#website","url":"https:\/\/vinoteka-sodcek.si\/","name":"Vinoteka Sod\u010dek","description":"Vinoteka z vrhunskimi vini","publisher":{"@id":"https:\/\/vinoteka-sodcek.si\/#organization"},"potentialAction":[{"@type":"SearchAction","target":{"@type":"EntryPoint","urlTemplate":"https:\/\/vinoteka-sodcek.si\/?s={search_term_string}"},"query-input":"required name=search_term_string"}],"inLanguage":"en-US"},{"@type":"Organization","@id":"https:\/\/vinoteka-sodcek.si\/#organization","name":"Vinoteka Sod\u010dek, Ale\u0161 \u010ceba\u0161ek s.p.","url":"https:\/\/vinoteka-sodcek.si\/","logo":{"@type":"ImageObject","inLanguage":"en-US","@id":"https:\/\/vinoteka-sodcek.si\/#\/schema\/logo\/image\/","url":"https:\/\/beta.vinoteka-sodcek.si\/wp-content\/uploads\/vinoteka-sodcek-logo.png","contentUrl":"https:\/\/beta.vinoteka-sodcek.si\/wp-content\/uploads\/vinoteka-sodcek-logo.png","width":300,"height":90,"caption":"Vinoteka Sod\u010dek, Ale\u0161 \u010ceba\u0161ek s.p."},"image":{"@id":"https:\/\/vinoteka-sodcek.si\/#\/schema\/logo\/image\/"},"sameAs":["https:\/\/www.facebook.com\/vinotekasodcek\/"]}]}},"_links":{"self":[{"href":"https:\/\/vinoteka-sodcek.si\/en\/wp-json\/\/wp\/v2\/product\/832"}],"collection":[{"href":"https:\/\/vinoteka-sodcek.si\/en\/wp-json\/\/wp\/v2\/product"}],"about":[{"href":"https:\/\/vinoteka-sodcek.si\/en\/wp-json\/\/wp\/v2\/types\/product"}],"wp:featuredmedia":[{"embeddable":true,"href":"https:\/\/vinoteka-sodcek.si\/en\/wp-json\/\/wp\/v2\/media\/831"}],"wp:attachment":[{"href":"https:\/\/vinoteka-sodcek.si\/en\/wp-json\/\/wp\/v2\/media?parent=832"}],"wp:term":[{"taxonomy":"product_cat","embeddable":true,"href":"https:\/\/vinoteka-sodcek.si\/en\/wp-json\/\/wp\/v2\/product_cat?post=832"},{"taxonomy":"product_tag","embeddable":true,"href":"https:\/\/vinoteka-sodcek.si\/en\/wp-json\/\/wp\/v2\/product_tag?post=832"}],"curies":[{"name":"wp","href":"https:\/\/api.w.org\/{rel}","templated":true}]}}