{"id":834,"date":"2024-03-15T17:20:38","date_gmt":"2024-03-15T16:20:38","guid":{"rendered":"http:\/\/192.168.64.105\/GitHub\/vinoteka-sodcek\/trgovina\/uncategorized\/dveri-pax-sipon\/"},"modified":"2024-04-25T17:27:18","modified_gmt":"2024-04-25T16:27:18","slug":"dveri-pax-sipon","status":"publish","type":"product","link":"https:\/\/vinoteka-sodcek.si\/en\/shop\/wines\/white-wines\/dveri-pax-sipon\/","title":{"rendered":"Sipon"},"content":{"rendered":"<p>Vinification takes place in stainless tanks ripens on yeasts.<\/p>\n<p>Furmint is the oldest variety of this environment. It&#8217;s over 1000 years there. The color is gentle, lemon yellow. The flower is medium emphasized, slightly more fruit and spicy than usual, diverse and inviting. Initially, the smell of juicy pears, typical of the variety, prevails, and then a gentle lemon, a green apple, joins.<\/p>\n<p>It is dry, middle body in the mouth, slightly fuller than usual. Even though the vintage was very warm, the acids are emphasized and the wine is lively, which is expected from furmint.. The wine is delicious, salty with a long aftertaste.<\/p>\n","protected":false},"excerpt":{"rendered":"<p>Vinification takes place in stainless tanks ripens on yeasts. Furmint is the oldest variety of this environment. It&#8217;s over 1000 years there. The color is gentle, lemon yellow. The flower is&#8230;<\/p>\n","protected":false},"featured_media":833,"template":"","meta":[],"product_cat":[19],"product_tag":[],"acf":[],"yoast_head":"<!-- This site is optimized with the Yoast SEO plugin v22.2 - https:\/\/yoast.com\/wordpress\/plugins\/seo\/ -->\n<title>Sipon | Vinoteka Sod\u010dek<\/title>\n<meta name=\"description\" content=\"Furmint Dveri-pax is matured in stainless steel tanks on yeast lees. It is dry, medium-bodied, with lively acidity, flavoursome, salty and long aftertaste.\" \/>\n<meta name=\"robots\" content=\"index, follow, max-snippet:-1, max-image-preview:large, max-video-preview:-1\" \/>\n<meta property=\"og:locale\" content=\"en_US\" \/>\n<meta property=\"og:type\" content=\"article\" \/>\n<meta property=\"og:title\" content=\"Sipon\" \/>\n<meta property=\"og:description\" content=\"Furmint Dveri-pax is matured in stainless steel tanks on yeast lees. It is dry, medium-bodied, with lively acidity, flavoursome, salty and long aftertaste.\" \/>\n<meta property=\"og:url\" content=\"https:\/\/vinoteka-sodcek.si\/en\/shop\/wines\/white-wines\/dveri-pax-sipon\/\" \/>\n<meta property=\"og:site_name\" content=\"Vinoteka Sod\u010dek\" \/>\n<meta property=\"article:publisher\" content=\"https:\/\/www.facebook.com\/vinotekasodcek\/\" \/>\n<meta property=\"article:modified_time\" content=\"2024-04-25T16:27:18+00:00\" \/>\n<meta property=\"og:image\" content=\"https:\/\/vinoteka-sodcek.si\/wp-content\/uploads\/csm_sipon_57a3eec202-1.jpg\" \/>\n\t<meta property=\"og:image:width\" content=\"159\" \/>\n\t<meta property=\"og:image:height\" content=\"647\" \/>\n\t<meta property=\"og:image:type\" content=\"image\/jpeg\" \/>\n<meta name=\"twitter:card\" content=\"summary_large_image\" \/>\n<!-- \/ Yoast SEO plugin. -->","yoast_head_json":{"title":"Sipon | Vinoteka Sod\u010dek","description":"[:sl]\u0160ipon Dveri-pax vinificira in zori v nerjave\u010dih cisternah na kvasovkah. Je suho, srednjega telesa, \u017eivahne kisline, okusno, slano, dolgega pookusa.[:en]Furmint Dveri-pax is matured in stainless steel tanks on yeast lees. It is dry, medium-bodied, with lively acidity, flavoursome, salty and long aftertaste.[:]","robots":{"index":"index","follow":"follow","max-snippet":"max-snippet:-1","max-image-preview":"max-image-preview:large","max-video-preview":"max-video-preview:-1"},"og_locale":"en_US","og_type":"article","og_title":"[:sl]\u0160ipon[:en]Sipon[:] | Vinoteka Sod\u010dek","og_description":"[:sl]\u0160ipon Dveri-pax vinificira in zori v nerjave\u010dih cisternah na kvasovkah. Je suho, srednjega telesa, \u017eivahne kisline, okusno, slano, dolgega pookusa.[:en]Furmint Dveri-pax is matured in stainless steel tanks on yeast lees. It is dry, medium-bodied, with lively acidity, flavoursome, salty and long aftertaste.[:]","og_url":"https:\/\/vinoteka-sodcek.si\/en\/shop\/wines\/white-wines\/dveri-pax-sipon\/","og_site_name":"Vinoteka Sod\u010dek","article_publisher":"https:\/\/www.facebook.com\/vinotekasodcek\/","article_modified_time":"2024-04-25T16:27:18+00:00","og_image":[{"width":159,"height":647,"url":"https:\/\/vinoteka-sodcek.si\/wp-content\/uploads\/csm_sipon_57a3eec202-1.jpg","type":"image\/jpeg"}],"twitter_card":"summary_large_image","schema":{"@context":"https:\/\/schema.org","@graph":[{"@type":"WebPage","@id":"https:\/\/vinoteka-sodcek.si\/en\/shop\/wines\/white-wines\/dveri-pax-sipon\/","url":"https:\/\/vinoteka-sodcek.si\/en\/shop\/wines\/white-wines\/dveri-pax-sipon\/","name":"[:sl]\u0160ipon[:en]Sipon[:] | Vinoteka Sod\u010dek","isPartOf":{"@id":"https:\/\/vinoteka-sodcek.si\/#website"},"primaryImageOfPage":{"@id":"https:\/\/vinoteka-sodcek.si\/en\/shop\/wines\/white-wines\/dveri-pax-sipon\/#primaryimage"},"image":{"@id":"https:\/\/vinoteka-sodcek.si\/en\/shop\/wines\/white-wines\/dveri-pax-sipon\/#primaryimage"},"thumbnailUrl":"https:\/\/vinoteka-sodcek.si\/wp-content\/uploads\/csm_sipon_57a3eec202-1.jpg","datePublished":"2024-03-15T16:20:38+00:00","dateModified":"2024-04-25T16:27:18+00:00","description":"[:sl]\u0160ipon Dveri-pax vinificira in zori v nerjave\u010dih cisternah na kvasovkah. Je suho, srednjega telesa, \u017eivahne kisline, okusno, slano, dolgega pookusa.[:en]Furmint Dveri-pax is matured in stainless steel tanks on yeast lees. It is dry, medium-bodied, with lively acidity, flavoursome, salty and long aftertaste.[:]","breadcrumb":{"@id":"https:\/\/vinoteka-sodcek.si\/en\/shop\/wines\/white-wines\/dveri-pax-sipon\/#breadcrumb"},"inLanguage":"en-US","potentialAction":[{"@type":"ReadAction","target":["https:\/\/vinoteka-sodcek.si\/en\/shop\/wines\/white-wines\/dveri-pax-sipon\/"]}]},{"@type":"ImageObject","inLanguage":"en-US","@id":"https:\/\/vinoteka-sodcek.si\/en\/shop\/wines\/white-wines\/dveri-pax-sipon\/#primaryimage","url":"https:\/\/vinoteka-sodcek.si\/wp-content\/uploads\/csm_sipon_57a3eec202-1.jpg","contentUrl":"https:\/\/vinoteka-sodcek.si\/wp-content\/uploads\/csm_sipon_57a3eec202-1.jpg","width":159,"height":647},{"@type":"BreadcrumbList","@id":"https:\/\/vinoteka-sodcek.si\/en\/shop\/wines\/white-wines\/dveri-pax-sipon\/#breadcrumb","itemListElement":[{"@type":"ListItem","position":1,"name":"Home","item":"https:\/\/vinoteka-sodcek.si\/en\/"},{"@type":"ListItem","position":2,"name":"Trgovina","item":"https:\/\/vinoteka-sodcek.si\/trgovina\/"},{"@type":"ListItem","position":3,"name":"Sipon"}]},{"@type":"WebSite","@id":"https:\/\/vinoteka-sodcek.si\/#website","url":"https:\/\/vinoteka-sodcek.si\/","name":"Vinoteka Sod\u010dek","description":"Vinoteka z vrhunskimi vini","publisher":{"@id":"https:\/\/vinoteka-sodcek.si\/#organization"},"potentialAction":[{"@type":"SearchAction","target":{"@type":"EntryPoint","urlTemplate":"https:\/\/vinoteka-sodcek.si\/?s={search_term_string}"},"query-input":"required name=search_term_string"}],"inLanguage":"en-US"},{"@type":"Organization","@id":"https:\/\/vinoteka-sodcek.si\/#organization","name":"Vinoteka Sod\u010dek, Ale\u0161 \u010ceba\u0161ek s.p.","url":"https:\/\/vinoteka-sodcek.si\/","logo":{"@type":"ImageObject","inLanguage":"en-US","@id":"https:\/\/vinoteka-sodcek.si\/#\/schema\/logo\/image\/","url":"https:\/\/beta.vinoteka-sodcek.si\/wp-content\/uploads\/vinoteka-sodcek-logo.png","contentUrl":"https:\/\/beta.vinoteka-sodcek.si\/wp-content\/uploads\/vinoteka-sodcek-logo.png","width":300,"height":90,"caption":"Vinoteka Sod\u010dek, Ale\u0161 \u010ceba\u0161ek s.p."},"image":{"@id":"https:\/\/vinoteka-sodcek.si\/#\/schema\/logo\/image\/"},"sameAs":["https:\/\/www.facebook.com\/vinotekasodcek\/"]}]}},"_links":{"self":[{"href":"https:\/\/vinoteka-sodcek.si\/en\/wp-json\/\/wp\/v2\/product\/834"}],"collection":[{"href":"https:\/\/vinoteka-sodcek.si\/en\/wp-json\/\/wp\/v2\/product"}],"about":[{"href":"https:\/\/vinoteka-sodcek.si\/en\/wp-json\/\/wp\/v2\/types\/product"}],"wp:featuredmedia":[{"embeddable":true,"href":"https:\/\/vinoteka-sodcek.si\/en\/wp-json\/\/wp\/v2\/media\/833"}],"wp:attachment":[{"href":"https:\/\/vinoteka-sodcek.si\/en\/wp-json\/\/wp\/v2\/media?parent=834"}],"wp:term":[{"taxonomy":"product_cat","embeddable":true,"href":"https:\/\/vinoteka-sodcek.si\/en\/wp-json\/\/wp\/v2\/product_cat?post=834"},{"taxonomy":"product_tag","embeddable":true,"href":"https:\/\/vinoteka-sodcek.si\/en\/wp-json\/\/wp\/v2\/product_tag?post=834"}],"curies":[{"name":"wp","href":"https:\/\/api.w.org\/{rel}","templated":true}]}}