{"id":842,"date":"2024-03-15T17:20:38","date_gmt":"2024-03-15T16:20:38","guid":{"rendered":"http:\/\/192.168.64.105\/GitHub\/vinoteka-sodcek\/trgovina\/uncategorized\/dveri-pax-sipon-ilovci\/"},"modified":"2026-01-08T09:49:12","modified_gmt":"2026-01-08T08:49:12","slug":"dveri-pax-sipon-ilovci","status":"publish","type":"product","link":"https:\/\/vinoteka-sodcek.si\/en\/shop\/wines\/white-wines\/dveri-pax-sipon-ilovci\/","title":{"rendered":"Sipon &#8211; Ilovci"},"content":{"rendered":"<p>The wine was aged for 18 months on fine lees in large 3500l. slavonian oak barrels.<\/p>\n<p>Medium deep golden yellow colour. The flower is subdued, fine, varied. White flowers, butter, a hint of burnt wood, caramel, everything just right, very youthful despite the years. One could say elegant, in the style of Burgundian white wines.<\/p>\n<p>The wine is dry, medium-bodied, the texture is pleasantly oily, the acidity on the higher side quickly tells you that this is a cool region and a variety that expresses this kind of acidity beautifully. It is full-bodied, with plenty of tension, saltiness and persistence. A first-class expression of a ripe pomegranate from an excellent position and a classic vintage.<\/p>\n","protected":false},"excerpt":{"rendered":"<p>The wine was aged for 18 months on fine lees in large 3500l. slavonian oak barrels. Medium deep golden yellow colour. The flower is subdued, fine, varied. White flowers, butter, a&#8230;<\/p>\n","protected":false},"featured_media":841,"template":"","meta":[],"product_cat":[19],"product_tag":[],"acf":[],"yoast_head":"<!-- This site is optimized with the Yoast SEO plugin v22.2 - https:\/\/yoast.com\/wordpress\/plugins\/seo\/ -->\n<title>Sipon - Ilovci | Vinoteka Sod\u010dek<\/title>\n<meta name=\"description\" content=\"The \u0160ipon ilovci Dveri-pax was matured for 18 months in 3500 litre slavonian oak barrels. Lemon-yellow in colour, rich bouquet, dry, buttery, firm.\" \/>\n<meta name=\"robots\" content=\"index, follow, max-snippet:-1, max-image-preview:large, max-video-preview:-1\" \/>\n<meta property=\"og:locale\" content=\"en_US\" \/>\n<meta property=\"og:type\" content=\"article\" \/>\n<meta property=\"og:title\" content=\"Sipon - Ilovci\" \/>\n<meta property=\"og:description\" content=\"The \u0160ipon ilovci Dveri-pax was matured for 18 months in 3500 litre slavonian oak barrels. Lemon-yellow in colour, rich bouquet, dry, buttery, firm.\" \/>\n<meta property=\"og:url\" content=\"https:\/\/vinoteka-sodcek.si\/en\/shop\/wines\/white-wines\/dveri-pax-sipon-ilovci\/\" \/>\n<meta property=\"og:site_name\" content=\"Vinoteka Sod\u010dek\" \/>\n<meta property=\"article:publisher\" content=\"https:\/\/www.facebook.com\/vinotekasodcek\/\" \/>\n<meta property=\"article:modified_time\" content=\"2026-01-08T08:49:12+00:00\" \/>\n<meta property=\"og:image\" content=\"https:\/\/vinoteka-sodcek.si\/wp-content\/uploads\/csm_sipon-ilovci_03f98a593a-1.jpg\" \/>\n\t<meta property=\"og:image:width\" content=\"156\" \/>\n\t<meta property=\"og:image:height\" content=\"647\" \/>\n\t<meta property=\"og:image:type\" content=\"image\/jpeg\" \/>\n<meta name=\"twitter:card\" content=\"summary_large_image\" \/>\n<!-- \/ Yoast SEO plugin. -->","yoast_head_json":{"title":"Sipon - Ilovci | Vinoteka Sod\u010dek","description":"[:sl]\u0160ipon ilovci Dveri-pax je zorel 18 mesecev v 3500-litrskih sodih iz slavonskega hrasta. Limonasto rumene barve, bogata cvetica, suho, masleno, \u010dvrsto.[:en]The \u0160ipon ilovci Dveri-pax was matured for 18 months in 3500 litre slavonian oak barrels. Lemon-yellow in colour, rich bouquet, dry, buttery, firm.[:]","robots":{"index":"index","follow":"follow","max-snippet":"max-snippet:-1","max-image-preview":"max-image-preview:large","max-video-preview":"max-video-preview:-1"},"og_locale":"en_US","og_type":"article","og_title":"[:sl]\u0160ipon - Ilovci[:en]Sipon - Ilovci[:] | Vinoteka Sod\u010dek","og_description":"[:sl]\u0160ipon ilovci Dveri-pax je zorel 18 mesecev v 3500-litrskih sodih iz slavonskega hrasta. Limonasto rumene barve, bogata cvetica, suho, masleno, \u010dvrsto.[:en]The \u0160ipon ilovci Dveri-pax was matured for 18 months in 3500 litre slavonian oak barrels. Lemon-yellow in colour, rich bouquet, dry, buttery, firm.[:]","og_url":"https:\/\/vinoteka-sodcek.si\/en\/shop\/wines\/white-wines\/dveri-pax-sipon-ilovci\/","og_site_name":"Vinoteka Sod\u010dek","article_publisher":"https:\/\/www.facebook.com\/vinotekasodcek\/","article_modified_time":"2026-01-08T08:49:12+00:00","og_image":[{"width":156,"height":647,"url":"https:\/\/vinoteka-sodcek.si\/wp-content\/uploads\/csm_sipon-ilovci_03f98a593a-1.jpg","type":"image\/jpeg"}],"twitter_card":"summary_large_image","schema":{"@context":"https:\/\/schema.org","@graph":[{"@type":"WebPage","@id":"https:\/\/vinoteka-sodcek.si\/trgovina\/vina\/bela-vina\/dveri-pax-sipon-ilovci\/","url":"https:\/\/vinoteka-sodcek.si\/trgovina\/vina\/bela-vina\/dveri-pax-sipon-ilovci\/","name":"[:sl]\u0160ipon - Ilovci[:en]Sipon - Ilovci[:] | Vinoteka Sod\u010dek","isPartOf":{"@id":"https:\/\/vinoteka-sodcek.si\/#website"},"primaryImageOfPage":{"@id":"https:\/\/vinoteka-sodcek.si\/trgovina\/vina\/bela-vina\/dveri-pax-sipon-ilovci\/#primaryimage"},"image":{"@id":"https:\/\/vinoteka-sodcek.si\/trgovina\/vina\/bela-vina\/dveri-pax-sipon-ilovci\/#primaryimage"},"thumbnailUrl":"https:\/\/vinoteka-sodcek.si\/wp-content\/uploads\/csm_sipon-ilovci_03f98a593a-1.jpg","datePublished":"2024-03-15T16:20:38+00:00","dateModified":"2026-01-08T08:49:12+00:00","description":"[:sl]\u0160ipon ilovci Dveri-pax je zorel 18 mesecev v 3500-litrskih sodih iz slavonskega hrasta. Limonasto rumene barve, bogata cvetica, suho, masleno, \u010dvrsto.[:en]The \u0160ipon ilovci Dveri-pax was matured for 18 months in 3500 litre slavonian oak barrels. Lemon-yellow in colour, rich bouquet, dry, buttery, firm.[:]","breadcrumb":{"@id":"https:\/\/vinoteka-sodcek.si\/trgovina\/vina\/bela-vina\/dveri-pax-sipon-ilovci\/#breadcrumb"},"inLanguage":"en-US","potentialAction":[{"@type":"ReadAction","target":["https:\/\/vinoteka-sodcek.si\/trgovina\/vina\/bela-vina\/dveri-pax-sipon-ilovci\/"]}]},{"@type":"ImageObject","inLanguage":"en-US","@id":"https:\/\/vinoteka-sodcek.si\/trgovina\/vina\/bela-vina\/dveri-pax-sipon-ilovci\/#primaryimage","url":"https:\/\/vinoteka-sodcek.si\/wp-content\/uploads\/csm_sipon-ilovci_03f98a593a-1.jpg","contentUrl":"https:\/\/vinoteka-sodcek.si\/wp-content\/uploads\/csm_sipon-ilovci_03f98a593a-1.jpg","width":156,"height":647},{"@type":"BreadcrumbList","@id":"https:\/\/vinoteka-sodcek.si\/trgovina\/vina\/bela-vina\/dveri-pax-sipon-ilovci\/#breadcrumb","itemListElement":[{"@type":"ListItem","position":1,"name":"Home","item":"https:\/\/vinoteka-sodcek.si\/en\/"},{"@type":"ListItem","position":2,"name":"Trgovina","item":"https:\/\/vinoteka-sodcek.si\/trgovina\/"},{"@type":"ListItem","position":3,"name":"\u0160ipon &#8211; Ilovci"}]},{"@type":"WebSite","@id":"https:\/\/vinoteka-sodcek.si\/#website","url":"https:\/\/vinoteka-sodcek.si\/","name":"Vinoteka Sod\u010dek","description":"Vinoteka z vrhunskimi vini","publisher":{"@id":"https:\/\/vinoteka-sodcek.si\/#organization"},"potentialAction":[{"@type":"SearchAction","target":{"@type":"EntryPoint","urlTemplate":"https:\/\/vinoteka-sodcek.si\/?s={search_term_string}"},"query-input":"required name=search_term_string"}],"inLanguage":"en-US"},{"@type":"Organization","@id":"https:\/\/vinoteka-sodcek.si\/#organization","name":"Vinoteka Sod\u010dek, Ale\u0161 \u010ceba\u0161ek s.p.","url":"https:\/\/vinoteka-sodcek.si\/","logo":{"@type":"ImageObject","inLanguage":"en-US","@id":"https:\/\/vinoteka-sodcek.si\/#\/schema\/logo\/image\/","url":"https:\/\/beta.vinoteka-sodcek.si\/wp-content\/uploads\/vinoteka-sodcek-logo.png","contentUrl":"https:\/\/beta.vinoteka-sodcek.si\/wp-content\/uploads\/vinoteka-sodcek-logo.png","width":300,"height":90,"caption":"Vinoteka Sod\u010dek, Ale\u0161 \u010ceba\u0161ek s.p."},"image":{"@id":"https:\/\/vinoteka-sodcek.si\/#\/schema\/logo\/image\/"},"sameAs":["https:\/\/www.facebook.com\/vinotekasodcek\/"]}]}},"_links":{"self":[{"href":"https:\/\/vinoteka-sodcek.si\/en\/wp-json\/\/wp\/v2\/product\/842"}],"collection":[{"href":"https:\/\/vinoteka-sodcek.si\/en\/wp-json\/\/wp\/v2\/product"}],"about":[{"href":"https:\/\/vinoteka-sodcek.si\/en\/wp-json\/\/wp\/v2\/types\/product"}],"wp:featuredmedia":[{"embeddable":true,"href":"https:\/\/vinoteka-sodcek.si\/en\/wp-json\/\/wp\/v2\/media\/841"}],"wp:attachment":[{"href":"https:\/\/vinoteka-sodcek.si\/en\/wp-json\/\/wp\/v2\/media?parent=842"}],"wp:term":[{"taxonomy":"product_cat","embeddable":true,"href":"https:\/\/vinoteka-sodcek.si\/en\/wp-json\/\/wp\/v2\/product_cat?post=842"},{"taxonomy":"product_tag","embeddable":true,"href":"https:\/\/vinoteka-sodcek.si\/en\/wp-json\/\/wp\/v2\/product_tag?post=842"}],"curies":[{"name":"wp","href":"https:\/\/api.w.org\/{rel}","templated":true}]}}