{"id":852,"date":"2024-03-15T17:20:38","date_gmt":"2024-03-15T16:20:38","guid":{"rendered":"http:\/\/192.168.64.105\/GitHub\/vinoteka-sodcek\/trgovina\/uncategorized\/dveri-pax-dp-brut-rose\/"},"modified":"2026-02-23T08:23:45","modified_gmt":"2026-02-23T07:23:45","slug":"dveri-pax-dp-brut-rose","status":"publish","type":"product","link":"https:\/\/vinoteka-sodcek.si\/en\/shop\/wines\/sparkling-wines\/dveri-pax-dp-brut-rose\/","title":{"rendered":"DP Brut Rose"},"content":{"rendered":"<p>Classical method, 24 months maturation on yeast.<\/p>\n<p>It has a delicate pink colour, the bubbles are finer, playful and the froth is just as lively. The bouquet is more delicate, delicate and reminiscent of ripe wild strawberries, delicate spices, ripe red apple, also a little yeasty. It is quite youthful.<\/p>\n<p>The palate is dry, medium-bodied, the froth in the mouth is a little more abundant but the bubbles are fine, pleasant. The acids are moderate for a sparkling wine and the flavour of fresh ripe reddish fruit mixed with notes of bread crust and yeasty notes is even more pronounced on the palate than in the bouquet.<\/p>\n","protected":false},"excerpt":{"rendered":"<p>Classical method, 24 months maturation on yeast. It has a delicate pink colour, the bubbles are finer, playful and the froth is just as lively. The bouquet is more delicate, delicate&#8230;<\/p>\n","protected":false},"featured_media":851,"template":"","meta":[],"product_cat":[22],"product_tag":[],"acf":[],"yoast_head":"<!-- This site is optimized with the Yoast SEO plugin v22.2 - https:\/\/yoast.com\/wordpress\/plugins\/seo\/ -->\n<title>DP Brut Rose | Vinoteka Sod\u010dek<\/title>\n<meta name=\"description\" content=\"DP Brut rose Dveri-pax is matured on yeasts for 24 months. It is more delicate, and reminiscent of ripe wild strawberries, delicate spices, ripe red apple.\" \/>\n<meta name=\"robots\" content=\"index, follow, max-snippet:-1, max-image-preview:large, max-video-preview:-1\" \/>\n<meta property=\"og:locale\" content=\"en_US\" \/>\n<meta property=\"og:type\" content=\"article\" \/>\n<meta property=\"og:title\" content=\"DP Brut Rose\" \/>\n<meta property=\"og:description\" content=\"DP Brut rose Dveri-pax is matured on yeasts for 24 months. It is more delicate, and reminiscent of ripe wild strawberries, delicate spices, ripe red apple.\" \/>\n<meta property=\"og:url\" content=\"https:\/\/vinoteka-sodcek.si\/en\/shop\/wines\/sparkling-wines\/dveri-pax-dp-brut-rose\/\" \/>\n<meta property=\"og:site_name\" content=\"Vinoteka Sod\u010dek\" \/>\n<meta property=\"article:publisher\" content=\"https:\/\/www.facebook.com\/vinotekasodcek\/\" \/>\n<meta property=\"article:modified_time\" content=\"2026-02-23T07:23:45+00:00\" \/>\n<meta property=\"og:image\" content=\"https:\/\/vinoteka-sodcek.si\/wp-content\/uploads\/csm_brut-rose_279d863e63-1.jpg\" \/>\n\t<meta property=\"og:image:width\" content=\"196\" \/>\n\t<meta property=\"og:image:height\" content=\"644\" \/>\n\t<meta property=\"og:image:type\" content=\"image\/jpeg\" \/>\n<meta name=\"twitter:card\" content=\"summary_large_image\" \/>\n<!-- \/ Yoast SEO plugin. -->","yoast_head_json":{"title":"DP Brut Rose | Vinoteka Sod\u010dek","description":"[:sl]DP Brut rose Dveri-pax 24 mesecev zori na kvasovkah. Je ne\u017enej\u0161a, delikatna in spomni na zrele gozdne jagode, ne\u017ene\u00a0za\u010dimbe, zrelo rde\u010de jabolko.[:en]DP Brut rose Dveri-pax is matured on yeasts for 24 months. It is more delicate, and reminiscent of ripe wild strawberries, delicate spices, ripe red apple.[:]","robots":{"index":"index","follow":"follow","max-snippet":"max-snippet:-1","max-image-preview":"max-image-preview:large","max-video-preview":"max-video-preview:-1"},"og_locale":"en_US","og_type":"article","og_title":"[:sl]DP Brut Rose[:en]DP Brut Rose[:] | Vinoteka Sod\u010dek","og_description":"[:sl]DP Brut rose Dveri-pax 24 mesecev zori na kvasovkah. Je ne\u017enej\u0161a, delikatna in spomni na zrele gozdne jagode, ne\u017ene\u00a0za\u010dimbe, zrelo rde\u010de jabolko.[:en]DP Brut rose Dveri-pax is matured on yeasts for 24 months. It is more delicate, and reminiscent of ripe wild strawberries, delicate spices, ripe red apple.[:]","og_url":"https:\/\/vinoteka-sodcek.si\/en\/shop\/wines\/sparkling-wines\/dveri-pax-dp-brut-rose\/","og_site_name":"Vinoteka Sod\u010dek","article_publisher":"https:\/\/www.facebook.com\/vinotekasodcek\/","article_modified_time":"2026-02-23T07:23:45+00:00","og_image":[{"width":196,"height":644,"url":"https:\/\/vinoteka-sodcek.si\/wp-content\/uploads\/csm_brut-rose_279d863e63-1.jpg","type":"image\/jpeg"}],"twitter_card":"summary_large_image","schema":{"@context":"https:\/\/schema.org","@graph":[{"@type":"WebPage","@id":"https:\/\/vinoteka-sodcek.si\/trgovina\/vina\/peneca-vina\/dveri-pax-dp-brut-rose\/","url":"https:\/\/vinoteka-sodcek.si\/trgovina\/vina\/peneca-vina\/dveri-pax-dp-brut-rose\/","name":"[:sl]DP Brut Rose[:en]DP Brut Rose[:] | Vinoteka Sod\u010dek","isPartOf":{"@id":"https:\/\/vinoteka-sodcek.si\/#website"},"primaryImageOfPage":{"@id":"https:\/\/vinoteka-sodcek.si\/trgovina\/vina\/peneca-vina\/dveri-pax-dp-brut-rose\/#primaryimage"},"image":{"@id":"https:\/\/vinoteka-sodcek.si\/trgovina\/vina\/peneca-vina\/dveri-pax-dp-brut-rose\/#primaryimage"},"thumbnailUrl":"https:\/\/vinoteka-sodcek.si\/wp-content\/uploads\/csm_brut-rose_279d863e63-1.jpg","datePublished":"2024-03-15T16:20:38+00:00","dateModified":"2026-02-23T07:23:45+00:00","description":"[:sl]DP Brut rose Dveri-pax 24 mesecev zori na kvasovkah. Je ne\u017enej\u0161a, delikatna in spomni na zrele gozdne jagode, ne\u017ene\u00a0za\u010dimbe, zrelo rde\u010de jabolko.[:en]DP Brut rose Dveri-pax is matured on yeasts for 24 months. It is more delicate, and reminiscent of ripe wild strawberries, delicate spices, ripe red apple.[:]","breadcrumb":{"@id":"https:\/\/vinoteka-sodcek.si\/trgovina\/vina\/peneca-vina\/dveri-pax-dp-brut-rose\/#breadcrumb"},"inLanguage":"en-US","potentialAction":[{"@type":"ReadAction","target":["https:\/\/vinoteka-sodcek.si\/trgovina\/vina\/peneca-vina\/dveri-pax-dp-brut-rose\/"]}]},{"@type":"ImageObject","inLanguage":"en-US","@id":"https:\/\/vinoteka-sodcek.si\/trgovina\/vina\/peneca-vina\/dveri-pax-dp-brut-rose\/#primaryimage","url":"https:\/\/vinoteka-sodcek.si\/wp-content\/uploads\/csm_brut-rose_279d863e63-1.jpg","contentUrl":"https:\/\/vinoteka-sodcek.si\/wp-content\/uploads\/csm_brut-rose_279d863e63-1.jpg","width":196,"height":644},{"@type":"BreadcrumbList","@id":"https:\/\/vinoteka-sodcek.si\/trgovina\/vina\/peneca-vina\/dveri-pax-dp-brut-rose\/#breadcrumb","itemListElement":[{"@type":"ListItem","position":1,"name":"Home","item":"https:\/\/vinoteka-sodcek.si\/en\/"},{"@type":"ListItem","position":2,"name":"Trgovina","item":"https:\/\/vinoteka-sodcek.si\/trgovina\/"},{"@type":"ListItem","position":3,"name":"DP Brut Rose"}]},{"@type":"WebSite","@id":"https:\/\/vinoteka-sodcek.si\/#website","url":"https:\/\/vinoteka-sodcek.si\/","name":"Vinoteka Sod\u010dek","description":"Vinoteka z vrhunskimi vini","publisher":{"@id":"https:\/\/vinoteka-sodcek.si\/#organization"},"potentialAction":[{"@type":"SearchAction","target":{"@type":"EntryPoint","urlTemplate":"https:\/\/vinoteka-sodcek.si\/?s={search_term_string}"},"query-input":"required name=search_term_string"}],"inLanguage":"en-US"},{"@type":"Organization","@id":"https:\/\/vinoteka-sodcek.si\/#organization","name":"Vinoteka Sod\u010dek, Ale\u0161 \u010ceba\u0161ek s.p.","url":"https:\/\/vinoteka-sodcek.si\/","logo":{"@type":"ImageObject","inLanguage":"en-US","@id":"https:\/\/vinoteka-sodcek.si\/#\/schema\/logo\/image\/","url":"https:\/\/beta.vinoteka-sodcek.si\/wp-content\/uploads\/vinoteka-sodcek-logo.png","contentUrl":"https:\/\/beta.vinoteka-sodcek.si\/wp-content\/uploads\/vinoteka-sodcek-logo.png","width":300,"height":90,"caption":"Vinoteka Sod\u010dek, Ale\u0161 \u010ceba\u0161ek s.p."},"image":{"@id":"https:\/\/vinoteka-sodcek.si\/#\/schema\/logo\/image\/"},"sameAs":["https:\/\/www.facebook.com\/vinotekasodcek\/"]}]}},"_links":{"self":[{"href":"https:\/\/vinoteka-sodcek.si\/en\/wp-json\/\/wp\/v2\/product\/852"}],"collection":[{"href":"https:\/\/vinoteka-sodcek.si\/en\/wp-json\/\/wp\/v2\/product"}],"about":[{"href":"https:\/\/vinoteka-sodcek.si\/en\/wp-json\/\/wp\/v2\/types\/product"}],"wp:featuredmedia":[{"embeddable":true,"href":"https:\/\/vinoteka-sodcek.si\/en\/wp-json\/\/wp\/v2\/media\/851"}],"wp:attachment":[{"href":"https:\/\/vinoteka-sodcek.si\/en\/wp-json\/\/wp\/v2\/media?parent=852"}],"wp:term":[{"taxonomy":"product_cat","embeddable":true,"href":"https:\/\/vinoteka-sodcek.si\/en\/wp-json\/\/wp\/v2\/product_cat?post=852"},{"taxonomy":"product_tag","embeddable":true,"href":"https:\/\/vinoteka-sodcek.si\/en\/wp-json\/\/wp\/v2\/product_tag?post=852"}],"curies":[{"name":"wp","href":"https:\/\/api.w.org\/{rel}","templated":true}]}}