{"id":854,"date":"2024-03-15T17:20:38","date_gmt":"2024-03-15T16:20:38","guid":{"rendered":"http:\/\/192.168.64.105\/GitHub\/vinoteka-sodcek\/trgovina\/uncategorized\/dveri-pax-sipon-slamno-vino\/"},"modified":"2024-04-25T20:12:18","modified_gmt":"2024-04-25T19:12:18","slug":"dveri-pax-sipon-slamno-vino","status":"publish","type":"product","link":"https:\/\/vinoteka-sodcek.si\/en\/shop\/wines\/white-wines\/dveri-pax-sipon-slamno-vino\/","title":{"rendered":"Sipon straw wine"},"content":{"rendered":"<p>In mid -october, they picked up the most beautiful clusters of furmint and allowed them to dry on the air loft of their cellar. After four months, in the first week of february 2013, they only picked up perfectly healthy strawberries that looked like gold-yellow raisins.<\/p>\n<p>The deep gold color slowly tenses to the amber and indicates a high predicate. The smell is clean, sophisticated, after dry pears and apples and raisins and honey. Very sweet in the mouth, with beautiful, mature acid.<\/p>\n","protected":false},"excerpt":{"rendered":"<p>In mid -october, they picked up the most beautiful clusters of furmint and allowed them to dry on the air loft of their cellar. After four months, in the first week&#8230;<\/p>\n","protected":false},"featured_media":853,"template":"","meta":[],"product_cat":[19],"product_tag":[],"acf":[],"yoast_head":"<!-- This site is optimized with the Yoast SEO plugin v22.2 - https:\/\/yoast.com\/wordpress\/plugins\/seo\/ -->\n<title>Sipon straw wine | Vinoteka Sod\u010dek<\/title>\n<meta name=\"robots\" content=\"index, follow, max-snippet:-1, max-image-preview:large, max-video-preview:-1\" \/>\n<meta property=\"og:locale\" content=\"en_US\" \/>\n<meta property=\"og:type\" content=\"article\" \/>\n<meta property=\"og:title\" content=\"Sipon straw wine\" \/>\n<meta property=\"og:description\" content=\"In mid -october, they picked up the most beautiful clusters of furmint and allowed them to dry on the air loft of their cellar. After four months, in the first week...\" \/>\n<meta property=\"og:url\" content=\"https:\/\/vinoteka-sodcek.si\/en\/shop\/wines\/white-wines\/dveri-pax-sipon-slamno-vino\/\" \/>\n<meta property=\"og:site_name\" content=\"Vinoteka Sod\u010dek\" \/>\n<meta property=\"article:publisher\" content=\"https:\/\/www.facebook.com\/vinotekasodcek\/\" \/>\n<meta property=\"article:modified_time\" content=\"2024-04-25T19:12:18+00:00\" \/>\n<meta property=\"og:image\" content=\"https:\/\/vinoteka-sodcek.si\/wp-content\/uploads\/csm_siponSlamno_d9e9480213-1.jpg\" \/>\n\t<meta property=\"og:image:width\" content=\"84\" \/>\n\t<meta property=\"og:image:height\" content=\"462\" \/>\n\t<meta property=\"og:image:type\" content=\"image\/jpeg\" \/>\n<meta name=\"twitter:card\" content=\"summary_large_image\" \/>\n<!-- \/ Yoast SEO plugin. -->","yoast_head_json":{"title":"Sipon straw wine | Vinoteka Sod\u010dek","robots":{"index":"index","follow":"follow","max-snippet":"max-snippet:-1","max-image-preview":"max-image-preview:large","max-video-preview":"max-video-preview:-1"},"og_locale":"en_US","og_type":"article","og_title":"[:sl]\u0160ipon slamno vino[:en]Sipon straw wine[:] | Vinoteka Sod\u010dek","og_description":"In mid -october, they picked up the most beautiful clusters of furmint and allowed them to dry on the air loft of their cellar. After four months, in the first week...","og_url":"https:\/\/vinoteka-sodcek.si\/en\/shop\/wines\/white-wines\/dveri-pax-sipon-slamno-vino\/","og_site_name":"Vinoteka Sod\u010dek","article_publisher":"https:\/\/www.facebook.com\/vinotekasodcek\/","article_modified_time":"2024-04-25T19:12:18+00:00","og_image":[{"width":84,"height":462,"url":"https:\/\/vinoteka-sodcek.si\/wp-content\/uploads\/csm_siponSlamno_d9e9480213-1.jpg","type":"image\/jpeg"}],"twitter_card":"summary_large_image","schema":{"@context":"https:\/\/schema.org","@graph":[{"@type":"WebPage","@id":"https:\/\/vinoteka-sodcek.si\/en\/shop\/wines\/white-wines\/dveri-pax-sipon-slamno-vino\/","url":"https:\/\/vinoteka-sodcek.si\/en\/shop\/wines\/white-wines\/dveri-pax-sipon-slamno-vino\/","name":"[:sl]\u0160ipon slamno vino[:en]Sipon straw wine[:] | Vinoteka Sod\u010dek","isPartOf":{"@id":"https:\/\/vinoteka-sodcek.si\/#website"},"primaryImageOfPage":{"@id":"https:\/\/vinoteka-sodcek.si\/en\/shop\/wines\/white-wines\/dveri-pax-sipon-slamno-vino\/#primaryimage"},"image":{"@id":"https:\/\/vinoteka-sodcek.si\/en\/shop\/wines\/white-wines\/dveri-pax-sipon-slamno-vino\/#primaryimage"},"thumbnailUrl":"https:\/\/vinoteka-sodcek.si\/wp-content\/uploads\/csm_siponSlamno_d9e9480213-1.jpg","datePublished":"2024-03-15T16:20:38+00:00","dateModified":"2024-04-25T19:12:18+00:00","breadcrumb":{"@id":"https:\/\/vinoteka-sodcek.si\/en\/shop\/wines\/white-wines\/dveri-pax-sipon-slamno-vino\/#breadcrumb"},"inLanguage":"en-US","potentialAction":[{"@type":"ReadAction","target":["https:\/\/vinoteka-sodcek.si\/en\/shop\/wines\/white-wines\/dveri-pax-sipon-slamno-vino\/"]}]},{"@type":"ImageObject","inLanguage":"en-US","@id":"https:\/\/vinoteka-sodcek.si\/en\/shop\/wines\/white-wines\/dveri-pax-sipon-slamno-vino\/#primaryimage","url":"https:\/\/vinoteka-sodcek.si\/wp-content\/uploads\/csm_siponSlamno_d9e9480213-1.jpg","contentUrl":"https:\/\/vinoteka-sodcek.si\/wp-content\/uploads\/csm_siponSlamno_d9e9480213-1.jpg","width":84,"height":462},{"@type":"BreadcrumbList","@id":"https:\/\/vinoteka-sodcek.si\/en\/shop\/wines\/white-wines\/dveri-pax-sipon-slamno-vino\/#breadcrumb","itemListElement":[{"@type":"ListItem","position":1,"name":"Home","item":"https:\/\/vinoteka-sodcek.si\/en\/"},{"@type":"ListItem","position":2,"name":"Trgovina","item":"https:\/\/vinoteka-sodcek.si\/trgovina\/"},{"@type":"ListItem","position":3,"name":"Sipon straw wine"}]},{"@type":"WebSite","@id":"https:\/\/vinoteka-sodcek.si\/#website","url":"https:\/\/vinoteka-sodcek.si\/","name":"Vinoteka Sod\u010dek","description":"Vinoteka z vrhunskimi vini","publisher":{"@id":"https:\/\/vinoteka-sodcek.si\/#organization"},"potentialAction":[{"@type":"SearchAction","target":{"@type":"EntryPoint","urlTemplate":"https:\/\/vinoteka-sodcek.si\/?s={search_term_string}"},"query-input":"required name=search_term_string"}],"inLanguage":"en-US"},{"@type":"Organization","@id":"https:\/\/vinoteka-sodcek.si\/#organization","name":"Vinoteka Sod\u010dek, Ale\u0161 \u010ceba\u0161ek s.p.","url":"https:\/\/vinoteka-sodcek.si\/","logo":{"@type":"ImageObject","inLanguage":"en-US","@id":"https:\/\/vinoteka-sodcek.si\/#\/schema\/logo\/image\/","url":"https:\/\/beta.vinoteka-sodcek.si\/wp-content\/uploads\/vinoteka-sodcek-logo.png","contentUrl":"https:\/\/beta.vinoteka-sodcek.si\/wp-content\/uploads\/vinoteka-sodcek-logo.png","width":300,"height":90,"caption":"Vinoteka Sod\u010dek, Ale\u0161 \u010ceba\u0161ek s.p."},"image":{"@id":"https:\/\/vinoteka-sodcek.si\/#\/schema\/logo\/image\/"},"sameAs":["https:\/\/www.facebook.com\/vinotekasodcek\/"]}]}},"_links":{"self":[{"href":"https:\/\/vinoteka-sodcek.si\/en\/wp-json\/\/wp\/v2\/product\/854"}],"collection":[{"href":"https:\/\/vinoteka-sodcek.si\/en\/wp-json\/\/wp\/v2\/product"}],"about":[{"href":"https:\/\/vinoteka-sodcek.si\/en\/wp-json\/\/wp\/v2\/types\/product"}],"wp:featuredmedia":[{"embeddable":true,"href":"https:\/\/vinoteka-sodcek.si\/en\/wp-json\/\/wp\/v2\/media\/853"}],"wp:attachment":[{"href":"https:\/\/vinoteka-sodcek.si\/en\/wp-json\/\/wp\/v2\/media?parent=854"}],"wp:term":[{"taxonomy":"product_cat","embeddable":true,"href":"https:\/\/vinoteka-sodcek.si\/en\/wp-json\/\/wp\/v2\/product_cat?post=854"},{"taxonomy":"product_tag","embeddable":true,"href":"https:\/\/vinoteka-sodcek.si\/en\/wp-json\/\/wp\/v2\/product_tag?post=854"}],"curies":[{"name":"wp","href":"https:\/\/api.w.org\/{rel}","templated":true}]}}