{"id":868,"date":"2024-03-15T17:20:39","date_gmt":"2024-03-15T16:20:39","guid":{"rendered":"http:\/\/192.168.64.105\/GitHub\/vinoteka-sodcek\/trgovina\/uncategorized\/frelih-brut-mini\/"},"modified":"2024-05-09T15:46:34","modified_gmt":"2024-05-09T14:46:34","slug":"frelih-brut-mini","status":"publish","type":"product","link":"https:\/\/vinoteka-sodcek.si\/en\/shop\/wines\/sparkling-wines\/frelih-brut-mini\/","title":{"rendered":"Brut"},"content":{"rendered":"<p>A very rare classic method sparkling wine 0,375. Secondary fermentation on yeast takes place for at least 48 months.<\/p>\n<p>It has a delicate golden-yellow colour, finer and more abundant bubbles&#8230; The aroma is reminiscent of white flowers and honey with a yeasty note. Dry on the palate, with stronger but nicely ripe acids.<\/p>\n<p>&nbsp;<\/p>\n","protected":false},"excerpt":{"rendered":"<p>A very rare classic method sparkling wine 0,375. Secondary fermentation on yeast takes place for at least 48 months. It has a delicate golden-yellow colour, finer and more abundant bubbles&#8230; The&#8230;<\/p>\n","protected":false},"featured_media":867,"template":"","meta":[],"product_cat":[22],"product_tag":[],"acf":[],"yoast_head":"<!-- This site is optimized with the Yoast SEO plugin v22.2 - https:\/\/yoast.com\/wordpress\/plugins\/seo\/ -->\n<title>Brut | Vinoteka Sod\u010dek<\/title>\n<meta name=\"description\" content=\"Brut Frelih is a very rare 0,375 classic method sparkling wine. Secondary fermentation on yeast takes place for at least 48 months.\" \/>\n<meta name=\"robots\" content=\"index, follow, max-snippet:-1, max-image-preview:large, max-video-preview:-1\" \/>\n<meta property=\"og:locale\" content=\"en_US\" \/>\n<meta property=\"og:type\" content=\"article\" \/>\n<meta property=\"og:title\" content=\"Brut\" \/>\n<meta property=\"og:description\" content=\"Brut Frelih is a very rare 0,375 classic method sparkling wine. Secondary fermentation on yeast takes place for at least 48 months.\" \/>\n<meta property=\"og:url\" content=\"https:\/\/vinoteka-sodcek.si\/en\/shop\/wines\/sparkling-wines\/frelih-brut-mini\/\" \/>\n<meta property=\"og:site_name\" content=\"Vinoteka Sod\u010dek\" \/>\n<meta property=\"article:publisher\" content=\"https:\/\/www.facebook.com\/vinotekasodcek\/\" \/>\n<meta property=\"article:modified_time\" content=\"2024-05-09T14:46:34+00:00\" \/>\n<meta property=\"og:image\" content=\"https:\/\/vinoteka-sodcek.si\/wp-content\/uploads\/brut-375.jpg\" \/>\n\t<meta property=\"og:image:width\" content=\"160\" \/>\n\t<meta property=\"og:image:height\" content=\"575\" \/>\n\t<meta property=\"og:image:type\" content=\"image\/jpeg\" \/>\n<meta name=\"twitter:card\" content=\"summary_large_image\" \/>\n<!-- \/ Yoast SEO plugin. -->","yoast_head_json":{"title":"Brut | Vinoteka Sod\u010dek","description":"[:sl]Brut Frelih je zelo redka penina 0,375 po klasi\u010dni metodi iz sorte zeleni silvanec. Sekundarna fermentacija na kvasovkah poteka vsaj 48 mesecev.[:en]Brut Frelih is a very rare 0,375 classic method sparkling wine. Secondary fermentation on yeast takes place for at least 48 months.[:]","robots":{"index":"index","follow":"follow","max-snippet":"max-snippet:-1","max-image-preview":"max-image-preview:large","max-video-preview":"max-video-preview:-1"},"og_locale":"en_US","og_type":"article","og_title":"[:sl]Brut[:en]Brut[:] | Vinoteka Sod\u010dek","og_description":"[:sl]Brut Frelih je zelo redka penina 0,375 po klasi\u010dni metodi iz sorte zeleni silvanec. Sekundarna fermentacija na kvasovkah poteka vsaj 48 mesecev.[:en]Brut Frelih is a very rare 0,375 classic method sparkling wine. Secondary fermentation on yeast takes place for at least 48 months.[:]","og_url":"https:\/\/vinoteka-sodcek.si\/en\/shop\/wines\/sparkling-wines\/frelih-brut-mini\/","og_site_name":"Vinoteka Sod\u010dek","article_publisher":"https:\/\/www.facebook.com\/vinotekasodcek\/","article_modified_time":"2024-05-09T14:46:34+00:00","og_image":[{"width":160,"height":575,"url":"https:\/\/vinoteka-sodcek.si\/wp-content\/uploads\/brut-375.jpg","type":"image\/jpeg"}],"twitter_card":"summary_large_image","schema":{"@context":"https:\/\/schema.org","@graph":[{"@type":"WebPage","@id":"https:\/\/vinoteka-sodcek.si\/trgovina\/vina\/peneca-vina\/frelih-brut-mini\/","url":"https:\/\/vinoteka-sodcek.si\/trgovina\/vina\/peneca-vina\/frelih-brut-mini\/","name":"[:sl]Brut[:en]Brut[:] | Vinoteka Sod\u010dek","isPartOf":{"@id":"https:\/\/vinoteka-sodcek.si\/#website"},"primaryImageOfPage":{"@id":"https:\/\/vinoteka-sodcek.si\/trgovina\/vina\/peneca-vina\/frelih-brut-mini\/#primaryimage"},"image":{"@id":"https:\/\/vinoteka-sodcek.si\/trgovina\/vina\/peneca-vina\/frelih-brut-mini\/#primaryimage"},"thumbnailUrl":"https:\/\/vinoteka-sodcek.si\/wp-content\/uploads\/brut-375.jpg","datePublished":"2024-03-15T16:20:39+00:00","dateModified":"2024-05-09T14:46:34+00:00","description":"[:sl]Brut Frelih je zelo redka penina 0,375 po klasi\u010dni metodi iz sorte zeleni silvanec. Sekundarna fermentacija na kvasovkah poteka vsaj 48 mesecev.[:en]Brut Frelih is a very rare 0,375 classic method sparkling wine. Secondary fermentation on yeast takes place for at least 48 months.[:]","breadcrumb":{"@id":"https:\/\/vinoteka-sodcek.si\/trgovina\/vina\/peneca-vina\/frelih-brut-mini\/#breadcrumb"},"inLanguage":"en-US","potentialAction":[{"@type":"ReadAction","target":["https:\/\/vinoteka-sodcek.si\/trgovina\/vina\/peneca-vina\/frelih-brut-mini\/"]}]},{"@type":"ImageObject","inLanguage":"en-US","@id":"https:\/\/vinoteka-sodcek.si\/trgovina\/vina\/peneca-vina\/frelih-brut-mini\/#primaryimage","url":"https:\/\/vinoteka-sodcek.si\/wp-content\/uploads\/brut-375.jpg","contentUrl":"https:\/\/vinoteka-sodcek.si\/wp-content\/uploads\/brut-375.jpg","width":160,"height":575},{"@type":"BreadcrumbList","@id":"https:\/\/vinoteka-sodcek.si\/trgovina\/vina\/peneca-vina\/frelih-brut-mini\/#breadcrumb","itemListElement":[{"@type":"ListItem","position":1,"name":"Home","item":"https:\/\/vinoteka-sodcek.si\/en\/"},{"@type":"ListItem","position":2,"name":"Trgovina","item":"https:\/\/vinoteka-sodcek.si\/trgovina\/"},{"@type":"ListItem","position":3,"name":"Brut"}]},{"@type":"WebSite","@id":"https:\/\/vinoteka-sodcek.si\/#website","url":"https:\/\/vinoteka-sodcek.si\/","name":"Vinoteka Sod\u010dek","description":"Vinoteka z vrhunskimi vini","publisher":{"@id":"https:\/\/vinoteka-sodcek.si\/#organization"},"potentialAction":[{"@type":"SearchAction","target":{"@type":"EntryPoint","urlTemplate":"https:\/\/vinoteka-sodcek.si\/?s={search_term_string}"},"query-input":"required name=search_term_string"}],"inLanguage":"en-US"},{"@type":"Organization","@id":"https:\/\/vinoteka-sodcek.si\/#organization","name":"Vinoteka Sod\u010dek, Ale\u0161 \u010ceba\u0161ek s.p.","url":"https:\/\/vinoteka-sodcek.si\/","logo":{"@type":"ImageObject","inLanguage":"en-US","@id":"https:\/\/vinoteka-sodcek.si\/#\/schema\/logo\/image\/","url":"https:\/\/beta.vinoteka-sodcek.si\/wp-content\/uploads\/vinoteka-sodcek-logo.png","contentUrl":"https:\/\/beta.vinoteka-sodcek.si\/wp-content\/uploads\/vinoteka-sodcek-logo.png","width":300,"height":90,"caption":"Vinoteka Sod\u010dek, Ale\u0161 \u010ceba\u0161ek s.p."},"image":{"@id":"https:\/\/vinoteka-sodcek.si\/#\/schema\/logo\/image\/"},"sameAs":["https:\/\/www.facebook.com\/vinotekasodcek\/"]}]}},"_links":{"self":[{"href":"https:\/\/vinoteka-sodcek.si\/en\/wp-json\/\/wp\/v2\/product\/868"}],"collection":[{"href":"https:\/\/vinoteka-sodcek.si\/en\/wp-json\/\/wp\/v2\/product"}],"about":[{"href":"https:\/\/vinoteka-sodcek.si\/en\/wp-json\/\/wp\/v2\/types\/product"}],"wp:featuredmedia":[{"embeddable":true,"href":"https:\/\/vinoteka-sodcek.si\/en\/wp-json\/\/wp\/v2\/media\/867"}],"wp:attachment":[{"href":"https:\/\/vinoteka-sodcek.si\/en\/wp-json\/\/wp\/v2\/media?parent=868"}],"wp:term":[{"taxonomy":"product_cat","embeddable":true,"href":"https:\/\/vinoteka-sodcek.si\/en\/wp-json\/\/wp\/v2\/product_cat?post=868"},{"taxonomy":"product_tag","embeddable":true,"href":"https:\/\/vinoteka-sodcek.si\/en\/wp-json\/\/wp\/v2\/product_tag?post=868"}],"curies":[{"name":"wp","href":"https:\/\/api.w.org\/{rel}","templated":true}]}}