{"id":879,"date":"2024-03-15T17:20:39","date_gmt":"2024-03-15T16:20:39","guid":{"rendered":"http:\/\/192.168.64.105\/GitHub\/vinoteka-sodcek\/trgovina\/uncategorized\/domaine-slapsak-t2016\/"},"modified":"2024-11-20T09:25:43","modified_gmt":"2024-11-20T08:25:43","slug":"domaine-slapsak-t2016","status":"publish","type":"product","link":"https:\/\/vinoteka-sodcek.si\/en\/shop\/wines\/sparkling-wines\/domaine-slapsak-t2016\/","title":{"rendered":"T2016"},"content":{"rendered":"<p>The unique VIN T &#8211; Tirage Collection combines the most prestigious basic wines from their house. This art then complements the time to make her elegance, strength and harmony.<\/p>\n<p>T2016 in the basement matures for 5 years and 9 months, then after degreing it rests 12 months before it finally reaches your table.<\/p>\n<p>Golden yellow. The nasal aromas of butter cakes, grapefruit, orange peel and almonds are felt in the nose. The attack is direct and clear in the mouth. Then, in retro nasal, we detect a more exotic character with passion, pineapple and lime. It is at this point that the taste of the wine also takes over the taste. It is worn by its precise acid, which disappears in the minerality of the slate and in the aroma of honey and bri\u0161a with candied fruit.<\/p>\n","protected":false},"excerpt":{"rendered":"<p>The unique VIN T &#8211; Tirage Collection combines the most prestigious basic wines from their house. This art then complements the time to make her elegance, strength and harmony. T2016 in&#8230;<\/p>\n","protected":false},"featured_media":878,"template":"","meta":[],"product_cat":[22],"product_tag":[],"acf":[],"yoast_head":"<!-- This site is optimized with the Yoast SEO plugin v22.2 - https:\/\/yoast.com\/wordpress\/plugins\/seo\/ -->\n<title>T2016 | Vinoteka Sod\u010dek<\/title>\n<meta name=\"description\" content=\"T2016 Slap\u0161ak matures for 5 years and 9 months, after which it rests for another 12 months. Clear on the palate, then exotic character with passion fruit.\" \/>\n<meta name=\"robots\" content=\"index, follow, max-snippet:-1, max-image-preview:large, max-video-preview:-1\" \/>\n<meta property=\"og:locale\" content=\"en_US\" \/>\n<meta property=\"og:type\" content=\"article\" \/>\n<meta property=\"og:title\" content=\"T2016\" \/>\n<meta property=\"og:description\" content=\"T2016 Slap\u0161ak matures for 5 years and 9 months, after which it rests for another 12 months. Clear on the palate, then exotic character with passion fruit.\" \/>\n<meta property=\"og:url\" content=\"https:\/\/vinoteka-sodcek.si\/en\/shop\/wines\/sparkling-wines\/domaine-slapsak-t2016\/\" \/>\n<meta property=\"og:site_name\" content=\"Vinoteka Sod\u010dek\" \/>\n<meta property=\"article:publisher\" content=\"https:\/\/www.facebook.com\/vinotekasodcek\/\" \/>\n<meta property=\"article:modified_time\" content=\"2024-11-20T08:25:43+00:00\" \/>\n<meta property=\"og:image\" content=\"https:\/\/vinoteka-sodcek.si\/wp-content\/uploads\/penina-t2016-domaine-slapsak-075-0.jpg\" \/>\n\t<meta property=\"og:image:width\" content=\"153\" \/>\n\t<meta property=\"og:image:height\" content=\"606\" \/>\n\t<meta property=\"og:image:type\" content=\"image\/jpeg\" \/>\n<meta name=\"twitter:card\" content=\"summary_large_image\" \/>\n<!-- \/ Yoast SEO plugin. -->","yoast_head_json":{"title":"T2016 | Vinoteka Sod\u010dek","description":"[:sl]T2016 Slap\u0161ak zori 5 let in 9 mesecev, po degor\u017eiranju po\u010diva \u0161e 12 mesecev. V ustih jasna, nato eksoti\u010dean zna\u010daj s pasijonko, ananasom, limeto.[:en]T2016 Slap\u0161ak matures for 5 years and 9 months, after which it rests for another 12 months. Clear on the palate, then exotic character with passion fruit.[:]","robots":{"index":"index","follow":"follow","max-snippet":"max-snippet:-1","max-image-preview":"max-image-preview:large","max-video-preview":"max-video-preview:-1"},"og_locale":"en_US","og_type":"article","og_title":"[:sl]T2016[:en]T2016[:] | Vinoteka Sod\u010dek","og_description":"[:sl]T2016 Slap\u0161ak zori 5 let in 9 mesecev, po degor\u017eiranju po\u010diva \u0161e 12 mesecev. V ustih jasna, nato eksoti\u010dean zna\u010daj s pasijonko, ananasom, limeto.[:en]T2016 Slap\u0161ak matures for 5 years and 9 months, after which it rests for another 12 months. Clear on the palate, then exotic character with passion fruit.[:]","og_url":"https:\/\/vinoteka-sodcek.si\/en\/shop\/wines\/sparkling-wines\/domaine-slapsak-t2016\/","og_site_name":"Vinoteka Sod\u010dek","article_publisher":"https:\/\/www.facebook.com\/vinotekasodcek\/","article_modified_time":"2024-11-20T08:25:43+00:00","og_image":[{"width":153,"height":606,"url":"https:\/\/vinoteka-sodcek.si\/wp-content\/uploads\/penina-t2016-domaine-slapsak-075-0.jpg","type":"image\/jpeg"}],"twitter_card":"summary_large_image","schema":{"@context":"https:\/\/schema.org","@graph":[{"@type":"WebPage","@id":"https:\/\/vinoteka-sodcek.si\/trgovina\/vina\/peneca-vina\/domaine-slapsak-t2016\/","url":"https:\/\/vinoteka-sodcek.si\/trgovina\/vina\/peneca-vina\/domaine-slapsak-t2016\/","name":"[:sl]T2016[:en]T2016[:] | Vinoteka Sod\u010dek","isPartOf":{"@id":"https:\/\/vinoteka-sodcek.si\/#website"},"primaryImageOfPage":{"@id":"https:\/\/vinoteka-sodcek.si\/trgovina\/vina\/peneca-vina\/domaine-slapsak-t2016\/#primaryimage"},"image":{"@id":"https:\/\/vinoteka-sodcek.si\/trgovina\/vina\/peneca-vina\/domaine-slapsak-t2016\/#primaryimage"},"thumbnailUrl":"https:\/\/vinoteka-sodcek.si\/wp-content\/uploads\/penina-t2016-domaine-slapsak-075-0.jpg","datePublished":"2024-03-15T16:20:39+00:00","dateModified":"2024-11-20T08:25:43+00:00","description":"[:sl]T2016 Slap\u0161ak zori 5 let in 9 mesecev, po degor\u017eiranju po\u010diva \u0161e 12 mesecev. V ustih jasna, nato eksoti\u010dean zna\u010daj s pasijonko, ananasom, limeto.[:en]T2016 Slap\u0161ak matures for 5 years and 9 months, after which it rests for another 12 months. Clear on the palate, then exotic character with passion fruit.[:]","breadcrumb":{"@id":"https:\/\/vinoteka-sodcek.si\/trgovina\/vina\/peneca-vina\/domaine-slapsak-t2016\/#breadcrumb"},"inLanguage":"en-US","potentialAction":[{"@type":"ReadAction","target":["https:\/\/vinoteka-sodcek.si\/trgovina\/vina\/peneca-vina\/domaine-slapsak-t2016\/"]}]},{"@type":"ImageObject","inLanguage":"en-US","@id":"https:\/\/vinoteka-sodcek.si\/trgovina\/vina\/peneca-vina\/domaine-slapsak-t2016\/#primaryimage","url":"https:\/\/vinoteka-sodcek.si\/wp-content\/uploads\/penina-t2016-domaine-slapsak-075-0.jpg","contentUrl":"https:\/\/vinoteka-sodcek.si\/wp-content\/uploads\/penina-t2016-domaine-slapsak-075-0.jpg","width":153,"height":606},{"@type":"BreadcrumbList","@id":"https:\/\/vinoteka-sodcek.si\/trgovina\/vina\/peneca-vina\/domaine-slapsak-t2016\/#breadcrumb","itemListElement":[{"@type":"ListItem","position":1,"name":"Home","item":"https:\/\/vinoteka-sodcek.si\/en\/"},{"@type":"ListItem","position":2,"name":"Trgovina","item":"https:\/\/vinoteka-sodcek.si\/trgovina\/"},{"@type":"ListItem","position":3,"name":"T2016"}]},{"@type":"WebSite","@id":"https:\/\/vinoteka-sodcek.si\/#website","url":"https:\/\/vinoteka-sodcek.si\/","name":"Vinoteka Sod\u010dek","description":"Vinoteka z vrhunskimi vini","publisher":{"@id":"https:\/\/vinoteka-sodcek.si\/#organization"},"potentialAction":[{"@type":"SearchAction","target":{"@type":"EntryPoint","urlTemplate":"https:\/\/vinoteka-sodcek.si\/?s={search_term_string}"},"query-input":"required name=search_term_string"}],"inLanguage":"en-US"},{"@type":"Organization","@id":"https:\/\/vinoteka-sodcek.si\/#organization","name":"Vinoteka Sod\u010dek, Ale\u0161 \u010ceba\u0161ek s.p.","url":"https:\/\/vinoteka-sodcek.si\/","logo":{"@type":"ImageObject","inLanguage":"en-US","@id":"https:\/\/vinoteka-sodcek.si\/#\/schema\/logo\/image\/","url":"https:\/\/beta.vinoteka-sodcek.si\/wp-content\/uploads\/vinoteka-sodcek-logo.png","contentUrl":"https:\/\/beta.vinoteka-sodcek.si\/wp-content\/uploads\/vinoteka-sodcek-logo.png","width":300,"height":90,"caption":"Vinoteka Sod\u010dek, Ale\u0161 \u010ceba\u0161ek s.p."},"image":{"@id":"https:\/\/vinoteka-sodcek.si\/#\/schema\/logo\/image\/"},"sameAs":["https:\/\/www.facebook.com\/vinotekasodcek\/"]}]}},"_links":{"self":[{"href":"https:\/\/vinoteka-sodcek.si\/en\/wp-json\/\/wp\/v2\/product\/879"}],"collection":[{"href":"https:\/\/vinoteka-sodcek.si\/en\/wp-json\/\/wp\/v2\/product"}],"about":[{"href":"https:\/\/vinoteka-sodcek.si\/en\/wp-json\/\/wp\/v2\/types\/product"}],"wp:featuredmedia":[{"embeddable":true,"href":"https:\/\/vinoteka-sodcek.si\/en\/wp-json\/\/wp\/v2\/media\/878"}],"wp:attachment":[{"href":"https:\/\/vinoteka-sodcek.si\/en\/wp-json\/\/wp\/v2\/media?parent=879"}],"wp:term":[{"taxonomy":"product_cat","embeddable":true,"href":"https:\/\/vinoteka-sodcek.si\/en\/wp-json\/\/wp\/v2\/product_cat?post=879"},{"taxonomy":"product_tag","embeddable":true,"href":"https:\/\/vinoteka-sodcek.si\/en\/wp-json\/\/wp\/v2\/product_tag?post=879"}],"curies":[{"name":"wp","href":"https:\/\/api.w.org\/{rel}","templated":true}]}}