{"id":885,"date":"2024-03-15T17:20:40","date_gmt":"2024-03-15T16:20:40","guid":{"rendered":"http:\/\/192.168.64.105\/GitHub\/vinoteka-sodcek\/trgovina\/uncategorized\/istenic-rumeni-muskat-extra-brut\/"},"modified":"2025-12-03T15:08:39","modified_gmt":"2025-12-03T14:08:39","slug":"istenic-rumeni-muskat-extra-brut","status":"publish","type":"product","link":"https:\/\/vinoteka-sodcek.si\/en\/shop\/wines\/sparkling-wines\/istenic-rumeni-muskat-extra-brut\/","title":{"rendered":"Rumeni mu\u0161kat extra brut"},"content":{"rendered":"<p>Classic method.<\/p>\n<p>Dry sparkling wine made of yellow nutmeg with a distinctive nutmeg. The color is very tender, lemon yellow. In addition to the nutmeg, the aroma of citrus, apricots and citrus fruits are found in addition to nutmeg.<\/p>\n<p>Bubbles for every moment, with friends, as an aperitif or for toasting.<\/p>\n","protected":false},"excerpt":{"rendered":"<p>Classic method. Dry sparkling wine made of yellow nutmeg with a distinctive nutmeg. The color is very tender, lemon yellow. In addition to the nutmeg, the aroma of citrus, apricots and&#8230;<\/p>\n","protected":false},"featured_media":884,"template":"","meta":[],"product_cat":[22],"product_tag":[],"acf":[],"yoast_head":"<!-- This site is optimized with the Yoast SEO plugin v22.2 - https:\/\/yoast.com\/wordpress\/plugins\/seo\/ -->\n<title>Rumeni mu\u0161kat extra brut | Vinoteka Sod\u010dek<\/title>\n<meta name=\"description\" content=\"Rumeni mu\u0161kat extra brut is produced using the classic method. A light sparkling wine with citrus, apricot and citrus aromas alongside the muscat flavours.\" \/>\n<meta name=\"robots\" content=\"index, follow, max-snippet:-1, max-image-preview:large, max-video-preview:-1\" \/>\n<meta property=\"og:locale\" content=\"en_US\" \/>\n<meta property=\"og:type\" content=\"article\" \/>\n<meta property=\"og:title\" content=\"Rumeni mu\u0161kat extra brut\" \/>\n<meta property=\"og:description\" content=\"Rumeni mu\u0161kat extra brut is produced using the classic method. A light sparkling wine with citrus, apricot and citrus aromas alongside the muscat flavours.\" \/>\n<meta property=\"og:url\" content=\"https:\/\/vinoteka-sodcek.si\/en\/shop\/wines\/sparkling-wines\/istenic-rumeni-muskat-extra-brut\/\" \/>\n<meta property=\"og:site_name\" content=\"Vinoteka Sod\u010dek\" \/>\n<meta property=\"article:publisher\" content=\"https:\/\/www.facebook.com\/vinotekasodcek\/\" \/>\n<meta property=\"article:modified_time\" content=\"2025-12-03T14:08:39+00:00\" \/>\n<meta property=\"og:image\" content=\"https:\/\/vinoteka-sodcek.si\/wp-content\/uploads\/Istenic-rumeni-muskat-penina-0.75L-svetlo-ozadje-570x1026-1.jpg\" \/>\n\t<meta property=\"og:image:width\" content=\"173\" \/>\n\t<meta property=\"og:image:height\" content=\"641\" \/>\n\t<meta property=\"og:image:type\" content=\"image\/jpeg\" \/>\n<meta name=\"twitter:card\" content=\"summary_large_image\" \/>\n<!-- \/ Yoast SEO plugin. -->","yoast_head_json":{"title":"Rumeni mu\u0161kat extra brut | Vinoteka Sod\u010dek","description":"[:sl]Penina Rumeni mu\u0161kat extra brut je pridelana po klasi\u010dni metodi. Lahkotna penina, poleg mu\u0161katnih arom tudi arome citrusov, marelice in agrumov.[:en]Rumeni mu\u0161kat extra brut is produced using the classic method. A light sparkling wine with citrus, apricot and citrus aromas alongside the muscat flavours.[:]","robots":{"index":"index","follow":"follow","max-snippet":"max-snippet:-1","max-image-preview":"max-image-preview:large","max-video-preview":"max-video-preview:-1"},"og_locale":"en_US","og_type":"article","og_title":"[:sl]Rumeni mu\u0161kat extra brut[:en]Rumeni mu\u0161kat extra brut[:] | Vinoteka Sod\u010dek","og_description":"[:sl]Penina Rumeni mu\u0161kat extra brut je pridelana po klasi\u010dni metodi. Lahkotna penina, poleg mu\u0161katnih arom tudi arome citrusov, marelice in agrumov.[:en]Rumeni mu\u0161kat extra brut is produced using the classic method. A light sparkling wine with citrus, apricot and citrus aromas alongside the muscat flavours.[:]","og_url":"https:\/\/vinoteka-sodcek.si\/en\/shop\/wines\/sparkling-wines\/istenic-rumeni-muskat-extra-brut\/","og_site_name":"Vinoteka Sod\u010dek","article_publisher":"https:\/\/www.facebook.com\/vinotekasodcek\/","article_modified_time":"2025-12-03T14:08:39+00:00","og_image":[{"width":173,"height":641,"url":"https:\/\/vinoteka-sodcek.si\/wp-content\/uploads\/Istenic-rumeni-muskat-penina-0.75L-svetlo-ozadje-570x1026-1.jpg","type":"image\/jpeg"}],"twitter_card":"summary_large_image","schema":{"@context":"https:\/\/schema.org","@graph":[{"@type":"WebPage","@id":"https:\/\/vinoteka-sodcek.si\/trgovina\/vina\/peneca-vina\/istenic-rumeni-muskat-extra-brut\/","url":"https:\/\/vinoteka-sodcek.si\/trgovina\/vina\/peneca-vina\/istenic-rumeni-muskat-extra-brut\/","name":"[:sl]Rumeni mu\u0161kat extra brut[:en]Rumeni mu\u0161kat extra brut[:] | Vinoteka Sod\u010dek","isPartOf":{"@id":"https:\/\/vinoteka-sodcek.si\/#website"},"primaryImageOfPage":{"@id":"https:\/\/vinoteka-sodcek.si\/trgovina\/vina\/peneca-vina\/istenic-rumeni-muskat-extra-brut\/#primaryimage"},"image":{"@id":"https:\/\/vinoteka-sodcek.si\/trgovina\/vina\/peneca-vina\/istenic-rumeni-muskat-extra-brut\/#primaryimage"},"thumbnailUrl":"https:\/\/vinoteka-sodcek.si\/wp-content\/uploads\/Istenic-rumeni-muskat-penina-0.75L-svetlo-ozadje-570x1026-1.jpg","datePublished":"2024-03-15T16:20:40+00:00","dateModified":"2025-12-03T14:08:39+00:00","description":"[:sl]Penina Rumeni mu\u0161kat extra brut je pridelana po klasi\u010dni metodi. Lahkotna penina, poleg mu\u0161katnih arom tudi arome citrusov, marelice in agrumov.[:en]Rumeni mu\u0161kat extra brut is produced using the classic method. A light sparkling wine with citrus, apricot and citrus aromas alongside the muscat flavours.[:]","breadcrumb":{"@id":"https:\/\/vinoteka-sodcek.si\/trgovina\/vina\/peneca-vina\/istenic-rumeni-muskat-extra-brut\/#breadcrumb"},"inLanguage":"en-US","potentialAction":[{"@type":"ReadAction","target":["https:\/\/vinoteka-sodcek.si\/trgovina\/vina\/peneca-vina\/istenic-rumeni-muskat-extra-brut\/"]}]},{"@type":"ImageObject","inLanguage":"en-US","@id":"https:\/\/vinoteka-sodcek.si\/trgovina\/vina\/peneca-vina\/istenic-rumeni-muskat-extra-brut\/#primaryimage","url":"https:\/\/vinoteka-sodcek.si\/wp-content\/uploads\/Istenic-rumeni-muskat-penina-0.75L-svetlo-ozadje-570x1026-1.jpg","contentUrl":"https:\/\/vinoteka-sodcek.si\/wp-content\/uploads\/Istenic-rumeni-muskat-penina-0.75L-svetlo-ozadje-570x1026-1.jpg","width":173,"height":641},{"@type":"BreadcrumbList","@id":"https:\/\/vinoteka-sodcek.si\/trgovina\/vina\/peneca-vina\/istenic-rumeni-muskat-extra-brut\/#breadcrumb","itemListElement":[{"@type":"ListItem","position":1,"name":"Home","item":"https:\/\/vinoteka-sodcek.si\/en\/"},{"@type":"ListItem","position":2,"name":"Trgovina","item":"https:\/\/vinoteka-sodcek.si\/trgovina\/"},{"@type":"ListItem","position":3,"name":"Rumeni mu\u0161kat extra brut"}]},{"@type":"WebSite","@id":"https:\/\/vinoteka-sodcek.si\/#website","url":"https:\/\/vinoteka-sodcek.si\/","name":"Vinoteka Sod\u010dek","description":"Vinoteka z vrhunskimi vini","publisher":{"@id":"https:\/\/vinoteka-sodcek.si\/#organization"},"potentialAction":[{"@type":"SearchAction","target":{"@type":"EntryPoint","urlTemplate":"https:\/\/vinoteka-sodcek.si\/?s={search_term_string}"},"query-input":"required name=search_term_string"}],"inLanguage":"en-US"},{"@type":"Organization","@id":"https:\/\/vinoteka-sodcek.si\/#organization","name":"Vinoteka Sod\u010dek, Ale\u0161 \u010ceba\u0161ek s.p.","url":"https:\/\/vinoteka-sodcek.si\/","logo":{"@type":"ImageObject","inLanguage":"en-US","@id":"https:\/\/vinoteka-sodcek.si\/#\/schema\/logo\/image\/","url":"https:\/\/beta.vinoteka-sodcek.si\/wp-content\/uploads\/vinoteka-sodcek-logo.png","contentUrl":"https:\/\/beta.vinoteka-sodcek.si\/wp-content\/uploads\/vinoteka-sodcek-logo.png","width":300,"height":90,"caption":"Vinoteka Sod\u010dek, Ale\u0161 \u010ceba\u0161ek s.p."},"image":{"@id":"https:\/\/vinoteka-sodcek.si\/#\/schema\/logo\/image\/"},"sameAs":["https:\/\/www.facebook.com\/vinotekasodcek\/"]}]}},"_links":{"self":[{"href":"https:\/\/vinoteka-sodcek.si\/en\/wp-json\/\/wp\/v2\/product\/885"}],"collection":[{"href":"https:\/\/vinoteka-sodcek.si\/en\/wp-json\/\/wp\/v2\/product"}],"about":[{"href":"https:\/\/vinoteka-sodcek.si\/en\/wp-json\/\/wp\/v2\/types\/product"}],"wp:featuredmedia":[{"embeddable":true,"href":"https:\/\/vinoteka-sodcek.si\/en\/wp-json\/\/wp\/v2\/media\/884"}],"wp:attachment":[{"href":"https:\/\/vinoteka-sodcek.si\/en\/wp-json\/\/wp\/v2\/media?parent=885"}],"wp:term":[{"taxonomy":"product_cat","embeddable":true,"href":"https:\/\/vinoteka-sodcek.si\/en\/wp-json\/\/wp\/v2\/product_cat?post=885"},{"taxonomy":"product_tag","embeddable":true,"href":"https:\/\/vinoteka-sodcek.si\/en\/wp-json\/\/wp\/v2\/product_tag?post=885"}],"curies":[{"name":"wp","href":"https:\/\/api.w.org\/{rel}","templated":true}]}}