{"id":887,"date":"2024-03-15T17:20:40","date_gmt":"2024-03-15T16:20:40","guid":{"rendered":"http:\/\/192.168.64.105\/GitHub\/vinoteka-sodcek\/trgovina\/uncategorized\/istenic-no-1\/"},"modified":"2026-02-06T21:28:19","modified_gmt":"2026-02-06T20:28:19","slug":"istenic-no-1","status":"publish","type":"product","link":"https:\/\/vinoteka-sodcek.si\/en\/shop\/wines\/sparkling-wines\/istenic-no-1\/","title":{"rendered":"No 1"},"content":{"rendered":"<p>Classic method.<\/p>\n<p>It is a very dry sparkling wine. The name indicates that it is a very complex and ripe sparkling wine, the best.<\/p>\n<p>It is produced from basic chardonnay and rumeni plavec wine, and is in contact with yeast for at least three years. It only occurs on the best of the year and in limited quantities. In 1998, she won a gold medal at an international wine evaluation in Verona.<\/p>\n","protected":false},"excerpt":{"rendered":"<p>Classic method. It is a very dry sparkling wine. The name indicates that it is a very complex and ripe sparkling wine, the best. It is produced from basic chardonnay and&#8230;<\/p>\n","protected":false},"featured_media":1108,"template":"","meta":[],"product_cat":[22],"product_tag":[],"acf":[],"yoast_head":"<!-- This site is optimized with the Yoast SEO plugin v22.2 - https:\/\/yoast.com\/wordpress\/plugins\/seo\/ -->\n<title>No 1 | Vinoteka Sod\u010dek<\/title>\n<meta name=\"description\" content=\"No1 sparkling wine is produced using the classic method. The name suggests that it is a very complex and mature sparkling wine, the very best.\" \/>\n<meta name=\"robots\" content=\"index, follow, max-snippet:-1, max-image-preview:large, max-video-preview:-1\" \/>\n<meta property=\"og:locale\" content=\"en_US\" \/>\n<meta property=\"og:type\" content=\"article\" \/>\n<meta property=\"og:title\" content=\"No 1\" \/>\n<meta property=\"og:description\" content=\"No1 sparkling wine is produced using the classic method. The name suggests that it is a very complex and mature sparkling wine, the very best.\" \/>\n<meta property=\"og:url\" content=\"https:\/\/vinoteka-sodcek.si\/en\/shop\/wines\/sparkling-wines\/istenic-no-1\/\" \/>\n<meta property=\"og:site_name\" content=\"Vinoteka Sod\u010dek\" \/>\n<meta property=\"article:publisher\" content=\"https:\/\/www.facebook.com\/vinotekasodcek\/\" \/>\n<meta property=\"article:modified_time\" content=\"2026-02-06T20:28:19+00:00\" \/>\n<meta property=\"og:image\" content=\"https:\/\/vinoteka-sodcek.si\/wp-content\/uploads\/no-1-istenic.jpg\" \/>\n\t<meta property=\"og:image:width\" content=\"250\" \/>\n\t<meta property=\"og:image:height\" content=\"895\" \/>\n\t<meta property=\"og:image:type\" content=\"image\/jpeg\" \/>\n<meta name=\"twitter:card\" content=\"summary_large_image\" \/>\n<!-- \/ Yoast SEO plugin. -->","yoast_head_json":{"title":"No 1 | Vinoteka Sod\u010dek","description":"[:sl]Penina No1 je pridelana po klasi\u010dni metodi. Je zelo suha penina. \u017de ime pove, da gre za zelo kompleksno in zrelo penino, najbolj\u0161o.[:en]No1 sparkling wine is produced using the classic method. The name suggests that it is a very complex and mature sparkling wine, the very best.[:]","robots":{"index":"index","follow":"follow","max-snippet":"max-snippet:-1","max-image-preview":"max-image-preview:large","max-video-preview":"max-video-preview:-1"},"og_locale":"en_US","og_type":"article","og_title":"[:sl]No 1[:en]No 1[:] | Vinoteka Sod\u010dek","og_description":"[:sl]Penina No1 je pridelana po klasi\u010dni metodi. Je zelo suha penina. \u017de ime pove, da gre za zelo kompleksno in zrelo penino, najbolj\u0161o.[:en]No1 sparkling wine is produced using the classic method. The name suggests that it is a very complex and mature sparkling wine, the very best.[:]","og_url":"https:\/\/vinoteka-sodcek.si\/en\/shop\/wines\/sparkling-wines\/istenic-no-1\/","og_site_name":"Vinoteka Sod\u010dek","article_publisher":"https:\/\/www.facebook.com\/vinotekasodcek\/","article_modified_time":"2026-02-06T20:28:19+00:00","og_image":[{"width":250,"height":895,"url":"https:\/\/vinoteka-sodcek.si\/wp-content\/uploads\/no-1-istenic.jpg","type":"image\/jpeg"}],"twitter_card":"summary_large_image","schema":{"@context":"https:\/\/schema.org","@graph":[{"@type":"WebPage","@id":"https:\/\/vinoteka-sodcek.si\/trgovina\/vina\/peneca-vina\/istenic-no-1\/","url":"https:\/\/vinoteka-sodcek.si\/trgovina\/vina\/peneca-vina\/istenic-no-1\/","name":"[:sl]No 1[:en]No 1[:] | Vinoteka Sod\u010dek","isPartOf":{"@id":"https:\/\/vinoteka-sodcek.si\/#website"},"primaryImageOfPage":{"@id":"https:\/\/vinoteka-sodcek.si\/trgovina\/vina\/peneca-vina\/istenic-no-1\/#primaryimage"},"image":{"@id":"https:\/\/vinoteka-sodcek.si\/trgovina\/vina\/peneca-vina\/istenic-no-1\/#primaryimage"},"thumbnailUrl":"https:\/\/vinoteka-sodcek.si\/wp-content\/uploads\/no-1-istenic.jpg","datePublished":"2024-03-15T16:20:40+00:00","dateModified":"2026-02-06T20:28:19+00:00","description":"[:sl]Penina No1 je pridelana po klasi\u010dni metodi. Je zelo suha penina. \u017de ime pove, da gre za zelo kompleksno in zrelo penino, najbolj\u0161o.[:en]No1 sparkling wine is produced using the classic method. The name suggests that it is a very complex and mature sparkling wine, the very best.[:]","breadcrumb":{"@id":"https:\/\/vinoteka-sodcek.si\/trgovina\/vina\/peneca-vina\/istenic-no-1\/#breadcrumb"},"inLanguage":"en-US","potentialAction":[{"@type":"ReadAction","target":["https:\/\/vinoteka-sodcek.si\/trgovina\/vina\/peneca-vina\/istenic-no-1\/"]}]},{"@type":"ImageObject","inLanguage":"en-US","@id":"https:\/\/vinoteka-sodcek.si\/trgovina\/vina\/peneca-vina\/istenic-no-1\/#primaryimage","url":"https:\/\/vinoteka-sodcek.si\/wp-content\/uploads\/no-1-istenic.jpg","contentUrl":"https:\/\/vinoteka-sodcek.si\/wp-content\/uploads\/no-1-istenic.jpg","width":250,"height":895},{"@type":"BreadcrumbList","@id":"https:\/\/vinoteka-sodcek.si\/trgovina\/vina\/peneca-vina\/istenic-no-1\/#breadcrumb","itemListElement":[{"@type":"ListItem","position":1,"name":"Home","item":"https:\/\/vinoteka-sodcek.si\/en\/"},{"@type":"ListItem","position":2,"name":"Trgovina","item":"https:\/\/vinoteka-sodcek.si\/trgovina\/"},{"@type":"ListItem","position":3,"name":"No 1"}]},{"@type":"WebSite","@id":"https:\/\/vinoteka-sodcek.si\/#website","url":"https:\/\/vinoteka-sodcek.si\/","name":"Vinoteka Sod\u010dek","description":"Vinoteka z vrhunskimi vini","publisher":{"@id":"https:\/\/vinoteka-sodcek.si\/#organization"},"potentialAction":[{"@type":"SearchAction","target":{"@type":"EntryPoint","urlTemplate":"https:\/\/vinoteka-sodcek.si\/?s={search_term_string}"},"query-input":"required name=search_term_string"}],"inLanguage":"en-US"},{"@type":"Organization","@id":"https:\/\/vinoteka-sodcek.si\/#organization","name":"Vinoteka Sod\u010dek, Ale\u0161 \u010ceba\u0161ek s.p.","url":"https:\/\/vinoteka-sodcek.si\/","logo":{"@type":"ImageObject","inLanguage":"en-US","@id":"https:\/\/vinoteka-sodcek.si\/#\/schema\/logo\/image\/","url":"https:\/\/beta.vinoteka-sodcek.si\/wp-content\/uploads\/vinoteka-sodcek-logo.png","contentUrl":"https:\/\/beta.vinoteka-sodcek.si\/wp-content\/uploads\/vinoteka-sodcek-logo.png","width":300,"height":90,"caption":"Vinoteka Sod\u010dek, Ale\u0161 \u010ceba\u0161ek s.p."},"image":{"@id":"https:\/\/vinoteka-sodcek.si\/#\/schema\/logo\/image\/"},"sameAs":["https:\/\/www.facebook.com\/vinotekasodcek\/"]}]}},"_links":{"self":[{"href":"https:\/\/vinoteka-sodcek.si\/en\/wp-json\/\/wp\/v2\/product\/887"}],"collection":[{"href":"https:\/\/vinoteka-sodcek.si\/en\/wp-json\/\/wp\/v2\/product"}],"about":[{"href":"https:\/\/vinoteka-sodcek.si\/en\/wp-json\/\/wp\/v2\/types\/product"}],"wp:featuredmedia":[{"embeddable":true,"href":"https:\/\/vinoteka-sodcek.si\/en\/wp-json\/\/wp\/v2\/media\/1108"}],"wp:attachment":[{"href":"https:\/\/vinoteka-sodcek.si\/en\/wp-json\/\/wp\/v2\/media?parent=887"}],"wp:term":[{"taxonomy":"product_cat","embeddable":true,"href":"https:\/\/vinoteka-sodcek.si\/en\/wp-json\/\/wp\/v2\/product_cat?post=887"},{"taxonomy":"product_tag","embeddable":true,"href":"https:\/\/vinoteka-sodcek.si\/en\/wp-json\/\/wp\/v2\/product_tag?post=887"}],"curies":[{"name":"wp","href":"https:\/\/api.w.org\/{rel}","templated":true}]}}