{"id":889,"date":"2024-03-15T17:20:40","date_gmt":"2024-03-15T16:20:40","guid":{"rendered":"http:\/\/192.168.64.105\/GitHub\/vinoteka-sodcek\/trgovina\/uncategorized\/istenic-desiree-mini\/"},"modified":"2024-05-14T10:42:15","modified_gmt":"2024-05-14T09:42:15","slug":"istenic-desiree-mini","status":"publish","type":"product","link":"https:\/\/vinoteka-sodcek.si\/en\/shop\/wines\/sparkling-wines\/istenic-desiree-mini\/","title":{"rendered":"Desiree"},"content":{"rendered":"<p>A flavoured sparkling wine-based drink with a peach flavour. A sparkling wine produced according to the classic secondary fermentation process, but with an alcoholic strength of only 10,0 % vol.<\/p>\n","protected":false},"excerpt":{"rendered":"<p>A flavoured sparkling wine-based drink with a peach flavour. A sparkling wine produced according to the classic secondary fermentation process, but with an alcoholic strength of only 10,0 % vol.<\/p>\n","protected":false},"featured_media":888,"template":"","meta":[],"product_cat":[22],"product_tag":[],"acf":[],"yoast_head":"<!-- This site is optimized with the Yoast SEO plugin v22.2 - https:\/\/yoast.com\/wordpress\/plugins\/seo\/ -->\n<title>Desiree | Vinoteka Sod\u010dek<\/title>\n<meta name=\"description\" content=\"Desiree Isteni\u010d is a sparkling wine produced according to the classic secondary fermentation process, but with an alcoholic strength of only 10.0% vol.\" \/>\n<meta name=\"robots\" content=\"index, follow, max-snippet:-1, max-image-preview:large, max-video-preview:-1\" \/>\n<meta property=\"og:locale\" content=\"en_US\" \/>\n<meta property=\"og:type\" content=\"article\" \/>\n<meta property=\"og:title\" content=\"Desiree\" \/>\n<meta property=\"og:description\" content=\"Desiree Isteni\u010d is a sparkling wine produced according to the classic secondary fermentation process, but with an alcoholic strength of only 10.0% vol.\" \/>\n<meta property=\"og:url\" content=\"https:\/\/vinoteka-sodcek.si\/en\/shop\/wines\/sparkling-wines\/istenic-desiree-mini\/\" \/>\n<meta property=\"og:site_name\" content=\"Vinoteka Sod\u010dek\" \/>\n<meta property=\"article:publisher\" content=\"https:\/\/www.facebook.com\/vinotekasodcek\/\" \/>\n<meta property=\"article:modified_time\" content=\"2024-05-14T09:42:15+00:00\" \/>\n<meta property=\"og:image\" content=\"https:\/\/vinoteka-sodcek.si\/wp-content\/uploads\/desire-002-VECJA-570x1310manjsa.jpg\" \/>\n\t<meta property=\"og:image:width\" content=\"168\" \/>\n\t<meta property=\"og:image:height\" content=\"571\" \/>\n\t<meta property=\"og:image:type\" content=\"image\/jpeg\" \/>\n<meta name=\"twitter:card\" content=\"summary_large_image\" \/>\n<!-- \/ Yoast SEO plugin. -->","yoast_head_json":{"title":"Desiree | Vinoteka Sod\u010dek","description":"[:sl]Desiree Isteni\u010d je penina proizvedena po klasi\u010dnem postopku drugotnega vrenja, vendar z alkoholno stopnjo samo 10,0 vol%.[:en]Desiree Isteni\u010d is a sparkling wine produced according to the classic secondary fermentation process, but with an alcoholic strength of only 10.0% vol.[:]","robots":{"index":"index","follow":"follow","max-snippet":"max-snippet:-1","max-image-preview":"max-image-preview:large","max-video-preview":"max-video-preview:-1"},"og_locale":"en_US","og_type":"article","og_title":"[:sl]Desiree[:en]Desiree[:] | Vinoteka Sod\u010dek","og_description":"[:sl]Desiree Isteni\u010d je penina proizvedena po klasi\u010dnem postopku drugotnega vrenja, vendar z alkoholno stopnjo samo 10,0 vol%.[:en]Desiree Isteni\u010d is a sparkling wine produced according to the classic secondary fermentation process, but with an alcoholic strength of only 10.0% vol.[:]","og_url":"https:\/\/vinoteka-sodcek.si\/en\/shop\/wines\/sparkling-wines\/istenic-desiree-mini\/","og_site_name":"Vinoteka Sod\u010dek","article_publisher":"https:\/\/www.facebook.com\/vinotekasodcek\/","article_modified_time":"2024-05-14T09:42:15+00:00","og_image":[{"width":168,"height":571,"url":"https:\/\/vinoteka-sodcek.si\/wp-content\/uploads\/desire-002-VECJA-570x1310manjsa.jpg","type":"image\/jpeg"}],"twitter_card":"summary_large_image","schema":{"@context":"https:\/\/schema.org","@graph":[{"@type":"WebPage","@id":"https:\/\/vinoteka-sodcek.si\/en\/shop\/wines\/sparkling-wines\/istenic-desiree-mini\/","url":"https:\/\/vinoteka-sodcek.si\/en\/shop\/wines\/sparkling-wines\/istenic-desiree-mini\/","name":"[:sl]Desiree[:en]Desiree[:] | Vinoteka Sod\u010dek","isPartOf":{"@id":"https:\/\/vinoteka-sodcek.si\/#website"},"primaryImageOfPage":{"@id":"https:\/\/vinoteka-sodcek.si\/en\/shop\/wines\/sparkling-wines\/istenic-desiree-mini\/#primaryimage"},"image":{"@id":"https:\/\/vinoteka-sodcek.si\/en\/shop\/wines\/sparkling-wines\/istenic-desiree-mini\/#primaryimage"},"thumbnailUrl":"https:\/\/vinoteka-sodcek.si\/wp-content\/uploads\/desire-002-VECJA-570x1310manjsa.jpg","datePublished":"2024-03-15T16:20:40+00:00","dateModified":"2024-05-14T09:42:15+00:00","description":"[:sl]Desiree Isteni\u010d je penina proizvedena po klasi\u010dnem postopku drugotnega vrenja, vendar z alkoholno stopnjo samo 10,0 vol%.[:en]Desiree Isteni\u010d is a sparkling wine produced according to the classic secondary fermentation process, but with an alcoholic strength of only 10.0% vol.[:]","breadcrumb":{"@id":"https:\/\/vinoteka-sodcek.si\/en\/shop\/wines\/sparkling-wines\/istenic-desiree-mini\/#breadcrumb"},"inLanguage":"en-US","potentialAction":[{"@type":"ReadAction","target":["https:\/\/vinoteka-sodcek.si\/en\/shop\/wines\/sparkling-wines\/istenic-desiree-mini\/"]}]},{"@type":"ImageObject","inLanguage":"en-US","@id":"https:\/\/vinoteka-sodcek.si\/en\/shop\/wines\/sparkling-wines\/istenic-desiree-mini\/#primaryimage","url":"https:\/\/vinoteka-sodcek.si\/wp-content\/uploads\/desire-002-VECJA-570x1310manjsa.jpg","contentUrl":"https:\/\/vinoteka-sodcek.si\/wp-content\/uploads\/desire-002-VECJA-570x1310manjsa.jpg","width":168,"height":571},{"@type":"BreadcrumbList","@id":"https:\/\/vinoteka-sodcek.si\/en\/shop\/wines\/sparkling-wines\/istenic-desiree-mini\/#breadcrumb","itemListElement":[{"@type":"ListItem","position":1,"name":"Home","item":"https:\/\/vinoteka-sodcek.si\/en\/"},{"@type":"ListItem","position":2,"name":"Trgovina","item":"https:\/\/vinoteka-sodcek.si\/trgovina\/"},{"@type":"ListItem","position":3,"name":"Desiree"}]},{"@type":"WebSite","@id":"https:\/\/vinoteka-sodcek.si\/#website","url":"https:\/\/vinoteka-sodcek.si\/","name":"Vinoteka Sod\u010dek","description":"Vinoteka z vrhunskimi vini","publisher":{"@id":"https:\/\/vinoteka-sodcek.si\/#organization"},"potentialAction":[{"@type":"SearchAction","target":{"@type":"EntryPoint","urlTemplate":"https:\/\/vinoteka-sodcek.si\/?s={search_term_string}"},"query-input":"required name=search_term_string"}],"inLanguage":"en-US"},{"@type":"Organization","@id":"https:\/\/vinoteka-sodcek.si\/#organization","name":"Vinoteka Sod\u010dek, Ale\u0161 \u010ceba\u0161ek s.p.","url":"https:\/\/vinoteka-sodcek.si\/","logo":{"@type":"ImageObject","inLanguage":"en-US","@id":"https:\/\/vinoteka-sodcek.si\/#\/schema\/logo\/image\/","url":"https:\/\/beta.vinoteka-sodcek.si\/wp-content\/uploads\/vinoteka-sodcek-logo.png","contentUrl":"https:\/\/beta.vinoteka-sodcek.si\/wp-content\/uploads\/vinoteka-sodcek-logo.png","width":300,"height":90,"caption":"Vinoteka Sod\u010dek, Ale\u0161 \u010ceba\u0161ek s.p."},"image":{"@id":"https:\/\/vinoteka-sodcek.si\/#\/schema\/logo\/image\/"},"sameAs":["https:\/\/www.facebook.com\/vinotekasodcek\/"]}]}},"_links":{"self":[{"href":"https:\/\/vinoteka-sodcek.si\/en\/wp-json\/\/wp\/v2\/product\/889"}],"collection":[{"href":"https:\/\/vinoteka-sodcek.si\/en\/wp-json\/\/wp\/v2\/product"}],"about":[{"href":"https:\/\/vinoteka-sodcek.si\/en\/wp-json\/\/wp\/v2\/types\/product"}],"wp:featuredmedia":[{"embeddable":true,"href":"https:\/\/vinoteka-sodcek.si\/en\/wp-json\/\/wp\/v2\/media\/888"}],"wp:attachment":[{"href":"https:\/\/vinoteka-sodcek.si\/en\/wp-json\/\/wp\/v2\/media?parent=889"}],"wp:term":[{"taxonomy":"product_cat","embeddable":true,"href":"https:\/\/vinoteka-sodcek.si\/en\/wp-json\/\/wp\/v2\/product_cat?post=889"},{"taxonomy":"product_tag","embeddable":true,"href":"https:\/\/vinoteka-sodcek.si\/en\/wp-json\/\/wp\/v2\/product_tag?post=889"}],"curies":[{"name":"wp","href":"https:\/\/api.w.org\/{rel}","templated":true}]}}