{"id":897,"date":"2024-03-15T17:20:40","date_gmt":"2024-03-15T16:20:40","guid":{"rendered":"http:\/\/192.168.64.105\/GitHub\/vinoteka-sodcek\/trgovina\/uncategorized\/sturm-modra-frankinja-barrique\/"},"modified":"2024-10-14T08:34:09","modified_gmt":"2024-10-14T07:34:09","slug":"sturm-modra-frankinja-barrique","status":"publish","type":"product","link":"https:\/\/vinoteka-sodcek.si\/en\/shop\/wines\/red-wines\/sturm-modra-frankinja-barrique\/","title":{"rendered":"Modra frankinja barrique"},"content":{"rendered":"<p>The grapes for the modra frankinja blue collection are harvested only in the best locations and only in good vintages, when the grapes are fully ripe. Fermentation takes place at a temperature of between 25 and 30 \u00b0C and maceration lasts for three weeks. It is matured for at least 24 months in 225 l oak barrels (barriques), half of which are new and half of which are used.<\/p>\n<p>It has a deeper ruby colour and a rich aroma of ripe red and black fruits, intertwined with spicy notes of black pepper and notes of roast and vanilla. It is typically dry, medium-bodied, rounded and balanced, with a full, varied flavour.<\/p>\n","protected":false},"excerpt":{"rendered":"<p>The grapes for the modra frankinja blue collection are harvested only in the best locations and only in good vintages, when the grapes are fully ripe. Fermentation takes place at a&#8230;<\/p>\n","protected":false},"featured_media":896,"template":"","meta":[],"product_cat":[20],"product_tag":[],"acf":[],"yoast_head":"<!-- This site is optimized with the Yoast SEO plugin v22.2 - https:\/\/yoast.com\/wordpress\/plugins\/seo\/ -->\n<title>Modra frankinja barrique | Vinoteka Sod\u010dek<\/title>\n<meta name=\"description\" content=\"Modra frankinja barrique \u0160turm is deeper ruby in colour, with a rich aroma of ripe red and black fruits intertwined with spicy notes of black pepper.\" \/>\n<meta name=\"robots\" content=\"index, follow, max-snippet:-1, max-image-preview:large, max-video-preview:-1\" \/>\n<meta property=\"og:locale\" content=\"en_US\" \/>\n<meta property=\"og:type\" content=\"article\" \/>\n<meta property=\"og:title\" content=\"Modra frankinja barrique\" \/>\n<meta property=\"og:description\" content=\"Modra frankinja barrique \u0160turm is deeper ruby in colour, with a rich aroma of ripe red and black fruits intertwined with spicy notes of black pepper.\" \/>\n<meta property=\"og:url\" content=\"https:\/\/vinoteka-sodcek.si\/en\/shop\/wines\/red-wines\/sturm-modra-frankinja-barrique\/\" \/>\n<meta property=\"og:site_name\" content=\"Vinoteka Sod\u010dek\" \/>\n<meta property=\"article:publisher\" content=\"https:\/\/www.facebook.com\/vinotekasodcek\/\" \/>\n<meta property=\"article:modified_time\" content=\"2024-10-14T07:34:09+00:00\" \/>\n<meta property=\"og:image\" content=\"https:\/\/vinoteka-sodcek.si\/wp-content\/uploads\/STURM-modra-frankinja-ModraKolekcija-0.75L-570x1026-1.jpg\" \/>\n\t<meta property=\"og:image:width\" content=\"177\" \/>\n\t<meta property=\"og:image:height\" content=\"692\" \/>\n\t<meta property=\"og:image:type\" content=\"image\/jpeg\" \/>\n<meta name=\"twitter:card\" content=\"summary_large_image\" \/>\n<!-- \/ Yoast SEO plugin. -->","yoast_head_json":{"title":"Modra frankinja barrique | Vinoteka Sod\u010dek","description":"[:sl]Modra frankinja barrique \u0160turm je globlje rubinaste barve, pestre arome zrelih rde\u010dih in \u010drnih sade\u017eev, ki so prepletene s pikantnimi notami \u010drnega popra.[:en]Modra frankinja barrique \u0160turm is deeper ruby in colour, with a rich aroma of ripe red and black fruits intertwined with spicy notes of black pepper.[:]","robots":{"index":"index","follow":"follow","max-snippet":"max-snippet:-1","max-image-preview":"max-image-preview:large","max-video-preview":"max-video-preview:-1"},"og_locale":"en_US","og_type":"article","og_title":"[:sl]Modra frankinja barrique[:en]Modra frankinja barrique[:] | Vinoteka Sod\u010dek","og_description":"[:sl]Modra frankinja barrique \u0160turm je globlje rubinaste barve, pestre arome zrelih rde\u010dih in \u010drnih sade\u017eev, ki so prepletene s pikantnimi notami \u010drnega popra.[:en]Modra frankinja barrique \u0160turm is deeper ruby in colour, with a rich aroma of ripe red and black fruits intertwined with spicy notes of black pepper.[:]","og_url":"https:\/\/vinoteka-sodcek.si\/en\/shop\/wines\/red-wines\/sturm-modra-frankinja-barrique\/","og_site_name":"Vinoteka Sod\u010dek","article_publisher":"https:\/\/www.facebook.com\/vinotekasodcek\/","article_modified_time":"2024-10-14T07:34:09+00:00","og_image":[{"width":177,"height":692,"url":"https:\/\/vinoteka-sodcek.si\/wp-content\/uploads\/STURM-modra-frankinja-ModraKolekcija-0.75L-570x1026-1.jpg","type":"image\/jpeg"}],"twitter_card":"summary_large_image","schema":{"@context":"https:\/\/schema.org","@graph":[{"@type":"WebPage","@id":"https:\/\/vinoteka-sodcek.si\/en\/shop\/wines\/red-wines\/sturm-modra-frankinja-barrique\/","url":"https:\/\/vinoteka-sodcek.si\/en\/shop\/wines\/red-wines\/sturm-modra-frankinja-barrique\/","name":"[:sl]Modra frankinja barrique[:en]Modra frankinja barrique[:] | Vinoteka Sod\u010dek","isPartOf":{"@id":"https:\/\/vinoteka-sodcek.si\/#website"},"primaryImageOfPage":{"@id":"https:\/\/vinoteka-sodcek.si\/en\/shop\/wines\/red-wines\/sturm-modra-frankinja-barrique\/#primaryimage"},"image":{"@id":"https:\/\/vinoteka-sodcek.si\/en\/shop\/wines\/red-wines\/sturm-modra-frankinja-barrique\/#primaryimage"},"thumbnailUrl":"https:\/\/vinoteka-sodcek.si\/wp-content\/uploads\/STURM-modra-frankinja-ModraKolekcija-0.75L-570x1026-1.jpg","datePublished":"2024-03-15T16:20:40+00:00","dateModified":"2024-10-14T07:34:09+00:00","description":"[:sl]Modra frankinja barrique \u0160turm je globlje rubinaste barve, pestre arome zrelih rde\u010dih in \u010drnih sade\u017eev, ki so prepletene s pikantnimi notami \u010drnega popra.[:en]Modra frankinja barrique \u0160turm is deeper ruby in colour, with a rich aroma of ripe red and black fruits intertwined with spicy notes of black pepper.[:]","breadcrumb":{"@id":"https:\/\/vinoteka-sodcek.si\/en\/shop\/wines\/red-wines\/sturm-modra-frankinja-barrique\/#breadcrumb"},"inLanguage":"en-US","potentialAction":[{"@type":"ReadAction","target":["https:\/\/vinoteka-sodcek.si\/en\/shop\/wines\/red-wines\/sturm-modra-frankinja-barrique\/"]}]},{"@type":"ImageObject","inLanguage":"en-US","@id":"https:\/\/vinoteka-sodcek.si\/en\/shop\/wines\/red-wines\/sturm-modra-frankinja-barrique\/#primaryimage","url":"https:\/\/vinoteka-sodcek.si\/wp-content\/uploads\/STURM-modra-frankinja-ModraKolekcija-0.75L-570x1026-1.jpg","contentUrl":"https:\/\/vinoteka-sodcek.si\/wp-content\/uploads\/STURM-modra-frankinja-ModraKolekcija-0.75L-570x1026-1.jpg","width":177,"height":692},{"@type":"BreadcrumbList","@id":"https:\/\/vinoteka-sodcek.si\/en\/shop\/wines\/red-wines\/sturm-modra-frankinja-barrique\/#breadcrumb","itemListElement":[{"@type":"ListItem","position":1,"name":"Home","item":"https:\/\/vinoteka-sodcek.si\/en\/"},{"@type":"ListItem","position":2,"name":"Trgovina","item":"https:\/\/vinoteka-sodcek.si\/trgovina\/"},{"@type":"ListItem","position":3,"name":"Modra frankinja barrique"}]},{"@type":"WebSite","@id":"https:\/\/vinoteka-sodcek.si\/#website","url":"https:\/\/vinoteka-sodcek.si\/","name":"Vinoteka Sod\u010dek","description":"Vinoteka z vrhunskimi vini","publisher":{"@id":"https:\/\/vinoteka-sodcek.si\/#organization"},"potentialAction":[{"@type":"SearchAction","target":{"@type":"EntryPoint","urlTemplate":"https:\/\/vinoteka-sodcek.si\/?s={search_term_string}"},"query-input":"required name=search_term_string"}],"inLanguage":"en-US"},{"@type":"Organization","@id":"https:\/\/vinoteka-sodcek.si\/#organization","name":"Vinoteka Sod\u010dek, Ale\u0161 \u010ceba\u0161ek s.p.","url":"https:\/\/vinoteka-sodcek.si\/","logo":{"@type":"ImageObject","inLanguage":"en-US","@id":"https:\/\/vinoteka-sodcek.si\/#\/schema\/logo\/image\/","url":"https:\/\/beta.vinoteka-sodcek.si\/wp-content\/uploads\/vinoteka-sodcek-logo.png","contentUrl":"https:\/\/beta.vinoteka-sodcek.si\/wp-content\/uploads\/vinoteka-sodcek-logo.png","width":300,"height":90,"caption":"Vinoteka Sod\u010dek, Ale\u0161 \u010ceba\u0161ek s.p."},"image":{"@id":"https:\/\/vinoteka-sodcek.si\/#\/schema\/logo\/image\/"},"sameAs":["https:\/\/www.facebook.com\/vinotekasodcek\/"]}]}},"_links":{"self":[{"href":"https:\/\/vinoteka-sodcek.si\/en\/wp-json\/\/wp\/v2\/product\/897"}],"collection":[{"href":"https:\/\/vinoteka-sodcek.si\/en\/wp-json\/\/wp\/v2\/product"}],"about":[{"href":"https:\/\/vinoteka-sodcek.si\/en\/wp-json\/\/wp\/v2\/types\/product"}],"wp:featuredmedia":[{"embeddable":true,"href":"https:\/\/vinoteka-sodcek.si\/en\/wp-json\/\/wp\/v2\/media\/896"}],"wp:attachment":[{"href":"https:\/\/vinoteka-sodcek.si\/en\/wp-json\/\/wp\/v2\/media?parent=897"}],"wp:term":[{"taxonomy":"product_cat","embeddable":true,"href":"https:\/\/vinoteka-sodcek.si\/en\/wp-json\/\/wp\/v2\/product_cat?post=897"},{"taxonomy":"product_tag","embeddable":true,"href":"https:\/\/vinoteka-sodcek.si\/en\/wp-json\/\/wp\/v2\/product_tag?post=897"}],"curies":[{"name":"wp","href":"https:\/\/api.w.org\/{rel}","templated":true}]}}