{"id":899,"date":"2024-03-15T17:20:40","date_gmt":"2024-03-15T16:20:40","guid":{"rendered":"http:\/\/192.168.64.105\/GitHub\/vinoteka-sodcek\/trgovina\/uncategorized\/sturm-traminec-maceracija\/"},"modified":"2024-12-03T11:34:20","modified_gmt":"2024-12-03T10:34:20","slug":"sturm-traminec-maceracija","status":"publish","type":"product","link":"https:\/\/vinoteka-sodcek.si\/en\/shop\/wines\/white-wines\/sturm-traminec-maceracija\/","title":{"rendered":"Traminec"},"content":{"rendered":"<p>After a month of maceration, it is matured for three years in wooden barrels. The result is shocking to many.<\/p>\n<p>It is deep amber in colour, and the bouquet is pronounced, very pure, and wonderfully varietal, which is unexpected for a wine that has been aged for several years. It is reminiscent of roses, Turkish Ratluk, with some balsamic notes and a variety of dried fruits. On the palate it is perfectly dry, bold, intense, with an oily texture and a little tannic. The varietality of the traminca runs like a red thread through all the stages of the tasting.<\/p>\n","protected":false},"excerpt":{"rendered":"<p>After a month of maceration, it is matured for three years in wooden barrels. The result is shocking to many. It is deep amber in colour, and the bouquet is pronounced,&#8230;<\/p>\n","protected":false},"featured_media":898,"template":"","meta":[],"product_cat":[19,23],"product_tag":[],"acf":[],"yoast_head":"<!-- This site is optimized with the Yoast SEO plugin v22.2 - https:\/\/yoast.com\/wordpress\/plugins\/seo\/ -->\n<title>Traminec | Vinoteka Sod\u010dek<\/title>\n<meta name=\"description\" content=\"Traminec \u0160turm is deep amber in colour. It is reminiscent of roses, with some balsamic notes and a variety of dried fruits.\" \/>\n<meta name=\"robots\" content=\"index, follow, max-snippet:-1, max-image-preview:large, max-video-preview:-1\" \/>\n<meta property=\"og:locale\" content=\"en_US\" \/>\n<meta property=\"og:type\" content=\"article\" \/>\n<meta property=\"og:title\" content=\"Traminec\" \/>\n<meta property=\"og:description\" content=\"Traminec \u0160turm is deep amber in colour. It is reminiscent of roses, with some balsamic notes and a variety of dried fruits.\" \/>\n<meta property=\"og:url\" content=\"https:\/\/vinoteka-sodcek.si\/en\/shop\/wines\/white-wines\/sturm-traminec-maceracija\/\" \/>\n<meta property=\"og:site_name\" content=\"Vinoteka Sod\u010dek\" \/>\n<meta property=\"article:publisher\" content=\"https:\/\/www.facebook.com\/vinotekasodcek\/\" \/>\n<meta property=\"article:modified_time\" content=\"2024-12-03T10:34:20+00:00\" \/>\n<meta property=\"og:image\" content=\"https:\/\/vinoteka-sodcek.si\/wp-content\/uploads\/STURM-traminec-ZlataKolekcija-0.75L-570x1026-1.jpg\" \/>\n\t<meta property=\"og:image:width\" content=\"175\" \/>\n\t<meta property=\"og:image:height\" content=\"704\" \/>\n\t<meta property=\"og:image:type\" content=\"image\/jpeg\" \/>\n<meta name=\"twitter:card\" content=\"summary_large_image\" \/>\n<!-- \/ Yoast SEO plugin. -->","yoast_head_json":{"title":"Traminec | Vinoteka Sod\u010dek","description":"[:sl]Traminec \u0160turm je globoke jantarne barve, poudarjene cvetlice, zelo \u010diste, ter \u010dudovito sortne, kar je lahko nepri\u010dakovano za ve\u010d let zorjeno vino.[:en]Traminec \u0160turm is deep amber in colour. It is reminiscent of roses, with some balsamic notes and a variety of dried fruits.[:]","robots":{"index":"index","follow":"follow","max-snippet":"max-snippet:-1","max-image-preview":"max-image-preview:large","max-video-preview":"max-video-preview:-1"},"og_locale":"en_US","og_type":"article","og_title":"[:sl]Traminec[:en]Traminec[:] | Vinoteka Sod\u010dek","og_description":"[:sl]Traminec \u0160turm je globoke jantarne barve, poudarjene cvetlice, zelo \u010diste, ter \u010dudovito sortne, kar je lahko nepri\u010dakovano za ve\u010d let zorjeno vino.[:en]Traminec \u0160turm is deep amber in colour. It is reminiscent of roses, with some balsamic notes and a variety of dried fruits.[:]","og_url":"https:\/\/vinoteka-sodcek.si\/en\/shop\/wines\/white-wines\/sturm-traminec-maceracija\/","og_site_name":"Vinoteka Sod\u010dek","article_publisher":"https:\/\/www.facebook.com\/vinotekasodcek\/","article_modified_time":"2024-12-03T10:34:20+00:00","og_image":[{"width":175,"height":704,"url":"https:\/\/vinoteka-sodcek.si\/wp-content\/uploads\/STURM-traminec-ZlataKolekcija-0.75L-570x1026-1.jpg","type":"image\/jpeg"}],"twitter_card":"summary_large_image","schema":{"@context":"https:\/\/schema.org","@graph":[{"@type":"WebPage","@id":"https:\/\/vinoteka-sodcek.si\/trgovina\/vina\/bela-vina\/sturm-traminec-maceracija\/","url":"https:\/\/vinoteka-sodcek.si\/trgovina\/vina\/bela-vina\/sturm-traminec-maceracija\/","name":"[:sl]Traminec[:en]Traminec[:] | Vinoteka Sod\u010dek","isPartOf":{"@id":"https:\/\/vinoteka-sodcek.si\/#website"},"primaryImageOfPage":{"@id":"https:\/\/vinoteka-sodcek.si\/trgovina\/vina\/bela-vina\/sturm-traminec-maceracija\/#primaryimage"},"image":{"@id":"https:\/\/vinoteka-sodcek.si\/trgovina\/vina\/bela-vina\/sturm-traminec-maceracija\/#primaryimage"},"thumbnailUrl":"https:\/\/vinoteka-sodcek.si\/wp-content\/uploads\/STURM-traminec-ZlataKolekcija-0.75L-570x1026-1.jpg","datePublished":"2024-03-15T16:20:40+00:00","dateModified":"2024-12-03T10:34:20+00:00","description":"[:sl]Traminec \u0160turm je globoke jantarne barve, poudarjene cvetlice, zelo \u010diste, ter \u010dudovito sortne, kar je lahko nepri\u010dakovano za ve\u010d let zorjeno vino.[:en]Traminec \u0160turm is deep amber in colour. It is reminiscent of roses, with some balsamic notes and a variety of dried fruits.[:]","breadcrumb":{"@id":"https:\/\/vinoteka-sodcek.si\/trgovina\/vina\/bela-vina\/sturm-traminec-maceracija\/#breadcrumb"},"inLanguage":"en-US","potentialAction":[{"@type":"ReadAction","target":["https:\/\/vinoteka-sodcek.si\/trgovina\/vina\/bela-vina\/sturm-traminec-maceracija\/"]}]},{"@type":"ImageObject","inLanguage":"en-US","@id":"https:\/\/vinoteka-sodcek.si\/trgovina\/vina\/bela-vina\/sturm-traminec-maceracija\/#primaryimage","url":"https:\/\/vinoteka-sodcek.si\/wp-content\/uploads\/STURM-traminec-ZlataKolekcija-0.75L-570x1026-1.jpg","contentUrl":"https:\/\/vinoteka-sodcek.si\/wp-content\/uploads\/STURM-traminec-ZlataKolekcija-0.75L-570x1026-1.jpg","width":175,"height":704},{"@type":"BreadcrumbList","@id":"https:\/\/vinoteka-sodcek.si\/trgovina\/vina\/bela-vina\/sturm-traminec-maceracija\/#breadcrumb","itemListElement":[{"@type":"ListItem","position":1,"name":"Home","item":"https:\/\/vinoteka-sodcek.si\/en\/"},{"@type":"ListItem","position":2,"name":"Trgovina","item":"https:\/\/vinoteka-sodcek.si\/trgovina\/"},{"@type":"ListItem","position":3,"name":"Traminec"}]},{"@type":"WebSite","@id":"https:\/\/vinoteka-sodcek.si\/#website","url":"https:\/\/vinoteka-sodcek.si\/","name":"Vinoteka Sod\u010dek","description":"Vinoteka z vrhunskimi vini","publisher":{"@id":"https:\/\/vinoteka-sodcek.si\/#organization"},"potentialAction":[{"@type":"SearchAction","target":{"@type":"EntryPoint","urlTemplate":"https:\/\/vinoteka-sodcek.si\/?s={search_term_string}"},"query-input":"required name=search_term_string"}],"inLanguage":"en-US"},{"@type":"Organization","@id":"https:\/\/vinoteka-sodcek.si\/#organization","name":"Vinoteka Sod\u010dek, Ale\u0161 \u010ceba\u0161ek s.p.","url":"https:\/\/vinoteka-sodcek.si\/","logo":{"@type":"ImageObject","inLanguage":"en-US","@id":"https:\/\/vinoteka-sodcek.si\/#\/schema\/logo\/image\/","url":"https:\/\/beta.vinoteka-sodcek.si\/wp-content\/uploads\/vinoteka-sodcek-logo.png","contentUrl":"https:\/\/beta.vinoteka-sodcek.si\/wp-content\/uploads\/vinoteka-sodcek-logo.png","width":300,"height":90,"caption":"Vinoteka Sod\u010dek, Ale\u0161 \u010ceba\u0161ek s.p."},"image":{"@id":"https:\/\/vinoteka-sodcek.si\/#\/schema\/logo\/image\/"},"sameAs":["https:\/\/www.facebook.com\/vinotekasodcek\/"]}]}},"_links":{"self":[{"href":"https:\/\/vinoteka-sodcek.si\/en\/wp-json\/\/wp\/v2\/product\/899"}],"collection":[{"href":"https:\/\/vinoteka-sodcek.si\/en\/wp-json\/\/wp\/v2\/product"}],"about":[{"href":"https:\/\/vinoteka-sodcek.si\/en\/wp-json\/\/wp\/v2\/types\/product"}],"wp:featuredmedia":[{"embeddable":true,"href":"https:\/\/vinoteka-sodcek.si\/en\/wp-json\/\/wp\/v2\/media\/898"}],"wp:attachment":[{"href":"https:\/\/vinoteka-sodcek.si\/en\/wp-json\/\/wp\/v2\/media?parent=899"}],"wp:term":[{"taxonomy":"product_cat","embeddable":true,"href":"https:\/\/vinoteka-sodcek.si\/en\/wp-json\/\/wp\/v2\/product_cat?post=899"},{"taxonomy":"product_tag","embeddable":true,"href":"https:\/\/vinoteka-sodcek.si\/en\/wp-json\/\/wp\/v2\/product_tag?post=899"}],"curies":[{"name":"wp","href":"https:\/\/api.w.org\/{rel}","templated":true}]}}