{"id":901,"date":"2024-03-15T17:20:40","date_gmt":"2024-03-15T16:20:40","guid":{"rendered":"http:\/\/192.168.64.105\/GitHub\/vinoteka-sodcek\/trgovina\/uncategorized\/sturm-renski-rizling-poz-trg\/"},"modified":"2026-01-08T10:01:35","modified_gmt":"2026-01-08T09:01:35","slug":"sturm-renski-rizling-poz-trg","status":"publish","type":"product","link":"https:\/\/vinoteka-sodcek.si\/en\/shop\/wines\/white-wines\/sturm-renski-rizling-poz-trg\/","title":{"rendered":"Renski rizling late harvest"},"content":{"rendered":"<p>The grapes are harvested at full ripeness, when they are already partially infected with noble rot. This situation occurs most often three to four times in ten years. Fermentation takes place at lower temperatures in order to preserve the royal varietal characteristics.<\/p>\n<p>It is deep golden yellow in colour, oily in texture, with a pronounced and varied bouquet reminiscent of ripe peach, lime blossom, pineapple, giving way to ripe raisin and dried fruit notes. This noble wine delights the palate with a full body and a rich and complex flavour that lingers on the palate for a long time.<\/p>\n","protected":false},"excerpt":{"rendered":"<p>The grapes are harvested at full ripeness, when they are already partially infected with noble rot. This situation occurs most often three to four times in ten years. Fermentation takes place&#8230;<\/p>\n","protected":false},"featured_media":900,"template":"","meta":[],"product_cat":[19],"product_tag":[],"acf":[],"yoast_head":"<!-- This site is optimized with the Yoast SEO plugin v22.2 - https:\/\/yoast.com\/wordpress\/plugins\/seo\/ -->\n<title>Renski rizling late harvest | Vinoteka Sod\u010dek<\/title>\n<meta name=\"description\" content=\"Renski rizling late harvest \u0160turm is deep golden yellow, oily in texture, with a pronounced and varied bouquet reminiscent of a ripe peach or lime blossom.\" \/>\n<meta name=\"robots\" content=\"index, follow, max-snippet:-1, max-image-preview:large, max-video-preview:-1\" \/>\n<meta property=\"og:locale\" content=\"en_US\" \/>\n<meta property=\"og:type\" content=\"article\" \/>\n<meta property=\"og:title\" content=\"Renski rizling late harvest\" \/>\n<meta property=\"og:description\" content=\"Renski rizling late harvest \u0160turm is deep golden yellow, oily in texture, with a pronounced and varied bouquet reminiscent of a ripe peach or lime blossom.\" \/>\n<meta property=\"og:url\" content=\"https:\/\/vinoteka-sodcek.si\/en\/shop\/wines\/white-wines\/sturm-renski-rizling-poz-trg\/\" \/>\n<meta property=\"og:site_name\" content=\"Vinoteka Sod\u010dek\" \/>\n<meta property=\"article:publisher\" content=\"https:\/\/www.facebook.com\/vinotekasodcek\/\" \/>\n<meta property=\"article:modified_time\" content=\"2026-01-08T09:01:35+00:00\" \/>\n<meta property=\"og:image\" content=\"https:\/\/vinoteka-sodcek.si\/wp-content\/uploads\/Renski-rizling.jpg\" \/>\n\t<meta property=\"og:image:width\" content=\"176\" \/>\n\t<meta property=\"og:image:height\" content=\"679\" \/>\n\t<meta property=\"og:image:type\" content=\"image\/jpeg\" \/>\n<meta name=\"twitter:card\" content=\"summary_large_image\" \/>\n<!-- \/ Yoast SEO plugin. -->","yoast_head_json":{"title":"Renski rizling late harvest | Vinoteka Sod\u010dek","description":"[:sl]Renski rizling poz.trg. \u0160turm je globoke zlato rumene barve, oljnate teksture, z izra\u017eeno in pestro cvetico, ki spominja na zrelo breskev, lipov cvet.[:en]Renski rizling late harvest \u0160turm is deep golden yellow, oily in texture, with a pronounced and varied bouquet reminiscent of a ripe peach or lime blossom.[:]","robots":{"index":"index","follow":"follow","max-snippet":"max-snippet:-1","max-image-preview":"max-image-preview:large","max-video-preview":"max-video-preview:-1"},"og_locale":"en_US","og_type":"article","og_title":"[:sl]Renski rizling poz. trg.[:en]Renski rizling late harvest[:] | Vinoteka Sod\u010dek","og_description":"[:sl]Renski rizling poz.trg. \u0160turm je globoke zlato rumene barve, oljnate teksture, z izra\u017eeno in pestro cvetico, ki spominja na zrelo breskev, lipov cvet.[:en]Renski rizling late harvest \u0160turm is deep golden yellow, oily in texture, with a pronounced and varied bouquet reminiscent of a ripe peach or lime blossom.[:]","og_url":"https:\/\/vinoteka-sodcek.si\/en\/shop\/wines\/white-wines\/sturm-renski-rizling-poz-trg\/","og_site_name":"Vinoteka Sod\u010dek","article_publisher":"https:\/\/www.facebook.com\/vinotekasodcek\/","article_modified_time":"2026-01-08T09:01:35+00:00","og_image":[{"width":176,"height":679,"url":"https:\/\/vinoteka-sodcek.si\/wp-content\/uploads\/Renski-rizling.jpg","type":"image\/jpeg"}],"twitter_card":"summary_large_image","schema":{"@context":"https:\/\/schema.org","@graph":[{"@type":"WebPage","@id":"https:\/\/vinoteka-sodcek.si\/trgovina\/vina\/bela-vina\/sturm-renski-rizling-poz-trg\/","url":"https:\/\/vinoteka-sodcek.si\/trgovina\/vina\/bela-vina\/sturm-renski-rizling-poz-trg\/","name":"[:sl]Renski rizling poz. trg.[:en]Renski rizling late harvest[:] | Vinoteka Sod\u010dek","isPartOf":{"@id":"https:\/\/vinoteka-sodcek.si\/#website"},"primaryImageOfPage":{"@id":"https:\/\/vinoteka-sodcek.si\/trgovina\/vina\/bela-vina\/sturm-renski-rizling-poz-trg\/#primaryimage"},"image":{"@id":"https:\/\/vinoteka-sodcek.si\/trgovina\/vina\/bela-vina\/sturm-renski-rizling-poz-trg\/#primaryimage"},"thumbnailUrl":"https:\/\/vinoteka-sodcek.si\/wp-content\/uploads\/Renski-rizling.jpg","datePublished":"2024-03-15T16:20:40+00:00","dateModified":"2026-01-08T09:01:35+00:00","description":"[:sl]Renski rizling poz.trg. \u0160turm je globoke zlato rumene barve, oljnate teksture, z izra\u017eeno in pestro cvetico, ki spominja na zrelo breskev, lipov cvet.[:en]Renski rizling late harvest \u0160turm is deep golden yellow, oily in texture, with a pronounced and varied bouquet reminiscent of a ripe peach or lime blossom.[:]","breadcrumb":{"@id":"https:\/\/vinoteka-sodcek.si\/trgovina\/vina\/bela-vina\/sturm-renski-rizling-poz-trg\/#breadcrumb"},"inLanguage":"en-US","potentialAction":[{"@type":"ReadAction","target":["https:\/\/vinoteka-sodcek.si\/trgovina\/vina\/bela-vina\/sturm-renski-rizling-poz-trg\/"]}]},{"@type":"ImageObject","inLanguage":"en-US","@id":"https:\/\/vinoteka-sodcek.si\/trgovina\/vina\/bela-vina\/sturm-renski-rizling-poz-trg\/#primaryimage","url":"https:\/\/vinoteka-sodcek.si\/wp-content\/uploads\/Renski-rizling.jpg","contentUrl":"https:\/\/vinoteka-sodcek.si\/wp-content\/uploads\/Renski-rizling.jpg","width":176,"height":679},{"@type":"BreadcrumbList","@id":"https:\/\/vinoteka-sodcek.si\/trgovina\/vina\/bela-vina\/sturm-renski-rizling-poz-trg\/#breadcrumb","itemListElement":[{"@type":"ListItem","position":1,"name":"Home","item":"https:\/\/vinoteka-sodcek.si\/en\/"},{"@type":"ListItem","position":2,"name":"Trgovina","item":"https:\/\/vinoteka-sodcek.si\/trgovina\/"},{"@type":"ListItem","position":3,"name":"Renski rizling poz. trg."}]},{"@type":"WebSite","@id":"https:\/\/vinoteka-sodcek.si\/#website","url":"https:\/\/vinoteka-sodcek.si\/","name":"Vinoteka Sod\u010dek","description":"Vinoteka z vrhunskimi vini","publisher":{"@id":"https:\/\/vinoteka-sodcek.si\/#organization"},"potentialAction":[{"@type":"SearchAction","target":{"@type":"EntryPoint","urlTemplate":"https:\/\/vinoteka-sodcek.si\/?s={search_term_string}"},"query-input":"required name=search_term_string"}],"inLanguage":"en-US"},{"@type":"Organization","@id":"https:\/\/vinoteka-sodcek.si\/#organization","name":"Vinoteka Sod\u010dek, Ale\u0161 \u010ceba\u0161ek s.p.","url":"https:\/\/vinoteka-sodcek.si\/","logo":{"@type":"ImageObject","inLanguage":"en-US","@id":"https:\/\/vinoteka-sodcek.si\/#\/schema\/logo\/image\/","url":"https:\/\/beta.vinoteka-sodcek.si\/wp-content\/uploads\/vinoteka-sodcek-logo.png","contentUrl":"https:\/\/beta.vinoteka-sodcek.si\/wp-content\/uploads\/vinoteka-sodcek-logo.png","width":300,"height":90,"caption":"Vinoteka Sod\u010dek, Ale\u0161 \u010ceba\u0161ek s.p."},"image":{"@id":"https:\/\/vinoteka-sodcek.si\/#\/schema\/logo\/image\/"},"sameAs":["https:\/\/www.facebook.com\/vinotekasodcek\/"]}]}},"_links":{"self":[{"href":"https:\/\/vinoteka-sodcek.si\/en\/wp-json\/\/wp\/v2\/product\/901"}],"collection":[{"href":"https:\/\/vinoteka-sodcek.si\/en\/wp-json\/\/wp\/v2\/product"}],"about":[{"href":"https:\/\/vinoteka-sodcek.si\/en\/wp-json\/\/wp\/v2\/types\/product"}],"wp:featuredmedia":[{"embeddable":true,"href":"https:\/\/vinoteka-sodcek.si\/en\/wp-json\/\/wp\/v2\/media\/900"}],"wp:attachment":[{"href":"https:\/\/vinoteka-sodcek.si\/en\/wp-json\/\/wp\/v2\/media?parent=901"}],"wp:term":[{"taxonomy":"product_cat","embeddable":true,"href":"https:\/\/vinoteka-sodcek.si\/en\/wp-json\/\/wp\/v2\/product_cat?post=901"},{"taxonomy":"product_tag","embeddable":true,"href":"https:\/\/vinoteka-sodcek.si\/en\/wp-json\/\/wp\/v2\/product_tag?post=901"}],"curies":[{"name":"wp","href":"https:\/\/api.w.org\/{rel}","templated":true}]}}