{"id":905,"date":"2024-03-15T17:20:40","date_gmt":"2024-03-15T16:20:40","guid":{"rendered":"http:\/\/192.168.64.105\/GitHub\/vinoteka-sodcek\/trgovina\/uncategorized\/sturm-rumeni-muskat\/"},"modified":"2026-04-21T12:46:03","modified_gmt":"2026-04-21T11:46:03","slug":"sturm-rumeni-muskat","status":"publish","type":"product","link":"https:\/\/vinoteka-sodcek.si\/en\/shop\/wines\/white-wines\/sturm-rumeni-muskat\/","title":{"rendered":"Rumeni mu\u0161kat"},"content":{"rendered":"<p>The mustateller for the blue collection is harvested at full ripeness, about two weeks after the regular harvest, to give it additional ripe aromas and sugar levels.<\/p>\n<p>At harvest, the grapes are ripe, sweet, juicy and aromatic. The fermentation takes place at lower temperatures to preserve the intense, pure varietal bouquet, which is reminiscent of muscadine grapes, sweet spices and, after a year or two, a delicate minty smell, including honey.<\/p>\n","protected":false},"excerpt":{"rendered":"<p>The mustateller for the blue collection is harvested at full ripeness, about two weeks after the regular harvest, to give it additional ripe aromas and sugar levels. At harvest, the grapes&#8230;<\/p>\n","protected":false},"featured_media":904,"template":"","meta":[],"product_cat":[19],"product_tag":[],"acf":[],"yoast_head":"<!-- This site is optimized with the Yoast SEO plugin v22.2 - https:\/\/yoast.com\/wordpress\/plugins\/seo\/ -->\n<title>Rumeni mu\u0161kat | Vinoteka Sod\u010dek<\/title>\n<meta name=\"description\" content=\"Rumeni mu\u0161kat \u0160turm is sweet, juicy and aromatic at harvest. Fermentation takes place at lower temperatures to preserve the intense, pure varietal bloom.\" \/>\n<meta name=\"robots\" content=\"index, follow, max-snippet:-1, max-image-preview:large, max-video-preview:-1\" \/>\n<meta property=\"og:locale\" content=\"en_US\" \/>\n<meta property=\"og:type\" content=\"article\" \/>\n<meta property=\"og:title\" content=\"Rumeni mu\u0161kat\" \/>\n<meta property=\"og:description\" content=\"Rumeni mu\u0161kat \u0160turm is sweet, juicy and aromatic at harvest. Fermentation takes place at lower temperatures to preserve the intense, pure varietal bloom.\" \/>\n<meta property=\"og:url\" content=\"https:\/\/vinoteka-sodcek.si\/en\/shop\/wines\/white-wines\/sturm-rumeni-muskat\/\" \/>\n<meta property=\"og:site_name\" content=\"Vinoteka Sod\u010dek\" \/>\n<meta property=\"article:publisher\" content=\"https:\/\/www.facebook.com\/vinotekasodcek\/\" \/>\n<meta property=\"article:modified_time\" content=\"2026-04-21T11:46:03+00:00\" \/>\n<meta property=\"og:image\" content=\"https:\/\/vinoteka-sodcek.si\/wp-content\/uploads\/STURM-rumeni-muskat-ModraKolekcija-0.75L-570x1026-1.jpg\" \/>\n\t<meta property=\"og:image:width\" content=\"176\" \/>\n\t<meta property=\"og:image:height\" content=\"700\" \/>\n\t<meta property=\"og:image:type\" content=\"image\/jpeg\" \/>\n<meta name=\"twitter:card\" content=\"summary_large_image\" \/>\n<!-- \/ Yoast SEO plugin. -->","yoast_head_json":{"title":"Rumeni mu\u0161kat | Vinoteka Sod\u010dek","description":"[:sl]Rumeni mu\u0161kat \u0160turm je ob trgatvi zrel, sladek, so\u010den in aromati\u010den. Vrenje poteka na ni\u017ejih temperaturah, da ohranijo intenzivno, \u010disto sortno cvetico.[:en]Rumeni mu\u0161kat \u0160turm is sweet, juicy and aromatic at harvest. Fermentation takes place at lower temperatures to preserve the intense, pure varietal bloom.[:]","robots":{"index":"index","follow":"follow","max-snippet":"max-snippet:-1","max-image-preview":"max-image-preview:large","max-video-preview":"max-video-preview:-1"},"og_locale":"en_US","og_type":"article","og_title":"[:sl]Rumeni mu\u0161kat[:en]Rumeni mu\u0161kat[:] | Vinoteka Sod\u010dek","og_description":"[:sl]Rumeni mu\u0161kat \u0160turm je ob trgatvi zrel, sladek, so\u010den in aromati\u010den. Vrenje poteka na ni\u017ejih temperaturah, da ohranijo intenzivno, \u010disto sortno cvetico.[:en]Rumeni mu\u0161kat \u0160turm is sweet, juicy and aromatic at harvest. Fermentation takes place at lower temperatures to preserve the intense, pure varietal bloom.[:]","og_url":"https:\/\/vinoteka-sodcek.si\/en\/shop\/wines\/white-wines\/sturm-rumeni-muskat\/","og_site_name":"Vinoteka Sod\u010dek","article_publisher":"https:\/\/www.facebook.com\/vinotekasodcek\/","article_modified_time":"2026-04-21T11:46:03+00:00","og_image":[{"width":176,"height":700,"url":"https:\/\/vinoteka-sodcek.si\/wp-content\/uploads\/STURM-rumeni-muskat-ModraKolekcija-0.75L-570x1026-1.jpg","type":"image\/jpeg"}],"twitter_card":"summary_large_image","schema":{"@context":"https:\/\/schema.org","@graph":[{"@type":"WebPage","@id":"https:\/\/vinoteka-sodcek.si\/en\/shop\/wines\/white-wines\/sturm-rumeni-muskat\/","url":"https:\/\/vinoteka-sodcek.si\/en\/shop\/wines\/white-wines\/sturm-rumeni-muskat\/","name":"[:sl]Rumeni mu\u0161kat[:en]Rumeni mu\u0161kat[:] | Vinoteka Sod\u010dek","isPartOf":{"@id":"https:\/\/vinoteka-sodcek.si\/#website"},"primaryImageOfPage":{"@id":"https:\/\/vinoteka-sodcek.si\/en\/shop\/wines\/white-wines\/sturm-rumeni-muskat\/#primaryimage"},"image":{"@id":"https:\/\/vinoteka-sodcek.si\/en\/shop\/wines\/white-wines\/sturm-rumeni-muskat\/#primaryimage"},"thumbnailUrl":"https:\/\/vinoteka-sodcek.si\/wp-content\/uploads\/STURM-rumeni-muskat-ModraKolekcija-0.75L-570x1026-1.jpg","datePublished":"2024-03-15T16:20:40+00:00","dateModified":"2026-04-21T11:46:03+00:00","description":"[:sl]Rumeni mu\u0161kat \u0160turm je ob trgatvi zrel, sladek, so\u010den in aromati\u010den. Vrenje poteka na ni\u017ejih temperaturah, da ohranijo intenzivno, \u010disto sortno cvetico.[:en]Rumeni mu\u0161kat \u0160turm is sweet, juicy and aromatic at harvest. Fermentation takes place at lower temperatures to preserve the intense, pure varietal bloom.[:]","breadcrumb":{"@id":"https:\/\/vinoteka-sodcek.si\/en\/shop\/wines\/white-wines\/sturm-rumeni-muskat\/#breadcrumb"},"inLanguage":"en-US","potentialAction":[{"@type":"ReadAction","target":["https:\/\/vinoteka-sodcek.si\/en\/shop\/wines\/white-wines\/sturm-rumeni-muskat\/"]}]},{"@type":"ImageObject","inLanguage":"en-US","@id":"https:\/\/vinoteka-sodcek.si\/en\/shop\/wines\/white-wines\/sturm-rumeni-muskat\/#primaryimage","url":"https:\/\/vinoteka-sodcek.si\/wp-content\/uploads\/STURM-rumeni-muskat-ModraKolekcija-0.75L-570x1026-1.jpg","contentUrl":"https:\/\/vinoteka-sodcek.si\/wp-content\/uploads\/STURM-rumeni-muskat-ModraKolekcija-0.75L-570x1026-1.jpg","width":176,"height":700},{"@type":"BreadcrumbList","@id":"https:\/\/vinoteka-sodcek.si\/en\/shop\/wines\/white-wines\/sturm-rumeni-muskat\/#breadcrumb","itemListElement":[{"@type":"ListItem","position":1,"name":"Home","item":"https:\/\/vinoteka-sodcek.si\/en\/"},{"@type":"ListItem","position":2,"name":"Trgovina","item":"https:\/\/vinoteka-sodcek.si\/trgovina\/"},{"@type":"ListItem","position":3,"name":"Rumeni mu\u0161kat"}]},{"@type":"WebSite","@id":"https:\/\/vinoteka-sodcek.si\/#website","url":"https:\/\/vinoteka-sodcek.si\/","name":"Vinoteka Sod\u010dek","description":"Vinoteka z vrhunskimi vini","publisher":{"@id":"https:\/\/vinoteka-sodcek.si\/#organization"},"potentialAction":[{"@type":"SearchAction","target":{"@type":"EntryPoint","urlTemplate":"https:\/\/vinoteka-sodcek.si\/?s={search_term_string}"},"query-input":"required name=search_term_string"}],"inLanguage":"en-US"},{"@type":"Organization","@id":"https:\/\/vinoteka-sodcek.si\/#organization","name":"Vinoteka Sod\u010dek, Ale\u0161 \u010ceba\u0161ek s.p.","url":"https:\/\/vinoteka-sodcek.si\/","logo":{"@type":"ImageObject","inLanguage":"en-US","@id":"https:\/\/vinoteka-sodcek.si\/#\/schema\/logo\/image\/","url":"https:\/\/beta.vinoteka-sodcek.si\/wp-content\/uploads\/vinoteka-sodcek-logo.png","contentUrl":"https:\/\/beta.vinoteka-sodcek.si\/wp-content\/uploads\/vinoteka-sodcek-logo.png","width":300,"height":90,"caption":"Vinoteka Sod\u010dek, Ale\u0161 \u010ceba\u0161ek s.p."},"image":{"@id":"https:\/\/vinoteka-sodcek.si\/#\/schema\/logo\/image\/"},"sameAs":["https:\/\/www.facebook.com\/vinotekasodcek\/"]}]}},"_links":{"self":[{"href":"https:\/\/vinoteka-sodcek.si\/en\/wp-json\/\/wp\/v2\/product\/905"}],"collection":[{"href":"https:\/\/vinoteka-sodcek.si\/en\/wp-json\/\/wp\/v2\/product"}],"about":[{"href":"https:\/\/vinoteka-sodcek.si\/en\/wp-json\/\/wp\/v2\/types\/product"}],"wp:featuredmedia":[{"embeddable":true,"href":"https:\/\/vinoteka-sodcek.si\/en\/wp-json\/\/wp\/v2\/media\/904"}],"wp:attachment":[{"href":"https:\/\/vinoteka-sodcek.si\/en\/wp-json\/\/wp\/v2\/media?parent=905"}],"wp:term":[{"taxonomy":"product_cat","embeddable":true,"href":"https:\/\/vinoteka-sodcek.si\/en\/wp-json\/\/wp\/v2\/product_cat?post=905"},{"taxonomy":"product_tag","embeddable":true,"href":"https:\/\/vinoteka-sodcek.si\/en\/wp-json\/\/wp\/v2\/product_tag?post=905"}],"curies":[{"name":"wp","href":"https:\/\/api.w.org\/{rel}","templated":true}]}}