{"id":907,"date":"2024-03-15T17:20:40","date_gmt":"2024-03-15T16:20:40","guid":{"rendered":"http:\/\/192.168.64.105\/GitHub\/vinoteka-sodcek\/trgovina\/uncategorized\/sturm-penina-ana\/"},"modified":"2024-10-14T09:45:23","modified_gmt":"2024-10-14T08:45:23","slug":"sturm-penina-ana","status":"publish","type":"product","link":"https:\/\/vinoteka-sodcek.si\/en\/shop\/wines\/sparkling-wines\/sturm-penina-ana\/","title":{"rendered":"Penina Ana"},"content":{"rendered":"<p>The classic method.<\/p>\n<p>Secondary fermentation takes place over 40 months.<\/p>\n<p>It is a delicate salmon colour with fine, fine bubbles. The bouquet is varied and reveals hay, dried spices and red fruits, bread crust and pleasant roasted nut notes. It is very dry and lively on the palate, where it gently develops its fullness and complexity. A mature sparkling wine with a nice intensity of flavours of hazelnuts and butter.<\/p>\n","protected":false},"excerpt":{"rendered":"<p>The classic method. Secondary fermentation takes place over 40 months. It is a delicate salmon colour with fine, fine bubbles. The bouquet is varied and reveals hay, dried spices and red&#8230;<\/p>\n","protected":false},"featured_media":906,"template":"","meta":[],"product_cat":[22],"product_tag":[],"acf":[],"yoast_head":"<!-- This site is optimized with the Yoast SEO plugin v22.2 - https:\/\/yoast.com\/wordpress\/plugins\/seo\/ -->\n<title>Penina Ana | Vinoteka Sod\u010dek<\/title>\n<meta name=\"description\" content=\"Penina Ana \u0160turm is a delicate salmon colour with fine, fine bubbles. The bouquet is varied and reveals hints of hay, dried spices and red fruits.\" \/>\n<meta name=\"robots\" content=\"index, follow, max-snippet:-1, max-image-preview:large, max-video-preview:-1\" \/>\n<meta property=\"og:locale\" content=\"en_US\" \/>\n<meta property=\"og:type\" content=\"article\" \/>\n<meta property=\"og:title\" content=\"Penina Ana\" \/>\n<meta property=\"og:description\" content=\"Penina Ana \u0160turm is a delicate salmon colour with fine, fine bubbles. The bouquet is varied and reveals hints of hay, dried spices and red fruits.\" \/>\n<meta property=\"og:url\" content=\"https:\/\/vinoteka-sodcek.si\/en\/shop\/wines\/sparkling-wines\/sturm-penina-ana\/\" \/>\n<meta property=\"og:site_name\" content=\"Vinoteka Sod\u010dek\" \/>\n<meta property=\"article:publisher\" content=\"https:\/\/www.facebook.com\/vinotekasodcek\/\" \/>\n<meta property=\"article:modified_time\" content=\"2024-10-14T08:45:23+00:00\" \/>\n<meta property=\"og:image\" content=\"https:\/\/vinoteka-sodcek.si\/wp-content\/uploads\/STURM-penina-Ana-0.75L-e1579546990432.jpg\" \/>\n\t<meta property=\"og:image:width\" content=\"147\" \/>\n\t<meta property=\"og:image:height\" content=\"476\" \/>\n\t<meta property=\"og:image:type\" content=\"image\/jpeg\" \/>\n<meta name=\"twitter:card\" content=\"summary_large_image\" \/>\n<!-- \/ Yoast SEO plugin. -->","yoast_head_json":{"title":"Penina Ana | Vinoteka Sod\u010dek","description":"[:sl]Penina Ana \u0160turm je ne\u017ene lososove barve z drobnimi, finimi mehur\u010dki. Cvetica je pestra in razkriva zaznave po senu, suhih za\u010dimbah in rde\u010dih sade\u017eih.[:en]Penina Ana \u0160turm is a delicate salmon colour with fine, fine bubbles. The bouquet is varied and reveals hints of hay, dried spices and red fruits.[:]","robots":{"index":"index","follow":"follow","max-snippet":"max-snippet:-1","max-image-preview":"max-image-preview:large","max-video-preview":"max-video-preview:-1"},"og_locale":"en_US","og_type":"article","og_title":"[:sl]Penina Ana[:en]Penina Ana[:] | Vinoteka Sod\u010dek","og_description":"[:sl]Penina Ana \u0160turm je ne\u017ene lososove barve z drobnimi, finimi mehur\u010dki. Cvetica je pestra in razkriva zaznave po senu, suhih za\u010dimbah in rde\u010dih sade\u017eih.[:en]Penina Ana \u0160turm is a delicate salmon colour with fine, fine bubbles. The bouquet is varied and reveals hints of hay, dried spices and red fruits.[:]","og_url":"https:\/\/vinoteka-sodcek.si\/en\/shop\/wines\/sparkling-wines\/sturm-penina-ana\/","og_site_name":"Vinoteka Sod\u010dek","article_publisher":"https:\/\/www.facebook.com\/vinotekasodcek\/","article_modified_time":"2024-10-14T08:45:23+00:00","og_image":[{"width":147,"height":476,"url":"https:\/\/vinoteka-sodcek.si\/wp-content\/uploads\/STURM-penina-Ana-0.75L-e1579546990432.jpg","type":"image\/jpeg"}],"twitter_card":"summary_large_image","schema":{"@context":"https:\/\/schema.org","@graph":[{"@type":"WebPage","@id":"https:\/\/vinoteka-sodcek.si\/en\/shop\/wines\/sparkling-wines\/sturm-penina-ana\/","url":"https:\/\/vinoteka-sodcek.si\/en\/shop\/wines\/sparkling-wines\/sturm-penina-ana\/","name":"[:sl]Penina Ana[:en]Penina Ana[:] | Vinoteka Sod\u010dek","isPartOf":{"@id":"https:\/\/vinoteka-sodcek.si\/#website"},"primaryImageOfPage":{"@id":"https:\/\/vinoteka-sodcek.si\/en\/shop\/wines\/sparkling-wines\/sturm-penina-ana\/#primaryimage"},"image":{"@id":"https:\/\/vinoteka-sodcek.si\/en\/shop\/wines\/sparkling-wines\/sturm-penina-ana\/#primaryimage"},"thumbnailUrl":"https:\/\/vinoteka-sodcek.si\/wp-content\/uploads\/STURM-penina-Ana-0.75L-e1579546990432.jpg","datePublished":"2024-03-15T16:20:40+00:00","dateModified":"2024-10-14T08:45:23+00:00","description":"[:sl]Penina Ana \u0160turm je ne\u017ene lososove barve z drobnimi, finimi mehur\u010dki. Cvetica je pestra in razkriva zaznave po senu, suhih za\u010dimbah in rde\u010dih sade\u017eih.[:en]Penina Ana \u0160turm is a delicate salmon colour with fine, fine bubbles. The bouquet is varied and reveals hints of hay, dried spices and red fruits.[:]","breadcrumb":{"@id":"https:\/\/vinoteka-sodcek.si\/en\/shop\/wines\/sparkling-wines\/sturm-penina-ana\/#breadcrumb"},"inLanguage":"en-US","potentialAction":[{"@type":"ReadAction","target":["https:\/\/vinoteka-sodcek.si\/en\/shop\/wines\/sparkling-wines\/sturm-penina-ana\/"]}]},{"@type":"ImageObject","inLanguage":"en-US","@id":"https:\/\/vinoteka-sodcek.si\/en\/shop\/wines\/sparkling-wines\/sturm-penina-ana\/#primaryimage","url":"https:\/\/vinoteka-sodcek.si\/wp-content\/uploads\/STURM-penina-Ana-0.75L-e1579546990432.jpg","contentUrl":"https:\/\/vinoteka-sodcek.si\/wp-content\/uploads\/STURM-penina-Ana-0.75L-e1579546990432.jpg","width":147,"height":476},{"@type":"BreadcrumbList","@id":"https:\/\/vinoteka-sodcek.si\/en\/shop\/wines\/sparkling-wines\/sturm-penina-ana\/#breadcrumb","itemListElement":[{"@type":"ListItem","position":1,"name":"Home","item":"https:\/\/vinoteka-sodcek.si\/en\/"},{"@type":"ListItem","position":2,"name":"Trgovina","item":"https:\/\/vinoteka-sodcek.si\/trgovina\/"},{"@type":"ListItem","position":3,"name":"Penina Ana"}]},{"@type":"WebSite","@id":"https:\/\/vinoteka-sodcek.si\/#website","url":"https:\/\/vinoteka-sodcek.si\/","name":"Vinoteka Sod\u010dek","description":"Vinoteka z vrhunskimi vini","publisher":{"@id":"https:\/\/vinoteka-sodcek.si\/#organization"},"potentialAction":[{"@type":"SearchAction","target":{"@type":"EntryPoint","urlTemplate":"https:\/\/vinoteka-sodcek.si\/?s={search_term_string}"},"query-input":"required name=search_term_string"}],"inLanguage":"en-US"},{"@type":"Organization","@id":"https:\/\/vinoteka-sodcek.si\/#organization","name":"Vinoteka Sod\u010dek, Ale\u0161 \u010ceba\u0161ek s.p.","url":"https:\/\/vinoteka-sodcek.si\/","logo":{"@type":"ImageObject","inLanguage":"en-US","@id":"https:\/\/vinoteka-sodcek.si\/#\/schema\/logo\/image\/","url":"https:\/\/beta.vinoteka-sodcek.si\/wp-content\/uploads\/vinoteka-sodcek-logo.png","contentUrl":"https:\/\/beta.vinoteka-sodcek.si\/wp-content\/uploads\/vinoteka-sodcek-logo.png","width":300,"height":90,"caption":"Vinoteka Sod\u010dek, Ale\u0161 \u010ceba\u0161ek s.p."},"image":{"@id":"https:\/\/vinoteka-sodcek.si\/#\/schema\/logo\/image\/"},"sameAs":["https:\/\/www.facebook.com\/vinotekasodcek\/"]}]}},"_links":{"self":[{"href":"https:\/\/vinoteka-sodcek.si\/en\/wp-json\/\/wp\/v2\/product\/907"}],"collection":[{"href":"https:\/\/vinoteka-sodcek.si\/en\/wp-json\/\/wp\/v2\/product"}],"about":[{"href":"https:\/\/vinoteka-sodcek.si\/en\/wp-json\/\/wp\/v2\/types\/product"}],"wp:featuredmedia":[{"embeddable":true,"href":"https:\/\/vinoteka-sodcek.si\/en\/wp-json\/\/wp\/v2\/media\/906"}],"wp:attachment":[{"href":"https:\/\/vinoteka-sodcek.si\/en\/wp-json\/\/wp\/v2\/media?parent=907"}],"wp:term":[{"taxonomy":"product_cat","embeddable":true,"href":"https:\/\/vinoteka-sodcek.si\/en\/wp-json\/\/wp\/v2\/product_cat?post=907"},{"taxonomy":"product_tag","embeddable":true,"href":"https:\/\/vinoteka-sodcek.si\/en\/wp-json\/\/wp\/v2\/product_tag?post=907"}],"curies":[{"name":"wp","href":"https:\/\/api.w.org\/{rel}","templated":true}]}}