{"id":909,"date":"2024-03-15T17:20:40","date_gmt":"2024-03-15T16:20:40","guid":{"rendered":"http:\/\/192.168.64.105\/GitHub\/vinoteka-sodcek\/trgovina\/uncategorized\/sturm-metliska-crnina\/"},"modified":"2024-10-14T09:55:22","modified_gmt":"2024-10-14T08:55:22","slug":"sturm-metliska-crnina","status":"publish","type":"product","link":"https:\/\/vinoteka-sodcek.si\/en\/shop\/wines\/red-wines\/sturm-metliska-crnina\/","title":{"rendered":"Metli\u0161ka \u010drnina"},"content":{"rendered":"<p>It is a dry red wine with a geogaphic origin from the Posavje &#8211; Bela krajina region. The wine is composed of all the red varieties grown in the area. It is matured for a good year in inox and pre-owned oak barrels.<\/p>\n<p>It is medium deep purple in colour. The nose is fruity, fresh and playful with red fruits. It is characterised by a lower alcohol level (between 9.5 and 11.4%) and a pleasant astringency, expressed in a pleasant bitterness.<\/p>\n","protected":false},"excerpt":{"rendered":"<p>It is a dry red wine with a geogaphic origin from the Posavje &#8211; Bela krajina region. The wine is composed of all the red varieties grown in the area. It&#8230;<\/p>\n","protected":false},"featured_media":908,"template":"","meta":[],"product_cat":[20],"product_tag":[],"acf":[],"yoast_head":"<!-- This site is optimized with the Yoast SEO plugin v22.2 - https:\/\/yoast.com\/wordpress\/plugins\/seo\/ -->\n<title>Metli\u0161ka \u010drnina | Vinoteka Sod\u010dek<\/title>\n<meta name=\"description\" content=\"Metli\u0161ka \u010drnina \u0160turm is a medium deep purple colour. The aroma is fruity, fresh and playful with red fruits. It is characterised by its lower alcohol.\" \/>\n<meta name=\"robots\" content=\"index, follow, max-snippet:-1, max-image-preview:large, max-video-preview:-1\" \/>\n<meta property=\"og:locale\" content=\"en_US\" \/>\n<meta property=\"og:type\" content=\"article\" \/>\n<meta property=\"og:title\" content=\"Metli\u0161ka \u010drnina\" \/>\n<meta property=\"og:description\" content=\"Metli\u0161ka \u010drnina \u0160turm is a medium deep purple colour. The aroma is fruity, fresh and playful with red fruits. It is characterised by its lower alcohol.\" \/>\n<meta property=\"og:url\" content=\"https:\/\/vinoteka-sodcek.si\/en\/shop\/wines\/red-wines\/sturm-metliska-crnina\/\" \/>\n<meta property=\"og:site_name\" content=\"Vinoteka Sod\u010dek\" \/>\n<meta property=\"article:publisher\" content=\"https:\/\/www.facebook.com\/vinotekasodcek\/\" \/>\n<meta property=\"article:modified_time\" content=\"2024-10-14T08:55:22+00:00\" \/>\n<meta property=\"og:image\" content=\"https:\/\/vinoteka-sodcek.si\/wp-content\/uploads\/STURM_metliska-crnina_0.75l_HI-RES-570x1026-2.jpg\" \/>\n\t<meta property=\"og:image:width\" content=\"172\" \/>\n\t<meta property=\"og:image:height\" content=\"678\" \/>\n\t<meta property=\"og:image:type\" content=\"image\/jpeg\" \/>\n<meta name=\"twitter:card\" content=\"summary_large_image\" \/>\n<!-- \/ Yoast SEO plugin. -->","yoast_head_json":{"title":"Metli\u0161ka \u010drnina | Vinoteka Sod\u010dek","description":"[:sl]Metli\u0161ka \u010drnina \u0160turm je srednje globoke vijoli\u010dne barve. Vonj je saden, sve\u017e in igriv po rde\u010dih sade\u017eih. Odlikujeta jo ni\u017eja alkoholna stopnja.[:en]Metli\u0161ka \u010drnina \u0160turm is a medium deep purple colour. The aroma is fruity, fresh and playful with red fruits. It is characterised by its lower alcohol.[:]","robots":{"index":"index","follow":"follow","max-snippet":"max-snippet:-1","max-image-preview":"max-image-preview:large","max-video-preview":"max-video-preview:-1"},"og_locale":"en_US","og_type":"article","og_title":"[:sl]Metli\u0161ka \u010drnina[:en]Metli\u0161ka \u010drnina[:] | Vinoteka Sod\u010dek","og_description":"[:sl]Metli\u0161ka \u010drnina \u0160turm je srednje globoke vijoli\u010dne barve. Vonj je saden, sve\u017e in igriv po rde\u010dih sade\u017eih. Odlikujeta jo ni\u017eja alkoholna stopnja.[:en]Metli\u0161ka \u010drnina \u0160turm is a medium deep purple colour. The aroma is fruity, fresh and playful with red fruits. It is characterised by its lower alcohol.[:]","og_url":"https:\/\/vinoteka-sodcek.si\/en\/shop\/wines\/red-wines\/sturm-metliska-crnina\/","og_site_name":"Vinoteka Sod\u010dek","article_publisher":"https:\/\/www.facebook.com\/vinotekasodcek\/","article_modified_time":"2024-10-14T08:55:22+00:00","og_image":[{"width":172,"height":678,"url":"https:\/\/vinoteka-sodcek.si\/wp-content\/uploads\/STURM_metliska-crnina_0.75l_HI-RES-570x1026-2.jpg","type":"image\/jpeg"}],"twitter_card":"summary_large_image","schema":{"@context":"https:\/\/schema.org","@graph":[{"@type":"WebPage","@id":"https:\/\/vinoteka-sodcek.si\/en\/shop\/wines\/red-wines\/sturm-metliska-crnina\/","url":"https:\/\/vinoteka-sodcek.si\/en\/shop\/wines\/red-wines\/sturm-metliska-crnina\/","name":"[:sl]Metli\u0161ka \u010drnina[:en]Metli\u0161ka \u010drnina[:] | Vinoteka Sod\u010dek","isPartOf":{"@id":"https:\/\/vinoteka-sodcek.si\/#website"},"primaryImageOfPage":{"@id":"https:\/\/vinoteka-sodcek.si\/en\/shop\/wines\/red-wines\/sturm-metliska-crnina\/#primaryimage"},"image":{"@id":"https:\/\/vinoteka-sodcek.si\/en\/shop\/wines\/red-wines\/sturm-metliska-crnina\/#primaryimage"},"thumbnailUrl":"https:\/\/vinoteka-sodcek.si\/wp-content\/uploads\/STURM_metliska-crnina_0.75l_HI-RES-570x1026-2.jpg","datePublished":"2024-03-15T16:20:40+00:00","dateModified":"2024-10-14T08:55:22+00:00","description":"[:sl]Metli\u0161ka \u010drnina \u0160turm je srednje globoke vijoli\u010dne barve. Vonj je saden, sve\u017e in igriv po rde\u010dih sade\u017eih. Odlikujeta jo ni\u017eja alkoholna stopnja.[:en]Metli\u0161ka \u010drnina \u0160turm is a medium deep purple colour. The aroma is fruity, fresh and playful with red fruits. It is characterised by its lower alcohol.[:]","breadcrumb":{"@id":"https:\/\/vinoteka-sodcek.si\/en\/shop\/wines\/red-wines\/sturm-metliska-crnina\/#breadcrumb"},"inLanguage":"en-US","potentialAction":[{"@type":"ReadAction","target":["https:\/\/vinoteka-sodcek.si\/en\/shop\/wines\/red-wines\/sturm-metliska-crnina\/"]}]},{"@type":"ImageObject","inLanguage":"en-US","@id":"https:\/\/vinoteka-sodcek.si\/en\/shop\/wines\/red-wines\/sturm-metliska-crnina\/#primaryimage","url":"https:\/\/vinoteka-sodcek.si\/wp-content\/uploads\/STURM_metliska-crnina_0.75l_HI-RES-570x1026-2.jpg","contentUrl":"https:\/\/vinoteka-sodcek.si\/wp-content\/uploads\/STURM_metliska-crnina_0.75l_HI-RES-570x1026-2.jpg","width":172,"height":678},{"@type":"BreadcrumbList","@id":"https:\/\/vinoteka-sodcek.si\/en\/shop\/wines\/red-wines\/sturm-metliska-crnina\/#breadcrumb","itemListElement":[{"@type":"ListItem","position":1,"name":"Home","item":"https:\/\/vinoteka-sodcek.si\/en\/"},{"@type":"ListItem","position":2,"name":"Trgovina","item":"https:\/\/vinoteka-sodcek.si\/trgovina\/"},{"@type":"ListItem","position":3,"name":"Metli\u0161ka \u010drnina"}]},{"@type":"WebSite","@id":"https:\/\/vinoteka-sodcek.si\/#website","url":"https:\/\/vinoteka-sodcek.si\/","name":"Vinoteka Sod\u010dek","description":"Vinoteka z vrhunskimi vini","publisher":{"@id":"https:\/\/vinoteka-sodcek.si\/#organization"},"potentialAction":[{"@type":"SearchAction","target":{"@type":"EntryPoint","urlTemplate":"https:\/\/vinoteka-sodcek.si\/?s={search_term_string}"},"query-input":"required name=search_term_string"}],"inLanguage":"en-US"},{"@type":"Organization","@id":"https:\/\/vinoteka-sodcek.si\/#organization","name":"Vinoteka Sod\u010dek, Ale\u0161 \u010ceba\u0161ek s.p.","url":"https:\/\/vinoteka-sodcek.si\/","logo":{"@type":"ImageObject","inLanguage":"en-US","@id":"https:\/\/vinoteka-sodcek.si\/#\/schema\/logo\/image\/","url":"https:\/\/beta.vinoteka-sodcek.si\/wp-content\/uploads\/vinoteka-sodcek-logo.png","contentUrl":"https:\/\/beta.vinoteka-sodcek.si\/wp-content\/uploads\/vinoteka-sodcek-logo.png","width":300,"height":90,"caption":"Vinoteka Sod\u010dek, Ale\u0161 \u010ceba\u0161ek s.p."},"image":{"@id":"https:\/\/vinoteka-sodcek.si\/#\/schema\/logo\/image\/"},"sameAs":["https:\/\/www.facebook.com\/vinotekasodcek\/"]}]}},"_links":{"self":[{"href":"https:\/\/vinoteka-sodcek.si\/en\/wp-json\/\/wp\/v2\/product\/909"}],"collection":[{"href":"https:\/\/vinoteka-sodcek.si\/en\/wp-json\/\/wp\/v2\/product"}],"about":[{"href":"https:\/\/vinoteka-sodcek.si\/en\/wp-json\/\/wp\/v2\/types\/product"}],"wp:featuredmedia":[{"embeddable":true,"href":"https:\/\/vinoteka-sodcek.si\/en\/wp-json\/\/wp\/v2\/media\/908"}],"wp:attachment":[{"href":"https:\/\/vinoteka-sodcek.si\/en\/wp-json\/\/wp\/v2\/media?parent=909"}],"wp:term":[{"taxonomy":"product_cat","embeddable":true,"href":"https:\/\/vinoteka-sodcek.si\/en\/wp-json\/\/wp\/v2\/product_cat?post=909"},{"taxonomy":"product_tag","embeddable":true,"href":"https:\/\/vinoteka-sodcek.si\/en\/wp-json\/\/wp\/v2\/product_tag?post=909"}],"curies":[{"name":"wp","href":"https:\/\/api.w.org\/{rel}","templated":true}]}}